{"id":3502,"date":"2024-08-22T05:44:33","date_gmt":"2024-08-22T05:44:33","guid":{"rendered":"https:\/\/agricultural-gear-boxes.com\/product\/metal-internal-gear\/"},"modified":"2024-10-29T05:24:53","modified_gmt":"2024-10-29T05:24:53","slug":"metal-internal-gear","status":"publish","type":"product","link":"https:\/\/agricultural-gear-boxes.com\/es\/product\/metal-internal-gear\/","title":{"rendered":"Engranaje interno de metal"},"content":{"rendered":"<h2>Engranaje interno de metal: una transmisi\u00f3n de eje paralelo compacta y confiable<\/h2>\n<p>El engranaje interno de metal es un tipo de engranaje que tiene dientes tallados en la superficie interna de un cilindro y est\u00e1 dise\u00f1ado para engranarse con engranajes rectos. Este engranaje es conocido por su tama\u00f1o compacto y su considerable reducci\u00f3n de velocidad, lo que lo hace ideal para diversas aplicaciones. <\/p>\n<p>Los engranajes internos se utilizan habitualmente en aplicaciones industriales, mec\u00e1nicas, automotrices, militares, aeron\u00e1uticas y m\u00e9dicas. Est\u00e1n disponibles en diferentes materiales, incluidos bronce, acero, aleaci\u00f3n, POM, zinc, aluminio, hierro, acero inoxidable, lat\u00f3n y cobre, seg\u00fan los requisitos espec\u00edficos de la aplicaci\u00f3n. <\/p>\n<p>El engranaje interno de metal es un tipo popular de engranaje interno que tiene un bajo costo y es adecuado para muchas aplicaciones. Es de gran tama\u00f1o y tiene una gran cantidad de dientes, y tambi\u00e9n se puede utilizar como engranajes de segmentos mediante corte. Ever-Power Machinery, con m\u00e1s de diez a\u00f1os de experiencia y cientos de empleados calificados, es uno de los principales fabricantes y proveedores de engranajes internos de metal de China. Su f\u00e1brica se especializa en producir productos de alta precisi\u00f3n y brinda servicios personalizados para engranajes internos de metal. <\/p>\n<h3>Caracter\u00edsticas del producto<\/h3>\n<p>\u2022 Ofrece servicios ODM y OEM. <\/p>\n<p>\u2022 Proporciona engranajes internos de alta precisi\u00f3n.<\/p>\n<p>\u2022 Se puede personalizar seg\u00fan los requisitos del cliente.<\/p>\n<p>\u2022 Adecuado para aplicaciones que requieren alta precisi\u00f3n y bajo ruido.<\/p>\n<p>\u2022 Disponible en diferentes materiales, tama\u00f1os y m\u00f3dulos.<\/p>\n<p>\u2022 F\u00e1cil de instalar, mantener y reparar.<\/p>\n<h3>Ventajas de los engranajes internos de metal<\/h3>\n<p>\u2022 Tama\u00f1o compacto y considerable reducci\u00f3n de velocidad.<\/p>\n<p>\u2022 Alta precisi\u00f3n y bajo ruido.<\/p>\n<p>\u2022 Adecuado para diversas aplicaciones.<\/p>\n<p>\u2022 Disponible en diferentes materiales, tama\u00f1os y m\u00f3dulos.<\/p>\n<p>\u2022 Se puede personalizar seg\u00fan los requisitos del cliente.<\/p>\n<h3>Instalaci\u00f3n, mantenimiento y reparaci\u00f3n de engranajes internos met\u00e1licos<\/h3>\n<p>Para instalar un engranaje interno de metal, se debe limpiar e inspeccionar para detectar cualquier signo de da\u00f1o o desgaste. El engranaje se debe lubricar antes de la instalaci\u00f3n para garantizar un funcionamiento sin problemas. El mantenimiento del engranaje implica una limpieza e inspecci\u00f3n peri\u00f3dicas para detectar signos de desgaste y da\u00f1os. La reparaci\u00f3n del engranaje debe estar a cargo de profesionales experimentados para evitar causar m\u00e1s da\u00f1os.<\/p>\n<h2>Preguntas frecuentes<\/h2>\n<p>P1: \u00bfSe puede personalizar el engranaje interno de metal seg\u00fan los requisitos del cliente? <\/p>\n<p>R: S\u00ed, Ever-Power Machinery ofrece servicios ODM y OEM y puede proporcionar servicios personalizados para engranajes met\u00e1licos internos. <\/p>\n<p>P2: \u00bfHay alguna muestra disponible para engranajes internos de metal? <\/p>\n<p>R: S\u00ed, Ever-Power Machinery ofrece muestras gratuitas disponibles para que los clientes verifiquen la calidad una vez confirmada despu\u00e9s de 1 o 2 d\u00edas. <\/p>\n<p>P3: \u00bfSe realizan pruebas antes del env\u00edo de Metal Internal Gear? <\/p>\n<p>R: S\u00ed, todos los engranajes internos de metal de Ever-Power Machinery se someten a un control de calidad 100% antes del env\u00edo. Prueban cada lote todos los d\u00edas. <\/p>\n<p>P4: \u00bfCu\u00e1l es la garant\u00eda de calidad del engranaje interno de metal? <\/p>\n<p>R: Ever-Power Machinery ofrece una garant\u00eda de calidad 100% para los clientes y es responsable de cualquier problema de calidad. <\/p>\n<p>P5: \u00bfPueden los clientes visitar la f\u00e1brica de Ever-Power Machinery antes de realizar el pedido? <\/p>\n<p>R: S\u00ed, los clientes son bienvenidos a visitar la f\u00e1brica para establecer una buena relaci\u00f3n comercial. <\/p>\n<h2>Otros productos de Ever-Power Machinery<\/h2>\n<p>Adem\u00e1s de los engranajes met\u00e1licos internos, Ever-Power Machinery suministra diversos engranajes de pl\u00e1stico utilizados en la industria, como cajas de engranajes agr\u00edcolas, ejes de salida de potencia, ruedas dentadas, acoplamientos de fluidos, reductores de engranajes helicoidales, engranajes y cremalleras, cadenas desmontables, poleas y poleas, cajas de engranajes planetarios, poleas de distribuci\u00f3n, bujes y m\u00e1s. Sus productos son conocidos por su alta calidad, precio favorable y servicio considerado. Ever-Power Machinery da la bienvenida a los clientes para que vengan a la personalizaci\u00f3n del dibujo o la muestra.<\/p>","protected":false},"excerpt":{"rendered":"<p>Engranaje interno de metal: una transmisi\u00f3n de eje paralelo compacta y confiable El engranaje interno de metal es un tipo de engranaje que presenta dientes tallados en la superficie interna de un cilindro y est\u00e1 dise\u00f1ado para engranarse con engranajes rectos. Este engranaje es conocido por su tama\u00f1o compacto y su considerable reducci\u00f3n de velocidad, lo que lo hace ideal para diversas [\u2026]<\/p>","protected":false},"featured_media":3501,"template":"","meta":{"_et_pb_use_builder":"","_et_pb_old_content":"","_et_gb_content_width":""},"product_brand":[],"product_cat":[11293],"product_tag":[],"class_list":{"0":"post-3502","1":"product","2":"type-product","3":"status-publish","4":"has-post-thumbnail","6":"product_cat-ring-gear","8":"first","9":"instock","10":"shipping-taxable","11":"product-type-simple"},"_links":{"self":[{"href":"https:\/\/agricultural-gear-boxes.com\/es\/wp-json\/wp\/v2\/product\/3502","targetHints":{"allow":["GET"]}}],"collection":[{"href":"https:\/\/agricultural-gear-boxes.com\/es\/wp-json\/wp\/v2\/product"}],"about":[{"href":"https:\/\/agricultural-gear-boxes.com\/es\/wp-json\/wp\/v2\/types\/product"}],"wp:featuredmedia":[{"embeddable":true,"href":"https:\/\/agricultural-gear-boxes.com\/es\/wp-json\/wp\/v2\/media\/3501"}],"wp:attachment":[{"href":"https:\/\/agricultural-gear-boxes.com\/es\/wp-json\/wp\/v2\/media?parent=3502"}],"wp:term":[{"taxonomy":"product_brand","embeddable":true,"href":"https:\/\/agricultural-gear-boxes.com\/es\/wp-json\/wp\/v2\/product_brand?post=3502"},{"taxonomy":"product_cat","embeddable":true,"href":"https:\/\/agricultural-gear-boxes.com\/es\/wp-json\/wp\/v2\/product_cat?post=3502"},{"taxonomy":"product_tag","embeddable":true,"href":"https:\/\/agricultural-gear-boxes.com\/es\/wp-json\/wp\/v2\/product_tag?post=3502"}],"curies":[{"name":"wp","href":"https:\/\/api.w.org\/{rel}","templated":true}]}}