{"id":3504,"date":"2024-08-22T05:44:34","date_gmt":"2024-08-22T05:44:34","guid":{"rendered":"https:\/\/agricultural-gear-boxes.com\/product\/automotive-internal-gear\/"},"modified":"2024-10-29T05:24:52","modified_gmt":"2024-10-29T05:24:52","slug":"automotive-internal-gear","status":"publish","type":"product","link":"https:\/\/agricultural-gear-boxes.com\/es\/product\/automotive-internal-gear\/","title":{"rendered":"Engranajes internos automotrices"},"content":{"rendered":"<h2>Engranajes internos para autom\u00f3viles: una soluci\u00f3n de transmisi\u00f3n altamente precisa y vers\u00e1til<\/h2>\n<p>Los engranajes internos de automoci\u00f3n son un tipo de engranaje con dientes tallados en la superficie interna de un cilindro. Se utilizan ampliamente en muchas industrias mec\u00e1nicas, incluidas las de automoci\u00f3n, militar, aeron\u00e1utica, industrial y m\u00e9dica. Estos engranajes proporcionan una transmisi\u00f3n compacta de ejes paralelos con una reducci\u00f3n considerable de la velocidad, lo que los convierte en una soluci\u00f3n ideal para una amplia gama de aplicaciones.<\/p>\n<p>Hist\u00f3ricamente, los engranajes internos se utilizaron por primera vez en la industria de la impresi\u00f3n, donde se empleaban en prensas de impresi\u00f3n. Hoy en d\u00eda, estos engranajes se utilizan en muchos otros campos debido a su versatilidad. Vienen en diferentes dimensiones, que van desde \u03a63 mm hasta \u03a6120 mm, y diferentes m\u00f3dulos, que van desde M0,2 hasta M2,2. Pueden estar hechos de varios materiales, incluidos metal, bronce, acero, aleaci\u00f3n, POM, zinc, aluminio, hierro, acero inoxidable, lat\u00f3n y cobre.<\/p>\n<p>Los engranajes internos se pueden utilizar con los engranajes rectos del mismo m\u00f3dulo, dependiendo del n\u00famero de combinaciones de dientes. Sin embargo, es necesario tener en cuenta las posibilidades de obtener interferencias de involuta, trocoidal o de recorte. Para utilizar engranajes est\u00e1ndar, consulte la secci\u00f3n \u201cInformaci\u00f3n t\u00e9cnica de engranajes internos\u201d en formato PDF para obtener un n\u00famero utilizable de combinaciones de dientes.<\/p>\n<p>Una de las principales ventajas de los engranajes internos es su alta precisi\u00f3n. EVER-POWER Machinery, uno de los principales fabricantes y proveedores de engranajes internos para autom\u00f3viles en China, se especializa en la producci\u00f3n de productos de alta precisi\u00f3n. Ofrecen servicios ODM y OEM, lo que significa que el cliente puede adaptar los engranajes a sus necesidades espec\u00edficas. <\/p>\n<h3>Caracter\u00edsticas del producto de engranajes internos para autom\u00f3viles<\/h3>\n<p>\u2022 Dise\u00f1o vers\u00e1til con una amplia gama de aplicaciones.<\/p>\n<p>\u2022 Producto de alta precisi\u00f3n.<\/p>\n<p>\u2022 Puede estar hecho de varios materiales.<\/p>\n<p>\u2022 Ofrece servicios ODM y OEM.<\/p>\n<p>\u2022 Disponible en diferentes dimensiones y m\u00f3dulos.<\/p>\n<p>\u2022 Grado de mallado: ISO6, JGMA 1, JIS 6, AGMA 13, DIN 6, Din5, AGMA12.<\/p>\n<p>\u2022 Envasado al vac\u00edo con bandeja de pl\u00e1stico.<\/p>\n<p>\u2022 Muestra disponible.<\/p>\n<p>\u2022 Modos de env\u00edo: DHL UPS.<\/p>\n<p>\u2022 Certificado: ISO 9001:2008\/TS16949.<\/p>\n<h3>Instalaci\u00f3n, mantenimiento y reparaci\u00f3n de engranajes internos de autom\u00f3viles<\/h3>\n<p>Los engranajes internos son relativamente f\u00e1ciles de instalar. Sin embargo, es esencial asegurarse de que los dientes de los engranajes est\u00e9n correctamente alineados. El mantenimiento es relativamente sencillo e implica inspecciones peri\u00f3dicas para detectar desgaste. Si es necesario reemplazar un engranaje, es esencial que el nuevo engranaje coincida con las dimensiones y el m\u00f3dulo del anterior.<\/p>\n<h3>Otros productos ofrecidos por EVER-POWER Machinery<\/h3>\n<p>Adem\u00e1s de los engranajes internos para autom\u00f3viles, EVER-POWER Machinery tambi\u00e9n ofrece una amplia gama de engranajes de pl\u00e1stico utilizados en diversas industrias. Estos incluyen cajas de engranajes agr\u00edcolas, ejes de salida de potencia, ruedas dentadas, acoplamientos de fluidos, reductores de engranajes sinf\u00edn, engranajes y cremalleras, cadenas desmontables, poleas y poleas, cajas de engranajes planetarios, poleas de distribuci\u00f3n, bujes y m\u00e1s. <\/p>\n<p>En EVER-POWER Machinery, nos enorgullecemos de nuestros productos de alta calidad, precios favorables y un servicio atento. Damos la bienvenida a los clientes que vienen a nosotros con sus dibujos o muestras para personalizarlos.<\/p>\n<h2>Preguntas frecuentes:<\/h2>\n<p>1. \u00bfQu\u00e9 es un engranaje interno de un autom\u00f3vil?<\/p>\n<p>Un engranaje interno de autom\u00f3vil es un tipo de engranaje con dientes tallados en la superficie interna de un cilindro. Proporciona una transmisi\u00f3n compacta de ejes paralelos con una reducci\u00f3n considerable de la velocidad, lo que lo hace ideal para una amplia gama de aplicaciones.<\/p>\n<p>2. \u00bfLos engranajes internos pueden estar hechos de diferentes materiales?<\/p>\n<p>S\u00ed, los engranajes internos pueden estar hechos de varios materiales, incluidos metal, bronce, acero, aleaci\u00f3n, POM, zinc, aluminio, hierro, acero inoxidable, lat\u00f3n y cobre.<\/p>\n<p>3. \u00bfCu\u00e1l es el grado de engrane de los engranajes internos?<\/p>\n<p>El grado de engrane de los engranajes internos puede variar seg\u00fan el dise\u00f1o y la aplicaci\u00f3n del engranaje. Los grados de engrane m\u00e1s utilizados son ISO6, JGMA 1, JIS 6, AGMA 13, DIN 6, Din5 y AGMA12.<\/p>\n<p>4. \u00bfC\u00f3mo se instala un engranaje interno?<\/p>\n<p>Instalar un engranaje interno es relativamente f\u00e1cil, pero es esencial asegurarse de que los dientes del engranaje est\u00e9n correctamente alineados.<\/p>\n<p>5. \u00bfQu\u00e9 otros productos ofrece EVER-POWER Machinery?<\/p>\n<p>Adem\u00e1s de los engranajes internos para autom\u00f3viles, EVER-POWER Machinery tambi\u00e9n ofrece una amplia gama de engranajes de pl\u00e1stico utilizados en diversas industrias. Estos incluyen cajas de engranajes agr\u00edcolas, ejes de salida de potencia, ruedas dentadas, acoplamientos de fluidos, reductores de engranajes sinf\u00edn, engranajes y cremalleras, cadenas desmontables, poleas y poleas, cajas de engranajes planetarios, poleas de distribuci\u00f3n, bujes y m\u00e1s.<\/p>","protected":false},"excerpt":{"rendered":"<p>Engranajes internos automotrices: una soluci\u00f3n de transmisi\u00f3n altamente precisa y vers\u00e1til Los engranajes internos automotrices son un tipo de engranaje con dientes tallados en la superficie interna de un cilindro. Se utilizan ampliamente en muchas industrias mec\u00e1nicas, incluidos los campos automotriz, militar, aeron\u00e1utico, industrial y m\u00e9dico. Estos engranajes proporcionan una transmisi\u00f3n de eje paralelo compacta [\u2026]<\/p>","protected":false},"featured_media":3503,"template":"","meta":{"_et_pb_use_builder":"","_et_pb_old_content":"","_et_gb_content_width":""},"product_brand":[],"product_cat":[11293],"product_tag":[],"class_list":{"0":"post-3504","1":"product","2":"type-product","3":"status-publish","4":"has-post-thumbnail","6":"product_cat-ring-gear","8":"first","9":"instock","10":"shipping-taxable","11":"product-type-simple"},"_links":{"self":[{"href":"https:\/\/agricultural-gear-boxes.com\/es\/wp-json\/wp\/v2\/product\/3504","targetHints":{"allow":["GET"]}}],"collection":[{"href":"https:\/\/agricultural-gear-boxes.com\/es\/wp-json\/wp\/v2\/product"}],"about":[{"href":"https:\/\/agricultural-gear-boxes.com\/es\/wp-json\/wp\/v2\/types\/product"}],"wp:featuredmedia":[{"embeddable":true,"href":"https:\/\/agricultural-gear-boxes.com\/es\/wp-json\/wp\/v2\/media\/3503"}],"wp:attachment":[{"href":"https:\/\/agricultural-gear-boxes.com\/es\/wp-json\/wp\/v2\/media?parent=3504"}],"wp:term":[{"taxonomy":"product_brand","embeddable":true,"href":"https:\/\/agricultural-gear-boxes.com\/es\/wp-json\/wp\/v2\/product_brand?post=3504"},{"taxonomy":"product_cat","embeddable":true,"href":"https:\/\/agricultural-gear-boxes.com\/es\/wp-json\/wp\/v2\/product_cat?post=3504"},{"taxonomy":"product_tag","embeddable":true,"href":"https:\/\/agricultural-gear-boxes.com\/es\/wp-json\/wp\/v2\/product_tag?post=3504"}],"curies":[{"name":"wp","href":"https:\/\/api.w.org\/{rel}","templated":true}]}}