{"id":3505,"date":"2024-08-22T05:44:34","date_gmt":"2024-08-22T05:44:34","guid":{"rendered":"https:\/\/agricultural-gear-boxes.com\/product\/plastic-nylon-internal-gears-2\/"},"modified":"2024-10-29T05:24:53","modified_gmt":"2024-10-29T05:24:53","slug":"plastic-nylon-internal-gears-2","status":"publish","type":"product","link":"https:\/\/agricultural-gear-boxes.com\/es\/product\/plastic-nylon-internal-gears-2\/","title":{"rendered":"Engranajes internos de nailon y pl\u00e1stico"},"content":{"rendered":"<h2>Engranajes internos de nailon y pl\u00e1stico<\/h2>\n<h3>Descripci\u00f3n<\/h3>\n<p>Dimensiones: \u03a63 mm - \u03a6120 mm<br \/>\nM\u00f3dulo: M0.2<br \/>\nTipo de material: POM PP PPT seg\u00fan lo requiera el cliente<\/p>\n<div class=\"table-responsive\">\n<table class=\"table\" style=\"height: 600px; width: 100%; border-style: solid; border-color: #171414;\" border=\"1\">\n<tbody>\n<tr>\n<td colspan=\"2\">\n<p style=\"text-align: center;\">Engranaje interno de pl\u00e1stico<\/p>\n<\/td>\n<\/tr>\n<tr>\n<td>Dimensi\u00f3n<\/td>\n<td>\u03a660 mm<\/td>\n<\/tr>\n<tr>\n<td>M\u00f3dulo<\/td>\n<td>M0,15-M2,0<\/td>\n<\/tr>\n<tr>\n<td>Tipo de material<\/td>\n<td>POM, PA, PPA, PBT PEEK seg\u00fan pedido personalizado<\/td>\n<\/tr>\n<tr>\n<td>Grado de mallado<\/td>\n<td>ISO6, JGMA 1, JIS 6, AGMA 13, estruendo 6, Din5, AGMA12<\/td>\n<\/tr>\n<tr>\n<td>Solicitud<\/td>\n<td>Automotriz, Militar, Aeron\u00e1utica, Mec\u00e1nica, Industrial, M\u00e9dica<\/td>\n<\/tr>\n<tr>\n<td>Personalizado<\/td>\n<td>Fabricante de equipos originales (ODM) y fabricantes de equipos originales (OEM)<\/td>\n<\/tr>\n<tr>\n<td>Muestra<\/td>\n<td>Muestra disponible<\/td>\n<\/tr>\n<tr>\n<td>Modos de embalaje<\/td>\n<td>Envasado al vac\u00edo con bandeja de pl\u00e1stico<\/td>\n<\/tr>\n<tr>\n<td>Modos de entrega<\/td>\n<td>DHL UPS<\/td>\n<\/tr>\n<tr>\n<td>Certificado<\/td>\n<td>ISO 9001:2008\/TS16949<\/td>\n<\/tr>\n<\/tbody>\n<\/table>\n<p><img loading=\"lazy\" decoding=\"async\" class=\"size-full wp-image-379511 alignnone\" src=\"https:\/\/www.ever-power.net\/wp-content\/uploads\/2022\/06\/Plastic-Internal-Gear.jpg\" alt=\"\" width=\"600\" height=\"600\" \/><\/p>\n<p>&nbsp;<\/p>\n<\/div>\n<h3>Caracter\u00edsticas del producto<\/h3>\n<p>\u2022 Los engranajes internos de nailon pl\u00e1stico proporcionan una transmisi\u00f3n de eje paralelo compacta con una reducci\u00f3n considerable de velocidad.<\/p>\n<p>\u2022 Estos engranajes se utilizan a menudo en aplicaciones que involucran transmisiones por engranajes planetarios y acoplamientos de engranajes. Existen tres tipos principales de mecanismos de engranajes planetarios: planetarios, solares y en estrella. Seg\u00fan el tipo y el patr\u00f3n de los ejes de entrada y salida, se producen muchas variaciones de relaciones de transmisi\u00f3n de velocidad y direcciones de rotaci\u00f3n.<\/p>\n<p>\u2022 Los engranajes internos de nailon pl\u00e1stico ofrecen dientes de engranaje internos de alta precisi\u00f3n.<\/p>\n<p>\u2022 Con m\u00e1s de diez a\u00f1os de experiencia y cientos de empleados calificados, EVER-POWER Machinery es uno de los principales fabricantes y proveedores de engranajes pl\u00e1sticos internos de China. Nos especializamos en la producci\u00f3n de productos de alta precisi\u00f3n.<\/p>\n<h3>Clasificaci\u00f3n de productos y ventajas<\/h3>\n<p>Los engranajes internos de nailon pl\u00e1stico se pueden clasificar seg\u00fan la composici\u00f3n de su material y el grado de engrane. Los tipos de materiales incluyen POM, PP, PPT, PA, PPA, PBT, PEEK y m\u00e1s. Estos engranajes ofrecen varias ventajas, entre ellas:<\/p>\n<p>\u2013 Alta resistencia y durabilidad.<br \/>\n\u2013 Bajo nivel de ruido y vibraci\u00f3n<br \/>\n\u2013 Resistencia a la corrosi\u00f3n<br \/>\n\u2013 Propiedades autolubricantes<br \/>\n\u2013 Soluci\u00f3n rentable<\/p>\n<h3>Instalaci\u00f3n, mantenimiento y reparaci\u00f3n<\/h3>\n<p>La instalaci\u00f3n de engranajes internos de nailon y pl\u00e1stico es un proceso sencillo. Es fundamental garantizar una alineaci\u00f3n y lubricaci\u00f3n adecuadas para un rendimiento \u00f3ptimo. El mantenimiento regular incluye la limpieza de los engranajes y la comprobaci\u00f3n de cualquier signo de desgaste o da\u00f1o. Si es necesario realizar reparaciones, se recomienda consultar a un t\u00e9cnico profesional o seguir las instrucciones del fabricante.<\/p>\n<p>En caso de sustituci\u00f3n de engranajes, retire con cuidado el engranaje antiguo y aseg\u00farese de que el nuevo sea compatible en cuanto a dimensiones y tipo de material. Siga las instrucciones de instalaci\u00f3n proporcionadas por el fabricante para garantizar un funcionamiento adecuado.<\/p>\n<h3>Otros productos<\/h3>\n<p>Adem\u00e1s de los engranajes internos de nailon y pl\u00e1stico, EVER-POWER Machinery suministra diversos engranajes de pl\u00e1stico que se utilizan en diferentes industrias. Nuestra gama de productos incluye:<\/p>\n<p>\u2013 Cajas de cambios agr\u00edcolas<br \/>\n\u2013 Ejes de salida de potencia<br \/>\n\u2013 Pi\u00f1ones<br \/>\n\u2013 Acoplamientos de fluidos<br \/>\n\u2013 Reductores de tornillo sin fin<br \/>\n\u2013 Engranajes y cremalleras<br \/>\n\u2013 Cadenas desmontables<br \/>\n\u2013 Poleas y poleas<br \/>\n\u2013 Reductores planetarios<br \/>\n\u2013 Poleas de distribuci\u00f3n<br \/>\n\u2013 Bujes<\/p>\n<p>Nos enorgullecemos de ofrecer productos de alta calidad a precios favorables, junto con un servicio atento. Los clientes pueden venir a nosotros con su dibujo o muestra para personalizarlos.<\/p>\n<h2>Preguntas frecuentes<\/h2>\n<p>1. P: \u00bfCu\u00e1l es el nivel de precios de los engranajes internos de nailon pl\u00e1stico?<br \/>\nA: Ofrecemos ventas directas de f\u00e1brica y nuestra l\u00ednea de producci\u00f3n garantiza la fabricaci\u00f3n eficiente de los engranajes. Contamos con una m\u00e1quina de fundici\u00f3n a presi\u00f3n de 1,2 MT como m\u00e1ximo para producir piezas met\u00e1licas del polipasto.<\/p>\n<p>2. P: \u00bfC\u00f3mo mantiene su f\u00e1brica el control de calidad?<br \/>\nR: Nuestros productos tienen certificados CE y ofrecemos una garant\u00eda de calidad de un a\u00f1o junto con soporte t\u00e9cnico de por vida.<\/p>\n<p>3. P: \u00bfQu\u00e9 condiciones de pago aceptan para los engranajes internos de nailon pl\u00e1stico?<br \/>\nA: Aceptamos transferencia bancaria o carta de cr\u00e9dito, West Union, Moneygram o Paypal. Tambi\u00e9n aceptamos otros m\u00e9todos de pago.<\/p>\n<p>4. P: \u00bfC\u00f3mo organizan el env\u00edo de engranajes internos de nailon pl\u00e1stico?<br \/>\nA: Ofrecemos opciones de env\u00edo por mar, tren, aire o expr\u00e9s. El plazo de entrega es de aproximadamente 15 a 20 d\u00edas a cambio del dep\u00f3sito.<\/p>\n<p>5. P: \u00bfQu\u00e9 materiales pueden producir para engranajes internos de nailon pl\u00e1stico?<br \/>\nR: Fundimos principalmente acero inoxidable, acero inoxidable d\u00faplex, acero al carbono, fundici\u00f3n d\u00factil, aluminio, cobre, bronce, lat\u00f3n y metales de aleaci\u00f3n. Podemos trabajar con otros materiales a pedido.<\/p>\n<p>(Nota: El contenido proporcionado se ha ampliado y reescrito de acuerdo con las pautas dadas, incorporando m\u00faltiples subt\u00edtulos, listas, oraciones cortas y largas y terminolog\u00eda poco com\u00fan en todo el texto).<\/p>","protected":false},"excerpt":{"rendered":"<p>Engranajes internos de nailon de pl\u00e1stico Descripci\u00f3n Dimensi\u00f3n: \u03a63 mm - \u03a6120 mm M\u00f3dulo: M0.2 Tipo de material: POM PP PPT seg\u00fan lo requiera el cliente Engranaje interno de pl\u00e1stico Dimensi\u00f3n \u03a660 mm M\u00f3dulo M0.15-M2.0 Tipo de material POM, PA, PPA, PBT PEEK seg\u00fan lo personalizado Grado de malla ISO6, JGMA 1, JIS 6, AGMA 13, DIN 6, Din5, AGMA12 Aplicaci\u00f3n Automotriz, Militar, Aeron\u00e1utica, Mec\u00e1nica, Industrial, M\u00e9dica ODM\/OEM personalizado Muestra Muestra disponible Modos [\u2026]<\/p>","protected":false},"featured_media":3478,"template":"","meta":{"_et_pb_use_builder":"","_et_pb_old_content":"","_et_gb_content_width":""},"product_brand":[],"product_cat":[11293],"product_tag":[],"class_list":{"0":"post-3505","1":"product","2":"type-product","3":"status-publish","4":"has-post-thumbnail","6":"product_cat-ring-gear","8":"first","9":"instock","10":"shipping-taxable","11":"product-type-simple"},"_links":{"self":[{"href":"https:\/\/agricultural-gear-boxes.com\/es\/wp-json\/wp\/v2\/product\/3505","targetHints":{"allow":["GET"]}}],"collection":[{"href":"https:\/\/agricultural-gear-boxes.com\/es\/wp-json\/wp\/v2\/product"}],"about":[{"href":"https:\/\/agricultural-gear-boxes.com\/es\/wp-json\/wp\/v2\/types\/product"}],"wp:featuredmedia":[{"embeddable":true,"href":"https:\/\/agricultural-gear-boxes.com\/es\/wp-json\/wp\/v2\/media\/3478"}],"wp:attachment":[{"href":"https:\/\/agricultural-gear-boxes.com\/es\/wp-json\/wp\/v2\/media?parent=3505"}],"wp:term":[{"taxonomy":"product_brand","embeddable":true,"href":"https:\/\/agricultural-gear-boxes.com\/es\/wp-json\/wp\/v2\/product_brand?post=3505"},{"taxonomy":"product_cat","embeddable":true,"href":"https:\/\/agricultural-gear-boxes.com\/es\/wp-json\/wp\/v2\/product_cat?post=3505"},{"taxonomy":"product_tag","embeddable":true,"href":"https:\/\/agricultural-gear-boxes.com\/es\/wp-json\/wp\/v2\/product_tag?post=3505"}],"curies":[{"name":"wp","href":"https:\/\/api.w.org\/{rel}","templated":true}]}}