{"id":3507,"date":"2024-08-22T05:44:35","date_gmt":"2024-08-22T05:44:35","guid":{"rendered":"https:\/\/agricultural-gear-boxes.com\/product\/internal-gears-for-tractors-and-cranes\/"},"modified":"2024-10-29T05:24:51","modified_gmt":"2024-10-29T05:24:51","slug":"internal-gears-for-tractors-and-cranes","status":"publish","type":"product","link":"https:\/\/agricultural-gear-boxes.com\/es\/product\/internal-gears-for-tractors-and-cranes\/","title":{"rendered":"Engranajes internos para tractores y gr\u00faas"},"content":{"rendered":"<h2>Engranajes internos para tractores y gr\u00faas: soluciones duraderas y eficientes para sus m\u00e1quinas<\/h2>\n<div class=\"pro-detail-title\">\n<h2>Descripci\u00f3n<\/h2>\n<\/div>\n<div class=\"prodetail-content\">\n<p>Los engranajes internos de los tractores y las gr\u00faas son componentes cruciales que permiten el funcionamiento suave y eficiente de estas potentes m\u00e1quinas. Estos engranajes tienen forma redonda y se pueden personalizar para adaptarse a las necesidades espec\u00edficas de las distintas m\u00e1quinas. Por lo general, est\u00e1n hechos de acero dulce, pero los materiales se pueden personalizar para satisfacer requisitos espec\u00edficos.<\/p>\n<h3>Especificaciones del producto<\/h3>\n<div class=\"table-responsive\">\n<table class=\"table\" style=\"height: 320px; width: 100.505%; border-style: solid; border-color: #1c1919;\" border=\"1\">\n<tbody>\n<tr>\n<td>Tipo de producto<\/td>\n<td>Piezas de engranajes<\/td>\n<\/tr>\n<tr>\n<td>Uso\/Aplicaci\u00f3n<\/td>\n<td>Tractor y gr\u00faa<\/td>\n<\/tr>\n<tr>\n<td>Material<\/td>\n<td>Acero dulce<\/td>\n<\/tr>\n<tr>\n<td>Forma<\/td>\n<td>Redondo<\/td>\n<\/tr>\n<tr>\n<td>Tipo de embalaje<\/td>\n<td>Caja<\/td>\n<\/tr>\n<tr>\n<td>Cantidad m\u00ednima de pedido<\/td>\n<td>N\u00famero 10<\/td>\n<\/tr>\n<\/tbody>\n<\/table>\n<\/div>\n<p>Nuestros engranajes internos para tractores y gr\u00faas est\u00e1n fabricados con materiales y procesos de fabricaci\u00f3n de la m\u00e1s alta calidad. Est\u00e1n dise\u00f1ados para soportar las pesadas cargas y tensiones que conlleva el funcionamiento de estas potentes m\u00e1quinas.<\/p>\n<h3>Ventajas de nuestros engranajes internos<\/h3>\n<ul>\n<li>Durable y de larga duraci\u00f3n<\/li>\n<li>Personalizable para adaptarse a necesidades espec\u00edficas<\/li>\n<li>Dise\u00f1ado para soportar cargas pesadas y tensiones.<\/li>\n<li>Operaci\u00f3n eficiente para un rendimiento uniforme de la m\u00e1quina<\/li>\n<li>Ofrecido a precios competitivos<\/li>\n<\/ul>\n<h3>Instalaci\u00f3n, mantenimiento y reemplazo<\/h3>\n<p>La instalaci\u00f3n y el mantenimiento de los engranajes internos de tractores y gr\u00faas requiere la experiencia de profesionales capacitados. El mantenimiento regular puede ayudar a prolongar la vida \u00fatil de los engranajes y garantizar su funcionamiento eficiente. Si es necesario reemplazarlos, es importante que los reemplace un proveedor confiable y de buena reputaci\u00f3n para garantizar que los nuevos engranajes sean de alta calidad y est\u00e9n instalados correctamente.<\/p>\n<h3>Otros productos ofrecidos por nuestra empresa<\/h3>\n<p>Adem\u00e1s de nuestros engranajes internos para tractores y gr\u00faas, nuestra empresa suministra una amplia gama de engranajes pl\u00e1sticos industriales, incluidas cajas de engranajes agr\u00edcolas, ejes de salida de potencia, ruedas dentadas, acoplamientos de fluidos, reductores de engranajes sinf\u00edn, engranajes y cremalleras, cadenas desmontables, poleas y poleas, cajas de engranajes planetarios, poleas de distribuci\u00f3n, bujes y m\u00e1s. Nos enorgullecemos de producir productos de alta calidad a precios competitivos, con un enfoque en un servicio al cliente excepcional.<\/p>\n<h2>Preguntas frecuentes<\/h2>\n<ol>\n<li>\n<h3>\u00bfEs usted una empresa comercial o un fabricante?<\/h3>\n<p>Somos una f\u00e1brica.<\/p>\n<\/li>\n<li>\n<h3>\u00bfCu\u00e1l es el tiempo de entrega de sus engranajes internos?<\/h3>\n<p>Nuestros engranajes internos suelen tardar entre 14 y 30 d\u00edas en estar listos. Contamos con sistemas para garantizar la entrega a tiempo.<\/p>\n<\/li>\n<li>\n<h3>\u00bfCuales son sus condiciones de pago?<\/h3>\n<p>Requerimos 50% T\/T por adelantado y el saldo debe abonarse antes del env\u00edo.<\/p>\n<\/li>\n<li>\n<h3>\u00bfOfrecen muestras?<\/h3>\n<p>S\u00ed, ofrecemos muestras con un coste adicional.<\/p>\n<\/li>\n<li>\n<h3>\u00bfC\u00f3mo puedo obtener una cotizaci\u00f3n?<\/h3>\n<p>Env\u00edenos dibujos en formato igs, dwg, step, etc. junto con un PDF detallado. Si tiene alg\u00fan requisito, ind\u00edquelo y le brindaremos asesoramiento profesional para su referencia.<\/p>\n<\/li>\n<\/ol>","protected":false},"excerpt":{"rendered":"<p>Internal Gears for Tractors and Cranes: Durable and Efficient Solutions for Your Machines Description Internal gears for tractors and cranes are crucial components that allow for the smooth and efficient operation of these powerful machines. These gears are round in shape and customizable to fit the specific needs of different machines. They are typically made [&hellip;]<\/p>","protected":false},"featured_media":3506,"template":"","meta":{"_et_pb_use_builder":"","_et_pb_old_content":"","_et_gb_content_width":""},"product_brand":[],"product_cat":[11293],"product_tag":[],"class_list":{"0":"post-3507","1":"product","2":"type-product","3":"status-publish","4":"has-post-thumbnail","6":"product_cat-ring-gear","8":"first","9":"instock","10":"shipping-taxable","11":"product-type-simple"},"_links":{"self":[{"href":"https:\/\/agricultural-gear-boxes.com\/es\/wp-json\/wp\/v2\/product\/3507","targetHints":{"allow":["GET"]}}],"collection":[{"href":"https:\/\/agricultural-gear-boxes.com\/es\/wp-json\/wp\/v2\/product"}],"about":[{"href":"https:\/\/agricultural-gear-boxes.com\/es\/wp-json\/wp\/v2\/types\/product"}],"wp:featuredmedia":[{"embeddable":true,"href":"https:\/\/agricultural-gear-boxes.com\/es\/wp-json\/wp\/v2\/media\/3506"}],"wp:attachment":[{"href":"https:\/\/agricultural-gear-boxes.com\/es\/wp-json\/wp\/v2\/media?parent=3507"}],"wp:term":[{"taxonomy":"product_brand","embeddable":true,"href":"https:\/\/agricultural-gear-boxes.com\/es\/wp-json\/wp\/v2\/product_brand?post=3507"},{"taxonomy":"product_cat","embeddable":true,"href":"https:\/\/agricultural-gear-boxes.com\/es\/wp-json\/wp\/v2\/product_cat?post=3507"},{"taxonomy":"product_tag","embeddable":true,"href":"https:\/\/agricultural-gear-boxes.com\/es\/wp-json\/wp\/v2\/product_tag?post=3507"}],"curies":[{"name":"wp","href":"https:\/\/api.w.org\/{rel}","templated":true}]}}