{"id":3513,"date":"2024-08-22T05:44:38","date_gmt":"2024-08-22T05:44:38","guid":{"rendered":"https:\/\/agricultural-gear-boxes.com\/product\/internal-spur-gear\/"},"modified":"2024-10-29T05:24:49","modified_gmt":"2024-10-29T05:24:49","slug":"internal-spur-gear","status":"publish","type":"product","link":"https:\/\/agricultural-gear-boxes.com\/es\/product\/internal-spur-gear\/","title":{"rendered":"Engranaje recto interno"},"content":{"rendered":"<h2>Introducci\u00f3n a los engranajes rectos internos<\/h2>\n<p>Los engranajes rectos internos son un tipo de engranaje que tiene dientes generados en el di\u00e1metro interior de la pieza bruta, a diferencia de los engranajes rectos. Ofrecen varias ventajas sobre el engranaje de pi\u00f1\u00f3n de acoplamiento, incluida una mayor robustez y eficiencia. Para garantizar un funcionamiento adecuado, el di\u00e1metro de paso del engranaje interno debe ser al menos 1,5 veces el di\u00e1metro de paso del pi\u00f1\u00f3n de acoplamiento, ya que el incumplimiento de esta condici\u00f3n puede provocar interferencias entre las puntas de los dientes.<\/p>\n<p>Estos engranajes se utilizan ampliamente en diversas aplicaciones en las que los dise\u00f1adores buscan lograr relaciones de contacto y transmisi\u00f3n m\u00e1s altas con distancias entre centros m\u00e1s cortas. Adem\u00e1s, los engranajes rectos internos permiten cambiar la velocidad sin un cambio de direcci\u00f3n, lo que elimina la necesidad de un engranaje loco.<\/p>\n<h3>Ventajas de los engranajes rectos internos<\/h3>\n<ul>\n<li>Mayores relaciones de contacto y transmisi\u00f3n en comparaci\u00f3n con los engranajes rectos est\u00e1ndar<\/li>\n<li>Habilitar cambio de velocidad sin cambio de direcci\u00f3n<\/li>\n<li>Dise\u00f1o robusto y eficiente<\/li>\n<li>Permite arreglos compactos<\/li>\n<li>Adecuado para diversas aplicaciones industriales.<\/li>\n<\/ul>\n<h3>Materiales y personalizaci\u00f3n<\/h3>\n<p>Los engranajes rectos internos se pueden fabricar a medida a partir de una amplia gama de materiales para satisfacer requisitos espec\u00edficos. Algunos materiales comunes incluyen:<\/p>\n<ul>\n<li>Acero<\/li>\n<li>Acero inoxidable<\/li>\n<li>Acero tratado t\u00e9rmicamente<\/li>\n<li>Acero sinterizado<\/li>\n<li>Acero para herramientas<\/li>\n<li>Hierro d\u00factil<\/li>\n<li>Hierro gris<\/li>\n<li>Lat\u00f3n<\/li>\n<li>Bronce<\/li>\n<li>Cobre<\/li>\n<li>Hierro fundido<\/li>\n<li>Aluminio<\/li>\n<li>Pl\u00e1stico<\/li>\n<li>Fen\u00f3lico<\/li>\n<\/ul>\n<h3>Instalaci\u00f3n, mantenimiento y reparaci\u00f3n<\/h3>\n<p>La instalaci\u00f3n y el mantenimiento de los engranajes rectos internos requieren atenci\u00f3n a los detalles. A continuaci\u00f3n, se indican algunas consideraciones clave:<\/p>\n<ul>\n<li>Aseg\u00farese de que los engranajes est\u00e9n correctamente alineados y acoplados durante la instalaci\u00f3n.<\/li>\n<li>Inspeccione peri\u00f3dicamente los engranajes para detectar signos de desgaste, da\u00f1os o desalineaci\u00f3n.<\/li>\n<li>Lubrique los engranajes seg\u00fan las recomendaciones del fabricante para reducir la fricci\u00f3n y prolongar su vida \u00fatil.<\/li>\n<li>Si un engranaje se da\u00f1a o desgasta, debe reemplazarse r\u00e1pidamente para mantener un rendimiento \u00f3ptimo.<\/li>\n<\/ul>\n<h2>Aplicaciones de los engranajes rectos internos<\/h2>\n<p>Los engranajes rectos internos encuentran aplicaci\u00f3n en diversas industrias y equipos, entre ellos:<\/p>\n<ul>\n<li>Rodillos<\/li>\n<li>Destornilladores el\u00e9ctricos<\/li>\n<li>Zapatillas<\/li>\n<li>Equipo de posicionamiento<\/li>\n<li>Automotrices<\/li>\n<li>Componentes de la bicicleta<\/li>\n<\/ul>\n<h2>Otros productos<\/h2>\n<p>Adem\u00e1s de los engranajes rectos internos, nuestra empresa ofrece una amplia gama de otros productos de alta calidad que se utilizan en diversas industrias. Algunos de nuestros productos incluyen:<\/p>\n<ul>\n<li>Engranaje de pl\u00e1stico<\/li>\n<li>Cajas de cambios agr\u00edcolas<\/li>\n<li>Ejes de salida de potencia<\/li>\n<li>Pi\u00f1ones<\/li>\n<li>Acoplamientos de fluidos<\/li>\n<li>Reductores de engranajes helicoidales<\/li>\n<li>Engranajes y cremalleras<\/li>\n<li>Cadenas desmontables<\/li>\n<li>Poleas y poleas<\/li>\n<li>Cajas de engranajes planetarios<\/li>\n<li>Poleas de distribuci\u00f3n<\/li>\n<li>Bujes<\/li>\n<\/ul>\n<p>Nos enorgullecemos de ofrecer productos de alta calidad a precios competitivos, acompa\u00f1ados de un excelente servicio al cliente. Ofrecemos opciones de personalizaci\u00f3n en funci\u00f3n de sus requisitos espec\u00edficos, ya sea que nos proporcione un dibujo o una muestra. No dude en comunicarse con nosotros y descubra c\u00f3mo podemos satisfacer sus necesidades de equipos industriales.<\/p>\n<h2>Preguntas frecuentes (FAQ)<\/h2>\n<p>P1: \u00bfC\u00f3mo puedo solicitar una cotizaci\u00f3n para engranajes rectos internos?<br \/>\nA1: Para recibir una cotizaci\u00f3n, env\u00edenos documentos o muestras en 2D o 3D. Los formatos de dibujo que aceptamos incluyen IGS, STEP, STP, JPEG, PDF, DWG, DXF, CAD, etc.<\/p>\n<p>P2: \u00bfExiste un requisito de cantidad m\u00ednima de pedido para engranajes rectos internos?<br \/>\nA2: No, no imponemos un l\u00edmite m\u00ednimo de cantidad de pedido. Puede realizar pedidos de prueba antes de proceder con la producci\u00f3n en masa.<\/p>\n<p>P3: \u00bfC\u00f3mo se garantiza el control de calidad de los engranajes rectos internos?<br \/>\nA3: Nuestros operadores de producci\u00f3n realizan inspecciones internas en cada etapa del proceso. Tambi\u00e9n realizamos inspecciones de muestreo e inspecciones finales a trav\u00e9s de nuestro departamento de Control de Calidad (QC). Nuestro objetivo es mantener una tasa de defectos dentro de 1% o incluso por debajo.<\/p>\n<p>P4: \u00bfPuedo tener el logotipo de mi marca impreso en sus engranajes rectos internos?<br \/>\nA4: Yes, we offer OEM orders, and we welcome you to provide us with detailed information about your logo&#8217;s design and location when submitting an inquiry.<\/p>\n<p>Q5: \u00bfEs usted un fabricante o comerciante de engranajes rectos internos?<br \/>\nA5: Somos una f\u00e1brica con m\u00e1s de diez a\u00f1os de experiencia en mecanizado CNC y fabricaci\u00f3n de engranajes. Nos esforzamos por ofrecer precios competitivos y servicios profesionales a nuestros valiosos clientes.<\/p>","protected":false},"excerpt":{"rendered":"<p>Introduction to Internal Spur Gears Internal Spur Gears are a type of gear that have teeth generated on the inner diameter of the blank, unlike spur gears. They offer several advantages over their mating pinion gear, including increased robustness and efficiency. To ensure proper functioning, the pitch diameter of the internal gear must be at [&hellip;]<\/p>","protected":false},"featured_media":3512,"template":"","meta":{"_et_pb_use_builder":"","_et_pb_old_content":"","_et_gb_content_width":""},"product_brand":[],"product_cat":[11293],"product_tag":[],"class_list":{"0":"post-3513","1":"product","2":"type-product","3":"status-publish","4":"has-post-thumbnail","6":"product_cat-ring-gear","8":"first","9":"instock","10":"shipping-taxable","11":"product-type-simple"},"_links":{"self":[{"href":"https:\/\/agricultural-gear-boxes.com\/es\/wp-json\/wp\/v2\/product\/3513","targetHints":{"allow":["GET"]}}],"collection":[{"href":"https:\/\/agricultural-gear-boxes.com\/es\/wp-json\/wp\/v2\/product"}],"about":[{"href":"https:\/\/agricultural-gear-boxes.com\/es\/wp-json\/wp\/v2\/types\/product"}],"wp:featuredmedia":[{"embeddable":true,"href":"https:\/\/agricultural-gear-boxes.com\/es\/wp-json\/wp\/v2\/media\/3512"}],"wp:attachment":[{"href":"https:\/\/agricultural-gear-boxes.com\/es\/wp-json\/wp\/v2\/media?parent=3513"}],"wp:term":[{"taxonomy":"product_brand","embeddable":true,"href":"https:\/\/agricultural-gear-boxes.com\/es\/wp-json\/wp\/v2\/product_brand?post=3513"},{"taxonomy":"product_cat","embeddable":true,"href":"https:\/\/agricultural-gear-boxes.com\/es\/wp-json\/wp\/v2\/product_cat?post=3513"},{"taxonomy":"product_tag","embeddable":true,"href":"https:\/\/agricultural-gear-boxes.com\/es\/wp-json\/wp\/v2\/product_tag?post=3513"}],"curies":[{"name":"wp","href":"https:\/\/api.w.org\/{rel}","templated":true}]}}