{"id":3520,"date":"2024-08-22T05:58:07","date_gmt":"2024-08-22T05:58:07","guid":{"rendered":"https:\/\/agricultural-gear-boxes.com\/product\/alloy-steel-internal-ring-gear\/"},"modified":"2024-08-22T05:58:08","modified_gmt":"2024-08-22T05:58:08","slug":"alloy-steel-internal-ring-gear","status":"publish","type":"product","link":"https:\/\/agricultural-gear-boxes.com\/es\/product\/alloy-steel-internal-ring-gear\/","title":{"rendered":"Engranaje de anillo interno de acero aleado"},"content":{"rendered":"<h2>Engranaje de anillo interno de acero aleado: excelente rendimiento para aplicaciones automotrices<\/h2>\n<p>El engranaje de anillo interno de acero aleado es un producto dise\u00f1ado con precisi\u00f3n que ofrece un excelente rendimiento en aplicaciones automotrices. Estos anillos tienen dientes colocados en la periferia de una placa flexible o volante de un motor de combusti\u00f3n interna y se utilizan com\u00fanmente para transmitir el par del motor al sistema de transmisi\u00f3n de un veh\u00edculo. En nuestra unidad de fabricaci\u00f3n de \u00faltima generaci\u00f3n, dise\u00f1amos y desarrollamos diferentes tipos de engranajes de anillo interno para satisfacer los diversos requisitos de los veh\u00edculos.<\/p>\n<h3>Caracter\u00edsticas:<\/h3>\n<ul>\n<li>Alta eficiencia y durabilidad.<\/li>\n<li>Adecuado para vigas de acero, rieles, v\u00edas patentadas, \u00e1ngulos y tubos.<\/li>\n<li>Precisamente formado y tratado t\u00e9rmicamente.<\/li>\n<li>Mecanizado en las caras para eliminar concentraciones de tensiones no deseadas.<\/li>\n<\/ul>\n<h3>Presupuesto:<\/h3>\n<table border=\"1\">\n<tbody>\n<tr>\n<td><strong>Nombre del producto<\/strong><\/td>\n<td>Engranaje de anillo interno<\/td>\n<\/tr>\n<tr>\n<td>\u00c1ngulo de presi\u00f3n<\/td>\n<td>Seg\u00fan sea necesario<\/td>\n<\/tr>\n<tr>\n<td>Tratamiento<\/td>\n<td>Tallado, tallado de engranajes, rectificado de engranajes, fundici\u00f3n de precisi\u00f3n<\/td>\n<\/tr>\n<tr>\n<td>Material<\/td>\n<td>Acero aleado<\/td>\n<\/tr>\n<tr>\n<td>Perfil del diente<\/td>\n<td>Espuela \/ Helicoidal<\/td>\n<\/tr>\n<tr>\n<td>Est\u00e1ndar<\/td>\n<td>S\u00ed<\/td>\n<\/tr>\n<\/tbody>\n<\/table>\n<h3>Ventajas:<\/h3>\n<ul>\n<li>Alta capacidad de carga<\/li>\n<li>Alta precisi\u00f3n<\/li>\n<li>Bajo nivel de ruido y vibraci\u00f3n<\/li>\n<li>Excelente disipaci\u00f3n del calor<\/li>\n<li>F\u00e1cil de instalar, mantener y reparar.<\/li>\n<li>Larga vida \u00fatil<\/li>\n<\/ul>\n<h3>Material:<\/h3>\n<p>El acero aleado es un material popular que se utiliza en la fabricaci\u00f3n de engranajes anulares internos debido a sus excelentes propiedades mec\u00e1nicas, como alta resistencia, tenacidad y resistencia al desgaste. Tambi\u00e9n puede soportar temperaturas extremas y entornos hostiles, lo que lo hace ideal para aplicaciones automotrices.<\/p>\n<h3>Instalaci\u00f3n y mantenimiento:<\/h3>\n<p>Internal Ring Gears should be installed by a professional using the manufacturer&#8217;s guidelines. Regular maintenance is essential to ensure optimal performance and longevity of the product. It is recommended to clean and inspect the gear regularly for signs of wear, damage, or corrosion. Any damaged or worn-out parts should be replaced immediately to prevent further damage to the system.<\/p>\n<h3>Perfil de la empresa:<\/h3>\n<p>&#8216;EVER-POWER Machinery&#8217; is a well-known manufacturer and supplier of various mechanical components, including Ring Gears, Spur Gears, Helical Gears, Bevel Gears, Sprockets, Worm and Worm Wheels, Racks and Pinions, Timing Pulleys, Spline Shafts, Motor, Gearboxes, etc. With over 58 years of experience, we have earned a remarkable reputation in the industry for our excellent manufacturing, sales, technical, and delivery services.<\/p>\n<p>Nuestros productos son conocidos por su durabilidad, rendimiento superior y alta precisi\u00f3n. Hemos obtenido la certificaci\u00f3n ISO 9001, que refleja nuestro compromiso con la garant\u00eda de calidad, la investigaci\u00f3n y el desarrollo continuos y la satisfacci\u00f3n del cliente. Contamos con una planta de fabricaci\u00f3n bien equipada que utiliza la \u00faltima tecnolog\u00eda y herramientas para procesar engranajes.<\/p>\n<h3>\u00bfPor qu\u00e9 elegirnos?<\/h3>\n<ul>\n<li>Personalizaci\u00f3n<\/li>\n<li>Entrega r\u00e1pida para sus trabajos de reparaci\u00f3n<\/li>\n<li>Rentabilidad<\/li>\n<li>Est\u00e1ndares superiores de calidad<\/li>\n<li>Enfoque centrado en el cliente<\/li>\n<li>Amplia presencia en el mercado<\/li>\n<li>Excelente servicio postventa<\/li>\n<\/ul>\n<h3>Otros productos:<\/h3>\n<p>Adem\u00e1s de los engranajes de anillo interno de acero aleado, tambi\u00e9n suministramos varios engranajes de pl\u00e1stico utilizados en la industria, como cajas de engranajes agr\u00edcolas, ejes de salida de potencia, ruedas dentadas, acoplamientos de fluidos, reductores de engranajes helicoidales, engranajes y cremalleras, cadenas desmontables, poleas y poleas, cajas de engranajes planetarios, poleas de distribuci\u00f3n, bujes y m\u00e1s. Nos comprometemos a proporcionar productos de alta calidad, precios favorables y servicios considerados, y damos la bienvenida a los clientes a que vengan a nosotros para la personalizaci\u00f3n de dibujos o muestras.<\/p>\n<h2>Preguntas y respuestas:<\/h2>\n<ol>\n<li>\u00bfQu\u00e9 es el engranaje anular interno de acero aleado?<\/li>\n<li>\u00bfCu\u00e1les son los escenarios de uso comunes del engranaje de anillo interno de acero de aleaci\u00f3n?<\/li>\n<li>\u00bfCu\u00e1les son las ventajas del engranaje de anillo interno de acero aleado?<\/li>\n<li>\u00bfCu\u00e1l es el material utilizado en el engranaje de anillo interno de acero de aleaci\u00f3n?<\/li>\n<li>\u00bfC\u00f3mo instalar, mantener y reparar engranajes de anillo internos de acero aleado?<\/li>\n<\/ol>","protected":false},"excerpt":{"rendered":"<p>Alloy Steel Internal Ring Gear: Excellent Performance for Automotive Applications Alloy Steel Internal Ring Gear is a precision-engineered product that delivers excellent performance in automotive applications. These rings have teeth fitted on the periphery of a flex plate or flywheel of an internal combustion engine and are commonly used to transmit torque from the engine [&hellip;]<\/p>","protected":false},"featured_media":3519,"template":"","meta":{"_et_pb_use_builder":"","_et_pb_old_content":"","_et_gb_content_width":""},"product_brand":[],"product_cat":[11293],"product_tag":[],"class_list":{"0":"post-3520","1":"product","2":"type-product","3":"status-publish","4":"has-post-thumbnail","6":"product_cat-ring-gear","8":"first","9":"instock","10":"shipping-taxable","11":"product-type-simple"},"_links":{"self":[{"href":"https:\/\/agricultural-gear-boxes.com\/es\/wp-json\/wp\/v2\/product\/3520","targetHints":{"allow":["GET"]}}],"collection":[{"href":"https:\/\/agricultural-gear-boxes.com\/es\/wp-json\/wp\/v2\/product"}],"about":[{"href":"https:\/\/agricultural-gear-boxes.com\/es\/wp-json\/wp\/v2\/types\/product"}],"wp:featuredmedia":[{"embeddable":true,"href":"https:\/\/agricultural-gear-boxes.com\/es\/wp-json\/wp\/v2\/media\/3519"}],"wp:attachment":[{"href":"https:\/\/agricultural-gear-boxes.com\/es\/wp-json\/wp\/v2\/media?parent=3520"}],"wp:term":[{"taxonomy":"product_brand","embeddable":true,"href":"https:\/\/agricultural-gear-boxes.com\/es\/wp-json\/wp\/v2\/product_brand?post=3520"},{"taxonomy":"product_cat","embeddable":true,"href":"https:\/\/agricultural-gear-boxes.com\/es\/wp-json\/wp\/v2\/product_cat?post=3520"},{"taxonomy":"product_tag","embeddable":true,"href":"https:\/\/agricultural-gear-boxes.com\/es\/wp-json\/wp\/v2\/product_tag?post=3520"}],"curies":[{"name":"wp","href":"https:\/\/api.w.org\/{rel}","templated":true}]}}