{"id":3522,"date":"2024-08-22T05:58:09","date_gmt":"2024-08-22T05:58:09","guid":{"rendered":"https:\/\/agricultural-gear-boxes.com\/product\/flywheel-ring-gear-for-agricultural-tractor-part\/"},"modified":"2024-08-22T05:58:09","modified_gmt":"2024-08-22T05:58:09","slug":"flywheel-ring-gear-for-agricultural-tractor-part","status":"publish","type":"product","link":"https:\/\/agricultural-gear-boxes.com\/es\/product\/flywheel-ring-gear-for-agricultural-tractor-part\/","title":{"rendered":"Engranaje de corona de volante para pieza de tractor agr\u00edcola"},"content":{"rendered":"<h2 class=\"magic-16\">Engranaje de corona de volante para pieza de tractor agr\u00edcola<\/h2>\n<p>Los engranajes, coronas y coronas dentadas son componentes esenciales en los sistemas de transmisi\u00f3n mec\u00e1nica. Suelen estar fabricados con acero de aleaci\u00f3n de alta calidad que se somete a procesos de forjado o fundici\u00f3n. Estos engranajes son conocidos por su excepcional resistencia y durabilidad, gracias a tratamientos de cementaci\u00f3n o endurecimiento de la superficie. La corona dentada, en particular, cuenta con una gran capacidad de carga, lo que la convierte en una opci\u00f3n fiable para maquinaria de alta velocidad y carga pesada.<\/p>\n<p>En nuestra empresa, nos enorgullecemos de fabricar coronas dentadas dise\u00f1adas con precisi\u00f3n utilizando materias primas de primera calidad. Cada producto se somete a rigurosos controles de calidad en cada etapa del proceso de fabricaci\u00f3n para garantizar el cumplimiento de las normas industriales internacionales. Obtenemos llantas fundidas para coronas dentadas de proveedores confiables y de confianza en la industria.<\/p>\n<h3 class=\"magic-9\">Ventajas del engranaje de anillo<\/h3>\n<ul>\n<li>Gran capacidad de carga y larga vida \u00fatil.<\/li>\n<li>Alta precisi\u00f3n, gran di\u00e1metro y m\u00f3dulo.<\/li>\n<li>Transmisi\u00f3n estable con bajo impacto, vibraci\u00f3n y ruido.<\/li>\n<li>F\u00e1cil instalaci\u00f3n<\/li>\n<\/ul>\n<p><img loading=\"lazy\" decoding=\"async\" class=\"size-full wp-image-379621 alignnone\" src=\"https:\/\/www.ever-power.net\/wp-content\/uploads\/2022\/06\/Hd4dbb3467e17486fad843fce6069226c8.jpg\" alt=\"\" width=\"600\" height=\"600\" \/><\/p>\n<h3 class=\"magic-10\">Especificaciones del producto<\/h3>\n<table class=\"all magic-11\" style=\"height: 300px; width: 100%; border-style: solid; border-color: #0f0d0d;\" border=\"1\">\n<tbody>\n<tr>\n<td colspan=\"1\" rowspan=\"1\">\n<div class=\"magic-12\"><span class=\"magic-13\">Material<\/span><\/div>\n<\/td>\n<td colspan=\"1\" rowspan=\"1\">\n<div class=\"magic-12\"><span class=\"magic-13\">C45, 40Cr, 20CrMnTi, 42CrMo, cobre, acero inoxidable y m\u00e1s<\/span><\/div>\n<\/td>\n<\/tr>\n<tr>\n<td colspan=\"1\" rowspan=\"1\">\n<div class=\"magic-12\"><span class=\"magic-13\">Tratamiento<\/span><\/div>\n<\/td>\n<td colspan=\"1\" rowspan=\"1\">\n<div class=\"magic-12\"><span class=\"magic-13\">Forjado, mecanizado, tallado, fresado, afeitado, rectificado, tratamiento t\u00e9rmico y m\u00e1s<\/span><\/div>\n<\/td>\n<\/tr>\n<tr>\n<td colspan=\"1\" rowspan=\"1\">\n<div class=\"magic-12\"><span class=\"magic-13\">Tratamiento t\u00e9rmico<\/span><\/div>\n<\/td>\n<td colspan=\"1\" rowspan=\"1\">\n<div class=\"magic-12\"><span class=\"magic-13\">Cementaci\u00f3n, inducci\u00f3n, llama, nitruraci\u00f3n y m\u00e1s<\/span><\/div>\n<\/td>\n<\/tr>\n<tr>\n<td colspan=\"1\" rowspan=\"1\">\n<div class=\"magic-12\"><span class=\"magic-13\">Maquinas principales<\/span><\/div>\n<\/td>\n<td colspan=\"1\" rowspan=\"1\">\n<div class=\"magic-12\"><span class=\"magic-13\">M\u00e1quinas talladoras de engranajes NC, conformadoras de engranajes NC (Gealson, Mode), torno NC, m\u00e1quinas de raspado de engranajes NC, fresadoras de engranajes NC, rectificadoras de engranajes NC y otros dispositivos relacionados con los engranajes<\/span><\/div>\n<\/td>\n<\/tr>\n<\/tbody>\n<\/table>\n<div class=\"magic-7\">Ventaja de la empresa<\/div>\n<ol>\n<li>Ofrecemos un servicio integral, desde la organizaci\u00f3n de la materia prima hasta el procesamiento de producci\u00f3n y montaje.<\/li>\n<li>Contamos con un equipo de ingenier\u00eda profesional y un estricto sistema de control de calidad para garantizar la calidad del producto.<\/li>\n<li>Contamos con equipos CNC avanzados para garantizar la precisi\u00f3n del producto.<\/li>\n<\/ol>\n<p>Adem\u00e1s de nuestros engranajes de anillo para volante, nos especializamos en el suministro de diversos engranajes de pl\u00e1stico para aplicaciones industriales. Nuestra amplia gama de productos incluye cajas de engranajes agr\u00edcolas, ejes de salida de potencia, ruedas dentadas, acoplamientos de fluidos, reductores de engranajes sinf\u00edn, engranajes y cremalleras, cadenas desmontables, poleas y poleas, cajas de engranajes planetarios, poleas de distribuci\u00f3n, bujes y m\u00e1s. Nos enorgullecemos de ofrecer productos de alta calidad a precios competitivos, respaldados por un servicio considerado y confiable.<\/p>\n<p>Si necesita productos personalizados seg\u00fan sus dibujos o muestras, le invitamos a contactarnos para obtener soluciones personalizadas.<\/p>\n<h2 class=\"magic-16\">Preguntas frecuentes<\/h2>\n<h3>1. \u00bfProporcion\u00e1is muestras?<\/h3>\n<p>S\u00ed, ofrecemos muestras gratuitas, pero el costo del flete no est\u00e1 cubierto.<\/p>\n<h3>2. \u00bfOfrecen servicios OEM?<\/h3>\n<p>S\u00ed, somos capaces de proporcionar servicios OEM para satisfacer sus requisitos espec\u00edficos.<\/p>\n<h3>3. \u00bfQu\u00e9 pasa con el servicio postventa?<\/h3>\n<p>Nos enorgullecemos de nuestro excelente servicio posventa. Si tiene alg\u00fan problema de calidad, no dude en contactarnos en cualquier momento.<\/p>\n<h3>4. \u00bfQu\u00e9 opciones de embalaje ofrecen?<\/h3>\n<p>Ofrecemos opciones de embalaje est\u00e1ndar, pero tambi\u00e9n podemos personalizar el embalaje seg\u00fan sus requisitos.<\/p>\n<h3>5. \u00bfC\u00f3mo garantizan la calidad de sus productos?<\/h3>\n<p>Para garantizar la calidad del producto, proporcionamos informes de materia prima, realizamos ex\u00e1menes metalogr\u00e1ficos y realizamos pruebas de precisi\u00f3n, entre otras medidas de garant\u00eda de calidad.<\/p>","protected":false},"excerpt":{"rendered":"<p>Flywheel Ring Gear For Agricultural Tractor Part Gear wheel, ring gear, and girth gear are essential components in mechanical transmission systems. They are typically made of high-quality alloy steel that undergoes forging or casting processes. These gears are known for their exceptional strength and durability, thanks to surface carburizing or hardening treatments. The ring gear, [&hellip;]<\/p>","protected":false},"featured_media":3521,"template":"","meta":{"_et_pb_use_builder":"","_et_pb_old_content":"","_et_gb_content_width":""},"product_brand":[],"product_cat":[11293],"product_tag":[],"class_list":{"0":"post-3522","1":"product","2":"type-product","3":"status-publish","4":"has-post-thumbnail","6":"product_cat-ring-gear","8":"first","9":"instock","10":"shipping-taxable","11":"product-type-simple"},"_links":{"self":[{"href":"https:\/\/agricultural-gear-boxes.com\/es\/wp-json\/wp\/v2\/product\/3522","targetHints":{"allow":["GET"]}}],"collection":[{"href":"https:\/\/agricultural-gear-boxes.com\/es\/wp-json\/wp\/v2\/product"}],"about":[{"href":"https:\/\/agricultural-gear-boxes.com\/es\/wp-json\/wp\/v2\/types\/product"}],"wp:featuredmedia":[{"embeddable":true,"href":"https:\/\/agricultural-gear-boxes.com\/es\/wp-json\/wp\/v2\/media\/3521"}],"wp:attachment":[{"href":"https:\/\/agricultural-gear-boxes.com\/es\/wp-json\/wp\/v2\/media?parent=3522"}],"wp:term":[{"taxonomy":"product_brand","embeddable":true,"href":"https:\/\/agricultural-gear-boxes.com\/es\/wp-json\/wp\/v2\/product_brand?post=3522"},{"taxonomy":"product_cat","embeddable":true,"href":"https:\/\/agricultural-gear-boxes.com\/es\/wp-json\/wp\/v2\/product_cat?post=3522"},{"taxonomy":"product_tag","embeddable":true,"href":"https:\/\/agricultural-gear-boxes.com\/es\/wp-json\/wp\/v2\/product_tag?post=3522"}],"curies":[{"name":"wp","href":"https:\/\/api.w.org\/{rel}","templated":true}]}}