{"id":3524,"date":"2024-08-22T05:58:10","date_gmt":"2024-08-22T05:58:10","guid":{"rendered":"https:\/\/agricultural-gear-boxes.com\/product\/ring-gear-for-cement-mixer\/"},"modified":"2024-08-22T05:58:10","modified_gmt":"2024-08-22T05:58:10","slug":"ring-gear-for-cement-mixer","status":"publish","type":"product","link":"https:\/\/agricultural-gear-boxes.com\/es\/product\/ring-gear-for-cement-mixer\/","title":{"rendered":"Engranaje de anillo para mezcladora de cemento"},"content":{"rendered":"<h2>Engranaje de anillo para mezcladora de cemento<\/h2>\n<p>Los engranajes anulares son engranajes con dientes externos que se utilizan ampliamente en diversos productos industriales para un funcionamiento suave. El engranaje anular para mezcladoras de cemento es uno de esos productos muy buscados en el mercado. Este engranaje se utiliza en mezcladoras de cemento para transmitir movimiento rotatorio entre ejes paralelos. Los dientes son rectos y paralelos al eje, lo que lo convierte en uno de los reductores m\u00e1s simples y m\u00e1s utilizados.<\/p>\n<h3>Clasificaci\u00f3n y material<\/h3>\n<p>El engranaje anular para mezcladoras de cemento viene en varios tama\u00f1os que van desde el m\u00f3dulo 0,5 al 20 con un di\u00e1metro m\u00e1ximo de 2000 mm. Seg\u00fan los requisitos del cliente, el \u00e1ngulo de presi\u00f3n puede ser el est\u00e1ndar de 20\u00b0 o no est\u00e1ndar. El perfil de los dientes puede ser recto o en espiga. El engranaje anular para mezcladoras de cemento se puede fabricar mediante brochado, tallado, conformado, fresado, fundici\u00f3n, forjado o cualquier otro proceso espec\u00edfico del cliente. Se puede fabricar con varios materiales como C45, acero inoxidable 304, 1045, Cr12, 40Cr, 20CrMnTi, 16MnCr5, 20CrMnMo, nailon, Delrin, CuZn40 y m\u00e1s.<\/p>\n<h3>Ventajas<\/h3>\n<ul>\n<li>Altamente durable<\/li>\n<li>Funcionamiento suave<\/li>\n<li>Se puede utilizar en diversos productos industriales.<\/li>\n<li>F\u00e1cil de instalar y mantener.<\/li>\n<li>Se puede reemplazar f\u00e1cilmente<\/li>\n<\/ul>\n<h3>Instalaci\u00f3n y mantenimiento<\/h3>\n<p>La instalaci\u00f3n del engranaje anular para mezcladora de cemento es sencilla y directa, se puede fijar mediante tornillos y pernos. En cuanto al mantenimiento, el engranaje debe revisarse peri\u00f3dicamente para detectar desgaste. La lubricaci\u00f3n tambi\u00e9n es fundamental para garantizar que el engranaje funcione sin problemas. En caso de mal funcionamiento, el engranaje se puede reemplazar f\u00e1cilmente.<\/p>\n<h3>Otros productos<\/h3>\n<p>Ever-Power es un fabricante l\u00edder de engranajes en Hangzhou, China. Adem\u00e1s de los engranajes anulares para mezcladoras de cemento, tambi\u00e9n suministramos otros productos para diferentes industrias. Nuestros productos incluyen cajas de engranajes agr\u00edcolas, ejes de salida de potencia, ruedas dentadas, acoplamientos de fluidos, reductores de engranajes helicoidales, engranajes y cremalleras, cadenas desmontables, poleas y poleas, cajas de engranajes planetarios, poleas de distribuci\u00f3n, bujes y m\u00e1s. Nos enorgullecemos de nuestros productos de alta calidad, precios favorables y excelente servicio al cliente. Invitamos a los clientes a que vengan a nosotros con sus necesidades de personalizaci\u00f3n de dibujos o muestras.<\/p>\n<h2>Preguntas y respuestas<\/h2>\n<ol>\n<li>\n<h3>\u00bfQu\u00e9 es el engranaje anular para mezcladora de cemento?<\/h3>\n<p>El engranaje de anillo para mezcladora de cemento es un engranaje dentado externo que se utiliza en mezcladoras de cemento para transmitir el movimiento rotatorio entre ejes paralelos. Los dientes son rectos y paralelos al eje y es uno de los engranajes m\u00e1s simples y m\u00e1s utilizados.<\/p>\n<\/li>\n<li>\n<h3>\u00bfCu\u00e1les son los materiales utilizados para fabricar el engranaje anular para mezcladora de cemento?<\/h3>\n<p>El engranaje anular para mezcladora de cemento se puede fabricar con diversos materiales, como C45, acero inoxidable 304, 1045, Cr12, 40Cr, 20CrMnTi, 16MnCr5, 20CrMnMo, nailon, Delrin, CuZn40 y m\u00e1s.<\/p>\n<\/li>\n<li>\n<h3>\u00bfCu\u00e1les son las ventajas del engranaje de anillo para mezcladora de cemento?<\/h3>\n<p>Las ventajas del engranaje anular para mezcladora de cemento incluyen su durabilidad, funcionamiento suave, versatilidad para su uso en diversos productos industriales, f\u00e1cil instalaci\u00f3n y mantenimiento, y facilidad de reemplazo.<\/p>\n<\/li>\n<li>\n<h3>\u00bfC\u00f3mo se instala el engranaje anular para mezcladora de cemento?<\/h3>\n<p>El engranaje anular para mezcladora de cemento se puede fijar mediante tornillos y pernos para su instalaci\u00f3n. <\/p>\n<\/li>\n<li>\n<h3>\u00bfQu\u00e9 otros productos suministra Ever-Power?<\/h3>\n<p>Ever-Power suministra diversos productos para diferentes industrias como cajas de engranajes agr\u00edcolas, ejes de salida de potencia, pi\u00f1ones, acoplamientos de fluido, reductores de tornillo sin fin, engranajes y cremalleras, cadenas desmontables, poleas y poleas, cajas de engranajes planetarios, poleas de distribuci\u00f3n, bujes y m\u00e1s.<\/p>\n<\/li>\n<\/ol>","protected":false},"excerpt":{"rendered":"<p>Ring Gear For Cement Mixer Ring gears are externally toothed gears that are widely used in various industrial products for smooth functioning. Ring Gear for Cement Mixer is one such product that is highly sought after in the market. This gear is used in cement mixers to transmit rotary motion between parallel shafts. The teeth [&hellip;]<\/p>","protected":false},"featured_media":3523,"template":"","meta":{"_et_pb_use_builder":"","_et_pb_old_content":"","_et_gb_content_width":""},"product_brand":[],"product_cat":[11293],"product_tag":[],"class_list":{"0":"post-3524","1":"product","2":"type-product","3":"status-publish","4":"has-post-thumbnail","6":"product_cat-ring-gear","8":"first","9":"instock","10":"shipping-taxable","11":"product-type-simple"},"_links":{"self":[{"href":"https:\/\/agricultural-gear-boxes.com\/es\/wp-json\/wp\/v2\/product\/3524","targetHints":{"allow":["GET"]}}],"collection":[{"href":"https:\/\/agricultural-gear-boxes.com\/es\/wp-json\/wp\/v2\/product"}],"about":[{"href":"https:\/\/agricultural-gear-boxes.com\/es\/wp-json\/wp\/v2\/types\/product"}],"wp:featuredmedia":[{"embeddable":true,"href":"https:\/\/agricultural-gear-boxes.com\/es\/wp-json\/wp\/v2\/media\/3523"}],"wp:attachment":[{"href":"https:\/\/agricultural-gear-boxes.com\/es\/wp-json\/wp\/v2\/media?parent=3524"}],"wp:term":[{"taxonomy":"product_brand","embeddable":true,"href":"https:\/\/agricultural-gear-boxes.com\/es\/wp-json\/wp\/v2\/product_brand?post=3524"},{"taxonomy":"product_cat","embeddable":true,"href":"https:\/\/agricultural-gear-boxes.com\/es\/wp-json\/wp\/v2\/product_cat?post=3524"},{"taxonomy":"product_tag","embeddable":true,"href":"https:\/\/agricultural-gear-boxes.com\/es\/wp-json\/wp\/v2\/product_tag?post=3524"}],"curies":[{"name":"wp","href":"https:\/\/api.w.org\/{rel}","templated":true}]}}