{"id":3530,"date":"2024-08-23T05:18:45","date_gmt":"2024-08-23T05:18:45","guid":{"rendered":"https:\/\/agricultural-gear-boxes.com\/product\/gear-racks\/"},"modified":"2024-08-23T05:18:45","modified_gmt":"2024-08-23T05:18:45","slug":"gear-racks","status":"publish","type":"product","link":"https:\/\/agricultural-gear-boxes.com\/es\/product\/gear-racks\/","title":{"rendered":"Cremalleras"},"content":{"rendered":"<h2>Cat\u00e1logo de bastidores: una gu\u00eda completa sobre bastidores de engranajes<\/h2>\n<p>Las cremalleras son un componente esencial de diversas m\u00e1quinas, desde autom\u00f3viles hasta equipos industriales. Se utilizan para convertir el movimiento rotatorio en movimiento lineal, lo que permite un movimiento preciso de diferentes piezas. En Ever-Power, ofrecemos una amplia gama de cremalleras basadas en est\u00e1ndares europeos, con opciones para diferentes materiales, incluidos acero inoxidable, acero, lat\u00f3n, bronce, hierro y aluminio.<\/p>\n<h3>Materiales disponibles<\/h3>\n<p>Nuestras cremalleras est\u00e1n disponibles en varios materiales, cada uno con su propio conjunto de propiedades y ventajas. Las opciones de acero inoxidable incluyen SS201, SS303, SS304, SS316, SS416 y SS420, mientras que las opciones de acero incluyen C45 (K1045), C46 (K1046) y C20. Tambi\u00e9n ofrecemos opciones de lat\u00f3n como C36000 (C26800), C37700 (HPb59), C38500 (HPb58), C27200 (CuZn37) y C28000 (CuZn40), as\u00ed como opciones de bronce como C51000, C52100, C54400 y m\u00e1s. Nuestras opciones de hierro son 1213, 12L14 y 1215, y para aquellos que buscan opciones livianas, ofrecemos opciones de aluminio como Al6061 y Al6063. Adem\u00e1s, ofrecemos opciones OEM basadas en solicitudes espec\u00edficas.<\/p>\n<h3>Embalaje y entrega<\/h3>\n<p>Comprendemos la importancia de la entrega oportuna y ofrecemos opciones de embalaje flexibles para garantizar el transporte seguro de nuestros bastidores de engranajes. Nuestros bastidores de engranajes vienen embalados en cajas\/contenedores de madera y paletas, personalizados seg\u00fan los requisitos espec\u00edficos. Nuestro plazo de entrega para las muestras es de 15 a 25 d\u00edas, y para los pedidos oficiales, es de 30 a 45 d\u00edas. Nuestros bastidores de engranajes cuentan con la certificaci\u00f3n ISO9001:2008, ISO14001:2001 e ISO\/TS 16949:2009.<\/p>\n<h3>Tratamiento de superficies<\/h3>\n<p>Nuestras cremalleras se someten a diversos tratamientos de superficie, entre ellos, recocido, anodizado natural, tratamiento t\u00e9rmico, pulido, niquelado, cromado, cincado, pasivaci\u00f3n amarilla, pasivaci\u00f3n dorada, satinado, pintura de superficie negra y m\u00e1s. Estos tratamientos mejoran la durabilidad y la longevidad de las cremalleras.<\/p>\n<h3>Ventajas<\/h3>\n<p>Nuestras cremalleras se procesan mediante tecnolog\u00eda avanzada de mecanizado CNC, punzonado, torneado, fresado, taladrado, rectificado, brochado, soldadura y ensamblaje, lo que garantiza una alta precisi\u00f3n y exactitud. Nuestros t\u00e9cnicos realizan autocontroles durante la producci\u00f3n y los controles finales los realizan nuestros inspectores de calidad profesionales. Nuestras cremalleras son conocidas por su calidad superior, equipo avanzado, trabajadores experimentados y equipo de prueba perfecto.<\/p>\n<h3>Mantenimiento y reparaci\u00f3n<\/h3>\n<p>El mantenimiento y la reparaci\u00f3n peri\u00f3dicos son esenciales para garantizar la longevidad de las cremalleras. Se recomienda limpiar las cremalleras peri\u00f3dicamente, comprobar si presentan desgaste y lubricarlas con aceites o grasas adecuados. En caso de da\u00f1os o desgaste, lo mejor es sustituir las cremalleras por otras nuevas para garantizar un rendimiento \u00f3ptimo.<\/p>\n<h3>Otros productos<\/h3>\n<p>Adem\u00e1s de las cremalleras, Ever-Power tambi\u00e9n suministra otros engranajes de pl\u00e1stico que se utilizan en las industrias, incluidas cajas de engranajes agr\u00edcolas, ejes de salida de potencia, ruedas dentadas, acoplamientos de fluidos, reductores de engranajes helicoidales, engranajes y cremalleras, cadenas desmontables, poleas y poleas, cajas de engranajes planetarios, poleas de distribuci\u00f3n, bujes y m\u00e1s. Nos comprometemos a proporcionar productos de alta calidad, precios favorables y servicios considerados a nuestros clientes. Damos la bienvenida a los clientes a que vengan con sus dibujos o muestras para personalizar.<\/p>\n<h2>Preguntas y respuestas<\/h2>\n<h3>1) \u00bfQu\u00e9 son las cremalleras?<\/h3>\n<p>Las cremalleras son un componente esencial de diversas maquinarias y se utilizan para convertir el movimiento rotatorio en movimiento lineal, lo que permite un movimiento preciso de diferentes piezas.<\/p>\n<h3>2) \u00bfEn qu\u00e9 materiales est\u00e1n disponibles las cremalleras?<\/h3>\n<p>Las cremalleras est\u00e1n disponibles en varios materiales, incluidos acero inoxidable, acero, lat\u00f3n, bronce, hierro y aluminio.<\/p>\n<h3>3) What are the advantages of Ever-Power&#8217;s gear racks?<\/h3>\n<p>Ever-Power&#8217;s gear racks are processed using advanced CNC machining technology, ensuring high accuracy and precision. Additionally, they are known for their superior quality, advanced equipment, experienced workers, and perfect testing equipment.<\/p>\n<h3>4) \u00bfC\u00f3mo se pueden realizar el mantenimiento y reparaci\u00f3n de las cremalleras?<\/h3>\n<p>El mantenimiento y la reparaci\u00f3n peri\u00f3dicos son esenciales para garantizar la longevidad de las cremalleras. Se recomienda limpiar las cremalleras peri\u00f3dicamente, comprobar si presentan desgaste y lubricarlas con aceites o grasas adecuados. En caso de da\u00f1os o desgaste, lo mejor es sustituir las cremalleras por otras nuevas para garantizar un rendimiento \u00f3ptimo.<\/p>\n<h3>5) \u00bfQu\u00e9 otros productos suministra Ever-Power?<\/h3>\n<p>Adem\u00e1s de cremalleras, Ever-Power tambi\u00e9n suministra varios otros engranajes de pl\u00e1stico utilizados en las industrias, incluidas cajas de engranajes agr\u00edcolas, ejes de salida de potencia, pi\u00f1ones, acoplamientos de fluido, reductores de tornillo sin fin, engranajes y cremalleras, cadenas desmontables, poleas y poleas, cajas de engranajes planetarios, poleas de distribuci\u00f3n, bujes y m\u00e1s.<\/p>","protected":false},"excerpt":{"rendered":"<p>Catalog of Racks: A Comprehensive Guide to Gear Racks Gear racks are an essential component of various machinery, from automobiles to industrial equipment. They are used to convert rotational motion into linear motion, allowing for precise movement of different parts. At Ever-Power, we offer a wide range of gear racks based on European standards, with [&hellip;]<\/p>","protected":false},"featured_media":3529,"template":"","meta":{"_et_pb_use_builder":"","_et_pb_old_content":"","_et_gb_content_width":""},"product_brand":[],"product_cat":[11294],"product_tag":[],"class_list":{"0":"post-3530","1":"product","2":"type-product","3":"status-publish","4":"has-post-thumbnail","6":"product_cat-gear-rack","8":"first","9":"instock","10":"shipping-taxable","11":"product-type-simple"},"_links":{"self":[{"href":"https:\/\/agricultural-gear-boxes.com\/es\/wp-json\/wp\/v2\/product\/3530","targetHints":{"allow":["GET"]}}],"collection":[{"href":"https:\/\/agricultural-gear-boxes.com\/es\/wp-json\/wp\/v2\/product"}],"about":[{"href":"https:\/\/agricultural-gear-boxes.com\/es\/wp-json\/wp\/v2\/types\/product"}],"wp:featuredmedia":[{"embeddable":true,"href":"https:\/\/agricultural-gear-boxes.com\/es\/wp-json\/wp\/v2\/media\/3529"}],"wp:attachment":[{"href":"https:\/\/agricultural-gear-boxes.com\/es\/wp-json\/wp\/v2\/media?parent=3530"}],"wp:term":[{"taxonomy":"product_brand","embeddable":true,"href":"https:\/\/agricultural-gear-boxes.com\/es\/wp-json\/wp\/v2\/product_brand?post=3530"},{"taxonomy":"product_cat","embeddable":true,"href":"https:\/\/agricultural-gear-boxes.com\/es\/wp-json\/wp\/v2\/product_cat?post=3530"},{"taxonomy":"product_tag","embeddable":true,"href":"https:\/\/agricultural-gear-boxes.com\/es\/wp-json\/wp\/v2\/product_tag?post=3530"}],"curies":[{"name":"wp","href":"https:\/\/api.w.org\/{rel}","templated":true}]}}