{"id":3536,"date":"2024-08-23T05:18:49","date_gmt":"2024-08-23T05:18:49","guid":{"rendered":"https:\/\/agricultural-gear-boxes.com\/product\/gear-rack-for-window-opener\/"},"modified":"2024-08-23T05:18:50","modified_gmt":"2024-08-23T05:18:50","slug":"gear-rack-for-window-opener","status":"publish","type":"product","link":"https:\/\/agricultural-gear-boxes.com\/es\/product\/gear-rack-for-window-opener\/","title":{"rendered":"Cremallera para abridor de ventanas"},"content":{"rendered":"<h2>Cremallera para abridor de ventanas: de alta calidad y duradera<\/h2>\n<p>La cremallera para abridor de ventanas es un componente esencial dise\u00f1ado para abrir y cerrar ventanas con facilidad. Este producto est\u00e1 fabricado con materiales de alta calidad, incluido acero normalizado, recocido, templado o revenido. El tratamiento de la superficie de la cremallera para abridor de ventanas puede ser pintura, enchapado, pulido, \u00f3xido negro o aceite antioxidante transparente. Adem\u00e1s, el producto se somete a un control y gesti\u00f3n de calidad durante todo el proceso de producci\u00f3n, desde la fundici\u00f3n de lingotes, la forja, el tratamiento t\u00e9rmico, el mecanizado y la inspecci\u00f3n final antes de la entrega. <\/p>\n<h3>Ventajas de la cremallera para el abridor de ventanas<\/h3>\n<p>El bastidor de engranajes para abridor de ventanas es un producto muy duradero que puede soportar condiciones clim\u00e1ticas adversas. Su tratamiento de superficie ayuda a prevenir el \u00f3xido y la corrosi\u00f3n, lo que garantiza que pueda durar un per\u00edodo prolongado. El producto est\u00e1 disponible en diferentes materiales, incluidos acero de aleaci\u00f3n, acero al carbono y acero inoxidable, lo que lo hace adecuado para diferentes aplicaciones. El bastidor de engranajes para abridor de ventanas es f\u00e1cil de instalar, mantener y reparar. Tambi\u00e9n es asequible, lo que lo convierte en una excelente opci\u00f3n para quienes buscan un abridor de ventanas rentable.<\/p>\n<h3>Escenarios de uso com\u00fan<\/h3>\n<p>El mecanismo de cremallera para abridor de ventanas se utiliza com\u00fanmente en edificios residenciales y comerciales. Es ideal para ventanas que son dif\u00edciles de alcanzar y abrir manualmente. El producto tambi\u00e9n es popular en edificios de gran altura donde las ventanas deben abrirse y cerrarse de forma remota.<\/p>\n<h3>Instalaci\u00f3n y mantenimiento<\/h3>\n<p>Installation of Gear Rack For Window Opener is straightforward and can be done by following the manufacturer&#8217;s instructions. The product requires little maintenance, but it is essential to ensure that it is clean and well-lubricated to prevent rust and corrosion.<\/p>\n<h3>Reemplazo<\/h3>\n<p>Si es necesario reemplazar la cremallera del abre-ventanas, es recomendable buscar los servicios de un profesional para asegurarse de que la instalaci\u00f3n se realice correctamente.<\/p>\n<h3>Company&#8217;s Other Products Business<\/h3>\n<p>Nuestra empresa suministra principalmente diversos engranajes de pl\u00e1stico utilizados en la industria, incluidas cajas de engranajes agr\u00edcolas, ejes de salida de potencia, ruedas dentadas, acoplamientos de fluidos, reductores de engranajes helicoidales, engranajes y cremalleras, cadenas desmontables, poleas y poleas, cajas de engranajes planetarios, poleas de distribuci\u00f3n, bujes y m\u00e1s. Nuestros productos son de alta calidad, est\u00e1n disponibles a precios favorables y vienen con servicios posventa considerados. Damos la bienvenida a los clientes a que vengan a nosotros con sus dibujos o muestras para personalizarlos.<\/p>\n<h2>Preguntas y respuestas<\/h2>\n<p>1. \u00bfDe qu\u00e9 est\u00e1 hecho el bastidor del abridor de ventanas?<br \/>\n2. \u00bfCu\u00e1les son las ventajas de Gear Rack para abridor de ventanas?<br \/>\n3. \u00bfD\u00f3nde se utiliza com\u00fanmente la cremallera para abridor de ventanas?<br \/>\n4. \u00bfEs f\u00e1cil instalar el soporte para abridor de ventanas?<br \/>\n5. \u00bfLa empresa ofrece otros productos adem\u00e1s de Gear Rack para abridor de ventanas?<\/p>","protected":false},"excerpt":{"rendered":"<p>Gear Rack For Window Opener: High-Quality and Durable Gear Rack For Window Opener is an essential component designed for easy opening and closing of windows. This product is made up of high-quality materials, including normalized, annealed, quenched, or tempered steel. The surface treatment for Gear Rack For Window Opener can be painting, plating, polishing, black [&hellip;]<\/p>","protected":false},"featured_media":3535,"template":"","meta":{"_et_pb_use_builder":"","_et_pb_old_content":"","_et_gb_content_width":""},"product_brand":[],"product_cat":[11294],"product_tag":[],"class_list":{"0":"post-3536","1":"product","2":"type-product","3":"status-publish","4":"has-post-thumbnail","6":"product_cat-gear-rack","8":"first","9":"instock","10":"shipping-taxable","11":"product-type-simple"},"_links":{"self":[{"href":"https:\/\/agricultural-gear-boxes.com\/es\/wp-json\/wp\/v2\/product\/3536","targetHints":{"allow":["GET"]}}],"collection":[{"href":"https:\/\/agricultural-gear-boxes.com\/es\/wp-json\/wp\/v2\/product"}],"about":[{"href":"https:\/\/agricultural-gear-boxes.com\/es\/wp-json\/wp\/v2\/types\/product"}],"wp:featuredmedia":[{"embeddable":true,"href":"https:\/\/agricultural-gear-boxes.com\/es\/wp-json\/wp\/v2\/media\/3535"}],"wp:attachment":[{"href":"https:\/\/agricultural-gear-boxes.com\/es\/wp-json\/wp\/v2\/media?parent=3536"}],"wp:term":[{"taxonomy":"product_brand","embeddable":true,"href":"https:\/\/agricultural-gear-boxes.com\/es\/wp-json\/wp\/v2\/product_brand?post=3536"},{"taxonomy":"product_cat","embeddable":true,"href":"https:\/\/agricultural-gear-boxes.com\/es\/wp-json\/wp\/v2\/product_cat?post=3536"},{"taxonomy":"product_tag","embeddable":true,"href":"https:\/\/agricultural-gear-boxes.com\/es\/wp-json\/wp\/v2\/product_tag?post=3536"}],"curies":[{"name":"wp","href":"https:\/\/api.w.org\/{rel}","templated":true}]}}