{"id":3546,"date":"2024-08-23T05:18:57","date_gmt":"2024-08-23T05:18:57","guid":{"rendered":"https:\/\/agricultural-gear-boxes.com\/product\/gear-rack-for-material-handling-industry\/"},"modified":"2024-08-23T05:18:57","modified_gmt":"2024-08-23T05:18:57","slug":"gear-rack-for-material-handling-industry","status":"publish","type":"product","link":"https:\/\/agricultural-gear-boxes.com\/es\/product\/gear-rack-for-material-handling-industry\/","title":{"rendered":"Cremallera para la industria de manipulaci\u00f3n de materiales"},"content":{"rendered":"<h2> Cremallera para la industria de manipulaci\u00f3n de materiales: un mecanismo de engranajes lineales vers\u00e1til<\/h2>\n<p>La cremallera para la industria de manipulaci\u00f3n de materiales es un componente clave en los sistemas de manipulaci\u00f3n de materiales, que permite el movimiento preciso y controlado de objetos o equipos. Se refiere a un mecanismo de engranaje lineal utilizado en aplicaciones de manipulaci\u00f3n de materiales, que consta de una barra recta con dientes dise\u00f1ados para engranar con un engranaje o pi\u00f1\u00f3n. La cremallera sirve como pista o gu\u00eda a lo largo de la cual se mueve el engranaje o pi\u00f1\u00f3n, convirtiendo el movimiento rotatorio en movimiento lineal.<\/p>\n<p>Las cremalleras para la industria de manipulaci\u00f3n de materiales est\u00e1n dise\u00f1adas para manipular cargas pesadas y proporcionar una transmisi\u00f3n de potencia eficiente. Ofrecen ventajas como posicionamiento preciso, alta capacidad de carga, funcionamiento suave y versatilidad en el dise\u00f1o del sistema. Estas cremalleras est\u00e1n disponibles en diferentes tipos, tama\u00f1os, materiales y perfiles de dientes para adaptarse a los requisitos espec\u00edficos de la aplicaci\u00f3n e integrarse con otros componentes del sistema, como engranajes, pi\u00f1ones y sistemas de transmisi\u00f3n.<\/p>\n<p>Las cremalleras se utilizan ampliamente en las industrias de m\u00e1quinas herramienta, equipos de manipulaci\u00f3n de materiales y autom\u00f3viles, en particular en las cajas de direcci\u00f3n. Los conjuntos de pi\u00f1\u00f3n y cremallera est\u00e1n provistos de dientes evolventes y ambos extremos de las cremalleras est\u00e1n dise\u00f1ados de tal manera que se pueden unir varias cremalleras para obtener la longitud deseada. La cremallera, cuando se utiliza con engranajes rectos, convierte el movimiento rotatorio en movimiento lineal. La cremallera de Boston Gear est\u00e1 dise\u00f1ada para funcionar con nuestros engranajes rectos PA de 14 1\/2\u00b0 y 20\u00b0.<\/p>\n<h3>Ventajas de las cremalleras para la industria de manipulaci\u00f3n de materiales:<\/h3>\n<ul>\n<li>Posicionamiento preciso<\/li>\n<li>Alta capacidad de carga<\/li>\n<li>Funcionamiento suave<\/li>\n<li>Versatilidad en el dise\u00f1o de sistemas<\/li>\n<\/ul>\n<h3>Aplicaciones de la cremallera para la industria de manipulaci\u00f3n de materiales:<\/h3>\n<ol>\n<li>Sistemas transportadores<\/li>\n<li>Sistemas automatizados de almacenamiento y recuperaci\u00f3n (AS\/RS)<\/li>\n<li>Clasificaci\u00f3n y distribuci\u00f3n de materiales<\/li>\n<li>Paletizado y despaletizado<\/li>\n<li>Rob\u00f3tica y veh\u00edculos guiados autom\u00e1ticamente (AGV)<\/li>\n<li>Embalaje y etiquetado<\/li>\n<li>Transferencia y transporte de materiales<\/li>\n<li>Optimizaci\u00f3n de almacenes<\/li>\n<li>Cumplimiento de comercio electr\u00f3nico<\/li>\n<li>Automotriz y Manufactura<\/li>\n<\/ol>\n<h3>C\u00f3mo elegir la cremallera adecuada para la industria de manipulaci\u00f3n de materiales:<\/h3>\n<ol>\n<li>Capacidad de carga<\/li>\n<li>Tono y m\u00f3dulo<\/li>\n<li>Longitud y tama\u00f1o<\/li>\n<li>Material y revestimiento<\/li>\n<li>Precisi\u00f3n y tolerancia<\/li>\n<li>Velocidad y eficiencia<\/li>\n<li>Ruido y vibraci\u00f3n<\/li>\n<li>Mantenimiento y longevidad<\/li>\n<li>Compatibilidad e integraci\u00f3n<\/li>\n<li>Reputaci\u00f3n y soporte de proveedores<\/li>\n<\/ol>\n<h3>Posibles problemas al utilizar bastidores de engranajes para la industria de manipulaci\u00f3n de materiales:<\/h3>\n<ol>\n<li>Desgaste<\/li>\n<li>Desalineaci\u00f3n<\/li>\n<li>Lubricaci\u00f3n y contaminaci\u00f3n<\/li>\n<li>Reacci\u00f3n<\/li>\n<li>Sobrecarga<\/li>\n<li>Corrosi\u00f3n y factores ambientales<\/li>\n<li>Mantenimiento inadecuado<\/li>\n<li>Problemas de compatibilidad<\/li>\n<li>Falla por fatiga<\/li>\n<li>Defectos de dise\u00f1o o fabricaci\u00f3n<\/li>\n<\/ol>\n<h3>C\u00f3mo funcionan las cremalleras en la industria de manipulaci\u00f3n de materiales:<\/h3>\n<p>Engranajes y cremalleras: una cremallera es una varilla recta con dientes rectos. Un engranaje es un objeto redondo con dientes. Cuando la cremallera y el engranaje engranan, los dientes de la cremallera engranan con los dientes del engranaje.<br \/>\nEl movimiento de rotaci\u00f3n se convierte en movimiento lineal: cuando el engranaje gira, empuja la cremallera para que se mueva en l\u00ednea recta.<br \/>\nEl movimiento lineal se convierte en movimiento rotacional: cuando la cremallera se mueve en l\u00ednea recta, empuja el engranaje para que gire.<\/p>\n<h3>Aspectos a tener en cuenta al utilizar estanter\u00edas en la industria de manipulaci\u00f3n de materiales:<\/h3>\n<ul>\n<li>Seguridad<\/li>\n<li>Mantenimiento<\/li>\n<li>Operaci\u00f3n<\/li>\n<li>Ambiente<\/li>\n<li>Otro<\/li>\n<\/ul>\n<p>El uso de cremalleras para la industria de manipulaci\u00f3n de materiales puede mejorar en gran medida la eficiencia y precisi\u00f3n de los sistemas de manipulaci\u00f3n de materiales. Es importante seleccionar la cremallera adecuada en funci\u00f3n de los requisitos espec\u00edficos de la aplicaci\u00f3n, instalarla y realizar el mantenimiento adecuados para garantizar un rendimiento y una longevidad \u00f3ptimos, y abordar los posibles problemas con prontitud para evitar tiempos de inactividad y riesgos de seguridad.<\/p>\n<p>En nuestra empresa, no solo ofrecemos cremalleras de alta calidad para la industria de manipulaci\u00f3n de materiales, sino que tambi\u00e9n proporcionamos diversos engranajes de pl\u00e1stico utilizados en la industria, como cajas de engranajes agr\u00edcolas, ejes de salida de potencia, ruedas dentadas, acoplamientos de fluidos, reductores de engranajes helicoidales, engranajes y cremalleras, cadenas desmontables, poleas y poleas, cajas de engranajes planetarios, poleas de distribuci\u00f3n, bujes y m\u00e1s. Nos comprometemos a proporcionar a los clientes productos de calidad, precios favorables y un servicio considerado. Tambi\u00e9n damos la bienvenida a los clientes para que vengan a la personalizaci\u00f3n de dibujos o muestras.<\/p>\n<h2>Preguntas y respuestas<\/h2>\n<ol>\n<li>\u00bfQu\u00e9 es la cremallera para la industria de manipulaci\u00f3n de materiales?<\/li>\n<li>\u00bfCu\u00e1les son las ventajas de los bastidores de engranajes para la industria de manipulaci\u00f3n de materiales?<\/li>\n<li>\u00bfCu\u00e1les son las aplicaciones de la cremallera para la industria de manipulaci\u00f3n de materiales?<\/li>\n<li>\u00bfQu\u00e9 se debe tener en cuenta al elegir un bastidor de engranajes para la industria de manipulaci\u00f3n de materiales?<\/li>\n<li>\u00bfCu\u00e1les son los problemas potenciales al utilizar bastidores de engranajes para la industria de manipulaci\u00f3n de materiales?<\/li>\n<\/ol>","protected":false},"excerpt":{"rendered":"<p>Gear Rack for Material Handling Industry: A Versatile Linear Gear Mechanism Gear rack for Material Handling Industry is a key component in material handling systems, enabling precise and controlled movement of objects or equipment. It refers to a linear gear mechanism used in material handling applications, consisting of a straight bar with teeth that are [&hellip;]<\/p>","protected":false},"featured_media":3545,"template":"","meta":{"_et_pb_use_builder":"","_et_pb_old_content":"","_et_gb_content_width":""},"product_brand":[],"product_cat":[11294],"product_tag":[],"class_list":{"0":"post-3546","1":"product","2":"type-product","3":"status-publish","4":"has-post-thumbnail","6":"product_cat-gear-rack","8":"first","9":"instock","10":"shipping-taxable","11":"product-type-simple"},"_links":{"self":[{"href":"https:\/\/agricultural-gear-boxes.com\/es\/wp-json\/wp\/v2\/product\/3546","targetHints":{"allow":["GET"]}}],"collection":[{"href":"https:\/\/agricultural-gear-boxes.com\/es\/wp-json\/wp\/v2\/product"}],"about":[{"href":"https:\/\/agricultural-gear-boxes.com\/es\/wp-json\/wp\/v2\/types\/product"}],"wp:featuredmedia":[{"embeddable":true,"href":"https:\/\/agricultural-gear-boxes.com\/es\/wp-json\/wp\/v2\/media\/3545"}],"wp:attachment":[{"href":"https:\/\/agricultural-gear-boxes.com\/es\/wp-json\/wp\/v2\/media?parent=3546"}],"wp:term":[{"taxonomy":"product_brand","embeddable":true,"href":"https:\/\/agricultural-gear-boxes.com\/es\/wp-json\/wp\/v2\/product_brand?post=3546"},{"taxonomy":"product_cat","embeddable":true,"href":"https:\/\/agricultural-gear-boxes.com\/es\/wp-json\/wp\/v2\/product_cat?post=3546"},{"taxonomy":"product_tag","embeddable":true,"href":"https:\/\/agricultural-gear-boxes.com\/es\/wp-json\/wp\/v2\/product_tag?post=3546"}],"curies":[{"name":"wp","href":"https:\/\/api.w.org\/{rel}","templated":true}]}}