{"id":3554,"date":"2024-08-23T05:19:04","date_gmt":"2024-08-23T05:19:04","guid":{"rendered":"https:\/\/agricultural-gear-boxes.com\/product\/nylon-gear-rack\/"},"modified":"2024-08-23T05:19:04","modified_gmt":"2024-08-23T05:19:04","slug":"nylon-gear-rack","status":"publish","type":"product","link":"https:\/\/agricultural-gear-boxes.com\/es\/product\/nylon-gear-rack\/","title":{"rendered":"Cremallera de nailon"},"content":{"rendered":"<h2>Descubra las ventajas de las cremalleras de nailon para sistemas de movimiento lineal<\/h2>\n<p>La cremallera de nailon es un componente vital en diversas industrias donde se requiere un movimiento lineal eficiente y preciso. Con sus propiedades y ventajas \u00fanicas, las cremalleras de nailon ofrecen una soluci\u00f3n vers\u00e1til y rentable para aplicaciones que van desde la automatizaci\u00f3n y la maquinaria hasta la automoci\u00f3n y la rob\u00f3tica. La cremallera se utiliza para convertir el movimiento giratorio en movimiento lineal. Una cremallera tiene dientes rectos cortados en una superficie de una secci\u00f3n cuadrada o redonda de varilla y funciona con un pi\u00f1\u00f3n, que es un peque\u00f1o engranaje cil\u00edndrico que engrana con la cremallera. En general, la cremallera y el pi\u00f1\u00f3n se denominan colectivamente &quot;cremallera y pi\u00f1\u00f3n&quot;. Estas son algunas de las caracter\u00edsticas y beneficios de utilizar una cremallera de nailon:<\/p>\n<h3>Alta resistencia y resistencia al desgaste:<\/h3>\n<p> Los racks de nailon tienen una excelente resistencia y resistencia al desgaste, lo que les permite soportar cargas elevadas y un uso prolongado.<\/p>\n<h3>Bajo nivel de ruido y movimiento suave:<\/h3>\n<p> Las buenas propiedades de absorci\u00f3n de impactos del material de nailon hacen que el contacto entre la cremallera y el engranaje sea m\u00e1s suave, lo que reduce el ruido y la vibraci\u00f3n.<\/p>\n<h3>Autolubricante:<\/h3>\n<p> El nailon tiene propiedades autolubricantes, lo que reduce la fricci\u00f3n con los engranajes y prolonga la vida \u00fatil.<\/p>\n<h3>Ligero y resistente a la corrosi\u00f3n:<\/h3>\n<p> En comparaci\u00f3n con los estantes de metal, los estantes de nailon son m\u00e1s livianos y tienen una excelente resistencia a la corrosi\u00f3n, lo que los hace adecuados para diversos entornos.<\/p>\n<h3>\u00c1reas de aplicaci\u00f3n:<\/h3>\n<p> Las cremalleras y pi\u00f1ones se utilizan para mecanismos de elevaci\u00f3n (movimiento vertical), movimiento horizontal, mecanismos de posicionamiento y topes y para permitir la rotaci\u00f3n sincr\u00f3nica de varios ejes en maquinaria industrial general. Por otro lado, tambi\u00e9n se utilizan en sistemas de direcci\u00f3n para cambiar la direcci\u00f3n de los autom\u00f3viles. Las cremalleras de nailon se utilizan ampliamente en equipos de automatizaci\u00f3n y sistemas mec\u00e1nicos como actuadores lineales, sistemas de cintas transportadoras y maquinaria de envasado. Las cremalleras de nailon se utilizan en la industria automotriz para componentes como sistemas de direcci\u00f3n, mecanismos de ajuste de asientos y mecanismos de techo solar. Las cremalleras de nailon desempe\u00f1an un papel clave en la rob\u00f3tica para un movimiento lineal preciso y control de posici\u00f3n. Las cremalleras de nailon se utilizan en sistemas de ascensores para lograr un movimiento vertical suave. Las cremalleras de nailon se utilizan en impresoras 3D para controlar el movimiento lineal del cabezal de impresi\u00f3n para garantizar resultados de impresi\u00f3n precisos.<\/p>\n<h2>\u00bfC\u00f3mo seleccionar el portaequipajes de nailon adecuado?<\/h2>\n<p>Para seleccionar la cremallera de nailon adecuada, es necesario tener en cuenta varios factores, como las necesidades de la aplicaci\u00f3n, los requisitos de carga y las especificaciones de tama\u00f1o. A continuaci\u00f3n, se ofrecen algunas pautas que le ayudar\u00e1n a elegir la cremallera de nailon adecuada:<\/p>\n<h3>Determinar los requisitos de la aplicaci\u00f3n:<\/h3>\n<p>Identifique su \u00e1rea de aplicaci\u00f3n y sus necesidades espec\u00edficas de movimiento lineal. Comprenda para qu\u00e9 tipo de equipo o sistema necesita el bastidor, as\u00ed como la velocidad de movimiento, la precisi\u00f3n y los requisitos de carga requeridos.<\/p>\n<h3>Capacidad de carga:<\/h3>\n<p>Determine la capacidad de carga requerida. Seleccione un soporte de nailon con suficiente resistencia y resistencia al desgaste seg\u00fan las condiciones de trabajo de la aplicaci\u00f3n y las cargas esperadas. La capacidad de carga suele especificarse en una hoja de especificaciones t\u00e9cnicas proporcionada por el fabricante.<\/p>\n<h3>Dimensiones y especificaciones:<\/h3>\n<p>Determine las dimensiones y especificaciones requeridas. Esto incluye el m\u00f3dulo de cremallera, el paso de los dientes, la cantidad de dientes, la longitud, etc. Aseg\u00farese de elegir un tama\u00f1o y una especificaci\u00f3n que coincidan con los requisitos de su aplicaci\u00f3n, teniendo en cuenta la precisi\u00f3n y el rango de movimiento requeridos.<\/p>\n<h3>Selecci\u00f3n de materiales:<\/h3>\n<p>Los bastidores de nailon suelen estar fabricados con diferentes tipos de nailon, como el nailon de poliamida (PA). Seleccione el nailon adecuado para garantizar la resistencia a la corrosi\u00f3n y al desgaste seg\u00fan el entorno de la aplicaci\u00f3n y las condiciones de trabajo.<\/p>\n<h3>Calidad y confiabilidad:<\/h3>\n<p>Aseg\u00farese de elegir un estante de nailon de calidad confiable. Busque un fabricante con buena reputaci\u00f3n y experiencia que pueda proporcionar productos de alta calidad y brindar soporte t\u00e9cnico y servicio posventa relevantes.<\/p>\n<h3>Rentabilidad:<\/h3>\n<p>Compare productos y precios de distintos proveedores para asegurarse de que el estante de nailon seleccionado tenga un equilibrio razonable entre rendimiento y costo. Elija un producto que se ajuste a su presupuesto, teniendo en cuenta el uso a largo plazo y los costos de mantenimiento.<\/p>\n<h3>Instalaci\u00f3n y alineaci\u00f3n:<\/h3>\n<p>La instalaci\u00f3n y la alineaci\u00f3n adecuadas son fundamentales para el rendimiento y la vida \u00fatil de las cremalleras y pi\u00f1ones, garantizando un funcionamiento suave y resultados \u00f3ptimos.<\/p>\n<p>Lo mejor es consultar a un ingeniero profesional o comunicarse con el fabricante antes de comprar un bastidor de nailon para obtener asesoramiento y orientaci\u00f3n m\u00e1s detallados y precisos. Pueden brindar opciones personalizadas y soporte t\u00e9cnico en funci\u00f3n de sus necesidades y aplicaciones espec\u00edficas.<\/p>\n<h2>Acerca de EVER POWER<\/h2>\n<p>EVER POWER es un fabricante profesional de bastidores en China. Sus productos se venden principalmente a cientos de proveedores fijos, como laminadores de acero nacionales, astilleros, f\u00e1bricas de m\u00e1quinas herramienta de precisi\u00f3n, f\u00e1bricas de maquinaria de automatizaci\u00f3n y varias empresas de distribuci\u00f3n, y se exportan a Europa occidental, Oriente Medio y el sudeste asi\u00e1tico, y otros pa\u00edses y regiones. EVER POWER suministra principalmente varios engranajes de pl\u00e1stico utilizados en la industria, como cajas de engranajes agr\u00edcolas, ejes de salida de potencia, ruedas dentadas, acoplamientos de fluidos, reductores de engranajes helicoidales, engranajes y bastidores, cadenas desmontables, poleas y poleas, cajas de engranajes planetarios, poleas de distribuci\u00f3n, bujes y m\u00e1s. Los clientes pueden consultar sobre productos personalizados. EVER POWER tiene una competitividad considerable en la misma industria.<\/p>\n<h2>Preguntas y respuestas<\/h2>\n<p>1. \u00bfPara qu\u00e9 se utiliza el sistema de pi\u00f1\u00f3n y cremallera?<br \/>\nLos sistemas de pi\u00f1\u00f3n y cremallera se utilizan para mecanismos de elevaci\u00f3n, movimiento horizontal, mecanismos de posicionamiento y topes. Tambi\u00e9n se emplean en sistemas de direcci\u00f3n para cambiar la direcci\u00f3n de los veh\u00edculos.<\/p>\n<p>2. \u00bfCu\u00e1les son las ventajas de utilizar cremalleras de nailon?<br \/>\n\u2013 La cremallera de nailon tiene alta resistencia y resistencia al desgaste, bajo nivel de ruido y movimiento suave, propiedades autolubricantes, y es liviana y resistente a la corrosi\u00f3n.<\/p>\n<p>3. \u00bfCu\u00e1les son las pautas para seleccionar la cremallera de nailon adecuada?<br \/>\n\u2013 Determinar los requisitos de aplicaci\u00f3n, capacidad de carga, dimensiones y especificaciones, selecci\u00f3n de materiales, calidad y confiabilidad, rentabilidad e instalaci\u00f3n y alineaci\u00f3n.<\/p>\n<p>4. \u00bfQu\u00e9 es EVER POWER?<br \/>\n\u2013 EVER POWER es un fabricante profesional de bastidores en China que suministra principalmente diversos engranajes de pl\u00e1stico utilizados en la industria.<\/p>\n<p>5. \u00bfCu\u00e1les son las \u00e1reas de aplicaci\u00f3n comunes de la cremallera de nailon?<br \/>\nLa cremallera de nailon se utiliza ampliamente en equipos de automatizaci\u00f3n y sistemas mec\u00e1nicos como actuadores lineales, sistemas de cintas transportadoras y maquinaria de envasado. Tambi\u00e9n se utiliza en la industria automotriz para componentes como sistemas de direcci\u00f3n, mecanismos de ajuste de asientos y mecanismos de techos corredizos. Las cremalleras de nailon desempe\u00f1an un papel fundamental en la rob\u00f3tica para un movimiento lineal preciso y el control de la posici\u00f3n. Tambi\u00e9n se utiliza en sistemas de ascensores para lograr un movimiento vertical suave y en impresoras 3D para controlar el movimiento lineal del cabezal de impresi\u00f3n y garantizar resultados de impresi\u00f3n precisos.<\/p>","protected":false},"excerpt":{"rendered":"<p>Discovering the Advantages of Nylon Gear Rack for Linear Motion System Nylon gear rack is a vital component in various industries where efficient and precise linear motion is required. With its unique properties and advantages, nylon gear racks offer a versatile and cost-effective solution for applications ranging from automation and machinery to automotive and robotics. [&hellip;]<\/p>","protected":false},"featured_media":3553,"template":"","meta":{"_et_pb_use_builder":"","_et_pb_old_content":"","_et_gb_content_width":""},"product_brand":[],"product_cat":[11294],"product_tag":[],"class_list":{"0":"post-3554","1":"product","2":"type-product","3":"status-publish","4":"has-post-thumbnail","6":"product_cat-gear-rack","8":"first","9":"instock","10":"shipping-taxable","11":"product-type-simple"},"_links":{"self":[{"href":"https:\/\/agricultural-gear-boxes.com\/es\/wp-json\/wp\/v2\/product\/3554","targetHints":{"allow":["GET"]}}],"collection":[{"href":"https:\/\/agricultural-gear-boxes.com\/es\/wp-json\/wp\/v2\/product"}],"about":[{"href":"https:\/\/agricultural-gear-boxes.com\/es\/wp-json\/wp\/v2\/types\/product"}],"wp:featuredmedia":[{"embeddable":true,"href":"https:\/\/agricultural-gear-boxes.com\/es\/wp-json\/wp\/v2\/media\/3553"}],"wp:attachment":[{"href":"https:\/\/agricultural-gear-boxes.com\/es\/wp-json\/wp\/v2\/media?parent=3554"}],"wp:term":[{"taxonomy":"product_brand","embeddable":true,"href":"https:\/\/agricultural-gear-boxes.com\/es\/wp-json\/wp\/v2\/product_brand?post=3554"},{"taxonomy":"product_cat","embeddable":true,"href":"https:\/\/agricultural-gear-boxes.com\/es\/wp-json\/wp\/v2\/product_cat?post=3554"},{"taxonomy":"product_tag","embeddable":true,"href":"https:\/\/agricultural-gear-boxes.com\/es\/wp-json\/wp\/v2\/product_tag?post=3554"}],"curies":[{"name":"wp","href":"https:\/\/api.w.org\/{rel}","templated":true}]}}