{"id":3558,"date":"2024-08-23T05:19:08","date_gmt":"2024-08-23T05:19:08","guid":{"rendered":"https:\/\/agricultural-gear-boxes.com\/product\/linear-gear-rack\/"},"modified":"2024-08-23T05:19:08","modified_gmt":"2024-08-23T05:19:08","slug":"linear-gear-rack","status":"publish","type":"product","link":"https:\/\/agricultural-gear-boxes.com\/es\/product\/linear-gear-rack\/","title":{"rendered":"Cremallera de engranajes lineales"},"content":{"rendered":"<h2>Introducci\u00f3n a la cremallera lineal<\/h2>\n<p>Una cremallera lineal es una cremallera con dientes rectos que se utiliza com\u00fanmente en aplicaciones de movimiento lineal. Consiste en una tira larga de metal con dientes cortados en ella, que se engrana con otros dispositivos de transmisi\u00f3n, como pi\u00f1ones o cajas de engranajes, para convertir el movimiento giratorio en movimiento lineal. El material de acero de alta aleaci\u00f3n utilizado en la construcci\u00f3n de esta cremallera garantiza resistencia y durabilidad. Con un \u00e1ngulo de presi\u00f3n de 20 grados, la cremallera lineal proporciona una relaci\u00f3n de contacto menor entre engranajes en comparaci\u00f3n con un \u00e1ngulo de presi\u00f3n de 14,5 grados. Ofrece hasta 6 pies de movimiento lineal y tiene un ancho de cara de 0,50 pulgadas, un espesor total de 0,50 pulgadas y un ap\u00e9ndice de 0,05 pulgadas. Esta cremallera est\u00e1 dise\u00f1ada para usarse con engranajes de pi\u00f1\u00f3n que tienen el mismo \u00e1ngulo de presi\u00f3n y paso diametral. Encuentra aplicaciones en varios sectores comerciales e industriales, incluidas mesas de m\u00e1quinas herramienta, mecanismos de elevaci\u00f3n, mecanismos de gu\u00eda y agitadores.<\/p>\n<h2>Ventajas de las cremalleras lineales<\/h2>\n<ul>\n<li>Estructura simple, f\u00e1cil instalaci\u00f3n y mantenimiento.<\/li>\n<li>Alta eficiencia de transmisi\u00f3n y precisi\u00f3n.<\/li>\n<li>Fuerte capacidad de carga y larga vida \u00fatil.<\/li>\n<\/ul>\n<h2>Aplicaciones comunes de las cremalleras lineales<\/h2>\n<p>Las cremalleras lineales se utilizan ampliamente en los siguientes campos:<\/p>\n<ul>\n<li>Automatizaci\u00f3n industrial: m\u00e1quinas-herramienta, robots, l\u00edneas de producci\u00f3n automatizadas, etc.<\/li>\n<li>Transporte log\u00edstico: transportadores, clasificadores, paletizadores, etc.<\/li>\n<li>Construcci\u00f3n de edificios: gr\u00faas, ascensores, gr\u00faas torre, etc.<\/li>\n<li>Equipamiento m\u00e9dico: camas de quir\u00f3fano, camillas de exploraci\u00f3n, equipos de rehabilitaci\u00f3n, etc.<\/li>\n<li>Otros campos: maquinaria agr\u00edcola, maquinaria textil, maquinaria de impresi\u00f3n, etc.<\/li>\n<\/ul>\n<h2>Factores a tener en cuenta al seleccionar cremalleras lineales<\/h2>\n<ul>\n<li>Capacidad de carga: aseg\u00farese de que la cremallera lineal pueda soportar las cargas de la aplicaci\u00f3n.<\/li>\n<li>Precisi\u00f3n: La precisi\u00f3n de la cremallera lineal afecta la precisi\u00f3n general de la aplicaci\u00f3n.<\/li>\n<li>Velocidad: La velocidad a la que funciona la cremallera lineal afecta la velocidad de la aplicaci\u00f3n.<\/li>\n<li>Carrera: La carrera de la cremallera lineal debe cumplir con los requisitos de la aplicaci\u00f3n.<\/li>\n<li>Entorno: La cremallera lineal debe ser adecuada para el entorno operativo de la aplicaci\u00f3n.<\/li>\n<\/ul>\n<h2>Tipos de cremalleras de engranajes lineales<\/h2>\n<ul>\n<li>Cremallera lineal est\u00e1ndar: adecuada para una amplia gama de aplicaciones.<\/li>\n<li>Cremallera lineal de precisi\u00f3n: ofrece mayor precisi\u00f3n para aplicaciones que lo requieren.<\/li>\n<li>Cremallera lineal de alta velocidad: dise\u00f1ada para aplicaciones con operaciones de alta velocidad.<\/li>\n<li>Cremallera lineal de alta resistencia: soporta cargas pesadas y es ideal para aplicaciones con tales requisitos.<\/li>\n<li>Cremallera lineal resistente a la corrosi\u00f3n: resistente a la corrosi\u00f3n, adecuada para entornos h\u00famedos o corrosivos.<\/li>\n<\/ul>\n<h2>Acerca de EVER POWER<\/h2>\n<p>En EVER POWER, contamos con m\u00e1s de 100 equipos profesionales de producci\u00f3n de bastidores y herramientas de prueba. La longitud de procesamiento \u00fanica de nuestros bastidores puede alcanzar los 3000 mm y ofrecemos una gama de m\u00f3dulos de M1 a M30, CP brit\u00e1nico, DP estadounidense y m\u00e1s. Para atender a los clientes de alta gama que requieren bastidores de alta precisi\u00f3n, hemos importado m\u00e1quinas fresadoras y rectificadoras de bastidores de Alemania. Estas m\u00e1quinas producen bastidores con niveles de precisi\u00f3n de hasta (JIS2) DIN6n25, lo que satisface las demandas del mercado de alta gama. Nuestros excelentes productos, precios asequibles y dedicaci\u00f3n al servicio nos han permitido exportar a pa\u00edses como Espa\u00f1a, los Pa\u00edses Bajos, los Estados Unidos, Corea del Sur, Turqu\u00eda y Rusia.<\/p>\n<p>Nos comprometemos a ayudar a los clientes a desarrollar nuevos productos y a resolver problemas t\u00e9cnicos y de calidad. Con nuestros productos de alta calidad, precios justos y un excelente servicio, nuestro objetivo es satisfacer las necesidades de nuestros usuarios. Priorizamos la calidad, la entrega a tiempo y la integridad en todas las relaciones comerciales. Damos la m\u00e1s sincera bienvenida a la colaboraci\u00f3n de la comunidad empresarial para fomentar el desarrollo mutuo y crear \u00e9xito juntos.<\/p>\n<p>Adem\u00e1s de las cremalleras lineales, EVER POWER tambi\u00e9n ofrece otros productos de cremalleras, como cremalleras para abridores de puertas, cremalleras para ascensores, direcci\u00f3n de cremallera y pi\u00f1\u00f3n, cremalleras m\u00e9tricas y m\u00e1s. Se anima a los clientes a que consulten sobre productos personalizados.<\/p>\n<p><img loading=\"lazy\" decoding=\"async\" class=\"alignnone size-full wp-image-401925\" src=\"https:\/\/www.ever-power.net\/wp-content\/uploads\/2019\/12\/linear-gear-rack-factory.webp\" alt=\"cremallera lineal\" width=\"800\" height=\"975\" \/><br \/>\n<img loading=\"lazy\" decoding=\"async\" class=\"alignnone size-full wp-image-401926\" src=\"https:\/\/www.ever-power.net\/wp-content\/uploads\/2019\/12\/linear-gear-rack-factory1.webp\" alt=\"cremallera lineal\" width=\"800\" height=\"669\" \/><\/p>\n<h2>Preguntas y respuestas<\/h2>\n<ol>\n<li>\u00bfQu\u00e9 es una cremallera lineal?<\/li>\n<li>\u00bfCu\u00e1les son las ventajas de utilizar cremalleras lineales?<\/li>\n<li>\u00bfD\u00f3nde se utilizan com\u00fanmente las cremalleras lineales?<\/li>\n<li>\u00bfQu\u00e9 factores deben tenerse en cuenta al seleccionar cremalleras lineales?<\/li>\n<li>\u00bfCu\u00e1les son los diferentes tipos de cremalleras lineales disponibles?<\/li>\n<\/ol>","protected":false},"excerpt":{"rendered":"<p>Introducci\u00f3n a la cremallera lineal Una cremallera lineal es una cremallera con dientes rectos que se utiliza com\u00fanmente en aplicaciones de movimiento lineal. Consiste en una tira larga de metal con dientes cortados en ella, que se engrana con otros dispositivos de transmisi\u00f3n, como pi\u00f1ones o cajas de engranajes, para convertir el movimiento rotatorio en movimiento lineal. [\u2026]<\/p>","protected":false},"featured_media":3557,"template":"","meta":{"_et_pb_use_builder":"","_et_pb_old_content":"","_et_gb_content_width":""},"product_brand":[],"product_cat":[11294],"product_tag":[],"class_list":{"0":"post-3558","1":"product","2":"type-product","3":"status-publish","4":"has-post-thumbnail","6":"product_cat-gear-rack","8":"first","9":"instock","10":"shipping-taxable","11":"product-type-simple"},"_links":{"self":[{"href":"https:\/\/agricultural-gear-boxes.com\/es\/wp-json\/wp\/v2\/product\/3558","targetHints":{"allow":["GET"]}}],"collection":[{"href":"https:\/\/agricultural-gear-boxes.com\/es\/wp-json\/wp\/v2\/product"}],"about":[{"href":"https:\/\/agricultural-gear-boxes.com\/es\/wp-json\/wp\/v2\/types\/product"}],"wp:featuredmedia":[{"embeddable":true,"href":"https:\/\/agricultural-gear-boxes.com\/es\/wp-json\/wp\/v2\/media\/3557"}],"wp:attachment":[{"href":"https:\/\/agricultural-gear-boxes.com\/es\/wp-json\/wp\/v2\/media?parent=3558"}],"wp:term":[{"taxonomy":"product_brand","embeddable":true,"href":"https:\/\/agricultural-gear-boxes.com\/es\/wp-json\/wp\/v2\/product_brand?post=3558"},{"taxonomy":"product_cat","embeddable":true,"href":"https:\/\/agricultural-gear-boxes.com\/es\/wp-json\/wp\/v2\/product_cat?post=3558"},{"taxonomy":"product_tag","embeddable":true,"href":"https:\/\/agricultural-gear-boxes.com\/es\/wp-json\/wp\/v2\/product_tag?post=3558"}],"curies":[{"name":"wp","href":"https:\/\/api.w.org\/{rel}","templated":true}]}}