{"id":3570,"date":"2024-08-23T05:19:16","date_gmt":"2024-08-23T05:19:16","guid":{"rendered":"https:\/\/agricultural-gear-boxes.com\/product\/gear-racks-for-greenhouses\/"},"modified":"2024-08-23T05:19:16","modified_gmt":"2024-08-23T05:19:16","slug":"gear-racks-for-greenhouses","status":"publish","type":"product","link":"https:\/\/agricultural-gear-boxes.com\/es\/product\/gear-racks-for-greenhouses\/","title":{"rendered":"Bastidores de engranajes para invernaderos"},"content":{"rendered":"<h2>Bastidores de engranajes para invernaderos: mejora de la eficiencia y el control<\/h2>\n<p>Las cremalleras para invernaderos son engranajes lineales con dientes rectos o curvos que convierten el movimiento rotatorio de un motor en un movimiento lineal. Son un componente crucial de los sistemas automatizados de invernaderos, ya que controlan la ventilaci\u00f3n, el sombreado e incluso el riego. Las cremalleras son vers\u00e1tiles, confiables y rentables, lo que las convierte en una opci\u00f3n popular para los operadores de invernaderos que buscan optimizar sus entornos de cultivo.<\/p>\n<p>Con una cremallera combinada con un motor y un pi\u00f1\u00f3n, los operadores de invernaderos pueden controlar con precisi\u00f3n diversos factores ambientales. Las cremalleras se utilizan en sistemas de cortinas y sombreado, sistemas de ventilaci\u00f3n, sistemas de riego y sistemas de privaci\u00f3n de luz.<\/p>\n<h3>Beneficios de los bastidores de engranajes para invernaderos<\/h3>\n<ul>\n<li><strong>Fiabilidad:<\/strong> Las cremalleras son conocidas por su funcionamiento confiable y requieren un mantenimiento m\u00ednimo durante per\u00edodos prolongados.<\/li>\n<li><strong>Versatilidad:<\/strong> Se pueden adaptar a diversas aplicaciones dentro de un invernadero, desde la ventilaci\u00f3n hasta el control de la sombra.<\/li>\n<li><strong>Eficiencia:<\/strong> Las cremalleras proporcionan una alta transferencia de potencia, traduciendo eficazmente la rotaci\u00f3n del motor en un movimiento lineal para un funcionamiento suave.<\/li>\n<li><strong>Rentabilidad:<\/strong> Ofrecen una soluci\u00f3n confiable y asequible para automatizar las funciones del invernadero.<\/li>\n<\/ul>\n<h3>Consideraciones<\/h3>\n<ul>\n<li><strong>Ruido:<\/strong> Las cremalleras de dientes rectos pueden ser ruidosas, especialmente a altas velocidades. Las opciones de dientes curvos proporcionan un funcionamiento m\u00e1s silencioso.<\/li>\n<li><strong>Desgaste:<\/strong> Una lubricaci\u00f3n adecuada es fundamental para minimizar el desgaste del engranaje de pi\u00f1\u00f3n y cremallera.<\/li>\n<li><strong>Suavidad de movimiento:<\/strong> Si bien son eficaces, las cremalleras pueden no ofrecer el movimiento m\u00e1s suave en comparaci\u00f3n con las cremalleras helicoidales (usadas con menos frecuencia en invernaderos).<\/li>\n<\/ul>\n<h3>C\u00f3mo funcionan los bastidores de engranajes para invernaderos<\/h3>\n<p>Las cremalleras para invernaderos funcionan convirtiendo el movimiento rotatorio de un motorreductor o un mecanismo de manivela manual en movimiento lineal para controlar el movimiento de los accesorios del invernadero. La cremallera est\u00e1 conectada a un motorreductor o un mecanismo de manivela manual, que hace que el engranaje gire. A medida que el engranaje gira, sus dientes se acoplan con los dientes de la cremallera, lo que hace que se mueva linealmente. El movimiento lineal de la cremallera se traduce en el movimiento lineal correspondiente del accesorio de invernadero conectado, lo que permite un control preciso y un funcionamiento eficiente de los sistemas de invernadero.<\/p>\n<h3>Acerca de EVER POWER<\/h3>\n<p>EVER POWER cuenta con una amplia experiencia en la personalizaci\u00f3n de diversos bastidores de engranajes rectos y helicoidales, incluidos bastidores de engranajes de pl\u00e1stico, bastidores de engranajes de acero inoxidable, bastidores de engranajes helicoidales de metal, bastidores de engranajes rectos, bastidores de engranajes helicoidales, bastidores de engranajes lineales y bastidores de engranajes para ascensores. Tambi\u00e9n ofrecen diversos productos de piezas de transmisi\u00f3n, como cajas de engranajes agr\u00edcolas, ejes de salida de potencia, ruedas dentadas, acoplamientos de fluidos, reductores de engranajes sinf\u00edn, engranajes y bastidores, cadenas desmontables, poleas y poleas, cajas de engranajes planetarios, poleas de distribuci\u00f3n, bujes y m\u00e1s.<\/p>\n<p>EVER POWER se enorgullece de ofrecer productos de alta calidad a precios favorables y, al mismo tiempo, mantiene el compromiso de brindar un servicio al cliente atento. Invitamos a los clientes a preguntar sobre productos personalizados, ya sea basados en dibujos o muestras.<\/p>\n<h2>Preguntas y respuestas<\/h2>\n<ol>\n<li>\u00bfQu\u00e9 son los bastidores de engranajes para invernaderos?<\/li>\n<li>\u00bfCu\u00e1l es la funci\u00f3n de los bastidores de engranajes para invernaderos?<\/li>\n<li>\u00bfCu\u00e1les son los beneficios de utilizar bastidores de engranajes en invernaderos?<\/li>\n<li>\u00bfCu\u00e1les son algunas aplicaciones comunes de los bastidores de engranajes en invernaderos?<\/li>\n<li>\u00bfC\u00f3mo funcionan los bastidores de engranajes para invernaderos?<\/li>\n<\/ol>","protected":false},"excerpt":{"rendered":"<p>Gear Racks for Greenhouses: Enhancing Efficiency and Control Gear racks for greenhouses are linear gears with straight or curved teeth that translate rotary motion from a motor into linear movement. They are a crucial component of automated greenhouse systems, controlling ventilation, shading, and even irrigation. Gear racks are versatile, reliable, and cost-effective, making them a [&hellip;]<\/p>","protected":false},"featured_media":3569,"template":"","meta":{"_et_pb_use_builder":"","_et_pb_old_content":"","_et_gb_content_width":""},"product_brand":[],"product_cat":[11294],"product_tag":[],"class_list":{"0":"post-3570","1":"product","2":"type-product","3":"status-publish","4":"has-post-thumbnail","6":"product_cat-gear-rack","8":"first","9":"instock","10":"shipping-taxable","11":"product-type-simple"},"_links":{"self":[{"href":"https:\/\/agricultural-gear-boxes.com\/es\/wp-json\/wp\/v2\/product\/3570","targetHints":{"allow":["GET"]}}],"collection":[{"href":"https:\/\/agricultural-gear-boxes.com\/es\/wp-json\/wp\/v2\/product"}],"about":[{"href":"https:\/\/agricultural-gear-boxes.com\/es\/wp-json\/wp\/v2\/types\/product"}],"wp:featuredmedia":[{"embeddable":true,"href":"https:\/\/agricultural-gear-boxes.com\/es\/wp-json\/wp\/v2\/media\/3569"}],"wp:attachment":[{"href":"https:\/\/agricultural-gear-boxes.com\/es\/wp-json\/wp\/v2\/media?parent=3570"}],"wp:term":[{"taxonomy":"product_brand","embeddable":true,"href":"https:\/\/agricultural-gear-boxes.com\/es\/wp-json\/wp\/v2\/product_brand?post=3570"},{"taxonomy":"product_cat","embeddable":true,"href":"https:\/\/agricultural-gear-boxes.com\/es\/wp-json\/wp\/v2\/product_cat?post=3570"},{"taxonomy":"product_tag","embeddable":true,"href":"https:\/\/agricultural-gear-boxes.com\/es\/wp-json\/wp\/v2\/product_tag?post=3570"}],"curies":[{"name":"wp","href":"https:\/\/api.w.org\/{rel}","templated":true}]}}