{"id":3588,"date":"2024-08-23T06:26:12","date_gmt":"2024-08-23T06:26:12","guid":{"rendered":"https:\/\/agricultural-gear-boxes.com\/product\/chain-tensioning-wheels-with-ball-bearings\/"},"modified":"2024-08-23T06:26:13","modified_gmt":"2024-08-23T06:26:13","slug":"chain-tensioning-wheels-with-ball-bearings","status":"publish","type":"product","link":"https:\/\/agricultural-gear-boxes.com\/es\/product\/chain-tensioning-wheels-with-ball-bearings\/","title":{"rendered":"Ruedas tensoras de cadena con cojinetes de bolas"},"content":{"rendered":"<h2>Ruedas tensoras de cadena con rodamientos de bolas: una soluci\u00f3n perfecta para cadenas de rodillos<\/h2>\n<p>Las ruedas tensoras de cadena con cojinetes de bolas son un producto popular que se utiliza ampliamente en diversas industrias. Estas ruedas est\u00e1n dise\u00f1adas para usarse con cadenas de rodillos DIN ISO 606 y son perfectas para usarlas como rueda tensora en el elemento tensor o como rueda de repuesto para tensores de cadena. Tambi\u00e9n se pueden usar de manera universal como cadena de retorno o rueda tensora.<\/p>\n<p>Estas ruedas tensoras se suministran en un juego con cojinetes de bolas integrados, sellados por ambos lados y lubricados de por vida, por lo que no requieren mantenimiento. El anillo interior ancho garantiza un montaje perfecto sin arandelas. La pista de bolas y la rueda dentada est\u00e1n montadas a presi\u00f3n para garantizar una conexi\u00f3n segura y permanente. La rueda dentada est\u00e1 fabricada en acero con una resistencia mec\u00e1nica de 490-600 N\/mm2.<\/p>\n<h3>\u00c1reas de aplicaci\u00f3n<\/h3>\n<p>Estas ruedas tensoras son adecuadas para cadenas de rodillos de tama\u00f1o 06 B-1 a 20 B-1. Las ruedas tensoras de cadena para cadenas de rodillos d\u00faplex y cadenas de rodillos seg\u00fan la norma ANSI (DIN 8188) est\u00e1n disponibles bajo pedido.<\/p>\n<h3>Especificaciones del producto<\/h3>\n<ul>\n<li>Juego de ruedas tensoras de cadena listas para instalar, completas con cojinete de bolas montado<\/li>\n<li>Los elementos tensores y las ruedas dentadas forman un tensor de cadena de torsi\u00f3n completo, listo para instalar y de tensi\u00f3n continua.<\/li>\n<li>Para obtener un tensor de cadena completo, se deben pedir tanto el elemento tensor como la rueda dentada.<\/li>\n<li>Se puede montar en los puntos de deflexi\u00f3n y tensi\u00f3n.<\/li>\n<li>Los cojinetes 2-Z lubricados permanentemente garantizan un funcionamiento perfecto<\/li>\n<li>Con piezas de montaje (tornillo y tuerca)<\/li>\n<li>Combinaci\u00f3n: elemento tensor est\u00e1ndar (n.\u00ba de cat. 700625 y siguientes) y elemento tensor galvanizado (n.\u00ba de cat. 700631 y siguientes)<\/li>\n<\/ul>\n<h3>Especificaciones t\u00e9cnicas<\/h3>\n<ul>\n<li>Material:<\/li>\n<ul>\n<li>Pi\u00f1ones: acero St40 \/ St50<\/li>\n<li>Cojinete de bolas: Cojinete de rodillos de acero con relleno de grasa de por vida, libre de mantenimiento<\/li>\n<li>Tornillo de montaje: acero galvanizado<\/li>\n<li>Tuerca: acero galvanizado<\/li>\n<\/ul>\n<li>Rango de temperatura: -20 a +120 \u00b0C<\/li>\n<\/ul>\n<p>Estas ruedas tensoras son f\u00e1ciles de instalar y mantener. Tambi\u00e9n se pueden reparar y reemplazar f\u00e1cilmente. Son una soluci\u00f3n rentable que ofrece un rendimiento duradero.<\/p>\n<h3>Otros productos ofrecidos por nuestra empresa<\/h3>\n<p>Adem\u00e1s de las ruedas tensoras de cadena con cojinetes de bolas, nuestra empresa ofrece una amplia gama de productos de alta calidad. Suministramos principalmente diversos engranajes de pl\u00e1stico utilizados en la industria, como cajas de engranajes agr\u00edcolas, ejes de salida de potencia, ruedas dentadas, acoplamientos de fluidos, reductores de engranajes helicoidales, engranajes y cremalleras, cadenas desmontables, poleas y poleas, cajas de engranajes planetarios, poleas de distribuci\u00f3n, bujes y m\u00e1s. Nos enorgullecemos de ofrecer productos de alta calidad a un precio favorable, respaldados por un servicio considerado. Damos la bienvenida a los clientes a que vengan a nosotros para la personalizaci\u00f3n de dibujos o muestras.<\/p>\n<h3>Preguntas y respuestas<\/h3>\n<p><strong>1. \u00bfCu\u00e1l es el rango de temperatura para las ruedas tensoras de cadena con rodamientos de bolas?<\/strong><\/p>\n<p>El rango de temperatura para ruedas tensoras de cadena con rodamientos de bolas es de -20 a +120 \u00b0C.<\/p>\n<p><strong>2. \u00bfLas ruedas tensoras de cadena con rodamientos de bolas no necesitan mantenimiento?<\/strong><\/p>\n<p>S\u00ed, lo son. Los cojinetes est\u00e1n sellados por ambos lados y lubricados de por vida, por lo que no requieren mantenimiento peri\u00f3dico.<\/p>\n<p><strong>3. \u00bfQu\u00e9 tipo de cadenas de rodillos son adecuadas para las ruedas tensoras de cadena con rodamientos de bolas?<\/strong><\/p>\n<p>Estas ruedas tensoras son adecuadas para cadenas de rodillos de tama\u00f1o 06 B-1 a 20 B-1. Tambi\u00e9n est\u00e1n disponibles bajo pedido ruedas tensoras para cadenas de rodillos d\u00faplex y cadenas de rodillos seg\u00fan la norma ANSI (DIN 8188).<\/p>\n<p><strong>4. \u00bfSe pueden reparar las ruedas tensoras de cadena con rodamientos de bolas?<\/strong><\/p>\n<p>S\u00ed, se pueden reparar y reemplazar f\u00e1cilmente.<\/p>\n<p><strong>5. \u00bfQu\u00e9 otros productos ofrece su empresa?<\/strong><\/p>\n<p>Adem\u00e1s de ruedas tensoras de cadena con rodamientos de bolas, nuestra empresa ofrece una amplia gama de productos de alta calidad, entre los que se incluyen cajas de engranajes agr\u00edcolas, ejes de salida de potencia, pi\u00f1ones, acoplamientos de fluido, reductores de tornillo sin fin, engranajes y cremalleras, cadenas desmontables, poleas y poleas, cajas de engranajes planetarios, poleas de distribuci\u00f3n, bujes y m\u00e1s.<\/p>","protected":false},"excerpt":{"rendered":"<p>Chain Tensioning Wheels With Ball Bearings: A Perfect Solution for Roller Chains Chain Tensioning Wheels with Ball Bearings are a popular product that is widely used in various industries. These wheels are designed to be used with roller chains DIN ISO 606 and are perfect for use as a tensioning wheel on the tensioning element [&hellip;]<\/p>","protected":false},"featured_media":3587,"template":"","meta":{"_et_pb_use_builder":"","_et_pb_old_content":"","_et_gb_content_width":""},"product_brand":[],"product_cat":[11296],"product_tag":[],"class_list":{"0":"post-3588","1":"product","2":"type-product","3":"status-publish","4":"has-post-thumbnail","6":"product_cat-sprocket","8":"first","9":"instock","10":"shipping-taxable","11":"product-type-simple"},"_links":{"self":[{"href":"https:\/\/agricultural-gear-boxes.com\/es\/wp-json\/wp\/v2\/product\/3588","targetHints":{"allow":["GET"]}}],"collection":[{"href":"https:\/\/agricultural-gear-boxes.com\/es\/wp-json\/wp\/v2\/product"}],"about":[{"href":"https:\/\/agricultural-gear-boxes.com\/es\/wp-json\/wp\/v2\/types\/product"}],"wp:featuredmedia":[{"embeddable":true,"href":"https:\/\/agricultural-gear-boxes.com\/es\/wp-json\/wp\/v2\/media\/3587"}],"wp:attachment":[{"href":"https:\/\/agricultural-gear-boxes.com\/es\/wp-json\/wp\/v2\/media?parent=3588"}],"wp:term":[{"taxonomy":"product_brand","embeddable":true,"href":"https:\/\/agricultural-gear-boxes.com\/es\/wp-json\/wp\/v2\/product_brand?post=3588"},{"taxonomy":"product_cat","embeddable":true,"href":"https:\/\/agricultural-gear-boxes.com\/es\/wp-json\/wp\/v2\/product_cat?post=3588"},{"taxonomy":"product_tag","embeddable":true,"href":"https:\/\/agricultural-gear-boxes.com\/es\/wp-json\/wp\/v2\/product_tag?post=3588"}],"curies":[{"name":"wp","href":"https:\/\/api.w.org\/{rel}","templated":true}]}}