{"id":3590,"date":"2024-08-23T06:26:15","date_gmt":"2024-08-23T06:26:15","guid":{"rendered":"https:\/\/agricultural-gear-boxes.com\/product\/feederhouse-chain-sprocket\/"},"modified":"2024-08-23T06:26:16","modified_gmt":"2024-08-23T06:26:16","slug":"feederhouse-chain-sprocket","status":"publish","type":"product","link":"https:\/\/agricultural-gear-boxes.com\/es\/product\/feederhouse-chain-sprocket\/","title":{"rendered":"Pi\u00f1\u00f3n de cadena del alimentador"},"content":{"rendered":"<h2>Pi\u00f1\u00f3n de cadena de alimentador: componentes clave para equipos agr\u00edcolas<\/h2>\n<p>Las ruedas dentadas de la cadena del alimentador son un componente esencial en la industria de la maquinaria agr\u00edcola. Estas ruedas dentadas se utilizan en diferentes tipos de equipos agr\u00edcolas, incluidas las cosechadoras Gleaner\u00ae y Massey Ferguson\u00ae. Se utilizan para impulsar la cadena del alimentador de la cosechadora, que es responsable de entregar el cultivo al mecanismo de trilla. La rueda dentada de la cadena del alimentador tambi\u00e9n es responsable de garantizar que la velocidad de alimentaci\u00f3n y el flujo del cultivo sean uniformes y suaves.<\/p>\n<h3>Material de alta calidad<\/h3>\n<p>Our feederhouse chains and sprockets for combines use quality materials to meet or exceed OEM specifications. Our chains are assembled with high-quality CA550 and CA557 chains to match the original. Some CA557 chains are offered to replace the standard OEM CA550 chains. Our two, three, and four-chain feederhouse chains have slats that are mounted directly over the roller pins to prevent stretching. Heavy-duty roller chains feature full side plates for added strength and are available with chrome pins for longer wear. In addition, our slats are available in smooth and serrated and are bolted to the chain with 3\/8&#8243; Grade 5 hardware with locktite for added durability.<\/p>\n<h3>Varios modelos disponibles<\/h3>\n<p>Our feederhouse chain sprockets are available for a range of John Deere\u00ae Combines, including 3300, 4400, 4420, 6600, 6601, 6602, and 7700. We also offer forged carbon steel 10 tooth sprockets with induction hardened teeth that fit a 1.50&#8243; hex shaft. Our feederhouse chain sprockets are designed to replace OEM numbers H121435 and H94168.<\/p>\n<h3>F\u00e1cil de instalar y mantener<\/h3>\n<p>Las ruedas dentadas de la cadena del alimentador son f\u00e1ciles de instalar y mantener. Para instalarlas, simplemente retire la rueda dentada vieja y reempl\u00e1cela por una nueva. Para realizar el mantenimiento, inspeccione regularmente la rueda dentada de la cadena del alimentador para detectar cualquier signo de da\u00f1o o desgaste. Si encuentra alg\u00fan da\u00f1o, reemplace la rueda dentada inmediatamente para evitar m\u00e1s da\u00f1os a la cosechadora.<\/p>\n<h3>Otros productos de nuestra empresa<\/h3>\n<p>Adem\u00e1s de las ruedas dentadas para cadenas de alimentadores, nuestra empresa tambi\u00e9n suministra diversos engranajes de pl\u00e1stico utilizados en la industria, como cajas de engranajes agr\u00edcolas, ejes de salida de potencia, ruedas dentadas, acoplamientos de fluidos, reductores de tornillo sin fin, engranajes y cremalleras, cadenas desmontables, poleas y poleas, cajas de engranajes planetarios, poleas de distribuci\u00f3n, bujes y m\u00e1s. Nos enorgullecemos de ofrecer productos de alta calidad, precios favorables y un servicio considerado. Damos la bienvenida a los clientes a que vengan a nosotros para la personalizaci\u00f3n de dibujos o muestras.<\/p>\n<h2>Preguntas y respuestas<\/h2>\n<h3>1. \u00bfCu\u00e1l es la funci\u00f3n de la rueda dentada de la cadena del alimentador?<\/h3>\n<p>La rueda dentada de la cadena del alimentador acciona la cadena del alimentador de la cosechadora, que es responsable de entregar el cultivo al mecanismo de trilla. Tambi\u00e9n es responsable de garantizar que la velocidad de alimentaci\u00f3n y el flujo del cultivo sean uniformes y suaves.<\/p>\n<h3>2. \u00bfQu\u00e9 tipos de equipos agr\u00edcolas utilizan pi\u00f1ones de cadena de alimentador?<\/h3>\n<p>Las ruedas dentadas de cadena del alimentador se utilizan en diferentes tipos de equipos agr\u00edcolas, incluidas las cosechadoras Gleaner\u00ae y Massey Ferguson\u00ae.<\/p>\n<h3>3. \u00bfCu\u00e1les son los materiales utilizados para ensamblar las cadenas del alimentador?<\/h3>\n<p>Nuestras cadenas se ensamblan con cadenas CA550 y CA557 de alta calidad para que coincidan con las originales. Algunas cadenas CA557 se ofrecen para reemplazar las cadenas CA550 OEM est\u00e1ndar.<\/p>\n<h3>4. \u00bfC\u00f3mo se instala una rueda dentada de cadena de alimentador?<\/h3>\n<p>Para instalarlo, simplemente retire la rueda dentada vieja y reempl\u00e1cela por la nueva.<\/p>\n<h3>5. \u00bfQu\u00e9 debe hacer si encuentra alg\u00fan da\u00f1o en la rueda dentada de la cadena del alimentador?<\/h3>\n<p>Si encuentra alg\u00fan da\u00f1o, reemplace la rueda dentada inmediatamente para evitar m\u00e1s da\u00f1os a la cosechadora.<\/p>","protected":false},"excerpt":{"rendered":"<p>Feederhouse Chain Sprocket: Key Components for Agriculture Equipment Feederhouse chain sprockets are an essential component in the agricultural machinery industry. These sprockets are used in different types of agricultural equipment, including Gleaner\u00ae and Massey Ferguson\u00ae Combines. They are used to drive the feederhouse chain of the combine, which is responsible for delivering the crop into [&hellip;]<\/p>","protected":false},"featured_media":3589,"template":"","meta":{"_et_pb_use_builder":"","_et_pb_old_content":"","_et_gb_content_width":""},"product_brand":[],"product_cat":[11296],"product_tag":[],"class_list":{"0":"post-3590","1":"product","2":"type-product","3":"status-publish","4":"has-post-thumbnail","6":"product_cat-sprocket","8":"first","9":"instock","10":"shipping-taxable","11":"product-type-simple"},"_links":{"self":[{"href":"https:\/\/agricultural-gear-boxes.com\/es\/wp-json\/wp\/v2\/product\/3590","targetHints":{"allow":["GET"]}}],"collection":[{"href":"https:\/\/agricultural-gear-boxes.com\/es\/wp-json\/wp\/v2\/product"}],"about":[{"href":"https:\/\/agricultural-gear-boxes.com\/es\/wp-json\/wp\/v2\/types\/product"}],"wp:featuredmedia":[{"embeddable":true,"href":"https:\/\/agricultural-gear-boxes.com\/es\/wp-json\/wp\/v2\/media\/3589"}],"wp:attachment":[{"href":"https:\/\/agricultural-gear-boxes.com\/es\/wp-json\/wp\/v2\/media?parent=3590"}],"wp:term":[{"taxonomy":"product_brand","embeddable":true,"href":"https:\/\/agricultural-gear-boxes.com\/es\/wp-json\/wp\/v2\/product_brand?post=3590"},{"taxonomy":"product_cat","embeddable":true,"href":"https:\/\/agricultural-gear-boxes.com\/es\/wp-json\/wp\/v2\/product_cat?post=3590"},{"taxonomy":"product_tag","embeddable":true,"href":"https:\/\/agricultural-gear-boxes.com\/es\/wp-json\/wp\/v2\/product_tag?post=3590"}],"curies":[{"name":"wp","href":"https:\/\/api.w.org\/{rel}","templated":true}]}}