{"id":3594,"date":"2024-08-23T06:26:21","date_gmt":"2024-08-23T06:26:21","guid":{"rendered":"https:\/\/agricultural-gear-boxes.com\/product\/segmented-sprocket\/"},"modified":"2024-08-23T06:26:21","modified_gmt":"2024-08-23T06:26:21","slug":"segmented-sprocket","status":"publish","type":"product","link":"https:\/\/agricultural-gear-boxes.com\/es\/product\/segmented-sprocket\/","title":{"rendered":"Pi\u00f1\u00f3n segmentado"},"content":{"rendered":"<h2>Pi\u00f1\u00f3n segmentado: mejora la facilidad de transporte e instalaci\u00f3n<\/h2>\n<p>The segmented sprocket is a specialized component designed for situations where very large ring sprockets pose challenges during transportation or installation. Unlike traditional single-piece mounting surfaces, segmented sprocket components offer practical solutions for various scenarios. Let&#8217;s explore the common use cases, advantages, materials, installation, maintenance, repair, and replacement of segmented sprockets.<\/p>\n<h3>Escenarios de uso com\u00fan<\/h3>\n<ul>\n<li>Maquinaria industrial de gran tama\u00f1o<\/li>\n<li>Maquinaria pesada<\/li>\n<li>Operaciones mineras<\/li>\n<li>Proyectos de construcci\u00f3n<\/li>\n<\/ul>\n<h3>Ventajas de las ruedas dentadas segmentadas<\/h3>\n<ul>\n<li>Facilita el transporte y la instalaci\u00f3n de conjuntos de ruedas dentadas de gran tama\u00f1o.<\/li>\n<li>Permite la reparaci\u00f3n peri\u00f3dica de perfiles de pi\u00f1ones.<\/li>\n<li>Ofrece flexibilidad y adaptabilidad.<\/li>\n<li>Permite un mantenimiento y reemplazo eficientes.<\/li>\n<\/ul>\n<h3>Materiales utilizados<\/h3>\n<p>Las ruedas dentadas segmentadas se fabrican com\u00fanmente utilizando materiales duraderos como:<\/p>\n<ul>\n<li>Aleaciones de acero de alto grado<\/li>\n<li>Acero inoxidable<\/li>\n<li>Hierro fundido<\/li>\n<li>Aleaciones de aluminio<\/li>\n<\/ul>\n<h3>Instalaci\u00f3n, mantenimiento y reparaci\u00f3n<\/h3>\n<p>La instalaci\u00f3n de una rueda dentada segmentada implica un proceso de alineaci\u00f3n preciso. Las muescas de alineaci\u00f3n exclusivas presentes en las ruedas dentadas con aro segmentado mecanizadas con llama garantizan una alineaci\u00f3n perfecta de cada segmento.<\/p>\n<p>El mantenimiento de pi\u00f1ones segmentados es relativamente sencillo:<\/p>\n<ol>\n<li>Inspeccione peri\u00f3dicamente los dientes de la rueda dentada para detectar desgaste o da\u00f1os.<\/li>\n<li>Aseg\u00farese de la lubricaci\u00f3n adecuada de la rueda dentada y la cadena.<\/li>\n<li>Limpie cualquier residuo o contaminante que pueda afectar el rendimiento.<\/li>\n<\/ol>\n<p>En caso de reparaci\u00f3n o reemplazo, se emplean m\u00e9todos de uni\u00f3n especializados para mantener un perfil y espaciado de los dientes consistentes.<\/p>\n<h3>Otros productos de la empresa<\/h3>\n<p>Nuestra empresa se especializa en el suministro de diversos engranajes de pl\u00e1stico de alta calidad para aplicaciones industriales. Adem\u00e1s de ruedas dentadas segmentadas, ofrecemos una amplia gama de productos, entre los que se incluyen:<\/p>\n<ul>\n<li>Cajas de cambios agr\u00edcolas<\/li>\n<li>Ejes de salida de potencia<\/li>\n<li>Acoplamientos de fluidos<\/li>\n<li>Reductores de engranajes helicoidales<\/li>\n<li>Engranajes y cremalleras<\/li>\n<li>Cadenas desmontables<\/li>\n<li>Poleas y poleas<\/li>\n<li>Cajas de engranajes planetarios<\/li>\n<li>Poleas de distribuci\u00f3n<\/li>\n<li>Bujes<\/li>\n<\/ul>\n<p>Nos enorgullecemos de ofrecer a nuestros clientes productos de alta calidad, precios competitivos y un servicio excepcional. Aceptamos la personalizaci\u00f3n en funci\u00f3n de sus requisitos espec\u00edficos, ya sea a partir de dibujos o muestras. No dude en comunicarse con nosotros y descubrir las ventajas de asociarse con nosotros.<\/p>\n<h2>Preguntas y respuestas:<\/h2>\n<ol>\n<li>\n<h3>\u00bfCu\u00e1les son las aplicaciones comunes de las ruedas dentadas segmentadas?<\/h3>\n<p>Las ruedas dentadas segmentadas encuentran un uso com\u00fan en maquinaria industrial grande, equipos pesados, operaciones mineras y proyectos de construcci\u00f3n.<\/p>\n<\/li>\n<li>\n<h3>\u00bfDe qu\u00e9 materiales est\u00e1n hechos los pi\u00f1ones segmentados?<\/h3>\n<p>Las ruedas dentadas segmentadas suelen estar hechas de aleaciones de acero de alto grado, acero inoxidable, hierro fundido o aleaciones de aluminio.<\/p>\n<\/li>\n<li>\n<h3>\u00bfC\u00f3mo se deben instalar los pi\u00f1ones segmentados?<\/h3>\n<p>Durante la instalaci\u00f3n, es fundamental alinear correctamente los segmentos utilizando las muescas de alineaci\u00f3n \u00fanicas presentes en las ruedas dentadas de anillo segmentado mecanizadas con llama.<\/p>\n<\/li>\n<li>\n<h3>\u00bfQu\u00e9 mantenimiento se requiere para las ruedas dentadas segmentadas?<\/h3>\n<p>El mantenimiento regular implica inspeccionar los dientes de la rueda dentada, garantizar una lubricaci\u00f3n adecuada y limpiar cualquier residuo o contaminante que pueda afectar el rendimiento.<\/p>\n<\/li>\n<li>\n<h3>\u00bfQu\u00e9 otros productos suministra la empresa?<\/h3>\n<p>Adem\u00e1s de pi\u00f1ones segmentados, la empresa suministra cajas de cambios agr\u00edcolas, ejes de salida de potencia, acoplamientos de fluidos, reductores de tornillo sin fin, engranajes y cremalleras, cadenas desmontables, poleas y poleas, cajas de engranajes planetarios, poleas de distribuci\u00f3n y bujes.<\/p>\n<\/li>\n<\/ol>","protected":false},"excerpt":{"rendered":"<p>Segmented Sprocket: Enhancing Ease of Transportation and Installation The segmented sprocket is a specialized component designed for situations where very large ring sprockets pose challenges during transportation or installation. Unlike traditional single-piece mounting surfaces, segmented sprocket components offer practical solutions for various scenarios. Let&#8217;s explore the common use cases, advantages, materials, installation, maintenance, repair, and [&hellip;]<\/p>","protected":false},"featured_media":3593,"template":"","meta":{"_et_pb_use_builder":"","_et_pb_old_content":"","_et_gb_content_width":""},"product_brand":[],"product_cat":[11296],"product_tag":[],"class_list":{"0":"post-3594","1":"product","2":"type-product","3":"status-publish","4":"has-post-thumbnail","6":"product_cat-sprocket","8":"first","9":"instock","10":"shipping-taxable","11":"product-type-simple"},"_links":{"self":[{"href":"https:\/\/agricultural-gear-boxes.com\/es\/wp-json\/wp\/v2\/product\/3594","targetHints":{"allow":["GET"]}}],"collection":[{"href":"https:\/\/agricultural-gear-boxes.com\/es\/wp-json\/wp\/v2\/product"}],"about":[{"href":"https:\/\/agricultural-gear-boxes.com\/es\/wp-json\/wp\/v2\/types\/product"}],"wp:featuredmedia":[{"embeddable":true,"href":"https:\/\/agricultural-gear-boxes.com\/es\/wp-json\/wp\/v2\/media\/3593"}],"wp:attachment":[{"href":"https:\/\/agricultural-gear-boxes.com\/es\/wp-json\/wp\/v2\/media?parent=3594"}],"wp:term":[{"taxonomy":"product_brand","embeddable":true,"href":"https:\/\/agricultural-gear-boxes.com\/es\/wp-json\/wp\/v2\/product_brand?post=3594"},{"taxonomy":"product_cat","embeddable":true,"href":"https:\/\/agricultural-gear-boxes.com\/es\/wp-json\/wp\/v2\/product_cat?post=3594"},{"taxonomy":"product_tag","embeddable":true,"href":"https:\/\/agricultural-gear-boxes.com\/es\/wp-json\/wp\/v2\/product_tag?post=3594"}],"curies":[{"name":"wp","href":"https:\/\/api.w.org\/{rel}","templated":true}]}}