{"id":3604,"date":"2024-08-23T06:26:37","date_gmt":"2024-08-23T06:26:37","guid":{"rendered":"https:\/\/agricultural-gear-boxes.com\/product\/ratchet-wheel-for-escalator\/"},"modified":"2024-08-23T06:26:38","modified_gmt":"2024-08-23T06:26:38","slug":"ratchet-wheel-for-escalator","status":"publish","type":"product","link":"https:\/\/agricultural-gear-boxes.com\/es\/product\/ratchet-wheel-for-escalator\/","title":{"rendered":"Rueda de trinquete para escalera mec\u00e1nica"},"content":{"rendered":"<h2>Rueda de trinquete para escaleras mec\u00e1nicas: una soluci\u00f3n fiable y duradera<\/h2>\n<p>Como uno de los tres principales proveedores de ruedas dentadas para escaleras mec\u00e1nicas en China, estamos orgullosos de nuestras ruedas de trinquete de alta calidad en las que conf\u00edan los principales fabricantes de ascensores y escaleras mec\u00e1nicas, como Schindler, Hitachi, Thyssen Krupp y Toshiba. Nuestras ruedas de trinquete son un componente esencial del sistema de accionamiento de una escalera mec\u00e1nica, lo que le permite trasladar a las personas de un piso a otro de forma segura y confiable.<\/p>\n<h3>Ventajas de nuestras ruedas de trinquete<\/h3>\n<ul>\n<li><strong>Fiabilidad:<\/strong> Nuestras ruedas de trinquete est\u00e1n dise\u00f1adas para soportar un uso intensivo, lo que garantiza un funcionamiento confiable de las escaleras mec\u00e1nicas durante per\u00edodos prolongados.<\/li>\n<li><strong>Durabilidad:<\/strong> Fabricadas con materiales de alta calidad, nuestras ruedas de trinquete son duraderas y de larga duraci\u00f3n, lo que reduce los costos de mantenimiento y reemplazo para los operadores de escaleras mec\u00e1nicas.<\/li>\n<li><strong>Compatibilidad:<\/strong> Nuestras ruedas de trinquete son compatibles con varios tipos de escaleras mec\u00e1nicas, lo que las convierte en una soluci\u00f3n vers\u00e1til para fabricantes y operadores de escaleras mec\u00e1nicas.<\/li>\n<li><strong>F\u00e1cil instalaci\u00f3n:<\/strong> Nuestras ruedas de trinquete son f\u00e1ciles de instalar y requieren un mantenimiento m\u00ednimo, lo que reduce el tiempo de inactividad y los costos de reparaci\u00f3n para los operadores de escaleras mec\u00e1nicas.<\/li>\n<\/ul>\n<h3>Materiales e instalaci\u00f3n<\/h3>\n<p>Nuestras ruedas de trinquete est\u00e1n fabricadas con materiales de alta calidad, como acero y nailon, lo que garantiza durabilidad y confiabilidad. Est\u00e1n disponibles en varios tama\u00f1os y configuraciones para adaptarse a diferentes tipos de escaleras mec\u00e1nicas. La instalaci\u00f3n de nuestras ruedas de trinquete es un proceso sencillo que puede ser realizado por t\u00e9cnicos profesionales. Se recomienda un mantenimiento y una lubricaci\u00f3n adecuados para garantizar un rendimiento y una longevidad \u00f3ptimos.<\/p>\n<h3>Otros productos<\/h3>\n<p>Adem\u00e1s de las ruedas de trinquete, tambi\u00e9n suministramos varios engranajes de pl\u00e1stico utilizados en la industria, incluidas cajas de engranajes agr\u00edcolas, ejes de salida de potencia, acoplamientos de fluidos, reductores de engranajes helicoidales, engranajes y cremalleras, cadenas desmontables, poleas y poleas, cajas de engranajes planetarios, poleas de distribuci\u00f3n, bujes y m\u00e1s. Nuestros productos son de alta calidad, tienen precios competitivos y est\u00e1n respaldados por un excelente servicio al cliente. Invitamos a los clientes a que vengan a nosotros para personalizar nuestros productos con dibujos o muestras.<\/p>\n<h2>Preguntas y respuestas<\/h2>\n<ol>\n<li>\u00bfQu\u00e9 es una rueda de trinquete?<\/li>\n<li>\u00bfCu\u00e1les son las ventajas de utilizar sus ruedas de trinquete?<\/li>\n<li>\u00bfDe qu\u00e9 materiales est\u00e1n hechas sus ruedas de trinquete?<\/li>\n<li>\u00bfC\u00f3mo instalo sus ruedas de trinquete?<\/li>\n<li>\u00bfQu\u00e9 otros productos suministran?<\/li>\n<\/ol>","protected":false},"excerpt":{"rendered":"<p>Rueda de trinquete para escaleras mec\u00e1nicas: una soluci\u00f3n fiable y duradera Como uno de los tres principales proveedores de ruedas dentadas para escaleras mec\u00e1nicas de China, nos enorgullecemos de nuestras ruedas de trinquete de alta calidad, en las que conf\u00edan los principales fabricantes de ascensores y escaleras mec\u00e1nicas, como Schindler, Hitachi, Thyssen Krupp y Toshiba. Nuestras ruedas de trinquete son un componente esencial de [\u2026]<\/p>","protected":false},"featured_media":3603,"template":"","meta":{"_et_pb_use_builder":"","_et_pb_old_content":"","_et_gb_content_width":""},"product_brand":[],"product_cat":[11296],"product_tag":[],"class_list":{"0":"post-3604","1":"product","2":"type-product","3":"status-publish","4":"has-post-thumbnail","6":"product_cat-sprocket","8":"first","9":"instock","10":"shipping-taxable","11":"product-type-simple"},"_links":{"self":[{"href":"https:\/\/agricultural-gear-boxes.com\/es\/wp-json\/wp\/v2\/product\/3604","targetHints":{"allow":["GET"]}}],"collection":[{"href":"https:\/\/agricultural-gear-boxes.com\/es\/wp-json\/wp\/v2\/product"}],"about":[{"href":"https:\/\/agricultural-gear-boxes.com\/es\/wp-json\/wp\/v2\/types\/product"}],"wp:featuredmedia":[{"embeddable":true,"href":"https:\/\/agricultural-gear-boxes.com\/es\/wp-json\/wp\/v2\/media\/3603"}],"wp:attachment":[{"href":"https:\/\/agricultural-gear-boxes.com\/es\/wp-json\/wp\/v2\/media?parent=3604"}],"wp:term":[{"taxonomy":"product_brand","embeddable":true,"href":"https:\/\/agricultural-gear-boxes.com\/es\/wp-json\/wp\/v2\/product_brand?post=3604"},{"taxonomy":"product_cat","embeddable":true,"href":"https:\/\/agricultural-gear-boxes.com\/es\/wp-json\/wp\/v2\/product_cat?post=3604"},{"taxonomy":"product_tag","embeddable":true,"href":"https:\/\/agricultural-gear-boxes.com\/es\/wp-json\/wp\/v2\/product_tag?post=3604"}],"curies":[{"name":"wp","href":"https:\/\/api.w.org\/{rel}","templated":true}]}}