{"id":3608,"date":"2024-08-23T06:26:42","date_gmt":"2024-08-23T06:26:42","guid":{"rendered":"https:\/\/agricultural-gear-boxes.com\/product\/chains-and-sprockets-drive-shaft-escalator\/"},"modified":"2024-08-23T06:26:43","modified_gmt":"2024-08-23T06:26:43","slug":"chains-and-sprockets-drive-shaft-escalator","status":"publish","type":"product","link":"https:\/\/agricultural-gear-boxes.com\/es\/product\/chains-and-sprockets-drive-shaft-escalator\/","title":{"rendered":"Cadenas y pi\u00f1ones Eje de transmisi\u00f3n Escalera mec\u00e1nica"},"content":{"rendered":"<h2>Chains And Sprockets Drive Shaft Escalator &#8211; High-Quality and Reliable<\/h2>\n<p>Las cadenas y las ruedas dentadas de los ejes de transmisi\u00f3n de las escaleras mec\u00e1nicas son uno de los componentes m\u00e1s comunes en los sistemas de escaleras mec\u00e1nicas modernos. Estos componentes son esenciales para garantizar el funcionamiento suave y eficiente de las escaleras mec\u00e1nicas.<\/p>\n<p>En nuestra empresa, nos enorgullecemos de ser uno de los tres principales proveedores de ruedas dentadas para escaleras mec\u00e1nicas en China. Ya hemos producido ruedas dentadas para algunas de las marcas m\u00e1s importantes de la industria de ascensores y escaleras mec\u00e1nicas, entre ellas Schindler, Hitachi, Thyssen Krupp y Toshiba.<\/p>\n<p>Nuestros componentes de ejes de transmisi\u00f3n para escaleras mec\u00e1nicas est\u00e1n fabricados con materiales de la m\u00e1s alta calidad, lo que garantiza una durabilidad y longevidad superiores. Estos componentes est\u00e1n dise\u00f1ados para soportar el desgaste del uso diario, lo que los hace perfectos para \u00e1reas de alto tr\u00e1fico, como centros comerciales, aeropuertos y estaciones de tren.<\/p>\n<p>La instalaci\u00f3n, el mantenimiento y la reparaci\u00f3n de nuestros componentes de ejes de transmisi\u00f3n para escaleras mec\u00e1nicas es sencilla gracias a su dise\u00f1o simple y directo. Nuestros componentes tambi\u00e9n est\u00e1n disponibles en una variedad de materiales diferentes, lo que nos permite ofrecer productos que se adaptan a las necesidades espec\u00edficas de nuestros clientes.<\/p>\n<h3>Ventajas de las cadenas y pi\u00f1ones del eje de transmisi\u00f3n de la escalera mec\u00e1nica<\/h3>\n<ul>\n<li>Materiales de alta calidad<\/li>\n<li>Duradero y de larga duraci\u00f3n<\/li>\n<li>F\u00e1cil de instalar, mantener y reparar.<\/li>\n<li>Disponible en una gama de materiales diferentes.<\/li>\n<\/ul>\n<h3>Clasificaci\u00f3n de Cadenas y Pi\u00f1ones Eje de Transmisi\u00f3n Escalera Mec\u00e1nica<\/h3>\n<p>Nuestros componentes de ejes de transmisi\u00f3n para escaleras mec\u00e1nicas est\u00e1n disponibles en una amplia gama de tama\u00f1os y materiales, lo que nos permite ofrecer productos que se adaptan a las necesidades espec\u00edficas de nuestros clientes.<\/p>\n<h3>Instalaci\u00f3n, mantenimiento y reparaci\u00f3n<\/h3>\n<p>La instalaci\u00f3n, el mantenimiento y la reparaci\u00f3n de los componentes de las cadenas y pi\u00f1ones de las escaleras mec\u00e1nicas con eje de transmisi\u00f3n son sencillos y directos. Nuestros componentes est\u00e1n dise\u00f1ados para ser f\u00e1cilmente reemplazables, lo que permite reparaciones r\u00e1pidas y eficientes en caso de aver\u00eda.<\/p>\n<h3>Reemplazo de cadenas y pi\u00f1ones del eje de transmisi\u00f3n de la escalera mec\u00e1nica<\/h3>\n<p>Reemplazar los componentes de la escalera mec\u00e1nica de nuestro eje de transmisi\u00f3n de cadenas y ruedas dentadas es un proceso simple y directo. Simplemente retire el componente antiguo y reempl\u00e1celo por uno nuevo.<\/p>\n<h3>Otros productos que ofrecemos<\/h3>\n<p>Adem\u00e1s de nuestros componentes de ejes de transmisi\u00f3n para escaleras mec\u00e1nicas, cadenas y ruedas dentadas, tambi\u00e9n ofrecemos una amplia gama de otros productos industriales de alta calidad. Entre ellos se incluyen cajas de engranajes agr\u00edcolas, ejes de salida de potencia, acoplamientos hidr\u00e1ulicos, reductores de engranajes helicoidales, engranajes y cremalleras, cadenas desmontables, poleas y poleas, cajas de engranajes planetarios, poleas de distribuci\u00f3n, bujes y m\u00e1s.<\/p>\n<p>Nos enorgullecemos de ofrecer productos de alta calidad a un precio favorable y un servicio atento. Damos la bienvenida a los clientes que vienen a nosotros para personalizar sus dise\u00f1os o muestras.<\/p>\n<h2>Preguntas y respuestas<\/h2>\n<h3>1. \u00bfQu\u00e9 son las cadenas y pi\u00f1ones de los componentes del eje de transmisi\u00f3n de la escalera mec\u00e1nica?<\/h3>\n<p>Cadenas y ruedas dentadas Los componentes del eje de transmisi\u00f3n de las escaleras mec\u00e1nicas son componentes esenciales en los sistemas de escaleras mec\u00e1nicas modernos. Estos componentes son responsables de impulsar la escalera mec\u00e1nica y garantizar su funcionamiento suave y eficiente.<\/p>\n<h3>2. \u00bfQu\u00e9 materiales se utilizan para fabricar cadenas y pi\u00f1ones como componentes del eje de transmisi\u00f3n de una escalera mec\u00e1nica?<\/h3>\n<p>Nuestros componentes de ejes de transmisi\u00f3n para escaleras mec\u00e1nicas est\u00e1n fabricados con una variedad de materiales de alta calidad, que incluyen acero, hierro fundido y aluminio.<\/p>\n<h3>3. \u00bfC\u00f3mo instalo, mantengo y reparo cadenas y pi\u00f1ones de los componentes del eje de transmisi\u00f3n de la escalera mec\u00e1nica?<\/h3>\n<p>La instalaci\u00f3n, el mantenimiento y la reparaci\u00f3n de los componentes de las cadenas y pi\u00f1ones de las escaleras mec\u00e1nicas con eje de transmisi\u00f3n son sencillos y directos. Nuestros componentes est\u00e1n dise\u00f1ados para ser f\u00e1cilmente reemplazables, lo que permite reparaciones r\u00e1pidas y eficientes en caso de aver\u00eda.<\/p>\n<h3>4. \u00bfQu\u00e9 otros productos industriales ofrece su empresa?<\/h3>\n<p>Adem\u00e1s de nuestros componentes de ejes de transmisi\u00f3n para escaleras mec\u00e1nicas, cadenas y ruedas dentadas, tambi\u00e9n ofrecemos una amplia gama de otros productos industriales de alta calidad. Entre ellos se incluyen cajas de engranajes agr\u00edcolas, ejes de salida de potencia, acoplamientos hidr\u00e1ulicos, reductores de engranajes helicoidales, engranajes y cremalleras, cadenas desmontables, poleas y poleas, cajas de engranajes planetarios, poleas de distribuci\u00f3n, bujes y m\u00e1s.<\/p>\n<h3>5. \u00bfC\u00f3mo puedo solicitar cadenas y pi\u00f1ones para ejes de transmisi\u00f3n de escaleras mec\u00e1nicas a su empresa?<\/h3>\n<p>Para solicitar cadenas y ruedas dentadas para ejes de transmisi\u00f3n de componentes de escaleras mec\u00e1nicas a nuestra empresa, simplemente cont\u00e1ctenos con sus requisitos. Invitamos a los clientes a que se acerquen a nosotros para obtener planos o muestras personalizadas.<\/p>","protected":false},"excerpt":{"rendered":"<p>Chains And Sprockets Drive Shaft Escalator &#8211; High-Quality and Reliable Chains and sprockets drive shaft escalators are one of the most common components in modern escalator systems. These components are essential in ensuring the smooth and efficient operation of escalators. At our company, we take pride in being one of the top three major suppliers [&hellip;]<\/p>","protected":false},"featured_media":3607,"template":"","meta":{"_et_pb_use_builder":"","_et_pb_old_content":"","_et_gb_content_width":""},"product_brand":[],"product_cat":[11296],"product_tag":[],"class_list":{"0":"post-3608","1":"product","2":"type-product","3":"status-publish","4":"has-post-thumbnail","6":"product_cat-sprocket","8":"first","9":"instock","10":"shipping-taxable","11":"product-type-simple"},"_links":{"self":[{"href":"https:\/\/agricultural-gear-boxes.com\/es\/wp-json\/wp\/v2\/product\/3608","targetHints":{"allow":["GET"]}}],"collection":[{"href":"https:\/\/agricultural-gear-boxes.com\/es\/wp-json\/wp\/v2\/product"}],"about":[{"href":"https:\/\/agricultural-gear-boxes.com\/es\/wp-json\/wp\/v2\/types\/product"}],"wp:featuredmedia":[{"embeddable":true,"href":"https:\/\/agricultural-gear-boxes.com\/es\/wp-json\/wp\/v2\/media\/3607"}],"wp:attachment":[{"href":"https:\/\/agricultural-gear-boxes.com\/es\/wp-json\/wp\/v2\/media?parent=3608"}],"wp:term":[{"taxonomy":"product_brand","embeddable":true,"href":"https:\/\/agricultural-gear-boxes.com\/es\/wp-json\/wp\/v2\/product_brand?post=3608"},{"taxonomy":"product_cat","embeddable":true,"href":"https:\/\/agricultural-gear-boxes.com\/es\/wp-json\/wp\/v2\/product_cat?post=3608"},{"taxonomy":"product_tag","embeddable":true,"href":"https:\/\/agricultural-gear-boxes.com\/es\/wp-json\/wp\/v2\/product_tag?post=3608"}],"curies":[{"name":"wp","href":"https:\/\/api.w.org\/{rel}","templated":true}]}}