{"id":3616,"date":"2024-08-23T06:26:56","date_gmt":"2024-08-23T06:26:56","guid":{"rendered":"https:\/\/agricultural-gear-boxes.com\/product\/sprockets-for-escalator-drive\/"},"modified":"2024-08-23T06:26:56","modified_gmt":"2024-08-23T06:26:56","slug":"sprockets-for-escalator-drive","status":"publish","type":"product","link":"https:\/\/agricultural-gear-boxes.com\/es\/product\/sprockets-for-escalator-drive\/","title":{"rendered":"Pi\u00f1ones para transmisi\u00f3n de escaleras mec\u00e1nicas"},"content":{"rendered":"<h2>Pi\u00f1ones para transmisi\u00f3n de escaleras mec\u00e1nicas: c\u00f3mo garantizar un transporte vertical eficiente y sin problemas<\/h2>\n<p>\u00bfNecesita ruedas dentadas fiables y de alta calidad para el accionamiento de escaleras mec\u00e1nicas? \u00a1No busque m\u00e1s! Estamos orgullosos de ser uno de los 3 principales proveedores de estos componentes esenciales en China. Nuestros pi\u00f1ones ya han sido utilizados y han sido de confianza por l\u00edderes de la industria como Schindler Elevator, Hitachi Elevator, Thyssen Krupp Escalator y Toshiba Elevator.<\/p>\n<p><img loading=\"lazy\" decoding=\"async\" class=\"alignnone size-full wp-image-5346 aligncenter\" src=\"https:\/\/www.ever-power.net\/wp-content\/uploads\/2019\/08\/Sprockets-For-Escalator-Drive-1.png\" alt=\"\" width=\"750\" height=\"750\" \/><\/p>\n<p style=\"text-align: center;\"><img loading=\"lazy\" decoding=\"async\" class=\"alignnone size-full wp-image-5347\" src=\"https:\/\/www.ever-power.net\/wp-content\/uploads\/2019\/08\/Sprockets-For-Escalator-Drive-2.jpg\" alt=\"\" width=\"573\" height=\"392\" \/><\/p>\n<p style=\"text-align: center;\"><img loading=\"lazy\" decoding=\"async\" class=\"alignnone size-full wp-image-5348\" src=\"https:\/\/www.ever-power.net\/wp-content\/uploads\/2019\/08\/Sprockets-For-Escalator-Drive-3.jpg\" alt=\"\" width=\"620\" height=\"389\" \/> <img loading=\"lazy\" decoding=\"async\" class=\"alignnone size-full wp-image-5349\" src=\"https:\/\/www.ever-power.net\/wp-content\/uploads\/2019\/08\/Sprockets-For-Escalator-Drive-4.jpg\" alt=\"\" width=\"564\" height=\"395\" \/><\/p>\n<p><img loading=\"lazy\" decoding=\"async\" class=\"alignnone size-full wp-image-5350 aligncenter\" src=\"https:\/\/www.ever-power.net\/wp-content\/uploads\/2019\/08\/Sprockets-For-Escalator-Drive-5.jpg\" alt=\"\" width=\"561\" height=\"250\" \/><\/p>\n<h3>Escenarios de uso com\u00fan<\/h3>\n<ul>\n<li>Centros comerciales y grandes almacenes<\/li>\n<li>Aeropuertos y estaciones de tren<\/li>\n<li>Edificios de oficinas y complejos comerciales<\/li>\n<li>Hoteles y complejos tur\u00edsticos<\/li>\n<li>Hospitales y centros de salud<\/li>\n<\/ul>\n<h3>Historia y avances de las ruedas dentadas para el accionamiento de escaleras mec\u00e1nicas<\/h3>\n<p>Las ruedas dentadas han sido un componente vital en los sistemas de escaleras mec\u00e1nicas durante d\u00e9cadas. Con el paso de los a\u00f1os, los avances en dise\u00f1o y materiales han dado lugar a ruedas dentadas m\u00e1s eficientes y duraderas. Nuestras ruedas dentadas se fabrican meticulosamente con materiales de alta calidad, lo que garantiza un rendimiento y una longevidad \u00f3ptimos.<\/p>\n<h3>Clasificaci\u00f3n de las ruedas dentadas para el accionamiento de escaleras mec\u00e1nicas<\/h3>\n<ul>\n<li>Pi\u00f1ones de una sola hilera<\/li>\n<li>Pi\u00f1ones de doble hilera<\/li>\n<li>Pi\u00f1ones de triple fila<\/li>\n<li>Pi\u00f1ones no met\u00e1licos<\/li>\n<\/ul>\n<h3>Ventajas de nuestras ruedas dentadas<\/h3>\n<ul>\n<li>Alta capacidad de carga<\/li>\n<li>Durabilidad excepcional<\/li>\n<li>Bajo nivel de ruido y funcionamiento suave.<\/li>\n<li>Ingenier\u00eda de precisi\u00f3n para un ajuste perfecto<\/li>\n<li>Resistencia al desgaste<\/li>\n<\/ul>\n<h3>Materiales utilizados<\/h3>\n<p>Nuestras ruedas dentadas est\u00e1n dise\u00f1adas con diversos materiales, entre ellos:<\/p>\n<ul>\n<li>Acero<\/li>\n<li>Hierro fundido<\/li>\n<li>Nylon<\/li>\n<li>Delrin<\/li>\n<li>Acero inoxidable<\/li>\n<\/ul>\n<h3>Instalaci\u00f3n, mantenimiento y reparaci\u00f3n<\/h3>\n<p>La instalaci\u00f3n y el mantenimiento de nuestras ruedas dentadas es un proceso sencillo que garantiza un tiempo de inactividad m\u00ednimo. Las inspecciones y la lubricaci\u00f3n peri\u00f3dicas pueden ayudar a prolongar la vida \u00fatil de las ruedas dentadas. En caso de da\u00f1os o desgaste, nuestras ruedas dentadas est\u00e1n dise\u00f1adas para un f\u00e1cil reemplazo, lo que le permite ahorrar tiempo y esfuerzo.<\/p>\n<h2>Descubra nuestra gama de engranajes de pl\u00e1stico de calidad industrial y m\u00e1s<\/h2>\n<p>Adem\u00e1s de nuestras ruedas dentadas de primera l\u00ednea para el accionamiento de escaleras mec\u00e1nicas, nos especializamos en el suministro de diversos productos de engranajes de pl\u00e1stico para aplicaciones industriales. Nuestra amplia gama incluye:<\/p>\n<ul>\n<li>Cajas de cambios agr\u00edcolas<\/li>\n<li>Ejes de salida de potencia<\/li>\n<li>Acoplamientos de fluidos<\/li>\n<li>Reductores de engranajes helicoidales<\/li>\n<li>Engranajes y cremalleras<\/li>\n<li>Cadenas desmontables<\/li>\n<li>Poleas y poleas<\/li>\n<li>Cajas de engranajes planetarios<\/li>\n<li>Poleas de distribuci\u00f3n<\/li>\n<li>Bujes<\/li>\n<\/ul>\n<p>En nuestra empresa, nos enorgullecemos de ofrecer productos de la m\u00e1s alta calidad, ofrecer precios competitivos y brindar un servicio excelente. Ya sea que necesite art\u00edculos est\u00e1ndar o soluciones personalizadas seg\u00fan sus requisitos espec\u00edficos, estamos aqu\u00ed para ayudarlo. \u00a1Explore nuestro cat\u00e1logo y perm\u00edtanos superar sus expectativas!<\/p>\n<h2>Preguntas frecuentes (FAQ)<\/h2>\n<h3>1. \u00bfCu\u00e1les son las principales ventajas de utilizar ruedas dentadas para el accionamiento de escaleras mec\u00e1nicas?<\/h3>\n<p>Las ruedas dentadas para accionamiento de escaleras mec\u00e1nicas ofrecen una gran capacidad de carga, una durabilidad excepcional, un funcionamiento silencioso, ingenier\u00eda de precisi\u00f3n y resistencia al desgaste.<\/p>\n<h3>2. \u00bfSe pueden reemplazar f\u00e1cilmente las ruedas dentadas?<\/h3>\n<p>S\u00ed, nuestras ruedas dentadas est\u00e1n dise\u00f1adas para un f\u00e1cil reemplazo, minimizando el tiempo de inactividad y garantizando un funcionamiento eficiente de la escalera mec\u00e1nica.<\/p>\n<h3>3. \u00bfQu\u00e9 materiales se utilizan en la fabricaci\u00f3n de estos pi\u00f1ones?<\/h3>\n<p>Nuestras ruedas dentadas est\u00e1n dise\u00f1adas con una variedad de materiales, incluidos acero, hierro fundido, nailon, Delrin y acero inoxidable.<\/p>\n<h3>4. \u00bfSon las ruedas dentadas adecuadas para diferentes tipos de escaleras mec\u00e1nicas?<\/h3>\n<p>\u00a1Por supuesto! Nuestras ruedas dentadas est\u00e1n dise\u00f1adas para ser compatibles con varios tipos de escaleras mec\u00e1nicas, lo que garantiza una amplia gama de aplicaciones.<\/p>\n<h3>5. \u00bfOfrecen personalizaci\u00f3n para engranajes de pl\u00e1stico y otros productos?<\/h3>\n<p>S\u00ed, ofrecemos servicios de personalizaci\u00f3n seg\u00fan sus requisitos espec\u00edficos. Solo tiene que enviarnos sus dibujos o muestras y crearemos soluciones a medida para satisfacer sus necesidades.<\/p>","protected":false},"excerpt":{"rendered":"<p>Sprockets For Escalator Drive: Ensuring Smooth and Efficient Vertical Transportation Are you in need of reliable and high-quality sprockets for escalator drive? Look no further! We are proud to be one of the top 3 major suppliers of these essential components in China. Our sprockets have already been trusted and used by industry leaders such [&hellip;]<\/p>","protected":false},"featured_media":3615,"template":"","meta":{"_et_pb_use_builder":"","_et_pb_old_content":"","_et_gb_content_width":""},"product_brand":[],"product_cat":[11296],"product_tag":[],"class_list":{"0":"post-3616","1":"product","2":"type-product","3":"status-publish","4":"has-post-thumbnail","6":"product_cat-sprocket","8":"first","9":"instock","10":"shipping-taxable","11":"product-type-simple"},"_links":{"self":[{"href":"https:\/\/agricultural-gear-boxes.com\/es\/wp-json\/wp\/v2\/product\/3616","targetHints":{"allow":["GET"]}}],"collection":[{"href":"https:\/\/agricultural-gear-boxes.com\/es\/wp-json\/wp\/v2\/product"}],"about":[{"href":"https:\/\/agricultural-gear-boxes.com\/es\/wp-json\/wp\/v2\/types\/product"}],"wp:featuredmedia":[{"embeddable":true,"href":"https:\/\/agricultural-gear-boxes.com\/es\/wp-json\/wp\/v2\/media\/3615"}],"wp:attachment":[{"href":"https:\/\/agricultural-gear-boxes.com\/es\/wp-json\/wp\/v2\/media?parent=3616"}],"wp:term":[{"taxonomy":"product_brand","embeddable":true,"href":"https:\/\/agricultural-gear-boxes.com\/es\/wp-json\/wp\/v2\/product_brand?post=3616"},{"taxonomy":"product_cat","embeddable":true,"href":"https:\/\/agricultural-gear-boxes.com\/es\/wp-json\/wp\/v2\/product_cat?post=3616"},{"taxonomy":"product_tag","embeddable":true,"href":"https:\/\/agricultural-gear-boxes.com\/es\/wp-json\/wp\/v2\/product_tag?post=3616"}],"curies":[{"name":"wp","href":"https:\/\/api.w.org\/{rel}","templated":true}]}}