{"id":3620,"date":"2024-08-23T06:26:58","date_gmt":"2024-08-23T06:26:58","guid":{"rendered":"https:\/\/agricultural-gear-boxes.com\/product\/conveyor-sprocket-for-s-roller-chains\/"},"modified":"2024-08-23T06:26:59","modified_gmt":"2024-08-23T06:26:59","slug":"conveyor-sprocket-for-s-roller-chains","status":"publish","type":"product","link":"https:\/\/agricultural-gear-boxes.com\/es\/product\/conveyor-sprocket-for-s-roller-chains\/","title":{"rendered":"Pi\u00f1\u00f3n transportador para cadenas de rodillos S"},"content":{"rendered":"<h2>Pi\u00f1\u00f3n transportador para cadenas de rodillos S: descripci\u00f3n general<\/h2>\n<p>Las ruedas dentadas de las cintas transportadoras desempe\u00f1an un papel fundamental en diversas industrias, como la agricultura, la automoci\u00f3n, la miner\u00eda y el procesamiento de alimentos. Se utilizan habitualmente en sistemas transportadores para el movimiento de materiales y cargas pesadas. <\/p>\n<p>La historia de las ruedas dentadas se remonta al siglo XV, cuando se utilizaban como parte de las bicicletas. Con el paso de los a\u00f1os, las ruedas dentadas han evolucionado y se han convertido en una parte integral de diversas m\u00e1quinas y equipos. <\/p>\n<p>Las ruedas dentadas se clasifican seg\u00fan su dise\u00f1o, material y perfil de los dientes. Est\u00e1n disponibles en diversos materiales, como acero inoxidable, acero al carbono y pl\u00e1stico. La selecci\u00f3n del material depende de la aplicaci\u00f3n y del entorno en el que se utilizar\u00e1 la rueda dentada. <\/p>\n<p>Las ventajas de utilizar ruedas dentadas para transportadores incluyen su capacidad para soportar cargas pesadas, su durabilidad y su f\u00e1cil instalaci\u00f3n y mantenimiento. Est\u00e1n dise\u00f1adas para proporcionar un funcionamiento suave y eficiente del sistema transportador. <\/p>\n<h3>Instalaci\u00f3n y mantenimiento<\/h3>\n<p>Instalar una rueda dentada de una cinta transportadora es un proceso relativamente sencillo. La rueda dentada se monta sobre el eje y se fija con un tornillo de fijaci\u00f3n o una ranura para chavetas. El mantenimiento regular es esencial para garantizar la longevidad de la rueda dentada. Esto incluye limpiar y lubricar regularmente la rueda dentada, as\u00ed como inspeccionarla para detectar desgaste. <\/p>\n<h3>Reemplazo de la rueda dentada del transportador<\/h3>\n<p>Con el tiempo, las ruedas dentadas de la cinta transportadora pueden desgastarse o da\u00f1arse y requerir reemplazo. Al reemplazar una rueda dentada, es esencial seleccionar una rueda dentada que sea compatible con el sistema transportador. El perfil de los dientes y el paso de la nueva rueda dentada deben coincidir con los de la rueda dentada anterior. <\/p>\n<h3>Otros productos de nuestra empresa<\/h3>\n<p>Nuestra empresa se especializa en proporcionar diversos engranajes de pl\u00e1stico utilizados en industrias, incluidas cajas de engranajes agr\u00edcolas, ejes de salida de potencia, pi\u00f1ones, acoplamientos de fluido, reductores de tornillo sin fin, engranajes y cremalleras, cadenas desmontables, poleas y poleas, cajas de engranajes planetarios, poleas de distribuci\u00f3n, bujes y m\u00e1s. <\/p>\n<p>En nuestra empresa, priorizamos la calidad de nuestros productos, los precios favorables y un excelente servicio al cliente. Damos la bienvenida a los clientes que vienen a nosotros para personalizar sus dise\u00f1os o muestras. <\/p>\n<h2>Preguntas y respuestas<\/h2>\n<p>1. \u00bfPara qu\u00e9 se utilizan las ruedas dentadas del transportador?<br \/>\n\u2013 Las ruedas dentadas transportadoras se utilizan en sistemas transportadores para el movimiento de materiales y cargas pesadas en diversas industrias, como la agricultura, la automotriz, la miner\u00eda y el procesamiento de alimentos.<\/p>\n<p>2. \u00bfDe qu\u00e9 materiales est\u00e1n hechas las ruedas dentadas del transportador?<br \/>\n\u2013 Las ruedas dentadas para transportadores est\u00e1n disponibles en diversos materiales, como acero inoxidable, acero al carbono y pl\u00e1stico, dependiendo de la aplicaci\u00f3n y el entorno en el que se utilizar\u00e1n.<\/p>\n<p>3. \u00bfC\u00f3mo se instalan las ruedas dentadas del transportador?<br \/>\n\u2013 Las ruedas dentadas del transportador se montan en el eje y se aseguran con un tornillo de fijaci\u00f3n o una chaveta.<\/p>\n<p>4. \u00bfCon qu\u00e9 frecuencia se deben realizar el mantenimiento de las ruedas dentadas del transportador?<br \/>\n\u2013 El mantenimiento peri\u00f3dico es esencial para garantizar la longevidad de la rueda dentada. Esto incluye limpiarla y lubricarla peri\u00f3dicamente, as\u00ed como inspeccionarla para detectar desgaste.<\/p>\n<p>5. \u00bfQu\u00e9 otros productos ofrece su empresa adem\u00e1s de pi\u00f1ones para transportadores?<br \/>\n\u2013 Nuestra empresa se especializa en proporcionar diversos engranajes pl\u00e1sticos utilizados en industrias, incluyendo cajas de engranajes agr\u00edcolas, ejes de salida de potencia, pi\u00f1ones, acoplamientos de fluido, reductores de tornillo sin fin, engranajes y cremalleras, cadenas desmontables, poleas y poleas, cajas de engranajes planetarios, poleas de distribuci\u00f3n, bujes y m\u00e1s.<\/p>","protected":false},"excerpt":{"rendered":"<p>Conveyor Sprocket For S Roller Chains: An Overview Conveyor sprockets play a vital role in several industries, including agriculture, automotive, mining, and food processing. They are commonly used in conveyor systems for the movement of heavy materials and loads. The history of sprockets dates back to the 15th century when they were used as a [&hellip;]<\/p>","protected":false},"featured_media":3619,"template":"","meta":{"_et_pb_use_builder":"","_et_pb_old_content":"","_et_gb_content_width":""},"product_brand":[],"product_cat":[11296],"product_tag":[],"class_list":{"0":"post-3620","1":"product","2":"type-product","3":"status-publish","4":"has-post-thumbnail","6":"product_cat-sprocket","8":"first","9":"instock","10":"shipping-taxable","11":"product-type-simple"},"_links":{"self":[{"href":"https:\/\/agricultural-gear-boxes.com\/es\/wp-json\/wp\/v2\/product\/3620","targetHints":{"allow":["GET"]}}],"collection":[{"href":"https:\/\/agricultural-gear-boxes.com\/es\/wp-json\/wp\/v2\/product"}],"about":[{"href":"https:\/\/agricultural-gear-boxes.com\/es\/wp-json\/wp\/v2\/types\/product"}],"wp:featuredmedia":[{"embeddable":true,"href":"https:\/\/agricultural-gear-boxes.com\/es\/wp-json\/wp\/v2\/media\/3619"}],"wp:attachment":[{"href":"https:\/\/agricultural-gear-boxes.com\/es\/wp-json\/wp\/v2\/media?parent=3620"}],"wp:term":[{"taxonomy":"product_brand","embeddable":true,"href":"https:\/\/agricultural-gear-boxes.com\/es\/wp-json\/wp\/v2\/product_brand?post=3620"},{"taxonomy":"product_cat","embeddable":true,"href":"https:\/\/agricultural-gear-boxes.com\/es\/wp-json\/wp\/v2\/product_cat?post=3620"},{"taxonomy":"product_tag","embeddable":true,"href":"https:\/\/agricultural-gear-boxes.com\/es\/wp-json\/wp\/v2\/product_tag?post=3620"}],"curies":[{"name":"wp","href":"https:\/\/api.w.org\/{rel}","templated":true}]}}