{"id":3624,"date":"2024-08-23T06:27:03","date_gmt":"2024-08-23T06:27:03","guid":{"rendered":"https:\/\/agricultural-gear-boxes.com\/product\/double-idler-sprockets\/"},"modified":"2024-08-23T06:27:04","modified_gmt":"2024-08-23T06:27:04","slug":"double-idler-sprockets","status":"publish","type":"product","link":"https:\/\/agricultural-gear-boxes.com\/es\/product\/double-idler-sprockets\/","title":{"rendered":"Pi\u00f1ones de doble rueda tensora"},"content":{"rendered":"<h2>Pi\u00f1ones de doble rueda: c\u00f3mo garantizar una transmisi\u00f3n eficiente de la cadena de rodillos<\/h2>\n<p>La rueda dentada doble es un componente esencial en los sistemas de transmisi\u00f3n de cadenas de rodillos, ya que proporciona control de tensi\u00f3n y garantiza un funcionamiento suave. Esta rueda dentada vers\u00e1til viene en el dise\u00f1o tipo B W (doble), que ofrece comodidad y flexibilidad en el dise\u00f1o del sistema.<\/p>","protected":false},"excerpt":{"rendered":"<p>Pi\u00f1ones de doble polea: garantizan una transmisi\u00f3n eficiente de la cadena de rodillos El pi\u00f1\u00f3n de doble polea es un componente esencial en los sistemas de transmisi\u00f3n de cadena de rodillos, ya que proporciona control de tensi\u00f3n y garantiza un funcionamiento suave. Este pi\u00f1\u00f3n vers\u00e1til viene en el dise\u00f1o tipo B W (doble), que ofrece comodidad y flexibilidad en el dise\u00f1o del sistema.<\/p>","protected":false},"featured_media":3623,"template":"","meta":{"_et_pb_use_builder":"","_et_pb_old_content":"","_et_gb_content_width":""},"product_brand":[],"product_cat":[11296],"product_tag":[],"class_list":{"0":"post-3624","1":"product","2":"type-product","3":"status-publish","4":"has-post-thumbnail","6":"product_cat-sprocket","8":"first","9":"instock","10":"shipping-taxable","11":"product-type-simple"},"_links":{"self":[{"href":"https:\/\/agricultural-gear-boxes.com\/es\/wp-json\/wp\/v2\/product\/3624","targetHints":{"allow":["GET"]}}],"collection":[{"href":"https:\/\/agricultural-gear-boxes.com\/es\/wp-json\/wp\/v2\/product"}],"about":[{"href":"https:\/\/agricultural-gear-boxes.com\/es\/wp-json\/wp\/v2\/types\/product"}],"wp:featuredmedia":[{"embeddable":true,"href":"https:\/\/agricultural-gear-boxes.com\/es\/wp-json\/wp\/v2\/media\/3623"}],"wp:attachment":[{"href":"https:\/\/agricultural-gear-boxes.com\/es\/wp-json\/wp\/v2\/media?parent=3624"}],"wp:term":[{"taxonomy":"product_brand","embeddable":true,"href":"https:\/\/agricultural-gear-boxes.com\/es\/wp-json\/wp\/v2\/product_brand?post=3624"},{"taxonomy":"product_cat","embeddable":true,"href":"https:\/\/agricultural-gear-boxes.com\/es\/wp-json\/wp\/v2\/product_cat?post=3624"},{"taxonomy":"product_tag","embeddable":true,"href":"https:\/\/agricultural-gear-boxes.com\/es\/wp-json\/wp\/v2\/product_tag?post=3624"}],"curies":[{"name":"wp","href":"https:\/\/api.w.org\/{rel}","templated":true}]}}