{"id":3626,"date":"2024-08-23T06:27:09","date_gmt":"2024-08-23T06:27:09","guid":{"rendered":"https:\/\/agricultural-gear-boxes.com\/product\/sus-stainless-steel-idler-sprocket\/"},"modified":"2024-08-23T06:27:09","modified_gmt":"2024-08-23T06:27:09","slug":"sus-stainless-steel-idler-sprocket","status":"publish","type":"product","link":"https:\/\/agricultural-gear-boxes.com\/es\/product\/sus-stainless-steel-idler-sprocket\/","title":{"rendered":"Rueda dentada tensora de acero inoxidable SUS"},"content":{"rendered":"<h2>Rueda dentada tensora de acero inoxidable SUS: una opci\u00f3n duradera y resistente a la corrosi\u00f3n para la transmisi\u00f3n de cadenas de rodillos de alta tensi\u00f3n<\/h2>\n<p>Las ruedas dentadas de acero inoxidable SUS son una opci\u00f3n de primera calidad para transmisiones por cadena de rodillos que requieren alta tensi\u00f3n. Estas ruedas dentadas, fabricadas en acero inoxidable, ofrecen una excelente resistencia a la corrosi\u00f3n y durabilidad, lo que las hace ideales para su uso en entornos hostiles. El cojinete de acero inoxidable ubicado en el centro de la rueda dentada garantiza un rendimiento \u00f3ptimo.<\/p>\n<h3>Ventajas de las ruedas dentadas de acero inoxidable SUS<\/h3>\n<ul>\n<li>Excelente resistencia a la corrosi\u00f3n.<\/li>\n<li>Durabilidad en entornos hostiles<\/li>\n<li>Cojinete de acero inoxidable para un rendimiento \u00f3ptimo.<\/li>\n<\/ul>\n<h3>Aplicaciones de las ruedas dentadas de acero inoxidable SUS<\/h3>\n<p>Las ruedas dentadas tensoras de acero inoxidable SUS se utilizan com\u00fanmente en aplicaciones industriales como:<\/p>\n<ul>\n<li>Procesamiento de alimentos<\/li>\n<li>Productos farmac\u00e9uticos<\/li>\n<li>Productos qu\u00edmicos<\/li>\n<li>Agricultura<\/li>\n<li>Embalaje<\/li>\n<\/ul>\n<h3>Instalaci\u00f3n, mantenimiento y reparaci\u00f3n de ruedas dentadas de acero inoxidable SUS<\/h3>\n<p>Para instalar pi\u00f1ones tensores de acero inoxidable SUS, siga estos pasos:<\/p>\n<ol>\n<li>Aseg\u00farese de que el di\u00e1metro del eje sea del tama\u00f1o correcto para el orificio de la rueda dentada.<\/li>\n<li>Fije firmemente la rueda dentada al eje con tornillos de fijaci\u00f3n o un dispositivo de bloqueo.<\/li>\n<li>Ajuste la tensi\u00f3n al nivel apropiado<\/li>\n<\/ol>\n<p>Para mantener y reparar la rueda dentada, verifique peri\u00f3dicamente si hay desgaste y reempl\u00e1cela si es necesario.<\/p>\n<h3>Materiales disponibles para ruedas dentadas de acero inoxidable SUS<\/h3>\n<p>Las ruedas dentadas tensoras de acero inoxidable SUS se pueden fabricar con una variedad de materiales, incluidos:<\/p>\n<ul>\n<li>Acero inoxidable<\/li>\n<li>Acero carbono<\/li>\n<li>Pl\u00e1stico<\/li>\n<\/ul>\n<h3>Especificaciones de las ruedas dentadas de acero inoxidable SUS<\/h3>\n<table>\n<thead>\n<tr>\n<th>No.<\/th>\n<th>N\u00famero de dientes<\/th>\n<th>Di\u00e1metro interior D<\/th>\n<th>Di\u00e1metro exterior Do<\/th>\n<th>Di\u00e1metro de paso Dp<\/th>\n<th>Ancho del diente T<\/th>\n<th>Jefe BD<\/th>\n<th>Ancho total BL<\/th>\n<th>Cojinete SUS usado<\/th>\n<th>Peso kg<\/th>\n<\/tr>\n<\/thead>\n<tbody>\n<tr>\n<td><\/td>\n<td rowspan=\"2\">16<\/td>\n<td>10<\/td>\n<td rowspan=\"2\">54<\/td>\n<td rowspan=\"2\">48.82<\/td>\n<td><\/td>\n<td rowspan=\"2\">38<\/td>\n<td rowspan=\"2\">14<\/td>\n<td>6000ZZ<\/td>\n<td>0.12<\/td>\n<\/tr>\n<tr>\n<td>35 \u00b0C<\/td>\n<td>12<\/td>\n<td>4.3<\/td>\n<td>6001ZZ<\/td>\n<td>0.11<\/td>\n<\/tr>\n<tr>\n<td rowspan=\"3\"><\/td>\n<td>18<\/td>\n<td>15<\/td>\n<td>60<\/td>\n<td>54.85<\/td>\n<td rowspan=\"3\"><\/td>\n<td>44<\/td>\n<td>17<\/td>\n<td>6202ZZ<\/td>\n<td>0.17<\/td>\n<\/tr>\n<tr>\n<td>21<\/td>\n<td>17<\/td>\n<td>69<\/td>\n<td>63.91<\/td>\n<td>53<\/td>\n<td>19<\/td>\n<td>6203ZZ<\/td>\n<td>0.25<\/td>\n<\/tr>\n<tr>\n<td>25<\/td>\n<td>20<\/td>\n<td>81<\/td>\n<td>76<\/td>\n<td>60<\/td>\n<td>21<\/td>\n<td>6204ZZ<\/td>\n<td>0.34<\/td>\n<\/tr>\n<tr>\n<td><\/td>\n<td rowspan=\"2\">13<\/td>\n<td>10<\/td>\n<td rowspan=\"2\">59<\/td>\n<td rowspan=\"2\">53.07<\/td>\n<td><\/td>\n<td rowspan=\"2\">38<\/td>\n<td rowspan=\"2\">14<\/td>\n<td>6000ZZ<\/td>\n<td>0.16<\/td>\n<\/tr>\n<tr>\n<td>40 \u00b0C<\/td>\n<td>12<\/td>\n<td>7.2<\/td>\n<td>6001ZZ<\/td>\n<td>0.15<\/td>\n<\/tr>\n<tr>\n<td rowspan=\"3\"><\/td>\n<td>15<\/td>\n<td>15<\/td>\n<td>67<\/td>\n<td>61.08<\/td>\n<td rowspan=\"3\"><\/td>\n<td>44<\/td>\n<td>17<\/td>\n<td>6202ZZ<\/td>\n<td>0.2<\/td>\n<\/tr>\n<tr>\n<td>17<\/td>\n<td>17<\/td>\n<td>76<\/td>\n<td>69.12<\/td>\n<td>53<\/td>\n<td>19<\/td>\n<td>6203ZZ<\/td>\n<td>0.31<\/td>\n<\/tr>\n<tr>\n<td>19<\/td>\n<td>20<\/td>\n<td>84<\/td>\n<td>77.16<\/td>\n<td>60<\/td>\n<td>21<\/td>\n<td>6204ZZ<\/td>\n<td>0.41<\/td>\n<\/tr>\n<tr>\n<td><\/td>\n<td>12<\/td>\n<td>12<\/td>\n<td>69<\/td>\n<td>61.34<\/td>\n<td><\/td>\n<td>43<\/td>\n<td>16<\/td>\n<td>6201ZZ<\/td>\n<td>0.22<\/td>\n<\/tr>\n<tr>\n<td>50 \u00b0C<\/td>\n<td>13<\/td>\n<td>15<\/td>\n<td>74<\/td>\n<td>66.34<\/td>\n<td>8.7<\/td>\n<td>44<\/td>\n<td>17<\/td>\n<td>6202ZZ<\/td>\n<td>0.24<\/td>\n<\/tr>\n<tr>\n<td><\/td>\n<td>15<\/td>\n<td>17<\/td>\n<td>84<\/td>\n<td>76.35<\/td>\n<td><\/td>\n<td>53<\/td>\n<td>19<\/td>\n<td>6203ZZ<\/td>\n<td>0.38<\/td>\n<\/tr>\n<tr>\n<td><\/td>\n<td>17<\/td>\n<td>20<\/td>\n<td>94<\/td>\n<td>86.39<\/td>\n<td><\/td>\n<td>60<\/td>\n<td>21<\/td>\n<td>6204ZZ<\/td>\n<td>0.5<\/td>\n<\/tr>\n<tr>\n<td><\/td>\n<td rowspan=\"2\">11<\/td>\n<td>12<\/td>\n<td rowspan=\"2\">76<\/td>\n<td rowspan=\"2\">67.62<\/td>\n<td><\/td>\n<td rowspan=\"2\">44<\/td>\n<td>16<\/td>\n<td>6201ZZ<\/td>\n<td>0.27<\/td>\n<\/tr>\n<tr>\n<td>60 \u00b0C<\/td>\n<td>15<\/td>\n<td>11.7<\/td>\n<td>17<\/td>\n<td>6202ZZ<\/td>\n<td>0.28<\/td>\n<\/tr>\n<tr>\n<td rowspan=\"2\"><\/td>\n<td>13<\/td>\n<td>17<\/td>\n<td>89<\/td>\n<td>79.6<\/td>\n<td rowspan=\"2\"><\/td>\n<td>53<\/td>\n<td>19<\/td>\n<td>6203ZZ<\/td>\n<td>0.47<\/td>\n<\/tr>\n<tr>\n<td>14<\/td>\n<td>20<\/td>\n<td>95<\/td>\n<td>85.61<\/td>\n<td>60<\/td>\n<td>21<\/td>\n<td>6204ZZ<\/td>\n<td>0.57<\/td>\n<\/tr>\n<tr>\n<td><\/td>\n<td>9<\/td>\n<td>15<\/td>\n<td>85<\/td>\n<td>74.27<\/td>\n<td><\/td>\n<td>44<\/td>\n<td>17<\/td>\n<td>6202ZZ<\/td>\n<td>0.39<\/td>\n<\/tr>\n<tr>\n<td>80 \u00b0C<\/td>\n<td>10<\/td>\n<td>17<\/td>\n<td>93<\/td>\n<td>82.2<\/td>\n<td>14.6<\/td>\n<td>52<\/td>\n<td>19<\/td>\n<td>6203ZZ<\/td>\n<td>0.58<\/td>\n<\/tr>\n<tr>\n<td><\/td>\n<td>11<\/td>\n<td>20<\/td>\n<td>102<\/td>\n<td>90.16<\/td>\n<td><\/td>\n<td>60<\/td>\n<td>21<\/td>\n<td>6204ZZ<\/td>\n<td>0.7<\/td>\n<\/tr>\n<\/tbody>\n<\/table>\n<h2>Otros productos de nuestra empresa<\/h2>\n<p>Adem\u00e1s de las ruedas dentadas de acero inoxidable SUS, nuestra empresa ofrece una amplia gama de engranajes de pl\u00e1stico y otros componentes industriales, incluidos:<\/p>\n<ul>\n<li>Cajas de cambios agr\u00edcolas<\/li>\n<li>Ejes de salida de potencia<\/li>\n<li>Pi\u00f1ones<\/li>\n<li>Acoplamientos de fluidos<\/li>\n<li>Reductores de engranajes helicoidales<\/li>\n<li>Engranajes y cremalleras<\/li>\n<li>Cadenas desmontables<\/li>\n<li>Poleas y poleas<\/li>\n<li>Cajas de engranajes planetarios<\/li>\n<li>Poleas de distribuci\u00f3n<\/li>\n<li>Bujes<\/li>\n<\/ul>\n<h2>Preguntas y respuestas<\/h2>\n<p>1. \u00bfCu\u00e1les son las ventajas de las ruedas dentadas tensoras de acero inoxidable SUS?<br \/>\nLas ruedas dentadas de acero inoxidable SUS ofrecen una excelente resistencia a la corrosi\u00f3n y durabilidad, lo que las hace ideales para su uso en entornos hostiles. Tambi\u00e9n tienen un cojinete de acero inoxidable para un rendimiento \u00f3ptimo.<\/p>\n<p>2. \u00bfEn qu\u00e9 aplicaciones se utilizan com\u00fanmente las ruedas dentadas tensoras de acero inoxidable SUS?<br \/>\nLas ruedas dentadas tensoras de acero inoxidable SUS se utilizan com\u00fanmente en aplicaciones industriales como procesamiento de alimentos, productos farmac\u00e9uticos, productos qu\u00edmicos, agricultura y embalaje.<\/p>\n<p>3. \u00bfDe qu\u00e9 materiales se pueden fabricar las ruedas dentadas tensoras de acero inoxidable SUS?<br \/>\nLas ruedas dentadas tensoras de acero inoxidable SUS pueden fabricarse con una variedad de materiales, incluidos acero inoxidable, acero al carbono y pl\u00e1stico.<\/p>\n<p>4. \u00bfC\u00f3mo se instalan las ruedas dentadas tensoras de acero inoxidable SUS?<br \/>\nPara instalar ruedas dentadas tensoras de acero inoxidable SUS, aseg\u00farese de que el di\u00e1metro del eje sea el tama\u00f1o correcto para el orificio de la rueda dentada, fije firmemente la rueda dentada al eje con tornillos de fijaci\u00f3n o un dispositivo de bloqueo y ajuste la tensi\u00f3n al nivel apropiado.<\/p>\n<p>5. \u00bfQu\u00e9 otros productos ofrece su empresa?<br \/>\nAdem\u00e1s de ruedas dentadas tensoras de acero inoxidable SUS, nuestra empresa ofrece una amplia gama de engranajes de pl\u00e1stico y otros componentes industriales que incluyen cajas de engranajes agr\u00edcolas, ejes de salida de potencia, ruedas dentadas, acoplamientos de fluido, reductores de tornillo sin fin, engranajes y cremalleras, cadenas desmontables, poleas y poleas, cajas de engranajes planetarios, poleas de distribuci\u00f3n, bujes y m\u00e1s.<\/p>","protected":false},"excerpt":{"rendered":"<p>SUS Stainless Steel Idler Sprocket: A Durable and Corrosion-Resistant Option for High-Tension Roller Chain Transmission SUS stainless steel idler sprockets are a top-quality option for roller chain transmission that require high tension. Made of stainless steel, these sprockets offer excellent corrosion resistance and durability, making them ideal for use in harsh environments. The stainless steel [&hellip;]<\/p>","protected":false},"featured_media":3625,"template":"","meta":{"_et_pb_use_builder":"","_et_pb_old_content":"","_et_gb_content_width":""},"product_brand":[],"product_cat":[11296],"product_tag":[],"class_list":{"0":"post-3626","1":"product","2":"type-product","3":"status-publish","4":"has-post-thumbnail","6":"product_cat-sprocket","8":"first","9":"instock","10":"shipping-taxable","11":"product-type-simple"},"_links":{"self":[{"href":"https:\/\/agricultural-gear-boxes.com\/es\/wp-json\/wp\/v2\/product\/3626","targetHints":{"allow":["GET"]}}],"collection":[{"href":"https:\/\/agricultural-gear-boxes.com\/es\/wp-json\/wp\/v2\/product"}],"about":[{"href":"https:\/\/agricultural-gear-boxes.com\/es\/wp-json\/wp\/v2\/types\/product"}],"wp:featuredmedia":[{"embeddable":true,"href":"https:\/\/agricultural-gear-boxes.com\/es\/wp-json\/wp\/v2\/media\/3625"}],"wp:attachment":[{"href":"https:\/\/agricultural-gear-boxes.com\/es\/wp-json\/wp\/v2\/media?parent=3626"}],"wp:term":[{"taxonomy":"product_brand","embeddable":true,"href":"https:\/\/agricultural-gear-boxes.com\/es\/wp-json\/wp\/v2\/product_brand?post=3626"},{"taxonomy":"product_cat","embeddable":true,"href":"https:\/\/agricultural-gear-boxes.com\/es\/wp-json\/wp\/v2\/product_cat?post=3626"},{"taxonomy":"product_tag","embeddable":true,"href":"https:\/\/agricultural-gear-boxes.com\/es\/wp-json\/wp\/v2\/product_tag?post=3626"}],"curies":[{"name":"wp","href":"https:\/\/api.w.org\/{rel}","templated":true}]}}