{"id":3630,"date":"2024-08-23T06:27:17","date_gmt":"2024-08-23T06:27:17","guid":{"rendered":"https:\/\/agricultural-gear-boxes.com\/product\/sprockets-for-forged-case-conveyor-chain\/"},"modified":"2024-08-23T06:27:18","modified_gmt":"2024-08-23T06:27:18","slug":"sprockets-for-forged-case-conveyor-chain","status":"publish","type":"product","link":"https:\/\/agricultural-gear-boxes.com\/es\/product\/sprockets-for-forged-case-conveyor-chain\/","title":{"rendered":"Pi\u00f1ones para cadena transportadora de caja forjada"},"content":{"rendered":"<h2>Pi\u00f1ones para cadena transportadora de cajas forjadas: fiables y duraderos<\/h2>\n<p>Las cadenas transportadoras son una parte integral de muchos procesos de fabricaci\u00f3n industrial. Y para que sigan funcionando, se necesita una rueda dentada fiable y duradera. Ah\u00ed es donde entran en juego las ruedas dentadas para cadenas transportadoras de cajas forjadas. Estas ruedas dentadas, dise\u00f1adas espec\u00edficamente para funcionar con cadenas transportadoras de cajas forjadas, garantizan un funcionamiento eficiente y una larga vida \u00fatil del transportador.<\/p>\n<h3>Ventajas de las ruedas dentadas para cadenas transportadoras de cajas forjadas<\/h3>\n<ul>\n<li>Alta resistencia al desgaste<\/li>\n<li>Resistencia a la corrosi\u00f3n<\/li>\n<li>Dise\u00f1o robusto para aplicaciones de servicio pesado.<\/li>\n<li>Mecanizado de precisi\u00f3n para un enganche \u00f3ptimo de la cadena<\/li>\n<li>Disponible en varios materiales para adaptarse a aplicaciones espec\u00edficas.<\/li>\n<\/ul>\n<h3>Tipos de materiales utilizados para las ruedas dentadas de la cadena transportadora de caja forjada<\/h3>\n<p>Las ruedas dentadas para cadenas transportadoras de caja forjada suelen estar hechas de acero de alta calidad u otras aleaciones como acero al carbono, acero inoxidable y pl\u00e1stico. La elecci\u00f3n del material depende de la aplicaci\u00f3n espec\u00edfica y las condiciones ambientales.<\/p>\n<h3>Instalaci\u00f3n, mantenimiento y reparaci\u00f3n<\/h3>\n<p>Para garantizar un rendimiento \u00f3ptimo, es fundamental instalar, mantener y reparar correctamente las ruedas dentadas para cadenas transportadoras de cajas forjadas. Se recomienda seguir las instrucciones y pautas del fabricante para la instalaci\u00f3n, el mantenimiento y la reparaci\u00f3n. La limpieza y lubricaci\u00f3n peri\u00f3dicas de las ruedas dentadas pueden ayudar a prolongar su vida \u00fatil.<\/p>\n<h3>Reemplazo de pi\u00f1ones en una cadena transportadora de caja forjada<\/h3>\n<p>Con el tiempo, las ruedas dentadas pueden desgastarse y es necesario reemplazarlas. Al reemplazar las ruedas dentadas de una cadena transportadora de cajas forjadas, es importante elegir el tama\u00f1o y el tipo de rueda dentada adecuados que coincidan con la cadena existente. Tambi\u00e9n se recomienda reemplazar todo el conjunto de ruedas dentadas para garantizar un enganche \u00f3ptimo de la cadena y evitar el desgaste prematuro.<\/p>\n<h2>Otros productos de nuestra empresa<\/h2>\n<p>Adem\u00e1s de las ruedas dentadas para cadenas transportadoras de cajas forjadas, nuestra empresa tambi\u00e9n suministra diversos engranajes de pl\u00e1stico utilizados en la industria, como cajas de engranajes agr\u00edcolas, ejes de salida de potencia, acoplamientos de fluidos, reductores de engranajes helicoidales, engranajes y cremalleras, cadenas desmontables, poleas y poleas, cajas de engranajes planetarios, poleas de distribuci\u00f3n, bujes y m\u00e1s. Nos enorgullecemos de ofrecer productos de alta calidad a precios favorables, con un servicio considerado. Damos la bienvenida a los clientes a que vengan a nosotros para la personalizaci\u00f3n de dibujos o muestras.<\/p>\n<h2>Preguntas y respuestas<\/h2>\n<h3>1. \u00bfDe qu\u00e9 est\u00e1n hechas las ruedas dentadas para cadenas transportadoras de cajas forjadas?<\/h3>\n<p>Las ruedas dentadas para cadenas transportadoras de caja forjada generalmente est\u00e1n hechas de acero de alta calidad u otras aleaciones como carbono, acero inoxidable y pl\u00e1stico.<\/p>\n<h3>2. \u00bfC\u00f3mo instalo pi\u00f1ones para cadena transportadora de cajas forjadas?<\/h3>\n<p>Se recomienda seguir las instrucciones y pautas del fabricante para la instalaci\u00f3n. Una instalaci\u00f3n adecuada y un mantenimiento regular pueden ayudar a prolongar la vida \u00fatil de las ruedas dentadas.<\/p>\n<h3>3. \u00bfCon qu\u00e9 frecuencia debo reemplazar las ruedas dentadas de la cadena transportadora de caja forjada?<\/h3>\n<p>Con el tiempo, las ruedas dentadas pueden desgastarse y es necesario reemplazarlas. Se recomienda reemplazar todo el conjunto de ruedas dentadas para garantizar un enganche \u00f3ptimo de la cadena y evitar un desgaste prematuro.<\/p>\n<h3>4. \u00bfLas ruedas dentadas para cadenas transportadoras de cajas forjadas son adecuadas para aplicaciones de servicio pesado?<\/h3>\n<p>S\u00ed, las ruedas dentadas para cadenas transportadoras de cajas forjadas est\u00e1n dise\u00f1adas para ser robustas y duraderas para aplicaciones de trabajo pesado.<\/p>\n<h3>5. \u00bfQu\u00e9 otros productos suministra su empresa?<\/h3>\n<p>Adem\u00e1s de pi\u00f1ones para cadenas transportadoras de caja forjada, nuestra empresa tambi\u00e9n suministra diversos engranajes de pl\u00e1stico utilizados en la industria, como cajas de engranajes agr\u00edcolas, ejes de salida de potencia, acoplamientos de fluido, reductores de tornillo sin fin, engranajes y cremalleras, cadenas desmontables, poleas y poleas, cajas de engranajes planetarios, poleas de distribuci\u00f3n, bujes y m\u00e1s.<\/p>","protected":false},"excerpt":{"rendered":"<p>Sprockets For Forged Case Conveyor Chain: Reliable and Durable Conveyor chains are an integral part of many industrial manufacturing processes. And to keep them moving, you need a reliable and durable sprocket. That&#8217;s where Sprockets For Forged Case Conveyor Chain come in. Specifically designed to work with forged case conveyor chains, these sprockets ensure efficient [&hellip;]<\/p>","protected":false},"featured_media":3629,"template":"","meta":{"_et_pb_use_builder":"","_et_pb_old_content":"","_et_gb_content_width":""},"product_brand":[],"product_cat":[11296],"product_tag":[],"class_list":{"0":"post-3630","1":"product","2":"type-product","3":"status-publish","4":"has-post-thumbnail","6":"product_cat-sprocket","8":"first","9":"instock","10":"shipping-taxable","11":"product-type-simple"},"_links":{"self":[{"href":"https:\/\/agricultural-gear-boxes.com\/es\/wp-json\/wp\/v2\/product\/3630","targetHints":{"allow":["GET"]}}],"collection":[{"href":"https:\/\/agricultural-gear-boxes.com\/es\/wp-json\/wp\/v2\/product"}],"about":[{"href":"https:\/\/agricultural-gear-boxes.com\/es\/wp-json\/wp\/v2\/types\/product"}],"wp:featuredmedia":[{"embeddable":true,"href":"https:\/\/agricultural-gear-boxes.com\/es\/wp-json\/wp\/v2\/media\/3629"}],"wp:attachment":[{"href":"https:\/\/agricultural-gear-boxes.com\/es\/wp-json\/wp\/v2\/media?parent=3630"}],"wp:term":[{"taxonomy":"product_brand","embeddable":true,"href":"https:\/\/agricultural-gear-boxes.com\/es\/wp-json\/wp\/v2\/product_brand?post=3630"},{"taxonomy":"product_cat","embeddable":true,"href":"https:\/\/agricultural-gear-boxes.com\/es\/wp-json\/wp\/v2\/product_cat?post=3630"},{"taxonomy":"product_tag","embeddable":true,"href":"https:\/\/agricultural-gear-boxes.com\/es\/wp-json\/wp\/v2\/product_tag?post=3630"}],"curies":[{"name":"wp","href":"https:\/\/api.w.org\/{rel}","templated":true}]}}