{"id":3669,"date":"2024-08-26T05:38:54","date_gmt":"2024-08-26T05:38:54","guid":{"rendered":"https:\/\/agricultural-gear-boxes.com\/product\/sharp-top-chain\/"},"modified":"2024-08-26T05:38:54","modified_gmt":"2024-08-26T05:38:54","slug":"sharp-top-chain","status":"publish","type":"product","link":"https:\/\/agricultural-gear-boxes.com\/es\/product\/sharp-top-chain\/","title":{"rendered":"Cadena superior afilada"},"content":{"rendered":"<h2>Cadena Sharp Top: una soluci\u00f3n confiable para aplicaciones en la industria de la madera<\/h2>\n<p>Los productos de Sharp Top Chain est\u00e1n fabricados con materiales de primera calidad, lo que garantiza una dureza excepcional para soportar la corrosi\u00f3n, la oxidaci\u00f3n y las altas temperaturas. Las cadenas cuentan con placas centrales s\u00f3lidas que minimizan las fallas causadas por el aserr\u00edn y la acumulaci\u00f3n de virutas. Adem\u00e1s, nuestras cadenas de base plana rectificadas con precisi\u00f3n est\u00e1n dise\u00f1adas para reducir el desgaste, evitar da\u00f1os en el lecho de la cadena y distribuir las cargas de manera uniforme.<\/p>\n<p><img decoding=\"async\" class=\"lazyloaded aligncenter\" src=\"https:\/\/sc01.alicdn.com\/kf\/HTB12k2LaeUXBuNjt_a0q6AysXXaa\/200078908\/HTB12k2LaeUXBuNjt_a0q6AysXXaa.jpg\" alt=\"1-1.jpg\" data-src=\"\/\/sc01.alicdn.com\/kf\/HTB12k2LaeUXBuNjt_a0q6AysXXaa\/200078908\/HTB12k2LaeUXBuNjt_a0q6AysXXaa.jpg\" \/><\/p>\n<p><img decoding=\"async\" class=\"lazyloaded aligncenter\" src=\"https:\/\/sc01.alicdn.com\/kf\/HTB1ZOJOqY1YBuNjSszhq6AUsFXaL\/200078908\/HTB1ZOJOqY1YBuNjSszhq6AUsFXaL.jpg\" alt=\"1-2.jpg\" data-src=\"\/\/sc01.alicdn.com\/kf\/HTB1ZOJOqY1YBuNjSszhq6AUsFXaL\/200078908\/HTB1ZOJOqY1YBuNjSszhq6AUsFXaL.jpg\" \/><\/p>\n<p style=\"text-align: center;\"><strong>Cadena superior afilada 12A-1-2PEP, 16A1-2PEP, 16B-1-2PEP, 20B-1-2PEP<\/strong><\/p>\n<p>La cadena de punta afilada se utiliza ampliamente en la industria maderera, espec\u00edficamente para tareas como la alimentaci\u00f3n, la salida y el corte de madera. Esta cadena posee varias caracter\u00edsticas notables:<\/p>\n<ul>\n<li>La cadena presenta una excelente resistencia al desgaste.<\/li>\n<li>Durante el funcionamiento, la cadena experimenta una resistencia de fricci\u00f3n m\u00ednima contra el carril gu\u00eda.<\/li>\n<li>Se compone de enlaces b\u00e1sicos y enlaces adjuntos.<\/li>\n<li>Est\u00e1 dise\u00f1ado para soportar impactos, calor, fr\u00edo y corrosi\u00f3n en condiciones especiales.<\/li>\n<\/ul>\n<p><img loading=\"lazy\" decoding=\"async\" class=\"aligncenter wp-image-24831 size-full\" src=\"https:\/\/www.ever-power.net\/wp-content\/uploads\/2019\/07\/Sharp-Top-Chain-80-4P2P16B-4P2P.jpg\" alt=\"Cadena superior afilada 80-4P2P,16B-4P2P\" width=\"608\" height=\"654\" \/><\/p>\n<p style=\"text-align: center;\"><strong>Cadena superior afilada 80-4P2P,16B-4P2P<\/strong><\/p>\n<p style=\"text-align: center;\"><img loading=\"lazy\" decoding=\"async\" class=\"aligncenter size-full wp-image-24832\" src=\"https:\/\/www.ever-power.net\/wp-content\/uploads\/2019\/07\/Sharp-Top-Chain-80-1-5PEP80-2-5PEP80H-2-5PEP100-2-5PEP100-1-PEP.jpg\" alt=\"Cadena superior afilada 80-1-5PEP,80-2-5PEP,80H-2-5PEP,100-2-5PEP,100-1-PEP\" width=\"630\" height=\"627\" \/><\/p>\n<p style=\"text-align: center;\"><strong>Cadena superior afilada 80-1-5PEP,80-2-5PEP,80H-2-5PEP,100-2-5PEP,100-1-PEP<\/strong><\/p>\n<p style=\"text-align: center;\"><img loading=\"lazy\" decoding=\"async\" class=\"aligncenter size-full wp-image-24833\" src=\"https:\/\/www.ever-power.net\/wp-content\/uploads\/2019\/07\/Sharp-Top-Chain-160-1-DP32-1-DPC32B-1-DPC32BN-1-DP.jpg\" alt=\"Cadena superior afilada 160-1-DP,32-1-DP,C32B-1-DP,C32BN-1-DP\" width=\"628\" height=\"562\" \/><\/p>\n<p style=\"text-align: center;\"><strong>Cadena superior afilada 160-1-DP,32-1-DP,C32B-1-DP,C32BN-1-DP<\/strong><\/p>\n<h3>Caracter\u00edsticas de la cadena Sharp Top<\/h3>\n<ul>\n<li>Dientes de alta precisi\u00f3n para un agarre \u00f3ptimo y una penetraci\u00f3n m\u00ednima.<\/li>\n<li>Pasadores, bujes, rodillos y placas laterales granallados y tratados t\u00e9rmicamente para lograr una resistencia superior a la fatiga y una vida \u00fatil prolongada.<\/li>\n<li>Perfil de diente de bajo tiro que distribuye el peso y reduce p\u00e9rdidas por magulladuras.<\/li>\n<li>Pasadores remachados de acero de triple aleaci\u00f3n y t\u00e9cnica de remachado \u00f3ptima para una mayor durabilidad.<\/li>\n<li>Las placas con bujes esf\u00e9ricos garantizan un tama\u00f1o de orificio uniforme.<\/li>\n<li>Prelubricado con un lubricante premium dise\u00f1ado espec\u00edficamente para cadenas superiores afiladas.<\/li>\n<li>Dise\u00f1o exclusivo de placa central s\u00f3lida que casi elimina las roturas causadas por el empaque de aserr\u00edn.<\/li>\n<\/ul>\n<h4>Opciones adicionales:<\/h4>\n<ul>\n<li>Pasadores cromados (est\u00e1ndar en algunos tama\u00f1os)<\/li>\n<li>Fondos lisos mecanizados para reducir da\u00f1os en los lechos de la cadena<\/li>\n<li>Recubrimientos anticorrosivos<\/li>\n<li>Dientes endurecidos por inducci\u00f3n<\/li>\n<\/ul>\n<p>En nuestra empresa, nos especializamos en una amplia gama de productos de calidad industrial. Adem\u00e1s de cadenas de punta afilada, suministramos varios engranajes de pl\u00e1stico utilizados en cajas de engranajes agr\u00edcolas, ejes de salida de potencia, ruedas dentadas, acoplamientos de fluidos, reductores de engranajes helicoidales, engranajes y cremalleras, cadenas desmontables, poleas, cajas de engranajes planetarios, poleas de distribuci\u00f3n, bujes y m\u00e1s. Nos enorgullecemos de ofrecer productos de alta calidad, precios competitivos y un servicio al cliente excepcional. Damos una c\u00e1lida bienvenida a los clientes para que proporcionen dibujos o muestras para personalizaciones.<\/p>\n<h2>Preguntas y respuestas<\/h2>\n<p><strong>P1: \u00bfCu\u00e1les son las aplicaciones comunes de las cadenas con punta afilada?<\/strong><\/p>\n<p>A1: Las cadenas con punta afilada se utilizan ampliamente en la industria de la madera, particularmente en operaciones de alimentaci\u00f3n, salida y corte de madera.<\/p>\n<p><strong>P2: \u00bfDe qu\u00e9 material est\u00e1n hechas las cadenas con punta afilada?<\/strong><\/p>\n<p>A2: Las cadenas superiores afiladas est\u00e1n fabricadas con materiales de primera calidad que brindan excelente dureza, resistencia a la corrosi\u00f3n y resistencia a altas temperaturas.<\/p>\n<p><strong>P3: \u00bfC\u00f3mo reducen las cadenas con punta afilada el desgaste y los da\u00f1os en los lechos de las cadenas?<\/strong><\/p>\n<p>A3: Las cadenas superiores afiladas cuentan con cadenas inferiores planas rectificadas con precisi\u00f3n que distribuyen las cargas de manera uniforme, lo que minimiza el desgaste y evita da\u00f1os en la base de la cadena.<\/p>\n<p><strong>P4: \u00bfLas cadenas con punta afilada son resistentes al impacto, al calor y a la corrosi\u00f3n?<\/strong><\/p>\n<p>A4: S\u00ed, las cadenas con punta afilada est\u00e1n dise\u00f1adas para soportar condiciones especiales y exhibir resistencia al impacto, al calor, al fr\u00edo y a la corrosi\u00f3n.<\/p>\n<p><strong>P5: \u00bfEs posible reemplazar f\u00e1cilmente las cadenas superiores afiladas?<\/strong><\/p>\n<p>A5: S\u00ed, las cadenas superiores afiladas se pueden reemplazar con relativa facilidad, lo que garantiza un funcionamiento ininterrumpido y un tiempo de inactividad m\u00ednimo.<\/p>","protected":false},"excerpt":{"rendered":"<p>Sharp Top Chain: A Reliable Solution for Wood Industry Applications Sharp Top Chain products are crafted from top-grade materials, ensuring exceptional hardness to withstand corrosion, oxidation, and high temperatures. The chains boast solid center plates that minimize failure caused by sawdust and chip packing. Additionally, our precision ground flat bottom chains are designed to reduce [&hellip;]<\/p>","protected":false},"featured_media":3668,"template":"","meta":{"_et_pb_use_builder":"","_et_pb_old_content":"","_et_gb_content_width":""},"product_brand":[],"product_cat":[11298],"product_tag":[],"class_list":{"0":"post-3669","1":"product","2":"type-product","3":"status-publish","4":"has-post-thumbnail","6":"product_cat-conveyor-chain","8":"first","9":"instock","10":"shipping-taxable","11":"product-type-simple"},"_links":{"self":[{"href":"https:\/\/agricultural-gear-boxes.com\/es\/wp-json\/wp\/v2\/product\/3669","targetHints":{"allow":["GET"]}}],"collection":[{"href":"https:\/\/agricultural-gear-boxes.com\/es\/wp-json\/wp\/v2\/product"}],"about":[{"href":"https:\/\/agricultural-gear-boxes.com\/es\/wp-json\/wp\/v2\/types\/product"}],"wp:featuredmedia":[{"embeddable":true,"href":"https:\/\/agricultural-gear-boxes.com\/es\/wp-json\/wp\/v2\/media\/3668"}],"wp:attachment":[{"href":"https:\/\/agricultural-gear-boxes.com\/es\/wp-json\/wp\/v2\/media?parent=3669"}],"wp:term":[{"taxonomy":"product_brand","embeddable":true,"href":"https:\/\/agricultural-gear-boxes.com\/es\/wp-json\/wp\/v2\/product_brand?post=3669"},{"taxonomy":"product_cat","embeddable":true,"href":"https:\/\/agricultural-gear-boxes.com\/es\/wp-json\/wp\/v2\/product_cat?post=3669"},{"taxonomy":"product_tag","embeddable":true,"href":"https:\/\/agricultural-gear-boxes.com\/es\/wp-json\/wp\/v2\/product_tag?post=3669"}],"curies":[{"name":"wp","href":"https:\/\/api.w.org\/{rel}","templated":true}]}}