{"id":3671,"date":"2024-08-26T05:38:55","date_gmt":"2024-08-26T05:38:55","guid":{"rendered":"https:\/\/agricultural-gear-boxes.com\/product\/side-bow-chain\/"},"modified":"2024-08-26T05:38:55","modified_gmt":"2024-08-26T05:38:55","slug":"side-bow-chain","status":"publish","type":"product","link":"https:\/\/agricultural-gear-boxes.com\/es\/product\/side-bow-chain\/","title":{"rendered":"Cadena de lazo lateral"},"content":{"rendered":"<h2>Cadena de arco lateral: una soluci\u00f3n vers\u00e1til para sus necesidades de transmisi\u00f3n de potencia<\/h2>\n<p>Las cadenas de arco lateral son un tipo de cadena de rodillos que se puede utilizar en una amplia gama de aplicaciones de transmisi\u00f3n de potencia. Son populares por su capacidad para soportar movimientos torsionales y lineales, lo que las hace ideales para su uso en maquinaria que requiere un movimiento de precisi\u00f3n.<\/p>\n<h3>\u00bfCu\u00e1les son los escenarios de uso comunes de las cadenas de arco lateral?<\/h3>\n<p>Las cadenas de arco lateral se utilizan habitualmente en sistemas de transmisi\u00f3n de potencia donde se requiere una gran precisi\u00f3n. Son especialmente \u00fatiles para aplicaciones que implican transmisiones reversibles o cargas intermitentes. Estas cadenas tambi\u00e9n se utilizan en sistemas de transporte, equipos de envasado y maquinaria en general.<\/p>\n<h3>\u00bfCu\u00e1les son las ventajas de las cadenas de arco lateral?<\/h3>\n<ul>\n<li>Puede manejar movimientos torsionales y lineales.<\/li>\n<li>Puede funcionar en direcci\u00f3n inversa<\/li>\n<li>Ideal para cargas intermitentes<\/li>\n<li>Altamente duradero y de larga duraci\u00f3n.<\/li>\n<\/ul>\n<h3>\u00bfC\u00f3mo instalar, mantener y reparar cadenas de proa lateral?<\/h3>\n<p>La instalaci\u00f3n de cadenas de arco lateral es relativamente sencilla. La cadena debe instalarse de manera que la direcci\u00f3n de los rodillos coincida con la direcci\u00f3n de rotaci\u00f3n. Una lubricaci\u00f3n adecuada es fundamental para mantener la vida \u00fatil de la cadena. Las cadenas deben inspeccionarse peri\u00f3dicamente para detectar signos de desgaste y da\u00f1os. Si es necesario reparar una cadena, es mejor reemplazarla por completo en lugar de intentar reparar eslabones individuales.<\/p>\n<h3>\u00bfCu\u00e1les son los diferentes materiales con los que se pueden fabricar las cadenas de arco lateral?<\/h3>\n<p>Las cadenas de arco lateral generalmente est\u00e1n hechas de acero al carbono, pero tambi\u00e9n pueden estar hechas de acero inoxidable, acero niquelado y otros materiales seg\u00fan la aplicaci\u00f3n.<\/p>\n<h3>\u00bfSe pueden reemplazar las cadenas de proa lateral?<\/h3>\n<p>S\u00ed, las cadenas de arco lateral se pueden reemplazar. Al reemplazar una cadena, es importante elegir el tama\u00f1o y el tipo de cadena correctos para la aplicaci\u00f3n. Las cadenas siempre se deben reemplazar como un conjunto completo en lugar de reemplazar eslabones individuales.<\/p>\n<h2>Otros productos de alta calidad de nuestra empresa<\/h2>\n<p>Adem\u00e1s de nuestras cadenas de arco lateral, ofrecemos una amplia gama de otros productos de transmisi\u00f3n de potencia de alta calidad. Nuestros productos incluyen cajas de engranajes agr\u00edcolas, ejes de salida de potencia, ruedas dentadas, acoplamientos de fluido, reductores de engranajes helicoidales, engranajes y cremalleras, cadenas desmontables, poleas y poleas, cajas de engranajes planetarios, poleas de distribuci\u00f3n, bujes y m\u00e1s. Nos comprometemos a proporcionar a nuestros clientes productos de la m\u00e1s alta calidad a un precio competitivo, y damos la bienvenida a los clientes que vienen a nosotros para la personalizaci\u00f3n de dibujos o muestras.<\/p>\n<h2>Preguntas y respuestas:<\/h2>\n<h3>1. \u00bfPara qu\u00e9 se utilizan las cadenas de proa lateral?<\/h3>\n<p>Las cadenas de arco lateral se utilizan en sistemas de transmisi\u00f3n de potencia donde se requiere una alta precisi\u00f3n. Son particularmente \u00fatiles para aplicaciones que involucran transmisiones reversibles o cargas intermitentes. Estas cadenas tambi\u00e9n se utilizan en sistemas de transporte, equipos de envasado y maquinaria en general.<\/p>\n<h3>2. \u00bfDe qu\u00e9 materiales se pueden fabricar las cadenas de proa lateral?<\/h3>\n<p>Las cadenas de arco lateral generalmente est\u00e1n hechas de acero al carbono, pero tambi\u00e9n pueden estar hechas de acero inoxidable, acero niquelado y otros materiales seg\u00fan la aplicaci\u00f3n.<\/p>\n<h3>3. \u00bfC\u00f3mo se instalan las cadenas de proa lateral?<\/h3>\n<p>La cadena debe instalarse de manera que la direcci\u00f3n de los rodillos coincida con la direcci\u00f3n de rotaci\u00f3n. Una lubricaci\u00f3n adecuada es fundamental para mantener la vida \u00fatil de la cadena.<\/p>\n<h3>4. \u00bfSe pueden reparar las cadenas de proa lateral?<\/h3>\n<p>Si es necesario reparar una cadena, es mejor reemplazar toda la cadena en lugar de intentar reparar eslabones individuales.<\/p>\n<h3>5. \u00bfQu\u00e9 otros productos ofrece su empresa?<\/h3>\n<p>Adem\u00e1s de cadenas de arco lateral, ofrecemos una amplia gama de otros productos de transmisi\u00f3n de potencia de alta calidad, que incluyen cajas de engranajes agr\u00edcolas, ejes de salida de potencia, pi\u00f1ones, acoplamientos de fluido, reductores de tornillo sin fin, engranajes y cremalleras, cadenas desmontables, poleas y poleas, cajas de engranajes planetarios, poleas de distribuci\u00f3n, bujes y m\u00e1s.<\/p>","protected":false},"excerpt":{"rendered":"<p>Side Bow Chain: A Versatile Solution for Your Power Transmission Needs Side bow chains are a type of roller chain that can be used in a wide range of power transmission applications. They are popular for their ability to handle torsional and linear movements, making them ideal for use in machinery that requires precision movement. [&hellip;]<\/p>","protected":false},"featured_media":3670,"template":"","meta":{"_et_pb_use_builder":"","_et_pb_old_content":"","_et_gb_content_width":""},"product_brand":[],"product_cat":[11298],"product_tag":[],"class_list":{"0":"post-3671","1":"product","2":"type-product","3":"status-publish","4":"has-post-thumbnail","6":"product_cat-conveyor-chain","8":"first","9":"instock","10":"shipping-taxable","11":"product-type-simple"},"_links":{"self":[{"href":"https:\/\/agricultural-gear-boxes.com\/es\/wp-json\/wp\/v2\/product\/3671","targetHints":{"allow":["GET"]}}],"collection":[{"href":"https:\/\/agricultural-gear-boxes.com\/es\/wp-json\/wp\/v2\/product"}],"about":[{"href":"https:\/\/agricultural-gear-boxes.com\/es\/wp-json\/wp\/v2\/types\/product"}],"wp:featuredmedia":[{"embeddable":true,"href":"https:\/\/agricultural-gear-boxes.com\/es\/wp-json\/wp\/v2\/media\/3670"}],"wp:attachment":[{"href":"https:\/\/agricultural-gear-boxes.com\/es\/wp-json\/wp\/v2\/media?parent=3671"}],"wp:term":[{"taxonomy":"product_brand","embeddable":true,"href":"https:\/\/agricultural-gear-boxes.com\/es\/wp-json\/wp\/v2\/product_brand?post=3671"},{"taxonomy":"product_cat","embeddable":true,"href":"https:\/\/agricultural-gear-boxes.com\/es\/wp-json\/wp\/v2\/product_cat?post=3671"},{"taxonomy":"product_tag","embeddable":true,"href":"https:\/\/agricultural-gear-boxes.com\/es\/wp-json\/wp\/v2\/product_tag?post=3671"}],"curies":[{"name":"wp","href":"https:\/\/api.w.org\/{rel}","templated":true}]}}