{"id":3691,"date":"2024-08-26T05:39:11","date_gmt":"2024-08-26T05:39:11","guid":{"rendered":"https:\/\/agricultural-gear-boxes.com\/product\/sugar-mill-chain\/"},"modified":"2024-08-26T05:39:11","modified_gmt":"2024-08-26T05:39:11","slug":"sugar-mill-chain","status":"publish","type":"product","link":"https:\/\/agricultural-gear-boxes.com\/es\/product\/sugar-mill-chain\/","title":{"rendered":"Cadena de ingenios azucareros"},"content":{"rendered":"<h2>Cadena de molinos de az\u00facar: una soluci\u00f3n de transmisi\u00f3n duradera para la industria de refinaci\u00f3n de az\u00facar<\/h2>\n<p>La cadena de molino de az\u00facar es un componente de transmisi\u00f3n crucial en la industria de refinaci\u00f3n de az\u00facar. Como la industria depende en gran medida del movimiento y procesamiento de la ca\u00f1a de az\u00facar, la cadena debe ser lo suficientemente duradera para soportar los entornos hostiles y corrosivos en los que opera. Los tipos comunes de cadena de molino de az\u00facar incluyen cadenas de arbustos, cadenas de paneles rectos, cadenas de eslabones acodados, cadenas fundidas, cadenas de acero fundido y cadenas recolectoras de ca\u00f1a de az\u00facar, cadenas transportadoras de ca\u00f1a de az\u00facar y cadenas transportadoras de bagazo.<\/p>\n<p>En nuestra planta de fabricaci\u00f3n con sede en China, nos especializamos en la producci\u00f3n de cadenas para molinos de az\u00facar resistentes a la abrasi\u00f3n y la corrosi\u00f3n. Nuestra experiencia en procesos y equipos de refinaci\u00f3n de az\u00facar nos permite crear cadenas de placas laterales dobladas y accesorios que son adecuados para aplicaciones de transmisi\u00f3n y elevaci\u00f3n a largo plazo.<\/p>\n<h3>Ventajas de la cadena de ingenios azucareros<\/h3>\n<p>&#8211; Strong resistance to abrasion and corrosion<br \/>\n&#8211; Suitable for long-term use in harsh operating environments<br \/>\n&#8211; Available in various configurations to meet specific industry needs<br \/>\n&#8211; Easy to install, maintain, repair, and replace<\/p>\n<h3>Instalaci\u00f3n, mantenimiento y reparaci\u00f3n<\/h3>\n<p>La instalaci\u00f3n correcta de la cadena de un molino de az\u00facar es fundamental para garantizar un rendimiento \u00f3ptimo y una larga vida \u00fatil. Antes de la instalaci\u00f3n, aseg\u00farese de que la cadena y las ruedas dentadas coincidan correctamente y de que todos los componentes est\u00e9n limpios y libres de residuos. Es necesario realizar un mantenimiento regular, que incluya lubricaci\u00f3n e inspecci\u00f3n, para evitar el desgaste y los da\u00f1os prematuros. En caso de da\u00f1os o aver\u00edas, es necesario realizar una reparaci\u00f3n o un reemplazo inmediatos para evitar m\u00e1s da\u00f1os al equipo.<\/p>\n<h3>Materiales y clasificaci\u00f3n<\/h3>\n<p>Las cadenas de los molinos de az\u00facar pueden estar hechas de una variedad de materiales, incluidos acero al carbono, acero inoxidable y acero aleado. El material adecuado para una aplicaci\u00f3n particular depende de factores como el entorno operativo, la capacidad de carga y el rango de temperatura. Las cadenas de los molinos de az\u00facar pueden clasificarse seg\u00fan su dise\u00f1o, capacidad de carga y configuraci\u00f3n de los accesorios.<\/p>\n<h3>Otros productos de la cadena industrial<\/h3>\n<p>Adem\u00e1s de las cadenas para f\u00e1bricas de az\u00facar, tambi\u00e9n fabricamos una gama de otros productos de cadenas industriales, incluidas cadenas agr\u00edcolas, cadenas transportadoras para madera y cadenas para la industria de la cerveza y las bebidas. Nuestros productos se utilizan ampliamente en industrias como la perforaci\u00f3n petrolera, las carretillas elevadoras, la maquinaria agr\u00edcola y el procesamiento de la madera. Nos comprometemos a proporcionar productos de alta calidad a precios competitivos y ofrecemos soluciones personalizadas para satisfacer las necesidades espec\u00edficas de los clientes.<\/p>\n<h2>Preguntas y respuestas<\/h2>\n<p>1. \u00bfCu\u00e1les son las ventajas de la cadena de molinos de az\u00facar?<br \/>\n&#8211; Sugar mill chains are highly resistant to abrasion and corrosion, making them suitable for long-term use in harsh operating environments.<\/p>\n<p>2. \u00bfQu\u00e9 materiales se utilizan para fabricar la cadena del molino azucarero?<br \/>\n&#8211; Sugar mill chains can be made from a variety of materials, including carbon steel, stainless steel, and alloy steel.<\/p>\n<p>3. \u00bfCu\u00e1l es el proceso de instalaci\u00f3n de la cadena del ingenio azucarero?<br \/>\n&#8211; Proper installation of sugar mill chain involves matching the chain and sprockets correctly and ensuring that all components are clean and free from debris.<\/p>\n<p>4. \u00bfQu\u00e9 otros productos de la cadena industrial fabrica la empresa?<br \/>\n&#8211; In addition to sugar mill chains, the company also manufactures agricultural chains, lumber conveyor chains, and chains for the beer and beverage industry.<\/p>\n<p>5. \u00bfLa empresa ofrece soluciones personalizadas?<br \/>\n&#8211; Yes, the company offers customized solutions to meet specific customer needs.<\/p>","protected":false},"excerpt":{"rendered":"<p>Sugar Mill Chain: A Durable Transmission Solution for Sugar Refining Industry Sugar mill chain is a crucial transmission component in the sugar refining industry. As the industry relies heavily on the movement and processing of sugar cane, the chain must be durable enough to withstand the harsh and corrosive environments it operates in. Common types [&hellip;]<\/p>","protected":false},"featured_media":3690,"template":"","meta":{"_et_pb_use_builder":"","_et_pb_old_content":"","_et_gb_content_width":""},"product_brand":[],"product_cat":[11298],"product_tag":[],"class_list":{"0":"post-3691","1":"product","2":"type-product","3":"status-publish","4":"has-post-thumbnail","6":"product_cat-conveyor-chain","8":"first","9":"instock","10":"shipping-taxable","11":"product-type-simple"},"_links":{"self":[{"href":"https:\/\/agricultural-gear-boxes.com\/es\/wp-json\/wp\/v2\/product\/3691","targetHints":{"allow":["GET"]}}],"collection":[{"href":"https:\/\/agricultural-gear-boxes.com\/es\/wp-json\/wp\/v2\/product"}],"about":[{"href":"https:\/\/agricultural-gear-boxes.com\/es\/wp-json\/wp\/v2\/types\/product"}],"wp:featuredmedia":[{"embeddable":true,"href":"https:\/\/agricultural-gear-boxes.com\/es\/wp-json\/wp\/v2\/media\/3690"}],"wp:attachment":[{"href":"https:\/\/agricultural-gear-boxes.com\/es\/wp-json\/wp\/v2\/media?parent=3691"}],"wp:term":[{"taxonomy":"product_brand","embeddable":true,"href":"https:\/\/agricultural-gear-boxes.com\/es\/wp-json\/wp\/v2\/product_brand?post=3691"},{"taxonomy":"product_cat","embeddable":true,"href":"https:\/\/agricultural-gear-boxes.com\/es\/wp-json\/wp\/v2\/product_cat?post=3691"},{"taxonomy":"product_tag","embeddable":true,"href":"https:\/\/agricultural-gear-boxes.com\/es\/wp-json\/wp\/v2\/product_tag?post=3691"}],"curies":[{"name":"wp","href":"https:\/\/api.w.org\/{rel}","templated":true}]}}