{"id":3701,"date":"2024-08-26T05:50:27","date_gmt":"2024-08-26T05:50:27","guid":{"rendered":"https:\/\/agricultural-gear-boxes.com\/product\/combination-transfer-chain\/"},"modified":"2024-08-26T05:50:28","modified_gmt":"2024-08-26T05:50:28","slug":"combination-transfer-chain","status":"publish","type":"product","link":"https:\/\/agricultural-gear-boxes.com\/es\/product\/combination-transfer-chain\/","title":{"rendered":"Cadena de transferencia combinada"},"content":{"rendered":"<h2>Cadena de transferencia combinada: una soluci\u00f3n duradera y vers\u00e1til para la manipulaci\u00f3n de materiales<\/h2>\n<p>Las cadenas de transferencia combinadas se utilizan ampliamente en diversas industrias para aplicaciones de manipulaci\u00f3n de materiales. Estas cadenas est\u00e1n formadas por una combinaci\u00f3n de eslabones rectos y curvos, lo que permite una transferencia eficiente de materiales en curvas y entre diferentes elevaciones.<\/p>\n<p>Las cadenas de transferencia combinadas tienen una larga historia de desarrollo; las primeras patentes de dise\u00f1os similares datan de principios del siglo XX. Con el paso de los a\u00f1os, estas cadenas han evolucionado para volverse m\u00e1s resistentes, m\u00e1s duraderas y m\u00e1s vers\u00e1tiles. Hoy en d\u00eda, est\u00e1n disponibles en varios materiales, incluidos acero al carbono, acero inoxidable y pl\u00e1stico.<\/p>\n<p>La instalaci\u00f3n y el mantenimiento de las cadenas de transferencia combinadas son relativamente sencillos, pero es fundamental seguir atentamente las instrucciones del fabricante. Una lubricaci\u00f3n adecuada es fundamental para garantizar la longevidad y el buen funcionamiento de la cadena. La inspecci\u00f3n y la limpieza peri\u00f3dicas tambi\u00e9n son necesarias para evitar el desgaste.<\/p>\n<p>Estas son algunas de las ventajas de utilizar cadenas de transferencia combinadas:<\/p>\n<ul>\n<li>Manejo eficiente de materiales en curvas y cambios de elevaci\u00f3n.<\/li>\n<li>Durable y de larga duraci\u00f3n<\/li>\n<li>Disponible en varios materiales.<\/li>\n<li>F\u00e1cil de instalar y mantener.<\/li>\n<\/ul>\n<h3>Especificaciones del producto<\/h3>\n<p>Las cadenas de transferencia combinadas vienen en varias especificaciones para satisfacer distintas necesidades de manipulaci\u00f3n de materiales. Estas son algunas de las especificaciones b\u00e1sicas de la cadena de transferencia de la serie C55:<\/p>\n<table>\n<thead>\n<tr>\n<th>Cadena No.<\/th>\n<th>P (mm)<\/th>\n<th>Ancho (mm)<\/th>\n<th>R (mm)<\/th>\n<th>Di\u00e1metro (mm)<\/th>\n<th>Mmm)<\/th>\n<th>A (mm)<\/th>\n<th>B (mm)<\/th>\n<th>Q (nombre del autor)<\/th>\n<th>q (kg\/m3)<\/th>\n<\/tr>\n<\/thead>\n<tbody>\n<tr>\n<td>C55A<\/td>\n<td>41.43<\/td>\n<td>17.48<\/td>\n<td>18.26<\/td>\n<td>9.53<\/td>\n<td>31.75<\/td>\n<td>30.15<\/td>\n<td>50.8<\/td>\n<td>52<\/td>\n<td>4.76<\/td>\n<\/tr>\n<tr>\n<td>C55B<\/td>\n<td>41.43<\/td>\n<td>17.48<\/td>\n<td>18.26<\/td>\n<td>9.53<\/td>\n<td>31.75<\/td>\n<td>30.15<\/td>\n<td>50.8<\/td>\n<td>52<\/td>\n<td>4.76<\/td>\n<\/tr>\n<tr>\n<td>C55D<\/td>\n<td>41.43<\/td>\n<td>17.48<\/td>\n<td>18.26<\/td>\n<td>9.53<\/td>\n<td>31.75<\/td>\n<td>30.15<\/td>\n<td>50.8<\/td>\n<td>52<\/td>\n<td>4.76<\/td>\n<\/tr>\n<\/tbody>\n<\/table>\n<h3>Aplicaciones de las cadenas de transferencia combinadas<\/h3>\n<p>Las cadenas de transferencia combinadas se utilizan en una amplia gama de industrias, entre las que se incluyen:<\/p>\n<ul>\n<li>Fabricaci\u00f3n<\/li>\n<li>Agricultura<\/li>\n<li>Miner\u00eda y minerales<\/li>\n<li>Alimentos y bebidas<\/li>\n<li>Automotor<\/li>\n<\/ul>\n<p>Las cadenas de transferencia combinadas son adecuadas para diversas aplicaciones de manipulaci\u00f3n de materiales, entre las que se incluyen:<\/p>\n<ul>\n<li>Transporte y transferencia de productos<\/li>\n<li>Clasificaci\u00f3n y separaci\u00f3n de materiales<\/li>\n<li>Mover materiales en esquinas y cambios de elevaci\u00f3n.<\/li>\n<li>Acumulaci\u00f3n de productos para embalaje y env\u00edo.<\/li>\n<\/ul>\n<h3>Otros productos de nuestra empresa<\/h3>\n<p>Adem\u00e1s de las cadenas de transferencia combinadas, nuestra empresa suministra diversos engranajes de pl\u00e1stico utilizados en la industria. Nuestros productos incluyen cajas de engranajes agr\u00edcolas, ejes de salida de potencia, ruedas dentadas, acoplamientos de fluidos, reductores de engranajes helicoidales, engranajes y cremalleras, cadenas desmontables, poleas y poleas, cajas de engranajes planetarios, poleas de distribuci\u00f3n, bujes y m\u00e1s. Nos esforzamos por proporcionar productos de alta calidad a un precio favorable y siempre estamos listos para ofrecer un servicio considerado. Damos la bienvenida a los clientes a que vengan a nosotros para la personalizaci\u00f3n de dibujos o muestras.<\/p>\n<h3>Preguntas y respuestas<\/h3>\n<p>1. \u00bfQu\u00e9 es una cadena de transferencia combinada?<br \/>\nR: Una cadena de transferencia combinada es un tipo de cadena formada por eslabones rectos y curvos, lo que permite una transferencia eficiente de materiales en esquinas y entre diferentes elevaciones.<\/p>\n<p>2. \u00bfCu\u00e1les son las ventajas de utilizar cadenas de transferencia combinadas?<br \/>\nR: Algunas ventajas de utilizar cadenas de transferencia combinadas incluyen un manejo eficiente del material en curvas y cambios de elevaci\u00f3n, durabilidad y longevidad, disponibilidad en varios materiales y f\u00e1cil instalaci\u00f3n y mantenimiento.<\/p>\n<p>3. \u00bfCu\u00e1les son las aplicaciones de las cadenas de transferencia combinadas?<br \/>\nR: Las cadenas de transferencia combinadas se utilizan en diversas industrias, incluidas la fabricaci\u00f3n, la agricultura, la miner\u00eda y los minerales, la alimentaci\u00f3n y las bebidas y la automoci\u00f3n. Son adecuadas para transportar y transferir productos, clasificar y separar materiales, mover materiales en curvas y cambios de elevaci\u00f3n, y acumular productos para su embalaje y env\u00edo.<\/p>\n<p>4. \u00bfC\u00f3mo se instalan y mantienen las cadenas de transferencia combinadas?<br \/>\nR: Es fundamental seguir atentamente las instrucciones del fabricante al instalar y mantener cadenas de transferencia combinadas. Una lubricaci\u00f3n adecuada, una inspecci\u00f3n regular y una limpieza adecuada son fundamentales para garantizar su durabilidad y un funcionamiento sin problemas.<\/p>\n<p>5. \u00bfQu\u00e9 otros productos suministra su empresa?<br \/>\nR: Adem\u00e1s de las cadenas de transferencia combinadas, nuestra empresa suministra diversos engranajes de pl\u00e1stico utilizados en la industria, incluidas cajas de engranajes agr\u00edcolas, ejes de salida de potencia, ruedas dentadas, acoplamientos de fluidos y m\u00e1s. Nos esforzamos por ofrecer productos de alta calidad a un precio favorable y siempre estamos listos para ofrecer un servicio considerado.<\/p>","protected":false},"excerpt":{"rendered":"<p>Combination Transfer Chain: A Durable and Versatile Solution for Material Handling Combination transfer chains are widely used in various industries for material handling applications. These chains are made up of a combination of straight and curved links, allowing for efficient transfer of materials around corners and between different elevations. Combination transfer chains have a long [&hellip;]<\/p>","protected":false},"featured_media":3700,"template":"","meta":{"_et_pb_use_builder":"","_et_pb_old_content":"","_et_gb_content_width":""},"product_brand":[],"product_cat":[11299],"product_tag":[],"class_list":{"0":"post-3701","1":"product","2":"type-product","3":"status-publish","4":"has-post-thumbnail","6":"product_cat-engineering-chain","8":"first","9":"instock","10":"shipping-taxable","11":"product-type-simple"},"_links":{"self":[{"href":"https:\/\/agricultural-gear-boxes.com\/es\/wp-json\/wp\/v2\/product\/3701","targetHints":{"allow":["GET"]}}],"collection":[{"href":"https:\/\/agricultural-gear-boxes.com\/es\/wp-json\/wp\/v2\/product"}],"about":[{"href":"https:\/\/agricultural-gear-boxes.com\/es\/wp-json\/wp\/v2\/types\/product"}],"wp:featuredmedia":[{"embeddable":true,"href":"https:\/\/agricultural-gear-boxes.com\/es\/wp-json\/wp\/v2\/media\/3700"}],"wp:attachment":[{"href":"https:\/\/agricultural-gear-boxes.com\/es\/wp-json\/wp\/v2\/media?parent=3701"}],"wp:term":[{"taxonomy":"product_brand","embeddable":true,"href":"https:\/\/agricultural-gear-boxes.com\/es\/wp-json\/wp\/v2\/product_brand?post=3701"},{"taxonomy":"product_cat","embeddable":true,"href":"https:\/\/agricultural-gear-boxes.com\/es\/wp-json\/wp\/v2\/product_cat?post=3701"},{"taxonomy":"product_tag","embeddable":true,"href":"https:\/\/agricultural-gear-boxes.com\/es\/wp-json\/wp\/v2\/product_tag?post=3701"}],"curies":[{"name":"wp","href":"https:\/\/api.w.org\/{rel}","templated":true}]}}