{"id":3718,"date":"2024-08-27T05:23:23","date_gmt":"2024-08-27T05:23:23","guid":{"rendered":"https:\/\/agricultural-gear-boxes.com\/product\/short-guage-stainless-steel-transmission-chain\/"},"modified":"2024-08-27T05:23:23","modified_gmt":"2024-08-27T05:23:23","slug":"short-guage-stainless-steel-transmission-chain","status":"publish","type":"product","link":"https:\/\/agricultural-gear-boxes.com\/es\/product\/short-guage-stainless-steel-transmission-chain\/","title":{"rendered":"Cadena de transmisi\u00f3n de acero inoxidable de calibre corto"},"content":{"rendered":"<h2>Cadena de transmisi\u00f3n de acero inoxidable de calibre corto<\/h2>\n<p>La cadena de transmisi\u00f3n de acero inoxidable de calibre corto es un tipo de cadena que se utiliza com\u00fanmente en una variedad de industrias. Estas cadenas son conocidas por su durabilidad, resistencia y capacidad para soportar entornos hostiles. Por lo general, est\u00e1n hechas de acero inoxidable de alta calidad, lo que las hace resistentes a la corrosi\u00f3n y al desgaste. Este tipo de cadena se utiliza com\u00fanmente en aplicaciones como m\u00e1quinas para gelatina, m\u00e1quinas para helados y m\u00e1s.<\/p>\n<h3>Historia y clasificaci\u00f3n<\/h3>\n<p>El uso de cadenas se remonta a la antig\u00fcedad y, con el paso de los a\u00f1os, han evolucionado hasta llegar a una amplia gama de tipos y tama\u00f1os. La cadena de transmisi\u00f3n de acero inoxidable de calibre corto es solo uno de los muchos tipos de cadenas que se encuentran disponibles en el mercado hoy en d\u00eda. Estas cadenas se clasifican en funci\u00f3n de su tama\u00f1o, paso, ancho y otras dimensiones. Est\u00e1n disponibles en varios grados y materiales y est\u00e1n dise\u00f1adas para satisfacer las necesidades espec\u00edficas de diferentes industrias.<\/p>\n<h3>Ventajas<\/h3>\n<ul>\n<li>Alta resistencia<\/li>\n<li>Resistencia a la corrosi\u00f3n<\/li>\n<li>Resistencia al desgaste<\/li>\n<li>Bajo mantenimiento<\/li>\n<\/ul>\n<h3>Instalaci\u00f3n, mantenimiento y reparaci\u00f3n<\/h3>\n<p>When it comes to installing short gauge stainless steel transmission chain, it is important to ensure that you follow the manufacturer&#8217;s instructions carefully. This will help to ensure that the chain is installed properly and functions as intended. Maintenance is also important and should be performed regularly to keep the chain in good condition. If repairs are needed, it is important to use high-quality replacement parts and to follow the manufacturer&#8217;s instructions.<\/p>\n<h3>Opciones de materiales<\/h3>\n<p>Las cadenas de transmisi\u00f3n de acero inoxidable de calibre corto suelen estar fabricadas con acero inoxidable de alta calidad, lo que las hace resistentes a la corrosi\u00f3n y al desgaste. Sin embargo, tambi\u00e9n es posible encontrar cadenas fabricadas con otros materiales, como acero al carbono o pl\u00e1stico. La elecci\u00f3n del material depender\u00e1 de la aplicaci\u00f3n espec\u00edfica y de las condiciones en las que se utilizar\u00e1 la cadena.<\/p>\n<h3>Otros productos<\/h3>\n<p>Adem\u00e1s de la cadena de transmisi\u00f3n de acero inoxidable de calibre corto, nuestra empresa tambi\u00e9n suministra una amplia gama de otros productos de alta calidad. Estos incluyen cajas de engranajes agr\u00edcolas, ejes de salida de potencia, ruedas dentadas, acoplamientos de fluidos, reductores de engranajes helicoidales, engranajes y cremalleras, cadenas desmontables, poleas y poleas, cajas de engranajes planetarios, poleas de distribuci\u00f3n, bujes y m\u00e1s. Nos comprometemos a proporcionar a nuestros clientes productos de alta calidad a un precio favorable, y damos la bienvenida a los clientes que vienen a nosotros para la personalizaci\u00f3n de dibujos o muestras.<\/p>\n<h2>Preguntas frecuentes (FAQ)<\/h2>\n<h3>1. \u00bfQu\u00e9 es la cadena de transmisi\u00f3n de acero inoxidable de calibre corto?<\/h3>\n<p>La cadena de transmisi\u00f3n de acero inoxidable de calibre corto es un tipo de cadena que se utiliza com\u00fanmente en diversas industrias. Estas cadenas son conocidas por su durabilidad, resistencia y capacidad para soportar entornos hostiles. Por lo general, est\u00e1n hechas de acero inoxidable de alta calidad, lo que las hace resistentes a la corrosi\u00f3n y al desgaste.<\/p>\n<h3>2. \u00bfCu\u00e1les son las ventajas de la cadena de transmisi\u00f3n de acero inoxidable de calibre corto?<\/h3>\n<p>La cadena de transmisi\u00f3n de acero inoxidable de calibre corto tiene varias ventajas, entre ellas alta resistencia, resistencia a la corrosi\u00f3n, resistencia al desgaste y bajo mantenimiento.<\/p>\n<h3>3. \u00bfC\u00f3mo instalo una cadena de transmisi\u00f3n de acero inoxidable de calibre corto?<\/h3>\n<p>When installing short gauge stainless steel transmission chain, it is important to follow the manufacturer&#8217;s instructions carefully to ensure that the chain is installed properly and functions as intended.<\/p>\n<h3>4. \u00bfDe qu\u00e9 materiales se pueden fabricar cadenas de transmisi\u00f3n de calibre corto?<\/h3>\n<p>Las cadenas de transmisi\u00f3n de calibre corto se pueden fabricar con distintos materiales, como acero inoxidable, acero al carbono y pl\u00e1stico. La elecci\u00f3n del material depender\u00e1 de la aplicaci\u00f3n espec\u00edfica y de las condiciones en las que se utilizar\u00e1 la cadena.<\/p>\n<h3>5. \u00bfQu\u00e9 otros productos suministra su empresa?<\/h3>\n<p>Adem\u00e1s de cadenas de transmisi\u00f3n de acero inoxidable de calibre corto, nuestra empresa suministra una amplia gama de otros productos de alta calidad, incluidas cajas de engranajes agr\u00edcolas, ejes de salida de potencia, pi\u00f1ones, acoplamientos de fluido y m\u00e1s.<\/p>","protected":false},"excerpt":{"rendered":"<p>Short Gauge Stainless Steel Transmission Chain Short gauge stainless steel transmission chain is a type of chain that is commonly used in a variety of industries. These chains are known for their durability, strength, and ability to withstand harsh environments. They are typically made from high-quality stainless steel, which makes them resistant to corrosion and [&hellip;]<\/p>","protected":false},"featured_media":3717,"template":"","meta":{"_et_pb_use_builder":"","_et_pb_old_content":"","_et_gb_content_width":""},"product_brand":[],"product_cat":[11300],"product_tag":[],"class_list":{"0":"post-3718","1":"product","2":"type-product","3":"status-publish","4":"has-post-thumbnail","6":"product_cat-agricultural-chain","8":"first","9":"instock","10":"shipping-taxable","11":"product-type-simple"},"_links":{"self":[{"href":"https:\/\/agricultural-gear-boxes.com\/es\/wp-json\/wp\/v2\/product\/3718","targetHints":{"allow":["GET"]}}],"collection":[{"href":"https:\/\/agricultural-gear-boxes.com\/es\/wp-json\/wp\/v2\/product"}],"about":[{"href":"https:\/\/agricultural-gear-boxes.com\/es\/wp-json\/wp\/v2\/types\/product"}],"wp:featuredmedia":[{"embeddable":true,"href":"https:\/\/agricultural-gear-boxes.com\/es\/wp-json\/wp\/v2\/media\/3717"}],"wp:attachment":[{"href":"https:\/\/agricultural-gear-boxes.com\/es\/wp-json\/wp\/v2\/media?parent=3718"}],"wp:term":[{"taxonomy":"product_brand","embeddable":true,"href":"https:\/\/agricultural-gear-boxes.com\/es\/wp-json\/wp\/v2\/product_brand?post=3718"},{"taxonomy":"product_cat","embeddable":true,"href":"https:\/\/agricultural-gear-boxes.com\/es\/wp-json\/wp\/v2\/product_cat?post=3718"},{"taxonomy":"product_tag","embeddable":true,"href":"https:\/\/agricultural-gear-boxes.com\/es\/wp-json\/wp\/v2\/product_tag?post=3718"}],"curies":[{"name":"wp","href":"https:\/\/api.w.org\/{rel}","templated":true}]}}