{"id":3722,"date":"2024-08-27T05:23:26","date_gmt":"2024-08-27T05:23:26","guid":{"rendered":"https:\/\/agricultural-gear-boxes.com\/product\/short-pitch-precision-roller-chain-b-series\/"},"modified":"2024-08-27T05:23:26","modified_gmt":"2024-08-27T05:23:26","slug":"short-pitch-precision-roller-chain-b-series","status":"publish","type":"product","link":"https:\/\/agricultural-gear-boxes.com\/es\/product\/short-pitch-precision-roller-chain-b-series\/","title":{"rendered":"Cadena de rodillos de precisi\u00f3n de paso corto (serie B)"},"content":{"rendered":"<h2>Cadena de rodillos de precisi\u00f3n de paso corto (serie B)<\/h2>\n<p>Las cadenas de rodillos de precisi\u00f3n de paso corto se utilizan ampliamente en industrias como la agricultura, la construcci\u00f3n y la automoci\u00f3n. Estas cadenas son conocidas por su precisi\u00f3n, durabilidad y resistencia de alta calidad. Ever-Power es un fabricante y proveedor l\u00edder de cadenas de rodillos de precisi\u00f3n de paso corto en la industria. <\/p>\n<p>Nuestras cadenas de rodillos de precisi\u00f3n de paso corto vienen en una variedad de tama\u00f1os y tipos, incluida la serie B. Las cadenas de la serie B est\u00e1n dise\u00f1adas con una placa lateral recta y pasadores espaciados uniformemente, y son ideales para aplicaciones que requieren una cadena de alto rendimiento. <\/p>\n<h3>Tipos de cadenas de rodillos de precisi\u00f3n de paso corto<\/h3>\n<p>En Ever-Power, ofrecemos una amplia gama de cadenas de rodillos de precisi\u00f3n de paso corto, que incluyen:<\/p>\n<ul>\n<li>Cadena de rodillos agr\u00edcolas<\/li>\n<li>Cadena de parte superior plana<\/li>\n<li>Cadena de orugas Caterpillar<\/li>\n<li>Cadena de pasador hueco<\/li>\n<li>Cadena transportadora para l\u00ednea de llenado y envasado de cerveza<\/li>\n<li>Cadena pavimentadora<\/li>\n<li>Cadena de elevador de barra lateral de accesorios<\/li>\n<li>Cadena de elevador de cangilones (cadena de molino de cemento)<\/li>\n<li>Cadena de raspador de forja<\/li>\n<li>Cadena de carga para la industria del autom\u00f3vil<\/li>\n<li>Cadena de carga para la industria metal\u00fargica<\/li>\n<li>Cadena transportadora para maquinaria minera<\/li>\n<li>Cadena de zanjadora<\/li>\n<li>Cadena de ingenios azucareros<\/li>\n<li>Cadena de doble flexi\u00f3n<\/li>\n<\/ul>\n<h3>Ventajas de las cadenas de rodillos de precisi\u00f3n de paso corto<\/h3>\n<p>Las cadenas de rodillos de precisi\u00f3n de paso corto tienen muchas ventajas sobre otros tipos de cadenas. Algunas de estas ventajas incluyen:<\/p>\n<ul>\n<li>Alta precisi\u00f3n para un funcionamiento suave y eficiente.<\/li>\n<li>Alta durabilidad y resistencia para una vida \u00fatil m\u00e1s prolongada y un mantenimiento reducido.<\/li>\n<li>Distribuci\u00f3n uniforme de la carga para reducir el desgaste y prolongar la vida \u00fatil<\/li>\n<li>Amplia gama de tama\u00f1os y tipos para diversas aplicaciones.<\/li>\n<\/ul>\n<h3>Instalaci\u00f3n, mantenimiento y reparaci\u00f3n<\/h3>\n<p>La instalaci\u00f3n, el mantenimiento y la reparaci\u00f3n adecuados de las cadenas de rodillos de precisi\u00f3n de paso corto son esenciales para garantizar su rendimiento \u00f3ptimo y su longevidad. Al instalar una cadena, es importante asegurarse de que est\u00e9 correctamente tensada y alineada con la rueda dentada. El mantenimiento regular, como la lubricaci\u00f3n y la limpieza, es esencial para reducir el desgaste y prolongar la vida \u00fatil de la cadena. En caso de que una cadena se rompa o se da\u00f1e, es importante reemplazarla de inmediato para evitar m\u00e1s da\u00f1os a la maquinaria.<\/p>\n<h3>Productos de la empresa<\/h3>\n<p>Adem\u00e1s de las cadenas de rodillos de precisi\u00f3n de paso corto, Ever-Power tambi\u00e9n suministra diversos engranajes de pl\u00e1stico utilizados en la industria. Nuestros productos incluyen cajas de engranajes agr\u00edcolas, ejes de salida de potencia, ruedas dentadas, acoplamientos de fluidos, reductores de engranajes helicoidales, engranajes y cremalleras, cadenas desmontables, poleas y poleas, cajas de engranajes planetarios, poleas de distribuci\u00f3n y bujes. Nos comprometemos a proporcionar productos de alta calidad a un precio favorable, con un servicio considerado. Damos la bienvenida a los clientes a que vengan a nosotros para la personalizaci\u00f3n de dibujos o muestras.<\/p>\n<h2>Preguntas y respuestas<\/h2>\n<ul>\n<li><b>\u00bfPara qu\u00e9 se utilizan las cadenas de rodillos de precisi\u00f3n de paso corto?<\/b><br \/> Las cadenas de rodillos de precisi\u00f3n de paso corto se utilizan ampliamente en industrias como la agricultura, la construcci\u00f3n y la automotriz.<\/li>\n<li><b>\u00bfCu\u00e1les son las ventajas de las cadenas de rodillos de precisi\u00f3n de paso corto?<\/b><br \/> Las cadenas de rodillos de precisi\u00f3n de paso corto tienen muchas ventajas, que incluyen alta precisi\u00f3n, durabilidad y resistencia, distribuci\u00f3n uniforme de la carga y una amplia gama de tama\u00f1os y tipos.<\/li>\n<li><b>\u00bfC\u00f3mo se instala una cadena de rodillos de precisi\u00f3n de paso corto?<\/b><br \/> Al instalar una cadena, es importante asegurarse de que est\u00e9 correctamente tensada y alineada con la rueda dentada.<\/li>\n<li><b>\u00bfQu\u00e9 debe hacer si una cadena de rodillos de precisi\u00f3n de paso corto est\u00e1 rota o da\u00f1ada?<\/b><br \/> En caso de una cadena rota o da\u00f1ada, es importante reemplazarla inmediatamente para evitar mayores da\u00f1os a la maquinaria.<\/li>\n<li><b>\u00bfQu\u00e9 otros productos suministra Ever-Power?<\/b><br \/> Adem\u00e1s de cadenas de rodillos de precisi\u00f3n de paso corto, Ever-Power tambi\u00e9n suministra diversos engranajes de pl\u00e1stico utilizados en la industria, incluidas cajas de engranajes agr\u00edcolas, ejes de salida de potencia, pi\u00f1ones y m\u00e1s.<\/li>\n<\/ul>","protected":false},"excerpt":{"rendered":"<p>Short Pitch Precision Roller Chain (B Series) Short pitch precision roller chains are widely used in industries such as agriculture, construction, and automotive. These chains are known for their high-quality precision, durability and strength. Ever-Power is a leading manufacturer and supplier of short pitch precision roller chains in the industry. Our short pitch precision roller [&hellip;]<\/p>","protected":false},"featured_media":3721,"template":"","meta":{"_et_pb_use_builder":"","_et_pb_old_content":"","_et_gb_content_width":""},"product_brand":[],"product_cat":[11300],"product_tag":[],"class_list":{"0":"post-3722","1":"product","2":"type-product","3":"status-publish","4":"has-post-thumbnail","6":"product_cat-agricultural-chain","8":"first","9":"instock","10":"shipping-taxable","11":"product-type-simple"},"_links":{"self":[{"href":"https:\/\/agricultural-gear-boxes.com\/es\/wp-json\/wp\/v2\/product\/3722","targetHints":{"allow":["GET"]}}],"collection":[{"href":"https:\/\/agricultural-gear-boxes.com\/es\/wp-json\/wp\/v2\/product"}],"about":[{"href":"https:\/\/agricultural-gear-boxes.com\/es\/wp-json\/wp\/v2\/types\/product"}],"wp:featuredmedia":[{"embeddable":true,"href":"https:\/\/agricultural-gear-boxes.com\/es\/wp-json\/wp\/v2\/media\/3721"}],"wp:attachment":[{"href":"https:\/\/agricultural-gear-boxes.com\/es\/wp-json\/wp\/v2\/media?parent=3722"}],"wp:term":[{"taxonomy":"product_brand","embeddable":true,"href":"https:\/\/agricultural-gear-boxes.com\/es\/wp-json\/wp\/v2\/product_brand?post=3722"},{"taxonomy":"product_cat","embeddable":true,"href":"https:\/\/agricultural-gear-boxes.com\/es\/wp-json\/wp\/v2\/product_cat?post=3722"},{"taxonomy":"product_tag","embeddable":true,"href":"https:\/\/agricultural-gear-boxes.com\/es\/wp-json\/wp\/v2\/product_tag?post=3722"}],"curies":[{"name":"wp","href":"https:\/\/api.w.org\/{rel}","templated":true}]}}