{"id":3740,"date":"2024-08-27T05:23:42","date_gmt":"2024-08-27T05:23:42","guid":{"rendered":"https:\/\/agricultural-gear-boxes.com\/product\/s-type-steel-agricultural-chain-attachments\/"},"modified":"2024-08-27T05:23:42","modified_gmt":"2024-08-27T05:23:42","slug":"s-type-steel-agricultural-chain-attachments","status":"publish","type":"product","link":"https:\/\/agricultural-gear-boxes.com\/es\/product\/s-type-steel-agricultural-chain-attachments\/","title":{"rendered":"Accesorios de cadena agr\u00edcola de acero tipo S"},"content":{"rendered":"<h2>Accesorios de cadena agr\u00edcola de acero tipo S<\/h2>\n<p>Los accesorios de cadena agr\u00edcola de acero tipo S se utilizan ampliamente en diversas m\u00e1quinas y equipos agr\u00edcolas, como cosechadoras, motocultores y cultivadores, para transferir potencia y movimiento. Est\u00e1n dise\u00f1ados para soportar cargas pesadas, funcionar de manera silenciosa y suave y tener una larga vida \u00fatil.<\/p>\n<h3>Historia y clasificaci\u00f3n<\/h3>\n<p>El uso de cadenas en la agricultura se remonta a la antig\u00fcedad, cuando los agricultores utilizaban cadenas para accionar sus m\u00e1quinas. Hoy en d\u00eda, las cadenas agr\u00edcolas han evolucionado y se clasifican en diferentes categor\u00edas, como S32SK1, S42SK1, S45SK1, S52SK1, S55SK1, S62SK1, S77SK1, S88SK1, S32SK1F1 y S55RHSK1, en funci\u00f3n de su tama\u00f1o y especificaciones. Los accesorios de cadena agr\u00edcola de acero tipo S est\u00e1n fabricados con materiales de alta calidad, como aleaciones de acero, que son resistentes al desgaste, al calor y a la corrosi\u00f3n.<\/p>\n<h3>Ventajas<\/h3>\n<ul>\n<li>Los materiales de alta calidad garantizan durabilidad y resistencia al desgaste, al calor y a la corrosi\u00f3n.<\/li>\n<li>Funcionamiento silencioso y suave<\/li>\n<li>Puede soportar cargas pesadas<\/li>\n<li>F\u00e1cil de instalar, mantener y reparar.<\/li>\n<li>Larga vida \u00fatil<\/li>\n<\/ul>\n<h3>Instalaci\u00f3n, mantenimiento y reparaci\u00f3n<\/h3>\n<p>Antes de la instalaci\u00f3n, es importante asegurarse de que la cadena y el accesorio est\u00e9n lubricados y libres de da\u00f1os. Durante el uso, es fundamental comprobar peri\u00f3dicamente si hay desgaste y sustituir cualquier componente da\u00f1ado de inmediato para evitar m\u00e1s da\u00f1os al equipo. El mantenimiento implica una limpieza y lubricaci\u00f3n peri\u00f3dicas para garantizar un funcionamiento suave y eficiente. En caso de da\u00f1os, se pueden realizar reparaciones sustituyendo los componentes da\u00f1ados o buscando ayuda profesional.<\/p>\n<h3>Otros productos agr\u00edcolas<\/h3>\n<p>Adem\u00e1s de los accesorios de cadena agr\u00edcola de acero tipo S, nuestra empresa tambi\u00e9n suministra varios otros productos agr\u00edcolas, como cajas de engranajes agr\u00edcolas, ejes de salida de potencia, ruedas dentadas, acoplamientos de fluido, reductores de engranajes helicoidales, engranajes y cremalleras, cadenas desmontables, poleas y poleas, cajas de engranajes planetarios, poleas de distribuci\u00f3n, bujes y m\u00e1s. Ofrecemos productos de alta calidad a precios favorables y brindamos un servicio considerado. Los clientes son bienvenidos a venir a nosotros para la personalizaci\u00f3n de dibujos o muestras.<\/p>\n<h2>Preguntas y respuestas<\/h2>\n<ol>\n<li><strong>\u00bfQu\u00e9 son los accesorios de cadena agr\u00edcola de acero tipo S?<\/strong><\/li>\n<p>Los accesorios de cadena agr\u00edcola de acero tipo S son componentes que se utilizan en m\u00e1quinas y equipos agr\u00edcolas para transferir potencia y movimiento. Vienen en diferentes clasificaciones seg\u00fan su tama\u00f1o y especificaciones.<\/p>\n<li><strong>\u00bfQu\u00e9 materiales se utilizan para fabricar accesorios de cadena agr\u00edcola de acero tipo S?<\/strong><\/li>\n<p>Los accesorios de cadena agr\u00edcola de acero tipo S est\u00e1n fabricados con materiales de alta calidad, como aleaciones de acero, que son resistentes al desgaste, al calor y a la corrosi\u00f3n.<\/p>\n<li><strong>\u00bfCu\u00e1les son las ventajas de los accesorios de cadena agr\u00edcola de acero tipo S?<\/strong><\/li>\n<p>Las ventajas de los accesorios de cadena agr\u00edcola de acero tipo S incluyen durabilidad, resistencia al desgaste, al calor y a la corrosi\u00f3n, funcionamiento silencioso y suave, capacidad para soportar cargas pesadas, f\u00e1cil instalaci\u00f3n, mantenimiento y reparaci\u00f3n, y larga vida \u00fatil.<\/p>\n<li><strong>\u00bfC\u00f3mo debo mantener mis accesorios de cadena agr\u00edcola de acero tipo S?<\/strong><\/li>\n<p>La limpieza y lubricaci\u00f3n peri\u00f3dicas de los accesorios de cadena agr\u00edcola de acero tipo S son necesarias para garantizar un funcionamiento suave y eficiente. Tambi\u00e9n es importante comprobar peri\u00f3dicamente si hay desgaste y reemplazar cualquier componente da\u00f1ado de inmediato para evitar m\u00e1s da\u00f1os al equipo.<\/p>\n<li><strong>\u00bfQu\u00e9 otros productos agr\u00edcolas suministra su empresa?<\/strong><\/li>\n<p>Adem\u00e1s de los accesorios de cadena agr\u00edcola de acero tipo S, nuestra empresa tambi\u00e9n suministra una amplia gama de otros productos agr\u00edcolas, como cajas de engranajes agr\u00edcolas, ejes de salida de potencia, pi\u00f1ones, acoplamientos de fluido, reductores de tornillo sin fin, engranajes y cremalleras, cadenas desmontables, poleas y poleas, cajas de engranajes planetarios, poleas de distribuci\u00f3n, bujes y m\u00e1s.<\/p>\n<\/ol>","protected":false},"excerpt":{"rendered":"<p>S Type Steel Agricultural Chain Attachments S type steel agricultural chain attachments are widely used in various agricultural machines and equipment, such as harvesters, tillers, and cultivators, to transfer power and motion. They are designed to withstand heavy loads, operate quietly and smoothly, and have a long service life. History and Classification The use of [&hellip;]<\/p>","protected":false},"featured_media":3739,"template":"","meta":{"_et_pb_use_builder":"","_et_pb_old_content":"","_et_gb_content_width":""},"product_brand":[],"product_cat":[11300],"product_tag":[],"class_list":{"0":"post-3740","1":"product","2":"type-product","3":"status-publish","4":"has-post-thumbnail","6":"product_cat-agricultural-chain","8":"first","9":"instock","10":"shipping-taxable","11":"product-type-simple"},"_links":{"self":[{"href":"https:\/\/agricultural-gear-boxes.com\/es\/wp-json\/wp\/v2\/product\/3740","targetHints":{"allow":["GET"]}}],"collection":[{"href":"https:\/\/agricultural-gear-boxes.com\/es\/wp-json\/wp\/v2\/product"}],"about":[{"href":"https:\/\/agricultural-gear-boxes.com\/es\/wp-json\/wp\/v2\/types\/product"}],"wp:featuredmedia":[{"embeddable":true,"href":"https:\/\/agricultural-gear-boxes.com\/es\/wp-json\/wp\/v2\/media\/3739"}],"wp:attachment":[{"href":"https:\/\/agricultural-gear-boxes.com\/es\/wp-json\/wp\/v2\/media?parent=3740"}],"wp:term":[{"taxonomy":"product_brand","embeddable":true,"href":"https:\/\/agricultural-gear-boxes.com\/es\/wp-json\/wp\/v2\/product_brand?post=3740"},{"taxonomy":"product_cat","embeddable":true,"href":"https:\/\/agricultural-gear-boxes.com\/es\/wp-json\/wp\/v2\/product_cat?post=3740"},{"taxonomy":"product_tag","embeddable":true,"href":"https:\/\/agricultural-gear-boxes.com\/es\/wp-json\/wp\/v2\/product_tag?post=3740"}],"curies":[{"name":"wp","href":"https:\/\/api.w.org\/{rel}","templated":true}]}}