{"id":3762,"date":"2024-08-27T05:40:33","date_gmt":"2024-08-27T05:40:33","guid":{"rendered":"https:\/\/agricultural-gear-boxes.com\/product\/large-heavy-duty-loading-chain\/"},"modified":"2024-08-27T05:40:33","modified_gmt":"2024-08-27T05:40:33","slug":"large-heavy-duty-loading-chain","status":"publish","type":"product","link":"https:\/\/agricultural-gear-boxes.com\/es\/product\/large-heavy-duty-loading-chain\/","title":{"rendered":"Cadena de carga grande para trabajo pesado"},"content":{"rendered":"<h2>Cadena de carga grande y resistente: perfecta para aplicaciones industriales exigentes<\/h2>\n<p>La cadena de carga pesada de gran tama\u00f1o es una cadena fuerte y confiable que se utiliza en diversas aplicaciones industriales, como levantar, tirar y asegurar cargas pesadas. La cadena se utiliza com\u00fanmente en sitios de construcci\u00f3n, miner\u00eda, silvicultura y otras industrias donde es necesario mover cargas pesadas.<\/p>\n<h3>Historia y clasificaci\u00f3n<\/h3>\n<p>Las cadenas de carga para trabajos pesados existen desde hace muchos a\u00f1os y han sufrido importantes transformaciones en t\u00e9rminos de dise\u00f1o, materiales utilizados y resistencia. Las cadenas vienen en diferentes tama\u00f1os, dise\u00f1os y materiales para adaptarse a diferentes aplicaciones.<\/p>\n<h3>Ventajas y materiales utilizados<\/h3>\n<p>La cadena de carga grande y resistente est\u00e1 dise\u00f1ada para ofrecer la m\u00e1xima resistencia y durabilidad. Est\u00e1 fabricada con materiales de alta calidad, como acero de aleaci\u00f3n, acero al carbono y acero inoxidable, lo que garantiza que pueda soportar altos niveles de estr\u00e9s y tensi\u00f3n. Las cadenas suelen recibir un tratamiento superficial para mejorar su resistencia a la corrosi\u00f3n y aumentar su vida \u00fatil.<\/p>\n<p>La cadena de carga de servicio pesado tambi\u00e9n ofrece varias ventajas, entre ellas:<\/p>\n<ul>\n<li>Alta resistencia y durabilidad.<\/li>\n<li>Resistencia a la corrosi\u00f3n<\/li>\n<li>Fiabilidad<\/li>\n<li>Facilidad de mantenimiento<\/li>\n<li>Eficiencia de costes<\/li>\n<\/ul>\n<h3>Instalaci\u00f3n, mantenimiento y reparaci\u00f3n<\/h3>\n<p>Installing a large heavy duty loading chain requires expert knowledge and skills. It is important to follow the manufacturer&#8217;s instructions and safety guidelines to ensure that the chain is installed correctly. Routine maintenance is also essential to keep the chain in good condition and extend its lifespan. Regular inspections should be conducted to identify any signs of wear and tear, including cracks, corrosion, and elongation. Any damaged parts should be replaced immediately to prevent further damage.<\/p>\n<h3>Reemplazo<\/h3>\n<p>La vida \u00fatil de una cadena de carga pesada de gran tama\u00f1o var\u00eda seg\u00fan diversos factores, entre ellos, la aplicaci\u00f3n, el entorno y la frecuencia de uso. Si la cadena est\u00e1 desgastada o da\u00f1ada, debe reemplazarse de inmediato para evitar accidentes y garantizar la seguridad.<\/p>\n<h3>Nuestros otros productos<\/h3>\n<p>En nuestra empresa, ofrecemos una amplia gama de productos industriales de alta calidad, que incluyen cajas de engranajes agr\u00edcolas, ejes de salida de potencia, ruedas dentadas, acoplamientos hidr\u00e1ulicos, reductores de tornillo sin fin, engranajes y cremalleras, cadenas desmontables, poleas y poleas, cajas de engranajes planetarios, poleas de distribuci\u00f3n, bujes y m\u00e1s. Nos enorgullecemos de ofrecer productos de alta calidad a un precio favorable y siempre estamos listos para brindarles a nuestros clientes el mejor servicio posible.<\/p>\n<h2>Preguntas y respuestas<\/h2>\n<ol>\n<li><strong>\u00bfCu\u00e1les son algunas aplicaciones comunes de las grandes cadenas de carga para trabajos pesados?<\/strong><br \/>\n  Las cadenas de carga pesadas de gran tama\u00f1o se utilizan habitualmente en diversas aplicaciones industriales, como la elevaci\u00f3n, tracci\u00f3n y sujeci\u00f3n de cargas pesadas. La cadena se utiliza a menudo en obras de construcci\u00f3n, miner\u00eda, silvicultura y otras industrias en las que es necesario mover cargas pesadas.<\/li>\n<li><strong>\u00bfQu\u00e9 materiales se utilizan para fabricar cadenas de carga pesadas y de gran tama\u00f1o?<\/strong><br \/>\n  Las cadenas de carga pesadas de gran tama\u00f1o est\u00e1n fabricadas con materiales de alta calidad, como acero de aleaci\u00f3n, acero al carbono y acero inoxidable. Estos materiales garantizan que las cadenas puedan soportar altos niveles de estr\u00e9s y tensi\u00f3n.<\/li>\n<li><strong>\u00bfCon qu\u00e9 frecuencia se debe inspeccionar una cadena de carga pesada de gran tama\u00f1o?<\/strong><br \/>\n  Se deben realizar inspecciones de rutina con regularidad para identificar cualquier signo de desgaste, incluidas grietas, corrosi\u00f3n y alargamiento. Esto ayuda a prevenir accidentes y garantizar la seguridad.<\/li>\n<li><strong>\u00bfQu\u00e9 se debe hacer si una cadena de carga pesada de gran tama\u00f1o est\u00e1 da\u00f1ada?<\/strong><br \/>\n  Si la cadena est\u00e1 da\u00f1ada, debe reemplazarse inmediatamente para evitar accidentes y garantizar la seguridad.<\/li>\n<li><strong>\u00bfQu\u00e9 otros productos industriales suministra su empresa?<\/strong><br \/>\n  Nuestra empresa suministra una amplia gama de productos industriales de alta calidad, incluyendo cajas de engranajes agr\u00edcolas, ejes de salida de potencia, pi\u00f1ones, acoplamientos de fluido, reductores de tornillo sin fin, engranajes y cremalleras, cadenas desmontables, poleas y poleas, cajas de engranajes planetarios, poleas de distribuci\u00f3n, bujes y m\u00e1s.<\/li>\n<\/ol>","protected":false},"excerpt":{"rendered":"<p>Large Heavy Duty Loading Chain: Perfect for Strenuous Industrial Applications Large heavy duty loading chain is a strong and reliable chain used in various industrial applications, including lifting, pulling, and securing heavy loads. The chain is commonly used in construction sites, mining, forestry, and other industries where heavy loads need to be moved around. History [&hellip;]<\/p>","protected":false},"featured_media":3761,"template":"","meta":{"_et_pb_use_builder":"","_et_pb_old_content":"","_et_gb_content_width":""},"product_brand":[],"product_cat":[11302],"product_tag":[],"class_list":{"0":"post-3762","1":"product","2":"type-product","3":"status-publish","4":"has-post-thumbnail","6":"product_cat-special-chain","8":"first","9":"instock","10":"shipping-taxable","11":"product-type-simple"},"_links":{"self":[{"href":"https:\/\/agricultural-gear-boxes.com\/es\/wp-json\/wp\/v2\/product\/3762","targetHints":{"allow":["GET"]}}],"collection":[{"href":"https:\/\/agricultural-gear-boxes.com\/es\/wp-json\/wp\/v2\/product"}],"about":[{"href":"https:\/\/agricultural-gear-boxes.com\/es\/wp-json\/wp\/v2\/types\/product"}],"wp:featuredmedia":[{"embeddable":true,"href":"https:\/\/agricultural-gear-boxes.com\/es\/wp-json\/wp\/v2\/media\/3761"}],"wp:attachment":[{"href":"https:\/\/agricultural-gear-boxes.com\/es\/wp-json\/wp\/v2\/media?parent=3762"}],"wp:term":[{"taxonomy":"product_brand","embeddable":true,"href":"https:\/\/agricultural-gear-boxes.com\/es\/wp-json\/wp\/v2\/product_brand?post=3762"},{"taxonomy":"product_cat","embeddable":true,"href":"https:\/\/agricultural-gear-boxes.com\/es\/wp-json\/wp\/v2\/product_cat?post=3762"},{"taxonomy":"product_tag","embeddable":true,"href":"https:\/\/agricultural-gear-boxes.com\/es\/wp-json\/wp\/v2\/product_tag?post=3762"}],"curies":[{"name":"wp","href":"https:\/\/api.w.org\/{rel}","templated":true}]}}