{"id":3767,"date":"2024-08-27T05:40:37","date_gmt":"2024-08-27T05:40:37","guid":{"rendered":"https:\/\/agricultural-gear-boxes.com\/product\/tobacco-machine-chain\/"},"modified":"2024-08-27T05:40:37","modified_gmt":"2024-08-27T05:40:37","slug":"tobacco-machine-chain","status":"publish","type":"product","link":"https:\/\/agricultural-gear-boxes.com\/es\/product\/tobacco-machine-chain\/","title":{"rendered":"Cadena de m\u00e1quinas de tabaco"},"content":{"rendered":"<h2>Cadena de m\u00e1quinas de tabaco: una soluci\u00f3n duradera y vers\u00e1til para diversas industrias<\/h2>\n<p>Las cadenas para m\u00e1quinas de tabaco son un componente esencial de las m\u00e1quinas para fabricar cigarrillos y otros equipos relacionados. Estas cadenas est\u00e1n dise\u00f1adas para soportar las altas exigencias de velocidad y trabajo pesado de la industria tabacalera. Est\u00e1n hechas de materiales de alta calidad y fabricadas con precisi\u00f3n para garantizar durabilidad, confiabilidad y eficiencia.<\/p>\n<h3>\u00bfCu\u00e1les son los escenarios de uso comunes de las cadenas de m\u00e1quinas de tabaco?<\/h3>\n<ul>\n<li>M\u00e1quinas para fabricar cigarrillos<\/li>\n<li>Equipos para procesar tabaco<\/li>\n<li>Maquinaria de embalaje<\/li>\n<li>Sistemas transportadores para la industria del tabaco<\/li>\n<\/ul>\n<h3>\u00bfCu\u00e1les son las ventajas de las cadenas de m\u00e1quinas de tabaco?<\/h3>\n<ul>\n<li>Durable y de larga duraci\u00f3n<\/li>\n<li>Resistente al desgaste.<\/li>\n<li>Puede soportar operaciones de alta velocidad y alta tensi\u00f3n.<\/li>\n<li>Disponible en varios tama\u00f1os y especificaciones para adaptarse a diferentes maquinarias.<\/li>\n<li>F\u00e1cil de instalar, mantener y reparar.<\/li>\n<\/ul>\n<h3>\u00bfQu\u00e9 materiales se pueden utilizar para las cadenas de m\u00e1quinas de tabaco?<\/h3>\n<p>Las cadenas de las m\u00e1quinas de tabaco pueden estar hechas de distintos materiales, como acero inoxidable, acero al carbono y acero aleado. Las cadenas de acero inoxidable son las preferidas por su resistencia a la corrosi\u00f3n, mientras que las cadenas de acero al carbono son m\u00e1s rentables. Las cadenas de acero aleado, por otro lado, ofrecen alta resistencia y durabilidad.<\/p>\n<h3>\u00bfC\u00f3mo instalar, mantener y reparar cadenas de m\u00e1quinas de tabaco?<\/h3>\n<p>La instalaci\u00f3n, el mantenimiento y la reparaci\u00f3n adecuados de las cadenas de las m\u00e1quinas de tabaco son fundamentales para garantizar su longevidad y un rendimiento \u00f3ptimo. A continuaci\u00f3n, se ofrecen algunos consejos:<\/p>\n<h4>Instalaci\u00f3n:<\/h4>\n<ul>\n<li>Follow the manufacturer&#8217;s instructions for proper installation<\/li>\n<li>Aseg\u00farese de que la cadena est\u00e9 correctamente alineada y tensada.<\/li>\n<li>Inspeccione las ruedas dentadas para detectar desgaste y reempl\u00e1celas si es necesario.<\/li>\n<\/ul>\n<h4>Mantenimiento:<\/h4>\n<ul>\n<li>Inspeccione peri\u00f3dicamente las cadenas para detectar desgaste y da\u00f1os.<\/li>\n<li>Lubricate the chains and sprockets according to manufacturer&#8217;s recommendations<\/li>\n<li>Reemplace las cadenas que est\u00e9n desgastadas o da\u00f1adas sin posibilidad de reparaci\u00f3n.<\/li>\n<\/ul>\n<h4>Reparar:<\/h4>\n<ul>\n<li>Reemplace los eslabones, rodillos y pasadores da\u00f1ados o desgastados.<\/li>\n<li>Inspeccione y reemplace las ruedas dentadas si es necesario<\/li>\n<li>Aseg\u00farese de que la cadena est\u00e9 correctamente tensada despu\u00e9s de la reparaci\u00f3n.<\/li>\n<\/ul>\n<h3>\u00bfCu\u00e1les son los otros productos que ofrece la empresa?<\/h3>\n<p>Adem\u00e1s de cadenas para m\u00e1quinas de tabaco, nuestra empresa suministra una amplia gama de engranajes de pl\u00e1stico utilizados en diversas industrias. Nuestros productos incluyen cajas de engranajes agr\u00edcolas, ejes de salida de potencia, ruedas dentadas, acoplamientos hidr\u00e1ulicos, reductores de engranajes helicoidales, engranajes y cremalleras, cadenas desmontables, poleas y poleas, cajas de engranajes planetarios, poleas de distribuci\u00f3n, bujes y m\u00e1s.<\/p>\n<h3>Preguntas y respuestas<\/h3>\n<p><strong>P1: \u00bfLas cadenas de las m\u00e1quinas de tabaco son resistentes a la corrosi\u00f3n?<\/strong><br \/>\nR: S\u00ed, las cadenas de las m\u00e1quinas de tabaco fabricadas en acero inoxidable son muy resistentes a la corrosi\u00f3n.<\/p>\n<p><strong>P2: \u00bfSe pueden reparar las cadenas de las m\u00e1quinas de tabaco?<\/strong><br \/>\nR: S\u00ed, las cadenas de m\u00e1quinas de tabaco da\u00f1adas o desgastadas se pueden reparar reemplazando eslabones, rodillos y pasadores.<\/p>\n<p><strong>P3: \u00bfQu\u00e9 materiales se pueden utilizar para fabricar cadenas para m\u00e1quinas de tabaco?<\/strong><br \/>\nR: Las cadenas de las m\u00e1quinas de tabaco pueden estar hechas de acero inoxidable, acero al carbono o acero de aleaci\u00f3n.<\/p>\n<p><strong>P4: \u00bfSon f\u00e1ciles de instalar las cadenas de las m\u00e1quinas de tabaco?<\/strong><br \/>\nA: Yes, tobacco machine chains are easy to install if you follow the manufacturer&#8217;s instructions.<\/p>\n<p><strong>Q5: \u00bfCu\u00e1les son las ventajas de utilizar engranajes de pl\u00e1stico?<\/strong><br \/>\nR: Los engranajes de pl\u00e1stico son livianos, resistentes a la corrosi\u00f3n y rentables en comparaci\u00f3n con los de metal. Tambi\u00e9n son m\u00e1s silenciosos y requieren menos lubricaci\u00f3n.<\/p>","protected":false},"excerpt":{"rendered":"<p>Tobacco Machine Chain: A Durable and Versatile Solution for Various Industries Tobacco machine chains are an essential component for cigarette-making machines and other related equipment. These chains are designed to withstand the high-speed and heavy-duty demands of the tobacco industry. They are made of high-quality materials and manufactured with precision to ensure durability, reliability, and [&hellip;]<\/p>","protected":false},"featured_media":3713,"template":"","meta":{"_et_pb_use_builder":"","_et_pb_old_content":"","_et_gb_content_width":""},"product_brand":[],"product_cat":[11302],"product_tag":[],"class_list":{"0":"post-3767","1":"product","2":"type-product","3":"status-publish","4":"has-post-thumbnail","6":"product_cat-special-chain","8":"first","9":"instock","10":"shipping-taxable","11":"product-type-simple"},"_links":{"self":[{"href":"https:\/\/agricultural-gear-boxes.com\/es\/wp-json\/wp\/v2\/product\/3767","targetHints":{"allow":["GET"]}}],"collection":[{"href":"https:\/\/agricultural-gear-boxes.com\/es\/wp-json\/wp\/v2\/product"}],"about":[{"href":"https:\/\/agricultural-gear-boxes.com\/es\/wp-json\/wp\/v2\/types\/product"}],"wp:featuredmedia":[{"embeddable":true,"href":"https:\/\/agricultural-gear-boxes.com\/es\/wp-json\/wp\/v2\/media\/3713"}],"wp:attachment":[{"href":"https:\/\/agricultural-gear-boxes.com\/es\/wp-json\/wp\/v2\/media?parent=3767"}],"wp:term":[{"taxonomy":"product_brand","embeddable":true,"href":"https:\/\/agricultural-gear-boxes.com\/es\/wp-json\/wp\/v2\/product_brand?post=3767"},{"taxonomy":"product_cat","embeddable":true,"href":"https:\/\/agricultural-gear-boxes.com\/es\/wp-json\/wp\/v2\/product_cat?post=3767"},{"taxonomy":"product_tag","embeddable":true,"href":"https:\/\/agricultural-gear-boxes.com\/es\/wp-json\/wp\/v2\/product_tag?post=3767"}],"curies":[{"name":"wp","href":"https:\/\/api.w.org\/{rel}","templated":true}]}}