{"id":3768,"date":"2024-08-27T05:40:37","date_gmt":"2024-08-27T05:40:37","guid":{"rendered":"https:\/\/agricultural-gear-boxes.com\/product\/wtr-a-wtr-b-type-tray-wheel-loaded-chain\/"},"modified":"2024-08-27T05:40:38","modified_gmt":"2024-08-27T05:40:38","slug":"wtr-a-wtr-b-type-tray-wheel-loaded-chain","status":"publish","type":"product","link":"https:\/\/agricultural-gear-boxes.com\/es\/product\/wtr-a-wtr-b-type-tray-wheel-loaded-chain\/","title":{"rendered":"Bandeja con cadena de carga sobre ruedas tipo WTR-A WTR-B"},"content":{"rendered":"<h2>Cadena con ruedas para bandejas tipo WTR-A y WTR-B: la soluci\u00f3n definitiva para sus necesidades de manipulaci\u00f3n de materiales<\/h2>\n<p>La cadena con ruedas para bandejas tipo WTR-A y WTR-B es una soluci\u00f3n de manipulaci\u00f3n de materiales fiable y duradera que se utiliza ampliamente en diversas industrias. Esta cadena est\u00e1 dise\u00f1ada espec\u00edficamente para manipular cargas pesadas y proporcionar un movimiento eficiente, lo que la hace ideal para su uso en sistemas de transporte, l\u00edneas de envasado y otras aplicaciones de manipulaci\u00f3n de materiales.<\/p>\n<h3>Ventajas de la cadena de carga sobre ruedas tipo bandeja WTR-A WTR-B<\/h3>\n<ul>\n<li>Construido con materiales de alta calidad para una m\u00e1xima durabilidad y un rendimiento duradero.<\/li>\n<li>Dise\u00f1ado para soportar cargas pesadas y proporcionar un movimiento eficiente.<\/li>\n<li>F\u00e1cil de instalar, mantener y reparar con herramientas simples.<\/li>\n<li>Disponible en varios tama\u00f1os y configuraciones para satisfacer sus necesidades espec\u00edficas.<\/li>\n<li>Proporciona un funcionamiento suave y silencioso, reduciendo la contaminaci\u00f3n ac\u00fastica en el lugar de trabajo.<\/li>\n<\/ul>\n<h3>Tipos de WTR-A WTR-B Tipo Bandeja Cadena Cargada con Ruedas<\/h3>\n<p>Existen dos tipos de cadena de carga con ruedas tipo bandeja WTR-A y WTR-B:<\/p>\n<ul>\n<li>Cadena con ruedas de bandeja tipo WTR-A<\/li>\n<li>Cadena con ruedas de carga tipo bandeja WTR-B<\/li>\n<\/ul>\n<p>Ambos tipos son adecuados para su uso en diversas aplicaciones de manipulaci\u00f3n de materiales. La elecci\u00f3n entre ellos depende de las necesidades espec\u00edficas de su aplicaci\u00f3n.<\/p>\n<h3>Instalaci\u00f3n, mantenimiento y reparaci\u00f3n<\/h3>\n<p>La cadena de carga sobre ruedas tipo bandeja WTR-A WTR-B es f\u00e1cil de instalar, mantener y reparar. A continuaci\u00f3n, se ofrecen algunos consejos:<\/p>\n<ul>\n<li>Aseg\u00farese de que la cadena est\u00e9 correctamente instalada y alineada antes de usarla.<\/li>\n<li>Inspeccione peri\u00f3dicamente la cadena para detectar signos de desgaste y reempl\u00e1cela si es necesario.<\/li>\n<li>Mantenga la cadena limpia y lubricada para garantizar un funcionamiento suave.<\/li>\n<li>When repairing the chain, use genuine replacement parts and follow the manufacturer&#8217;s instructions<\/li>\n<\/ul>\n<h3>Otros productos de nuestra empresa<\/h3>\n<p>Adem\u00e1s de las cadenas de transmisi\u00f3n con ruedas de tipo bandeja WTR-A y WTR-B, nuestra empresa suministra diversos engranajes de pl\u00e1stico utilizados en la industria, como cajas de engranajes agr\u00edcolas, ejes de salida de potencia, ruedas dentadas, acoplamientos de fluidos, reductores de engranajes helicoidales, engranajes y cremalleras, cadenas desmontables, poleas y poleas, cajas de engranajes planetarios, poleas de distribuci\u00f3n, bujes y m\u00e1s. Nos esforzamos por proporcionar productos de alta calidad a un precio favorable, con un servicio considerado. Damos la bienvenida a los clientes a que vengan a nosotros para la personalizaci\u00f3n de dibujos o muestras.<\/p>\n<h2>Preguntas y respuestas<\/h2>\n<h3>1. \u00bfPara qu\u00e9 se utiliza la cadena con ruedas tipo bandeja WTR-A o WTR-B?<\/h3>\n<p>La cadena con ruedas para bandeja tipo WTR-A WTR-B es una soluci\u00f3n de manipulaci\u00f3n de materiales confiable y duradera que se utiliza ampliamente en diversas industrias para sistemas transportadores, l\u00edneas de envasado y otras aplicaciones de manipulaci\u00f3n de materiales que requieren manipulaci\u00f3n de cargas pesadas y movimiento eficiente.<\/p>\n<h3>2. \u00bfCu\u00e1les son las ventajas de la cadena con ruedas tipo bandeja WTR-A y WTR-B?<\/h3>\n<p>La cadena con ruedas tipo bandeja WTR-A WTR-B ofrece varias ventajas, incluidos materiales de alta calidad para m\u00e1xima durabilidad, f\u00e1cil instalaci\u00f3n, mantenimiento y reparaci\u00f3n, funcionamiento suave y silencioso, y varios tama\u00f1os y configuraciones para satisfacer necesidades espec\u00edficas.<\/p>\n<h3>3. \u00bfCu\u00e1les son los tipos de cadena de carga sobre ruedas tipo bandeja WTR-A y WTR-B?<\/h3>\n<p>Hay dos tipos de cadena con ruedas de bandeja tipo WTR-A y WTR-B: Cadena con ruedas de bandeja tipo WTR-A y Cadena con ruedas de bandeja tipo WTR-B.<\/p>\n<h3>4. \u00bfC\u00f3mo instalo, mantengo y reparo la cadena con ruedas tipo bandeja WTR-A o WTR-B?<\/h3>\n<p>WTR-A WTR-B type tray wheel loaded chain is easy to install, maintain, and repair. Ensure that the chain is properly installed and aligned before use, regularly inspect the chain for signs of wear and tear, keep the chain clean and lubricated to ensure smooth operation, and when repairing the chain, use genuine replacement parts and follow the manufacturer&#8217;s instructions.<\/p>\n<h3>5. \u00bfQu\u00e9 otros productos ofrece su empresa?<\/h3>\n<p>Adem\u00e1s de las cadenas con ruedas tipo bandeja WTR-A y WTR-B, nuestra empresa suministra diversos engranajes pl\u00e1sticos utilizados en la industria, como cajas de engranajes agr\u00edcolas, ejes de salida de potencia, pi\u00f1ones, acoplamientos de fluido, reductores de tornillo sin fin, engranajes y cremalleras, cadenas desmontables, poleas y poleas, cajas de engranajes planetarios, poleas de distribuci\u00f3n, bujes y m\u00e1s.<\/p>","protected":false},"excerpt":{"rendered":"<p>WTR-A WTR-B Type Tray Wheel Loaded Chain: The Ultimate Solution for Your Material Handling Needs WTR-A WTR-B type tray wheel loaded chain is a reliable and durable material handling solution that is widely used in various industries. This chain is specifically designed to handle heavy loads and provide efficient movement, making it ideal for use [&hellip;]<\/p>","protected":false},"featured_media":3753,"template":"","meta":{"_et_pb_use_builder":"","_et_pb_old_content":"","_et_gb_content_width":""},"product_brand":[],"product_cat":[11302],"product_tag":[],"class_list":{"0":"post-3768","1":"product","2":"type-product","3":"status-publish","4":"has-post-thumbnail","6":"product_cat-special-chain","8":"first","9":"instock","10":"shipping-taxable","11":"product-type-simple"},"_links":{"self":[{"href":"https:\/\/agricultural-gear-boxes.com\/es\/wp-json\/wp\/v2\/product\/3768","targetHints":{"allow":["GET"]}}],"collection":[{"href":"https:\/\/agricultural-gear-boxes.com\/es\/wp-json\/wp\/v2\/product"}],"about":[{"href":"https:\/\/agricultural-gear-boxes.com\/es\/wp-json\/wp\/v2\/types\/product"}],"wp:featuredmedia":[{"embeddable":true,"href":"https:\/\/agricultural-gear-boxes.com\/es\/wp-json\/wp\/v2\/media\/3753"}],"wp:attachment":[{"href":"https:\/\/agricultural-gear-boxes.com\/es\/wp-json\/wp\/v2\/media?parent=3768"}],"wp:term":[{"taxonomy":"product_brand","embeddable":true,"href":"https:\/\/agricultural-gear-boxes.com\/es\/wp-json\/wp\/v2\/product_brand?post=3768"},{"taxonomy":"product_cat","embeddable":true,"href":"https:\/\/agricultural-gear-boxes.com\/es\/wp-json\/wp\/v2\/product_cat?post=3768"},{"taxonomy":"product_tag","embeddable":true,"href":"https:\/\/agricultural-gear-boxes.com\/es\/wp-json\/wp\/v2\/product_tag?post=3768"}],"curies":[{"name":"wp","href":"https:\/\/api.w.org\/{rel}","templated":true}]}}