{"id":3779,"date":"2024-08-27T05:40:45","date_gmt":"2024-08-27T05:40:45","guid":{"rendered":"https:\/\/agricultural-gear-boxes.com\/product\/side-bow-chain-2\/"},"modified":"2024-08-27T05:40:46","modified_gmt":"2024-08-27T05:40:46","slug":"side-bow-chain-2","status":"publish","type":"product","link":"https:\/\/agricultural-gear-boxes.com\/es\/product\/side-bow-chain-2\/","title":{"rendered":"Cadena de lazo lateral"},"content":{"rendered":"<h2>Cadena de arco lateral: la soluci\u00f3n vers\u00e1til y duradera para diversas industrias<\/h2>\n<p>Si busca una cadena transportadora que pueda manejar pistas curvas o sinuosas sin perder precisi\u00f3n ni estabilidad, la cadena de arco lateral es la soluci\u00f3n ideal. Este tipo de cadena presenta un dise\u00f1o \u00fanico que le permite moverse con suavidad y flexibilidad en diversas direcciones, lo que la hace ideal para industrias que requieren el transporte de alta velocidad y precisi\u00f3n de art\u00edculos como botellas, latas y paquetes.<\/p>\n<p>Adem\u00e1s de su flexibilidad, la cadena de arco lateral tambi\u00e9n destaca por su durabilidad y larga vida \u00fatil. Sus placas, pasadores y rodillos est\u00e1n fabricados con materiales de alta calidad, como acero al carbono, acero inoxidable y pl\u00e1sticos de ingenier\u00eda, que soportan entornos hostiles y cargas pesadas. Adem\u00e1s, la cadena se puede personalizar en diferentes tama\u00f1os y especificaciones para adaptarse a las necesidades espec\u00edficas de cada aplicaci\u00f3n.<\/p>\n<p>A continuaci\u00f3n se muestran algunas caracter\u00edsticas y beneficios comunes de la cadena de arco lateral:<\/p>\n<h3>Caracter\u00edsticas:<\/h3>\n<ul>\n<li>Dise\u00f1o curvo o de arco lateral para mayor flexibilidad y movimiento suave.<\/li>\n<li>Materiales de alta calidad para mayor durabilidad y resistencia a la corrosi\u00f3n.<\/li>\n<li>Varios tama\u00f1os y especificaciones disponibles para personalizaci\u00f3n.<\/li>\n<li>Compatible con diferentes tipos de pi\u00f1ones y gu\u00edas.<\/li>\n<li>F\u00e1cil mantenimiento y reparaci\u00f3n<\/li>\n<\/ul>\n<h3>Beneficios:<\/h3>\n<ul>\n<li>Transporte preciso y estable de art\u00edculos en v\u00edas curvas o retorcidas<\/li>\n<li>Reducci\u00f3n de tiempos de inactividad y costes de mantenimiento<\/li>\n<li>Mayor productividad y eficiencia<\/li>\n<li>Larga vida \u00fatil y bajos requisitos de mantenimiento.<\/li>\n<li>Adecuado para diversas industrias como alimentos y bebidas, embalaje y automoci\u00f3n.<\/li>\n<\/ul>\n<h3>Instalaci\u00f3n, mantenimiento y reparaci\u00f3n:<\/h3>\n<p>Para garantizar el rendimiento \u00f3ptimo y la vida \u00fatil de su cadena de proa lateral, es importante seguir los procedimientos adecuados de instalaci\u00f3n, mantenimiento y reparaci\u00f3n. Aqu\u00ed tiene algunos consejos:<\/p>\n<h4>Instalaci\u00f3n:<\/h4>\n<ol>\n<li>Aseg\u00farese de que las ruedas dentadas y las gu\u00edas est\u00e9n alineadas correctamente<\/li>\n<li>Ajuste la tensi\u00f3n de la cadena al nivel recomendado<\/li>\n<li>Utilice una lubricaci\u00f3n adecuada y evite la tensi\u00f3n o el desgaste excesivos.<\/li>\n<li>Compruebe si hay desalineaci\u00f3n, da\u00f1os o desgaste durante el funcionamiento.<\/li>\n<\/ol>\n<h4>Mantenimiento:<\/h4>\n<ol>\n<li>Limpie la cadena peri\u00f3dicamente para eliminar cualquier residuo o contaminaci\u00f3n.<\/li>\n<li>Inspeccione la cadena para detectar desgaste, alargamiento o da\u00f1os.<\/li>\n<li>Reemplace r\u00e1pidamente cualquier pieza desgastada o da\u00f1ada<\/li>\n<li>Utilice una lubricaci\u00f3n adecuada y evite la tensi\u00f3n o el desgaste excesivos.<\/li>\n<\/ol>\n<h4>Reparar:<\/h4>\n<ol>\n<li>Identificar la causa del problema y determinar la magnitud del da\u00f1o.<\/li>\n<li>Reemplace cualquier pieza desgastada o da\u00f1ada con repuestos originales.<\/li>\n<li>Vuelva a montar la cadena y pru\u00e9bela para comprobar su correcto funcionamiento.<\/li>\n<\/ol>\n<h3>Preguntas y respuestas:<\/h3>\n<p>P1: \u00bfQu\u00e9 es una cadena de arco lateral?<br \/>\nA1: Una cadena de arco lateral es un tipo de cadena transportadora que presenta un dise\u00f1o curvo o de arco lateral para lograr flexibilidad y un movimiento suave en pistas curvas o retorcidas.<\/p>\n<p>P2: \u00bfCu\u00e1les son los beneficios de utilizar una cadena de arco lateral?<br \/>\nA2: Los beneficios de utilizar una cadena de arco lateral incluyen un transporte preciso y estable de art\u00edculos en pistas curvas o retorcidas, reducci\u00f3n del tiempo de inactividad y de los costos de mantenimiento, mayor productividad y eficiencia, larga vida \u00fatil e idoneidad para diversas industrias.<\/p>\n<p>P3: \u00bfDe qu\u00e9 materiales est\u00e1n hechas las cadenas de arco lateral?<br \/>\nA3: Las cadenas de arco lateral pueden estar hechas de materiales de alta calidad, como acero al carbono, acero inoxidable y pl\u00e1sticos de ingenier\u00eda, seg\u00fan los requisitos de la aplicaci\u00f3n.<\/p>\n<p>P4: \u00bfC\u00f3mo se instala una cadena de arco lateral?<br \/>\nA4: Para instalar una cadena de arco lateral, debe asegurarse de que los pi\u00f1ones y las gu\u00edas est\u00e9n alineados correctamente, ajustar la tensi\u00f3n de la cadena al nivel recomendado, usar la lubricaci\u00f3n adecuada y verificar si hay desalineaci\u00f3n, da\u00f1os o desgaste durante el funcionamiento.<\/p>\n<p>Q5: \u00bfCu\u00e1les son los requisitos de mantenimiento de una cadena de proa lateral?<br \/>\nA5: Los requisitos de mantenimiento de una cadena de arco lateral incluyen la limpieza regular para eliminar residuos o contaminaci\u00f3n, la inspecci\u00f3n del desgaste, elongaci\u00f3n o da\u00f1os, el reemplazo inmediato de cualquier pieza desgastada o da\u00f1ada, el uso de lubricaci\u00f3n adecuada y evitar la tensi\u00f3n o el desgaste excesivos. <\/p>\n<p>At XYZ Company, we don&#8217;t just offer high-quality side bow chains, but also a wide range of other products used in various industries. Our products include agricultural gearboxes, power output shafts, sprockets, fluid couplings, worm gear reducers, gears and racks, detachable chains, pulleys and pulleys, planetary gearboxes, timing pulleys, bushings, and more. We take pride in providing our customers with the best quality products at a favorable price, and we also offer customization services based on your specific needs. Contact us today and let us help you find the right solution for your business.<\/p>","protected":false},"excerpt":{"rendered":"<p>Side Bow Chain: The Versatile and Durable Solution for Various Industries If you are looking for a conveyor chain that can handle curved or twisted tracks without losing accuracy and stability, then the side bow chain is your perfect solution. This type of chain features a unique design that allows it to move smoothly and [&hellip;]<\/p>","protected":false},"featured_media":3778,"template":"","meta":{"_et_pb_use_builder":"","_et_pb_old_content":"","_et_gb_content_width":""},"product_brand":[],"product_cat":[11302],"product_tag":[],"class_list":{"0":"post-3779","1":"product","2":"type-product","3":"status-publish","4":"has-post-thumbnail","6":"product_cat-special-chain","8":"first","9":"instock","10":"shipping-taxable","11":"product-type-simple"},"_links":{"self":[{"href":"https:\/\/agricultural-gear-boxes.com\/es\/wp-json\/wp\/v2\/product\/3779","targetHints":{"allow":["GET"]}}],"collection":[{"href":"https:\/\/agricultural-gear-boxes.com\/es\/wp-json\/wp\/v2\/product"}],"about":[{"href":"https:\/\/agricultural-gear-boxes.com\/es\/wp-json\/wp\/v2\/types\/product"}],"wp:featuredmedia":[{"embeddable":true,"href":"https:\/\/agricultural-gear-boxes.com\/es\/wp-json\/wp\/v2\/media\/3778"}],"wp:attachment":[{"href":"https:\/\/agricultural-gear-boxes.com\/es\/wp-json\/wp\/v2\/media?parent=3779"}],"wp:term":[{"taxonomy":"product_brand","embeddable":true,"href":"https:\/\/agricultural-gear-boxes.com\/es\/wp-json\/wp\/v2\/product_brand?post=3779"},{"taxonomy":"product_cat","embeddable":true,"href":"https:\/\/agricultural-gear-boxes.com\/es\/wp-json\/wp\/v2\/product_cat?post=3779"},{"taxonomy":"product_tag","embeddable":true,"href":"https:\/\/agricultural-gear-boxes.com\/es\/wp-json\/wp\/v2\/product_tag?post=3779"}],"curies":[{"name":"wp","href":"https:\/\/api.w.org\/{rel}","templated":true}]}}