{"id":3783,"date":"2024-08-27T05:40:48","date_gmt":"2024-08-27T05:40:48","guid":{"rendered":"https:\/\/agricultural-gear-boxes.com\/product\/double-plus-chain\/"},"modified":"2024-08-27T05:40:49","modified_gmt":"2024-08-27T05:40:49","slug":"double-plus-chain","status":"publish","type":"product","link":"https:\/\/agricultural-gear-boxes.com\/es\/product\/double-plus-chain\/","title":{"rendered":"Cadena doble plus"},"content":{"rendered":"<h2>Cadena Double-Plus: la soluci\u00f3n definitiva para aplicaciones de trabajo pesado<\/h2>\n<p>Las cadenas Double-plus son cadenas de transmisi\u00f3n de alta resistencia que se utilizan ampliamente en varias aplicaciones industriales, incluidas cintas transportadoras, elevadores de cangilones y varios tipos de maquinaria. Estas cadenas est\u00e1n hechas de materiales de alta calidad, como acero al carbono, acero inoxidable o acero aleado, que brindan una resistencia, durabilidad y resistencia al desgaste excepcionales, lo que las convierte en una soluci\u00f3n perfecta para aplicaciones de alta resistencia.<\/p>\n<p>La cadena doble plus es un tipo de cadena de rodillos con rodillos de di\u00e1metro extra grande que proporcionan una mayor superficie de contacto con el pi\u00f1\u00f3n. Esta caracter\u00edstica reduce la presi\u00f3n sobre la cadena, el pi\u00f1\u00f3n y los rodamientos, proporcionando una mejor distribuci\u00f3n de la carga, un menor desgaste y una mayor vida \u00fatil. Adem\u00e1s, estas cadenas cuentan con bujes s\u00f3lidos que proporcionan una mayor resistencia y resistencia a la fatiga, asegurando el m\u00e1ximo rendimiento y confiabilidad.<\/p>\n<h3>Ventajas de la cadena Double-Plus<\/h3>\n<ul>\n<li>Alta resistencia y durabilidad.<\/li>\n<li>Excelente resistencia al desgaste.<\/li>\n<li>Mayor distribuci\u00f3n de carga<\/li>\n<li>Presi\u00f3n reducida en la cadena, la rueda dentada y los cojinetes.<\/li>\n<li>Mejor resistencia a la fatiga<\/li>\n<li>Mayor vida \u00fatil<\/li>\n<\/ul>\n<h3>Instalaci\u00f3n, mantenimiento y reparaci\u00f3n<\/h3>\n<p>Double-plus chains require proper installation and regular maintenance to ensure maximum performance and longevity. The chain should be installed according to the manufacturer&#8217;s instructions, including the correct tension, lubrication, and alignment. Regular maintenance should include cleaning, lubrication, and inspection of the chain and sprocket for wear, damage, or misalignment. If any issues are detected, the chain should be repaired or replaced promptly to prevent further damage or safety hazards.<\/p>\n<h3>Otros productos<\/h3>\n<p>Adem\u00e1s de las cadenas de doble cadena, nuestra empresa ofrece una amplia gama de productos industriales de alta calidad, incluidos engranajes de pl\u00e1stico, cajas de engranajes agr\u00edcolas, ejes de salida de potencia, ruedas dentadas, acoplamientos de fluido, reductores de tornillo sin fin, engranajes y cremalleras, cadenas desmontables, poleas y poleas, cajas de engranajes planetarios, poleas de distribuci\u00f3n, bujes y m\u00e1s. Nos esforzamos por ofrecer a nuestros clientes productos de la m\u00e1s alta calidad, precios competitivos y un excelente servicio al cliente. Invitamos a los clientes a que vengan a nosotros para personalizar dibujos o muestras.<\/p>\n<h2>Preguntas y respuestas<\/h2>\n<h3>1. \u00bfQu\u00e9 es una cadena doble plus?<\/h3>\n<p>Una cadena de doble cadena es una cadena de transmisi\u00f3n de alta resistencia que se utiliza ampliamente en diversas aplicaciones industriales, como transportadores, elevadores de cangilones y maquinaria. Est\u00e1 hecha de materiales de alta calidad, como acero al carbono, acero inoxidable o acero de aleaci\u00f3n, lo que proporciona una resistencia, durabilidad y resistencia al desgaste excepcionales.<\/p>\n<h3>2. \u00bfCu\u00e1les son las ventajas de la cadena doble plus?<\/h3>\n<p>Las cadenas dobles ofrecen varias ventajas, entre ellas alta resistencia y durabilidad, excelente resistencia al desgaste, mayor distribuci\u00f3n de la carga, menor presi\u00f3n sobre la cadena, la rueda dentada y los cojinetes, mejor resistencia a la fatiga y mayor vida \u00fatil.<\/p>\n<h3>3. \u00bfC\u00f3mo debo instalar y mantener una cadena doble plus?<\/h3>\n<p>The double-plus chain should be installed according to the manufacturer&#8217;s instructions, including the correct tension, lubrication, and alignment. Regular maintenance should include cleaning, lubrication, and inspection of the chain and sprocket for wear, damage, or misalignment.<\/p>\n<h3>4. \u00bfQu\u00e9 otros productos ofrece su empresa?<\/h3>\n<p>Adem\u00e1s de cadenas de doble m\u00e1s, nuestra empresa ofrece una amplia gama de productos industriales de alta calidad, incluidos engranajes de pl\u00e1stico, cajas de engranajes agr\u00edcolas, ejes de salida de potencia, pi\u00f1ones, acoplamientos de fluido, reductores de tornillo sin fin, engranajes y cremalleras, cadenas desmontables, poleas y poleas, cajas de engranajes planetarios, poleas de distribuci\u00f3n, bujes y m\u00e1s.<\/p>\n<h3>5. \u00bfSu empresa ofrece servicios de personalizaci\u00f3n?<\/h3>\n<p>S\u00ed, invitamos a los clientes a que vengan a nosotros para personalizar sus dise\u00f1os o muestras. Nos esforzamos por ofrecerles a nuestros clientes productos de la m\u00e1s alta calidad, precios competitivos y un excelente servicio al cliente.<\/p>","protected":false},"excerpt":{"rendered":"<p>Double-Plus Chain: The Ultimate Solution for Heavy-Duty Applications Double-plus chains are heavy-duty transmission chains widely used in several industrial applications, including conveyors, bucket elevators, and various types of machinery. These chains are made of high-quality materials such as carbon steel, stainless steel, or alloy steel, which provide exceptional strength, durability, and wear-resistance, making it a [&hellip;]<\/p>","protected":false},"featured_media":3782,"template":"","meta":{"_et_pb_use_builder":"","_et_pb_old_content":"","_et_gb_content_width":""},"product_brand":[],"product_cat":[11302],"product_tag":[],"class_list":{"0":"post-3783","1":"product","2":"type-product","3":"status-publish","4":"has-post-thumbnail","6":"product_cat-special-chain","8":"first","9":"instock","10":"shipping-taxable","11":"product-type-simple"},"_links":{"self":[{"href":"https:\/\/agricultural-gear-boxes.com\/es\/wp-json\/wp\/v2\/product\/3783","targetHints":{"allow":["GET"]}}],"collection":[{"href":"https:\/\/agricultural-gear-boxes.com\/es\/wp-json\/wp\/v2\/product"}],"about":[{"href":"https:\/\/agricultural-gear-boxes.com\/es\/wp-json\/wp\/v2\/types\/product"}],"wp:featuredmedia":[{"embeddable":true,"href":"https:\/\/agricultural-gear-boxes.com\/es\/wp-json\/wp\/v2\/media\/3782"}],"wp:attachment":[{"href":"https:\/\/agricultural-gear-boxes.com\/es\/wp-json\/wp\/v2\/media?parent=3783"}],"wp:term":[{"taxonomy":"product_brand","embeddable":true,"href":"https:\/\/agricultural-gear-boxes.com\/es\/wp-json\/wp\/v2\/product_brand?post=3783"},{"taxonomy":"product_cat","embeddable":true,"href":"https:\/\/agricultural-gear-boxes.com\/es\/wp-json\/wp\/v2\/product_cat?post=3783"},{"taxonomy":"product_tag","embeddable":true,"href":"https:\/\/agricultural-gear-boxes.com\/es\/wp-json\/wp\/v2\/product_tag?post=3783"}],"curies":[{"name":"wp","href":"https:\/\/api.w.org\/{rel}","templated":true}]}}