{"id":3802,"date":"2024-08-28T05:31:19","date_gmt":"2024-08-28T05:31:19","guid":{"rendered":"https:\/\/agricultural-gear-boxes.com\/product\/short-pitch-stainless-steel-roller-chains-b-series-2\/"},"modified":"2024-08-28T05:31:19","modified_gmt":"2024-08-28T05:31:19","slug":"short-pitch-stainless-steel-roller-chains-b-series-2","status":"publish","type":"product","link":"https:\/\/agricultural-gear-boxes.com\/es\/product\/short-pitch-stainless-steel-roller-chains-b-series-2\/","title":{"rendered":"Cadenas de rodillos de acero inoxidable de paso corto (serie B)"},"content":{"rendered":"<h2>Cadenas de rodillos de acero inoxidable de paso corto (serie B)<\/h2>\n<p>Las cadenas de rodillos de acero inoxidable se utilizan ampliamente en diversas industrias. Las cadenas de rodillos de acero inoxidable de paso corto (serie B) se utilizan com\u00fanmente en maquinaria de procesamiento de alimentos, maquinaria farmac\u00e9utica y equipos qu\u00edmicos. Tambi\u00e9n se utilizan ampliamente en entornos que requieren resistencia a la corrosi\u00f3n y resistencia a altas temperaturas.<\/p>\n<p>Estas cadenas est\u00e1n hechas de acero inoxidable de alta calidad, resistente a la corrosi\u00f3n y al \u00f3xido. Est\u00e1n disponibles en diferentes tama\u00f1os y especificaciones para satisfacer las diferentes necesidades de los clientes. La serie B de cadenas de rodillos de acero inoxidable de paso corto est\u00e1 dise\u00f1ada para ser f\u00e1cil de instalar, mantener y reparar.<\/p>\n<h3>Ventajas de las cadenas de rodillos de acero inoxidable de paso corto (serie B)<\/h3>\n<ul>\n<li>Alta resistencia a la corrosi\u00f3n<\/li>\n<li>Resistencia a altas temperaturas<\/li>\n<li>Bajo nivel de ruido<\/li>\n<li>Alta resistencia y durabilidad.<\/li>\n<li>F\u00e1cil de instalar, mantener y reparar.<\/li>\n<\/ul>\n<h3>Instalaci\u00f3n, mantenimiento y reparaci\u00f3n<\/h3>\n<p>La instalaci\u00f3n de cadenas de rodillos de acero inoxidable de paso corto es relativamente sencilla. Antes de la instalaci\u00f3n, se debe limpiar la cadena y comprobar que no presente da\u00f1os. La cadena debe tensarse correctamente y lubricarse peri\u00f3dicamente para garantizar un rendimiento \u00f3ptimo y evitar el desgaste.<\/p>\n<p>En caso de da\u00f1o o desgaste, las piezas da\u00f1adas se pueden reemplazar f\u00e1cilmente. Es recomendable reemplazar todas las piezas desgastadas a la vez para garantizar un funcionamiento suave y eficiente de la cadena.<\/p>\n<h3>Company&#8217;s Other Products Business<\/h3>\n<p>Adem\u00e1s de las cadenas de rodillos de acero inoxidable de paso corto (serie B), nuestra empresa suministra una amplia gama de productos industriales, como cajas de engranajes agr\u00edcolas, ejes de salida de potencia, ruedas dentadas, acoplamientos de fluidos, reductores de engranajes sinf\u00edn, engranajes y cremalleras, cadenas desmontables, poleas y poleas, cajas de engranajes planetarios, poleas de distribuci\u00f3n, bujes y m\u00e1s. Nuestros productos son de alta calidad, asequibles y respaldados por una excelente atenci\u00f3n al cliente.<\/p>\n<h2>Preguntas y respuestas<\/h2>\n<h3>1. \u00bfCu\u00e1les son los escenarios de uso comunes de las cadenas de rodillos de acero inoxidable de paso corto (Serie B)?<\/h3>\n<p>Las cadenas de rodillos de acero inoxidable de paso corto (serie B) se utilizan habitualmente en maquinaria de procesamiento de alimentos, maquinaria farmac\u00e9utica y equipos qu\u00edmicos. Tambi\u00e9n se utilizan ampliamente en entornos que requieren resistencia a la corrosi\u00f3n y resistencia a altas temperaturas.<\/p>\n<h3>2. \u00bfCu\u00e1les son las ventajas de las cadenas de rodillos de acero inoxidable de paso corto (Serie B)?<\/h3>\n<p>Las ventajas de las cadenas de rodillos de acero inoxidable de paso corto (Serie B) incluyen alta resistencia a la corrosi\u00f3n, resistencia a altas temperaturas, bajo nivel de ruido, alta resistencia y durabilidad, y f\u00e1cil instalaci\u00f3n, mantenimiento y reparaci\u00f3n.<\/p>\n<h3>3. \u00bfC\u00f3mo debo instalar y mantener las cadenas de rodillos de acero inoxidable de paso corto (Serie B)?<\/h3>\n<p>Antes de la instalaci\u00f3n, se debe limpiar la cadena y comprobar que no presente da\u00f1os. La cadena debe tensarse correctamente y lubricarse peri\u00f3dicamente para garantizar un rendimiento \u00f3ptimo y evitar el desgaste. En caso de da\u00f1os o desgaste, las piezas da\u00f1adas se pueden sustituir f\u00e1cilmente.<\/p>\n<h3>4. \u00bfQu\u00e9 otros productos suministra su empresa?<\/h3>\n<p>Adem\u00e1s de cadenas de rodillos de acero inoxidable de paso corto (Serie B), nuestra empresa suministra una amplia gama de productos industriales, como cajas de engranajes agr\u00edcolas, ejes de salida de potencia, pi\u00f1ones, acoplamientos de fluido, reductores de tornillo sin fin, engranajes y cremalleras, cadenas desmontables, poleas y poleas, cajas de engranajes planetarios, poleas de distribuci\u00f3n, bujes y m\u00e1s.<\/p>\n<h3>5. Why should I choose your company&#8217;s products?<\/h3>\n<p>Nuestros productos son de alta calidad, asequibles y cuentan con el respaldo de un excelente servicio de atenci\u00f3n al cliente. Tambi\u00e9n ofrecemos servicios de personalizaci\u00f3n para satisfacer las necesidades espec\u00edficas de los clientes.<\/p>","protected":false},"excerpt":{"rendered":"<p>Short Pitch Stainless Steel Roller Chains (B Series) Stainless steel roller chains are widely used in various industries. The Short Pitch Stainless Steel Roller Chains (B Series) are commonly used in food processing machinery, pharmaceutical machinery, and chemical equipment. They are also widely used in environments that require corrosion resistance and high temperature resistance. These [&hellip;]<\/p>","protected":false},"featured_media":3696,"template":"","meta":{"_et_pb_use_builder":"","_et_pb_old_content":"","_et_gb_content_width":""},"product_brand":[],"product_cat":[11303],"product_tag":[],"class_list":{"0":"post-3802","1":"product","2":"type-product","3":"status-publish","4":"has-post-thumbnail","6":"product_cat-corrosion-resistant-chain","8":"first","9":"instock","10":"shipping-taxable","11":"product-type-simple"},"_links":{"self":[{"href":"https:\/\/agricultural-gear-boxes.com\/es\/wp-json\/wp\/v2\/product\/3802","targetHints":{"allow":["GET"]}}],"collection":[{"href":"https:\/\/agricultural-gear-boxes.com\/es\/wp-json\/wp\/v2\/product"}],"about":[{"href":"https:\/\/agricultural-gear-boxes.com\/es\/wp-json\/wp\/v2\/types\/product"}],"wp:featuredmedia":[{"embeddable":true,"href":"https:\/\/agricultural-gear-boxes.com\/es\/wp-json\/wp\/v2\/media\/3696"}],"wp:attachment":[{"href":"https:\/\/agricultural-gear-boxes.com\/es\/wp-json\/wp\/v2\/media?parent=3802"}],"wp:term":[{"taxonomy":"product_brand","embeddable":true,"href":"https:\/\/agricultural-gear-boxes.com\/es\/wp-json\/wp\/v2\/product_brand?post=3802"},{"taxonomy":"product_cat","embeddable":true,"href":"https:\/\/agricultural-gear-boxes.com\/es\/wp-json\/wp\/v2\/product_cat?post=3802"},{"taxonomy":"product_tag","embeddable":true,"href":"https:\/\/agricultural-gear-boxes.com\/es\/wp-json\/wp\/v2\/product_tag?post=3802"}],"curies":[{"name":"wp","href":"https:\/\/api.w.org\/{rel}","templated":true}]}}