{"id":3803,"date":"2024-08-28T05:31:19","date_gmt":"2024-08-28T05:31:19","guid":{"rendered":"https:\/\/agricultural-gear-boxes.com\/product\/short-pitch-heavy-duty-stainless-steel-roller-chains-2\/"},"modified":"2024-08-28T05:31:19","modified_gmt":"2024-08-28T05:31:19","slug":"short-pitch-heavy-duty-stainless-steel-roller-chains-2","status":"publish","type":"product","link":"https:\/\/agricultural-gear-boxes.com\/es\/product\/short-pitch-heavy-duty-stainless-steel-roller-chains-2\/","title":{"rendered":"Cadenas de rodillos de acero inoxidable de servicio pesado de paso corto"},"content":{"rendered":"<h2>Cadenas de rodillos de acero inoxidable de servicio pesado y paso corto<\/h2>\n<p>Si busca una cadena de rodillos confiable y duradera, la cadena de rodillos de acero inoxidable de servicio pesado de paso corto es la opci\u00f3n perfecta. Esta cadena se usa com\u00fanmente en varias industrias, incluido el procesamiento de alimentos, plantas qu\u00edmicas, productos farmac\u00e9uticos y otros procesos de fabricaci\u00f3n.<\/p>\n<p>Esta cadena est\u00e1 fabricada en acero inoxidable de alta calidad, lo que la hace resistente al \u00f3xido, la corrosi\u00f3n y otros factores ambientales. Esto la hace ideal para su uso en entornos hostiles. El acero inoxidable tambi\u00e9n es un material adecuado para su uso en plantas de procesamiento de alimentos, ya que no reacciona con los alimentos ni los contamina.<\/p>\n<p>Estas cadenas vienen en varias clasificaciones, incluidos los n\u00fameros ANSI e ISO. Esto significa que puede encontrar f\u00e1cilmente el tama\u00f1o perfecto para su aplicaci\u00f3n. La cadena de rodillos de acero inoxidable de servicio pesado de paso corto tambi\u00e9n est\u00e1 dise\u00f1ada para soportar cargas pesadas y altas temperaturas, lo que la hace perfecta para diferentes tipos de maquinaria.<\/p>\n<p>La instalaci\u00f3n, el mantenimiento y la reparaci\u00f3n de esta cadena son sencillos y requieren poco tiempo de inactividad. Tambi\u00e9n puede reemplazar f\u00e1cilmente las piezas desgastadas por otras nuevas. <\/p>\n<h3>Ventajas<\/h3>\n<ul>\n<li>Resistente al \u00f3xido y la corrosi\u00f3n.<\/li>\n<li>Dise\u00f1ado para soportar cargas pesadas y altas temperaturas.<\/li>\n<li>F\u00e1cil instalaci\u00f3n, mantenimiento y reparaci\u00f3n.<\/li>\n<li>Adecuado para su uso en entornos hostiles.<\/li>\n<li>No reacciona con los alimentos ni los contamina.<\/li>\n<\/ul>\n<h3>Clasificaci\u00f3n<\/h3>\n<ul>\n<li>N\u00fameros ANSI e ISO<\/li>\n<li>Varios tama\u00f1os disponibles para diferentes aplicaciones.<\/li>\n<\/ul>\n<h3>Material<\/h3>\n<ul>\n<li>Fabricado en acero inoxidable de alta calidad.<\/li>\n<\/ul>\n<h3>Installation &#038; Maintenance<\/h3>\n<ul>\n<li>F\u00e1cil instalaci\u00f3n y reparaci\u00f3n.<\/li>\n<li>Requiere poco tiempo de inactividad<\/li>\n<li>F\u00e1cil sustituci\u00f3n de piezas desgastadas por otras nuevas.<\/li>\n<\/ul>\n<h3>Otros productos<\/h3>\n<p>Adem\u00e1s de las cadenas de rodillos de acero inoxidable de servicio pesado de paso corto, nuestra empresa suministra varios productos utilizados en industrias como cajas de engranajes agr\u00edcolas, ejes de salida de potencia, ruedas dentadas, acoplamientos de fluidos, reductores de engranajes helicoidales, engranajes y cremalleras, cadenas desmontables, poleas y poleas, cajas de engranajes planetarios, poleas de distribuci\u00f3n, bujes y m\u00e1s. Ofrecemos productos de alta calidad a un precio favorable con un servicio considerado y damos la bienvenida a los clientes para que vengan a nosotros para personalizar dibujos o muestras.<\/p>\n<h2>Preguntas y respuestas<\/h2>\n<ol>\n<li>\u00bfDe qu\u00e9 est\u00e1 hecha la cadena de rodillos de acero inoxidable resistente de paso corto?<\/li>\n<li>\u00bfCu\u00e1les son las industrias comunes donde se utiliza esta cadena?<\/li>\n<li>\u00bfCu\u00e1les son las ventajas de utilizar esta cadena?<\/li>\n<li>\u00bfEs f\u00e1cil instalar y mantener la cadena de rodillos de acero inoxidable resistente de paso corto?<\/li>\n<li>\u00bfQu\u00e9 otros productos suministra su empresa?<\/li>\n<\/ol>","protected":false},"excerpt":{"rendered":"<p>Short Pitch Heavy Duty Stainless Steel Roller Chains If you are in search of a reliable and durable roller chain, the Short Pitch Heavy Duty Stainless Steel Roller Chain is a perfect choice. This chain is commonly used in various industries, including food processing, chemical plants, pharmaceuticals, and other manufacturing processes. This chain is made [&hellip;]<\/p>","protected":false},"featured_media":3650,"template":"","meta":{"_et_pb_use_builder":"","_et_pb_old_content":"","_et_gb_content_width":""},"product_brand":[],"product_cat":[11303],"product_tag":[],"class_list":{"0":"post-3803","1":"product","2":"type-product","3":"status-publish","4":"has-post-thumbnail","6":"product_cat-corrosion-resistant-chain","8":"first","9":"instock","10":"shipping-taxable","11":"product-type-simple"},"_links":{"self":[{"href":"https:\/\/agricultural-gear-boxes.com\/es\/wp-json\/wp\/v2\/product\/3803","targetHints":{"allow":["GET"]}}],"collection":[{"href":"https:\/\/agricultural-gear-boxes.com\/es\/wp-json\/wp\/v2\/product"}],"about":[{"href":"https:\/\/agricultural-gear-boxes.com\/es\/wp-json\/wp\/v2\/types\/product"}],"wp:featuredmedia":[{"embeddable":true,"href":"https:\/\/agricultural-gear-boxes.com\/es\/wp-json\/wp\/v2\/media\/3650"}],"wp:attachment":[{"href":"https:\/\/agricultural-gear-boxes.com\/es\/wp-json\/wp\/v2\/media?parent=3803"}],"wp:term":[{"taxonomy":"product_brand","embeddable":true,"href":"https:\/\/agricultural-gear-boxes.com\/es\/wp-json\/wp\/v2\/product_brand?post=3803"},{"taxonomy":"product_cat","embeddable":true,"href":"https:\/\/agricultural-gear-boxes.com\/es\/wp-json\/wp\/v2\/product_cat?post=3803"},{"taxonomy":"product_tag","embeddable":true,"href":"https:\/\/agricultural-gear-boxes.com\/es\/wp-json\/wp\/v2\/product_tag?post=3803"}],"curies":[{"name":"wp","href":"https:\/\/api.w.org\/{rel}","templated":true}]}}