{"id":3804,"date":"2024-08-28T05:31:19","date_gmt":"2024-08-28T05:31:19","guid":{"rendered":"https:\/\/agricultural-gear-boxes.com\/product\/double-pitch-stainless-steel-transmission-roller-chains\/"},"modified":"2024-08-28T05:31:20","modified_gmt":"2024-08-28T05:31:20","slug":"double-pitch-stainless-steel-transmission-roller-chains","status":"publish","type":"product","link":"https:\/\/agricultural-gear-boxes.com\/es\/product\/double-pitch-stainless-steel-transmission-roller-chains\/","title":{"rendered":"Cadenas de rodillos de transmisi\u00f3n de acero inoxidable de doble paso"},"content":{"rendered":"<h2>Cadenas de transmisi\u00f3n de rodillos de acero inoxidable de doble paso<\/h2>\n<p>Las cadenas de transmisi\u00f3n de rodillos de acero inoxidable de doble paso son un tipo de cadena mec\u00e1nica que se utiliza ampliamente en aplicaciones industriales. Estas cadenas est\u00e1n formadas por una serie de eslabones de acero inoxidable que est\u00e1n conectados entre s\u00ed mediante pasadores de rodillos. Los eslabones est\u00e1n dise\u00f1ados para engranarse con los dientes de una rueda dentada, lo que permite que la cadena transmita potencia y movimiento de un componente a otro.<\/p>\n<h3>Escenarios de uso com\u00fan<\/h3>\n<p>Las cadenas de transmisi\u00f3n de rodillos de acero inoxidable de doble paso se utilizan habitualmente en aplicaciones en las que las cargas elevadas y las altas velocidades son un problema. Son ideales para transportar cargas pesadas a largas distancias, como en sistemas transportadores o en maquinaria de envasado. Estas cadenas tambi\u00e9n se utilizan en equipos agr\u00edcolas, plantas de procesamiento de alimentos y en la industria automotriz.<\/p>\n<h3>Ventajas<\/h3>\n<p>Una de las mayores ventajas de las cadenas de transmisi\u00f3n de rodillos de acero inoxidable de doble paso es su capacidad para soportar cargas pesadas y altas velocidades. Tambi\u00e9n son resistentes a la corrosi\u00f3n y pueden funcionar en entornos hostiles, lo que las hace ideales para su uso en las industrias de procesamiento de alimentos y agr\u00edcola. Adem\u00e1s, estas cadenas requieren un mantenimiento m\u00ednimo, lo que ayuda a reducir el tiempo de inactividad y aumentar la productividad.<\/p>\n<h3>Instalaci\u00f3n, mantenimiento y reparaci\u00f3n<\/h3>\n<p>La instalaci\u00f3n y el mantenimiento de las cadenas de transmisi\u00f3n de rodillos de acero inoxidable de doble paso son relativamente simples. La cadena debe instalarse con la tensi\u00f3n y la alineaci\u00f3n adecuadas para garantizar un funcionamiento sin problemas. El mantenimiento regular, como la lubricaci\u00f3n y la inspecci\u00f3n, puede ayudar a prolongar la vida \u00fatil de la cadena y evitar el desgaste prematuro.<\/p>\n<p>En caso de que sea necesario reparar la cadena, es importante reemplazar los componentes da\u00f1ados o desgastados por piezas de alta calidad. Esto ayudar\u00e1 a garantizar la confiabilidad y el rendimiento continuos de la cadena.<\/p>\n<h3>Company&#8217;s Other Products Business<\/h3>\n<p>Adem\u00e1s de las cadenas de transmisi\u00f3n de rodillos de acero inoxidable de doble paso, nuestra empresa tambi\u00e9n ofrece una amplia gama de otros productos para uso industrial. Entre ellos se incluyen cajas de engranajes agr\u00edcolas, ejes de salida de potencia, ruedas dentadas, acoplamientos hidr\u00e1ulicos, reductores de tornillo sin fin, engranajes y cremalleras, cadenas desmontables, poleas y poleas, cajas de engranajes planetarios, poleas de distribuci\u00f3n, bujes y m\u00e1s.<\/p>\n<p>Nos comprometemos a proporcionar productos de alta calidad a un precio favorable, junto con un servicio al cliente excepcional. Damos la bienvenida a los clientes que vienen a nosotros para realizar pedidos personalizados basados en sus dibujos o muestras.<\/p>\n<h2>Preguntas y respuestas<\/h2>\n<h3>1. \u00bfPara qu\u00e9 se utilizan las cadenas de rodillos de transmisi\u00f3n de acero inoxidable de doble paso?<\/h3>\n<p>Las cadenas de transmisi\u00f3n de rodillos de acero inoxidable de doble paso se utilizan com\u00fanmente en aplicaciones industriales donde las cargas pesadas y las altas velocidades son un problema. Se utilizan en sistemas de transporte, maquinaria de envasado, equipos agr\u00edcolas, plantas de procesamiento de alimentos y la industria automotriz.<\/p>\n<h3>2. \u00bfCu\u00e1les son las ventajas de las cadenas de rodillos de transmisi\u00f3n de acero inoxidable de doble paso?<\/h3>\n<p>Las cadenas de transmisi\u00f3n de rodillos de acero inoxidable de doble paso son resistentes a la corrosi\u00f3n y pueden funcionar en entornos hostiles. Requieren un mantenimiento m\u00ednimo y pueden soportar cargas pesadas y altas velocidades, lo que las hace ideales para uso industrial.<\/p>\n<h3>3. \u00bfC\u00f3mo se instalan y mantienen las cadenas de rodillos de transmisi\u00f3n de acero inoxidable de doble paso?<\/h3>\n<p>Las cadenas de transmisi\u00f3n de rodillos de acero inoxidable de doble paso deben instalarse con la tensi\u00f3n y la alineaci\u00f3n adecuadas para garantizar un funcionamiento sin problemas. El mantenimiento regular, como la lubricaci\u00f3n y la inspecci\u00f3n, puede ayudar a prolongar la vida \u00fatil de la cadena y evitar el desgaste prematuro.<\/p>\n<h3>4. \u00bfQu\u00e9 se debe hacer si es necesario reparar una cadena de rodillos de transmisi\u00f3n de acero inoxidable de doble paso?<\/h3>\n<p>Si es necesario reparar una cadena de transmisi\u00f3n de rodillos de acero inoxidable de doble paso, es importante reemplazar los componentes da\u00f1ados o desgastados por piezas de alta calidad. Esto ayudar\u00e1 a garantizar la confiabilidad y el rendimiento continuos de la cadena.<\/p>\n<h3>5. \u00bfQu\u00e9 otros productos ofrece su empresa?<\/h3>\n<p>Adem\u00e1s de las cadenas de transmisi\u00f3n de rodillos de acero inoxidable de doble paso, nuestra empresa ofrece una amplia gama de otros productos para uso industrial. Entre ellos se incluyen cajas de engranajes agr\u00edcolas, ejes de salida de potencia, ruedas dentadas, acoplamientos hidr\u00e1ulicos, reductores de tornillo sin fin, engranajes y cremalleras, cadenas desmontables, poleas y poleas, cajas de engranajes planetarios, poleas de distribuci\u00f3n, bujes y m\u00e1s.<\/p>","protected":false},"excerpt":{"rendered":"<p>Double Pitch Stainless Steel Transmission Roller Chains Double pitch stainless steel transmission roller chains are a type of mechanical chain that is widely used in industrial applications. These chains are made up of a series of stainless steel links that are connected together with roller pins. The links are designed to mesh with the teeth [&hellip;]<\/p>","protected":false},"featured_media":3656,"template":"","meta":{"_et_pb_use_builder":"","_et_pb_old_content":"","_et_gb_content_width":""},"product_brand":[],"product_cat":[11303],"product_tag":[],"class_list":{"0":"post-3804","1":"product","2":"type-product","3":"status-publish","4":"has-post-thumbnail","6":"product_cat-corrosion-resistant-chain","8":"first","9":"instock","10":"shipping-taxable","11":"product-type-simple"},"_links":{"self":[{"href":"https:\/\/agricultural-gear-boxes.com\/es\/wp-json\/wp\/v2\/product\/3804","targetHints":{"allow":["GET"]}}],"collection":[{"href":"https:\/\/agricultural-gear-boxes.com\/es\/wp-json\/wp\/v2\/product"}],"about":[{"href":"https:\/\/agricultural-gear-boxes.com\/es\/wp-json\/wp\/v2\/types\/product"}],"wp:featuredmedia":[{"embeddable":true,"href":"https:\/\/agricultural-gear-boxes.com\/es\/wp-json\/wp\/v2\/media\/3656"}],"wp:attachment":[{"href":"https:\/\/agricultural-gear-boxes.com\/es\/wp-json\/wp\/v2\/media?parent=3804"}],"wp:term":[{"taxonomy":"product_brand","embeddable":true,"href":"https:\/\/agricultural-gear-boxes.com\/es\/wp-json\/wp\/v2\/product_brand?post=3804"},{"taxonomy":"product_cat","embeddable":true,"href":"https:\/\/agricultural-gear-boxes.com\/es\/wp-json\/wp\/v2\/product_cat?post=3804"},{"taxonomy":"product_tag","embeddable":true,"href":"https:\/\/agricultural-gear-boxes.com\/es\/wp-json\/wp\/v2\/product_tag?post=3804"}],"curies":[{"name":"wp","href":"https:\/\/api.w.org\/{rel}","templated":true}]}}