{"id":3811,"date":"2024-08-28T05:39:18","date_gmt":"2024-08-28T05:39:18","guid":{"rendered":"https:\/\/agricultural-gear-boxes.com\/product\/double-pitch-roller-chain-w-oversized-roller\/"},"modified":"2024-08-28T05:39:18","modified_gmt":"2024-08-28T05:39:18","slug":"double-pitch-roller-chain-w-oversized-roller","status":"publish","type":"product","link":"https:\/\/agricultural-gear-boxes.com\/es\/product\/double-pitch-roller-chain-w-oversized-roller\/","title":{"rendered":"Cadena de rodillos de doble paso con rodillo de gran tama\u00f1o"},"content":{"rendered":"<h2>Cadena de rodillos de paso doble con rodillo de gran tama\u00f1o: ideal para aplicaciones de servicio pesado<\/h2>\n<p>La cadena de rodillos de doble paso con rodillos de gran tama\u00f1o es un tipo de cadena de rodillos que se utiliza com\u00fanmente en aplicaciones de servicio pesado. Tiene un paso que es el doble que el de las cadenas de rodillos est\u00e1ndar y cuenta con rodillos de gran tama\u00f1o. La cadena est\u00e1 disponible en diferentes tama\u00f1os y configuraciones para satisfacer diferentes necesidades industriales.<\/p>\n<h3>Escenarios de uso com\u00fan<\/h3>\n<p>La cadena de rodillos de doble paso con rodillos de gran tama\u00f1o se utiliza habitualmente en aplicaciones que requieren alta resistencia y durabilidad. Es ideal para su uso en maquinaria de servicio pesado, como sistemas de transporte, imprentas y equipos de embalaje. La cadena tambi\u00e9n se puede utilizar en las industrias agr\u00edcola, forestal y minera, entre otras.<\/p>\n<h3>Ventajas de la cadena de rodillos de doble paso con rodillos de gran tama\u00f1o<\/h3>\n<ul>\n<li>Proporciona alta resistencia y durabilidad incluso en entornos hostiles.<\/li>\n<li>Puede soportar cargas pesadas y altas velocidades.<\/li>\n<li>Bajos requisitos de mantenimiento<\/li>\n<li>Disponible en varios tama\u00f1os y configuraciones para satisfacer diferentes necesidades.<\/li>\n<li>Puede fabricarse con diferentes materiales, incluido acero inoxidable y acero al carbono.<\/li>\n<\/ul>\n<h3>Instalaci\u00f3n, mantenimiento y reparaci\u00f3n de cadenas de rodillos de doble paso con rodillos de gran tama\u00f1o<\/h3>\n<p>La instalaci\u00f3n de una cadena de rodillos de doble paso con rodillos de gran tama\u00f1o requiere una atenci\u00f3n minuciosa a los detalles. La cadena debe instalarse correctamente para garantizar un rendimiento \u00f3ptimo. El mantenimiento de la cadena implica lubricaci\u00f3n regular e inspecci\u00f3n para detectar desgaste. En caso de da\u00f1o, la cadena puede repararse o reemplazarse.<\/p>\n<h3>Preguntas y respuestas<\/h3>\n<ol>\n<li>P: \u00bfCu\u00e1l es el paso de la cadena de rodillos de doble paso con rodillo de gran tama\u00f1o?<br \/>R: El paso de la cadena es el doble que el de las cadenas de rodillos est\u00e1ndar.<\/li>\n<li>P: \u00bfCu\u00e1les son algunos escenarios de uso comunes para la cadena?<br \/>R: La cadena se utiliza com\u00fanmente en maquinaria pesada, como sistemas de transporte, prensas de impresi\u00f3n y equipos de embalaje, as\u00ed como en las industrias agr\u00edcola, forestal y minera.<\/li>\n<li>P: \u00bfCu\u00e1les son las ventajas de la cadena?<br \/>R: La cadena proporciona alta resistencia y durabilidad incluso en entornos hostiles, puede soportar cargas pesadas y altas velocidades, tiene bajos requisitos de mantenimiento y est\u00e1 disponible en varios tama\u00f1os y configuraciones para satisfacer diferentes necesidades.<\/li>\n<li>P: \u00bfDe qu\u00e9 materiales puede estar hecha la cadena?<br \/>R: La cadena puede estar hecha de diferentes materiales, incluido acero inoxidable y acero al carbono.<\/li>\n<li>P: \u00bfC\u00f3mo se instala, mantiene y repara la cadena?<br \/>R: La instalaci\u00f3n de la cadena requiere una cuidadosa atenci\u00f3n a los detalles, el mantenimiento implica una lubricaci\u00f3n regular y una inspecci\u00f3n del desgaste y, en caso de da\u00f1os, la cadena se puede reparar o reemplazar.<\/li>\n<\/ol>\n<h2>Otros productos que suministramos<\/h2>\n<p>Adem\u00e1s de la cadena de rodillos de doble paso con rodillos de gran tama\u00f1o, suministramos una amplia gama de otros productos utilizados en diversas industrias. Nuestros productos incluyen cajas de engranajes agr\u00edcolas, ejes de salida de potencia, ruedas dentadas, acoplamientos de fluidos, reductores de engranajes helicoidales, engranajes y cremalleras, cadenas desmontables, poleas y poleas, cajas de engranajes planetarios, poleas de distribuci\u00f3n, bujes y m\u00e1s. Nos comprometemos a proporcionar productos de alta calidad a precios favorables y con un servicio considerado. Damos la bienvenida a los clientes a que vengan a nosotros para personalizaciones basadas en sus dibujos o muestras espec\u00edficas.<\/p>","protected":false},"excerpt":{"rendered":"<p>Double Pitch Roller Chain W\/Oversized Roller &#8211; Ideal for Heavy-Duty Applications Double pitch roller chain w\/oversized roller is a type of roller chain that is commonly used in heavy-duty applications. It has a pitch that is twice that of standard roller chains and features oversized rollers. The chain is available in different sizes and configurations [&hellip;]<\/p>","protected":false},"featured_media":3810,"template":"","meta":{"_et_pb_use_builder":"","_et_pb_old_content":"","_et_gb_content_width":""},"product_brand":[],"product_cat":[11304],"product_tag":[],"class_list":{"0":"post-3811","1":"product","2":"type-product","3":"status-publish","4":"has-post-thumbnail","6":"product_cat-standard-roller-chain","8":"first","9":"instock","10":"shipping-taxable","11":"product-type-simple"},"_links":{"self":[{"href":"https:\/\/agricultural-gear-boxes.com\/es\/wp-json\/wp\/v2\/product\/3811","targetHints":{"allow":["GET"]}}],"collection":[{"href":"https:\/\/agricultural-gear-boxes.com\/es\/wp-json\/wp\/v2\/product"}],"about":[{"href":"https:\/\/agricultural-gear-boxes.com\/es\/wp-json\/wp\/v2\/types\/product"}],"wp:featuredmedia":[{"embeddable":true,"href":"https:\/\/agricultural-gear-boxes.com\/es\/wp-json\/wp\/v2\/media\/3810"}],"wp:attachment":[{"href":"https:\/\/agricultural-gear-boxes.com\/es\/wp-json\/wp\/v2\/media?parent=3811"}],"wp:term":[{"taxonomy":"product_brand","embeddable":true,"href":"https:\/\/agricultural-gear-boxes.com\/es\/wp-json\/wp\/v2\/product_brand?post=3811"},{"taxonomy":"product_cat","embeddable":true,"href":"https:\/\/agricultural-gear-boxes.com\/es\/wp-json\/wp\/v2\/product_cat?post=3811"},{"taxonomy":"product_tag","embeddable":true,"href":"https:\/\/agricultural-gear-boxes.com\/es\/wp-json\/wp\/v2\/product_tag?post=3811"}],"curies":[{"name":"wp","href":"https:\/\/api.w.org\/{rel}","templated":true}]}}