{"id":3817,"date":"2024-08-28T05:52:22","date_gmt":"2024-08-28T05:52:22","guid":{"rendered":"https:\/\/agricultural-gear-boxes.com\/product\/flat-top-conveyor-chains-plastic\/"},"modified":"2024-08-28T05:52:22","modified_gmt":"2024-08-28T05:52:22","slug":"flat-top-conveyor-chains-plastic","status":"publish","type":"product","link":"https:\/\/agricultural-gear-boxes.com\/es\/product\/flat-top-conveyor-chains-plastic\/","title":{"rendered":"Cadenas transportadoras de superficie plana (pl\u00e1stico)"},"content":{"rendered":"<h1>Cadenas transportadoras de superficie plana (pl\u00e1stico)<\/h1>\n<h2>Cadenas transportadoras de superficie plana (pl\u00e1sticas): la soluci\u00f3n vers\u00e1til para la industria de bebidas<\/h2>\n<p>Las cadenas transportadoras de superficie plana fabricadas con pl\u00e1stico se utilizan ampliamente en la industria de las bebidas, debido a su rendimiento vers\u00e1til y su capacidad para ofrecer una amplia gama de soluciones para aplicaciones de transporte. Desde aplicaciones de bebidas lubricadas y de funcionamiento en seco hasta materiales especializados de alta tecnolog\u00eda para aplicaciones espec\u00edficas, estas cadenas son capaces de ofrecer un rendimiento superior. <\/p>\n<p>Ya sea que necesite transportar latas, botellas PET o de vidrio, las cadenas transportadoras de parte superior plana ofrecen una variedad de soluciones para diferentes aplicaciones. Est\u00e1n disponibles en una variedad de materiales y estilos, incluidos materiales de alta resistencia que ofrecen una alta resistencia a la PV y una fricci\u00f3n muy baja. Las propiedades de deslizamiento de las cadenas de parte superior plana son superiores, con materiales avanzados utilizados para garantizar propiedades de deslizamiento suaves, adaptadas a la aplicaci\u00f3n prevista. <\/p>\n<p>El dise\u00f1o, la verificaci\u00f3n y la fabricaci\u00f3n de productos y herramientas digitales garantizan una planitud y unos valores que cumplen los est\u00e1ndares m\u00e1s exigentes. Las propiedades \u00f3ptimas de deslizamiento evitan que los productos transportados se vuelquen. La estandarizaci\u00f3n es posible, lo que facilita el uso de cadenas est\u00e1ndar para el transporte general, cadenas de alta fricci\u00f3n con goma y superficie de agarre superior para subidas y bajadas, y cadenas con rodillos para la alimentaci\u00f3n de palets en l\u00ednea para reducir la presi\u00f3n y el ruido en la l\u00ednea de retorno. La gama de productos permite la estandarizaci\u00f3n de los transportadores de manipulaci\u00f3n de cajas, utilizando las mismas ruedas dentadas, rieles, rodillos de retorno y bandas de desgaste.<\/p>\n<h2>Caracter\u00edsticas de las cadenas de parte superior plana<\/h2>\n<p>Las cadenas de parte superior plana vienen en una amplia gama de materiales y estilos, incluidos materiales de alta resistencia, propiedades de deslizamiento y planitud, y opciones de estandarizaci\u00f3n para facilitar su uso en diferentes aplicaciones. <\/p>\n<ul>\n<li><b>Materiales de alta resistencia<\/b>:Hay materiales especiales disponibles para aplicaciones de bebidas lubricadas y en seco, y aplicaciones abrasivas en cristaler\u00eda, que ofrecen alta resistencia a la corrosi\u00f3n y muy baja fricci\u00f3n.<\/li>\n<li><b>Propiedades deslizantes<\/b>:Ever-power desarroll\u00f3 materiales avanzados para cadenas para garantizar propiedades de deslizamiento superiores, con coeficientes de fricci\u00f3n adaptados a la aplicaci\u00f3n prevista.<\/li>\n<li><b>Llanura<\/b>:El dise\u00f1o, la verificaci\u00f3n y la fabricaci\u00f3n de herramientas y productos digitales garantizan valores de planitud que cumplen con los est\u00e1ndares m\u00e1s altos. Junto con las propiedades de deslizamiento \u00f3ptimas, esto ayuda a evitar que los productos transportados se vuelquen.<\/li>\n<li><b>Normalizaci\u00f3n<\/b>:Las cadenas est\u00e1ndar se utilizan para el transporte general de latas, botellas PET y de vidrio. Las cadenas de alta fricci\u00f3n con goma y una parte superior con gran agarre se utilizan para subidas y bajadas. Las cadenas con rodillos se utilizan para la alimentaci\u00f3n de palets en l\u00ednea para reducir la presi\u00f3n y el ruido en la l\u00ednea de retorno. La gama de productos permite la estandarizaci\u00f3n de los transportadores de manipulaci\u00f3n de cajas, utilizando las mismas ruedas dentadas, rieles, rodillos de retorno y bandas de desgaste.<\/li>\n<\/ul>\n<h2>Introducci\u00f3n de la cadena Flat Top<\/h2>\n<p>Las cadenas de placa plana, tambi\u00e9n llamadas cadenas de placa plana, cadenas de placa de listones y cadenas de placa de mesa, son cadenas de placa eficientes que se utilizan en la industria del vidrio, la industria alimentaria, el vino y otras industrias para el transporte. Pueden estar hechas de acero al carbono, acero inoxidable o acero galvanizado para una alta resistencia a la tracci\u00f3n y una mayor capacidad de carga. <\/p>\n<p>En comparaci\u00f3n con una banda de tejido equilibrado, las cadenas de superficie plana ofrecen una superficie plana y lisa para un transporte de alto rendimiento, lo que las hace ideales para una variedad de aplicaciones. Podemos suministrar todo tipo de cadenas de superficie plana en diferentes especificaciones y materiales, y podemos personalizarlas seg\u00fan su equipo y sus requisitos.<\/p>\n<h2>Tipo de placa de cadena con parte superior plana<\/h2>\n<p>Las cadenas de parte superior plana vienen en diferentes variantes, incluidas las cadenas de parte superior plana rectas y con curvatura lateral. La cadena de parte superior plana est\u00e1ndar no est\u00e1 curvada y es adecuada para transportadores lineales, mientras que las cadenas de parte superior plana con curvatura lateral son adecuadas para m\u00e1quinas dobladoras que pueden tener forma de L, de U o rectangular. <\/p>\n<ul>\n<li><b>Cadena superior plana y recta<\/b>:Las cadenas de cadena recta de superficie plana proporcionan una gran capacidad de carga y superficies lisas en transportadores de cadena recta. Est\u00e1n compuestas por varias placas de cadena rectangulares regulares y pasadores altos.<\/li>\n<li><b>Cadena superior plana con flexi\u00f3n lateral<\/b>:Las cadenas de parte superior plana con curvatura lateral son adecuadas para m\u00e1quinas dobladoras, que pueden tener forma de L, de U o rectangular. Garantizan un transporte r\u00e1pido, estable y estable. Hay dos tipos de placas de cadena para cadenas de parte superior plana con curvatura lateral: placa de cadena de borde plano y placa de cadena de borde biselado.<\/li>\n<\/ul>\n<h2>Placa de cadena de parte superior plana con caucho<\/h2>\n<p>Se puede montar caucho en la parte superior o inferior de la cadena plana, lo que mejora la alta fricci\u00f3n de la superficie y protege los productos fr\u00e1giles de la ca\u00edda. El caucho puede ser una capa de caucho delgada est\u00e1ndar o un caucho de poliuretano el\u00e1stico grueso, y se pueden personalizar otros modelos seg\u00fan los requisitos del cliente.<\/p>\n<ul>\n<li><b>Goma en el lado de la placa de la cadena<\/b>:Debido a la alta fricci\u00f3n que genera el caucho, tambi\u00e9n se lo conoce como placa de cadena superior de alta fricci\u00f3n o placa de cadena superior de caucho. El caucho puede proporcionar una alta fricci\u00f3n y mejorar el rendimiento antideslizante de las botellas de vidrio y otros productos fr\u00e1giles.<\/li>\n<li><b>Goma en el lado del pasador de la bisagra<\/b>:El montaje de caucho entre los pasadores de las bisagras puede reducir la fricci\u00f3n de los pasadores de las bisagras y prolongar su vida \u00fatil. Tambi\u00e9n puede reducir la vibraci\u00f3n durante el transporte de productos.<\/li>\n<li><b>Pasador de bisagra de ancho completo<\/b>:Los pasadores de bisagra se suelen montar en la posici\u00f3n media de la placa de la cadena, pero a veces se montan en todo el ancho de la placa de la cadena. El pasador de bisagra m\u00e1s ancho proporciona una mayor capacidad de carga para aplicaciones de servicio pesado.<\/li>\n<\/ul>\n<h2>Aplicaciones de la cadena de parte superior plana<\/h2>\n<p>Las cadenas de superficie plana se utilizan ampliamente en diversas industrias, incluido el procesamiento de alimentos, productos congelados r\u00e1pidamente, la industria alimentaria, la industria de refrescos, cervecer\u00edas, llenado de botellas de vidrio, industria del alambre, productos l\u00e1cteos, producci\u00f3n de queso, producci\u00f3n de cerveza, transporte inclinado, enlatado y embalaje farmac\u00e9utico.<\/p>\n<h2>Otros productos de negocios<\/h2>\n<p>Adem\u00e1s de las cadenas transportadoras de superficie plana, nuestra empresa tambi\u00e9n suministra diversos engranajes de pl\u00e1stico utilizados en la industria, como cajas de engranajes agr\u00edcolas, ejes de salida de potencia, ruedas dentadas, acoplamientos de fluidos, reductores de engranajes helicoidales, engranajes y cremalleras, cadenas desmontables, poleas y poleas, cajas de engranajes planetarios, poleas de distribuci\u00f3n, bujes y m\u00e1s. Ofrecemos productos de alta calidad a un precio favorable y brindamos un servicio considerado. Damos la bienvenida a los clientes a que vengan a nosotros para la personalizaci\u00f3n de dibujos o muestras.<\/p>\n<h2>Preguntas y respuestas<\/h2>\n<p>1. \u00bfDe qu\u00e9 est\u00e1n hechas las cadenas transportadoras de superficie plana?<br \/>\n2. \u00bfEn qu\u00e9 industrias se utilizan com\u00fanmente las cadenas de parte superior plana?<br \/>\n3. \u00bfCu\u00e1les son las caracter\u00edsticas de las cadenas de parte superior plana?<br \/>\n4. \u00bfCu\u00e1les son los diferentes tipos de placas de cadena de parte superior plana?<br \/>\n5. \u00bfQu\u00e9 otros productos ofrece la empresa adem\u00e1s de cadenas transportadoras de superficie plana?<\/p>","protected":false},"excerpt":{"rendered":"<p>Flat Top Conveyor Chains (Plastic) Flat Top Conveyor Chains (Plastic) &#8211; The Versatile Solution for Beverage Industry Flat top conveyor chains made of plastic are widely used in the beverage industry, owing to their versatile performance and ability to deliver a wide range of solutions for conveyor applications. From lubricated and dry running beverage applications [&hellip;]<\/p>","protected":false},"featured_media":3816,"template":"","meta":{"_et_pb_use_builder":"","_et_pb_old_content":"","_et_gb_content_width":""},"product_brand":[],"product_cat":[11305],"product_tag":[],"class_list":{"0":"post-3817","1":"product","2":"type-product","3":"status-publish","4":"has-post-thumbnail","6":"product_cat-leaf-chain","8":"first","9":"instock","10":"shipping-taxable","11":"product-type-simple"},"_links":{"self":[{"href":"https:\/\/agricultural-gear-boxes.com\/es\/wp-json\/wp\/v2\/product\/3817","targetHints":{"allow":["GET"]}}],"collection":[{"href":"https:\/\/agricultural-gear-boxes.com\/es\/wp-json\/wp\/v2\/product"}],"about":[{"href":"https:\/\/agricultural-gear-boxes.com\/es\/wp-json\/wp\/v2\/types\/product"}],"wp:featuredmedia":[{"embeddable":true,"href":"https:\/\/agricultural-gear-boxes.com\/es\/wp-json\/wp\/v2\/media\/3816"}],"wp:attachment":[{"href":"https:\/\/agricultural-gear-boxes.com\/es\/wp-json\/wp\/v2\/media?parent=3817"}],"wp:term":[{"taxonomy":"product_brand","embeddable":true,"href":"https:\/\/agricultural-gear-boxes.com\/es\/wp-json\/wp\/v2\/product_brand?post=3817"},{"taxonomy":"product_cat","embeddable":true,"href":"https:\/\/agricultural-gear-boxes.com\/es\/wp-json\/wp\/v2\/product_cat?post=3817"},{"taxonomy":"product_tag","embeddable":true,"href":"https:\/\/agricultural-gear-boxes.com\/es\/wp-json\/wp\/v2\/product_tag?post=3817"}],"curies":[{"name":"wp","href":"https:\/\/api.w.org\/{rel}","templated":true}]}}