{"id":3827,"date":"2024-08-29T05:33:33","date_gmt":"2024-08-29T05:33:33","guid":{"rendered":"https:\/\/agricultural-gear-boxes.com\/product\/roller-chain-attachments\/"},"modified":"2024-08-29T05:33:33","modified_gmt":"2024-08-29T05:33:33","slug":"roller-chain-attachments","status":"publish","type":"product","link":"https:\/\/agricultural-gear-boxes.com\/es\/product\/roller-chain-attachments\/","title":{"rendered":"Accesorios para cadenas de rodillos"},"content":{"rendered":"<h2>Accesorios para cadenas de rodillos: c\u00f3mo mejorar la funcionalidad de su cadena<\/h2>\n<p>Los accesorios para cadenas de rodillos, como sugiere su nombre, son componentes adicionales que se pueden agregar a una cadena de rodillos para mejorar su funcionalidad en aplicaciones espec\u00edficas. Los accesorios para cadenas de rodillos se utilizan com\u00fanmente en sistemas de transmisi\u00f3n de potencia y se utilizan en una amplia gama de industrias, incluidas la agricultura, la construcci\u00f3n, la miner\u00eda y la fabricaci\u00f3n.<\/p>\n<h3>La historia de los accesorios de cadena de rodillos<\/h3>\n<p>Las cadenas de rodillos se utilizan desde hace m\u00e1s de un siglo y su uso se extendi\u00f3 por primera vez en bicicletas. Con el tiempo, el dise\u00f1o de las cadenas de rodillos se ha mejorado y adaptado para adaptarse a diferentes aplicaciones, lo que ha dado lugar al desarrollo de accesorios para cadenas de rodillos. En la actualidad, los accesorios para cadenas de rodillos vienen en una variedad de formas y tama\u00f1os, cada uno dise\u00f1ado para realizar una funci\u00f3n espec\u00edfica.<\/p>\n<h3>Las ventajas de los accesorios de cadena de rodillos<\/h3>\n<p>Los accesorios para cadenas de rodillos ofrecen una serie de ventajas, entre ellas, la capacidad de transmitir cargas elevadas, resistir el desgaste y la corrosi\u00f3n y funcionar en una amplia gama de temperaturas. Tambi\u00e9n son muy personalizables, con una variedad de accesorios disponibles para adaptarse a diferentes aplicaciones.<\/p>\n<h3>Tipos de accesorios para cadenas de rodillos<\/h3>\n<p>Existen muchos tipos diferentes de accesorios para cadenas de rodillos, cada uno dise\u00f1ado para un prop\u00f3sito espec\u00edfico. Algunos de los tipos m\u00e1s comunes incluyen:<\/p>\n<ul>\n<li>Accesorios para dientes de rueda dentada<\/li>\n<li>Pines extendidos<\/li>\n<li>Enlaces de conexi\u00f3n<\/li>\n<li>Enlaces de compensaci\u00f3n<\/li>\n<li>Accesorios de horquilla<\/li>\n<li>Cadenas de sujeci\u00f3n<\/li>\n<\/ul>\n<h3>C\u00f3mo instalar, mantener y reparar accesorios de cadena de rodillos<\/h3>\n<p>La instalaci\u00f3n y el mantenimiento de los accesorios de cadena de rodillos es relativamente sencillo, pero es importante seguir atentamente las instrucciones del fabricante. El mantenimiento regular es esencial para garantizar el correcto funcionamiento de la cadena y prevenir el desgaste y la corrosi\u00f3n. Si un accesorio de cadena de rodillos est\u00e1 da\u00f1ado, debe reemplazarse inmediatamente para evitar da\u00f1os mayores.<\/p>\n<h3>Materiales utilizados para accesorios de cadenas de rodillos<\/h3>\n<p>Los accesorios para cadenas de rodillos pueden estar hechos de distintos materiales, como acero al carbono, acero inoxidable y pl\u00e1stico. El material utilizado depender\u00e1 de la aplicaci\u00f3n espec\u00edfica para la que est\u00e9 dise\u00f1ado el accesorio para cadena de rodillos.<\/p>\n<h2>Acerca de nuestra empresa<\/h2>\n<p>Adem\u00e1s de accesorios para cadenas de rodillos, nuestra empresa suministra una amplia gama de engranajes de pl\u00e1stico para uso industrial. Nuestros productos incluyen cajas de engranajes agr\u00edcolas, ejes de transmisi\u00f3n, ruedas dentadas, acoplamientos hidr\u00e1ulicos, reductores de tornillo sin fin, engranajes y cremalleras, cadenas desmontables, poleas, reductores planetarios, poleas de distribuci\u00f3n, bujes y m\u00e1s. Nos enorgullecemos de ofrecer productos de alta calidad a precios competitivos, con un servicio atento y opciones de personalizaci\u00f3n para satisfacer las necesidades de nuestros clientes.<\/p>\n<h2>Preguntas y respuestas<\/h2>\n<h3>1. \u00bfQu\u00e9 son los accesorios de cadena de rodillos?<\/h3>\n<p>Los accesorios de cadena de rodillos son componentes adicionales que se pueden agregar a una cadena de rodillos para mejorar su funcionalidad en aplicaciones espec\u00edficas.<\/p>\n<h3>2. \u00bfCu\u00e1les son algunos tipos comunes de accesorios de cadena de rodillos?<\/h3>\n<p>Algunos tipos comunes de accesorios de cadena de rodillos incluyen accesorios de dientes de rueda dentada, pasadores extendidos, eslabones de conexi\u00f3n, eslabones descentrados, accesorios de horquilla y cadenas de accesorios.<\/p>\n<h3>3. \u00bfDe qu\u00e9 materiales est\u00e1n hechos los accesorios para cadenas de rodillos?<\/h3>\n<p>Los accesorios de cadena de rodillos pueden estar hechos de una variedad de materiales, incluidos acero al carbono, acero inoxidable y pl\u00e1stico.<\/p>\n<h3>4. \u00bfC\u00f3mo se instalan y mantienen los accesorios de cadena de rodillos?<\/h3>\n<p>La instalaci\u00f3n y el mantenimiento de los accesorios de cadena de rodillos es relativamente sencillo, pero es importante seguir atentamente las instrucciones del fabricante. El mantenimiento regular es esencial para garantizar el correcto funcionamiento de la cadena y prevenir el desgaste y la corrosi\u00f3n.<\/p>\n<h3>5. \u00bfQu\u00e9 otros productos suministra su empresa?<\/h3>\n<p>Adem\u00e1s de accesorios para cadenas de rodillos, nuestra empresa suministra una amplia gama de engranajes de pl\u00e1stico para uso industrial, incluyendo cajas de engranajes agr\u00edcolas, ejes de salida de potencia, pi\u00f1ones, acoplamientos de fluido, reductores de tornillo sin fin, engranajes y cremalleras, cadenas desmontables, poleas y poleas, cajas de engranajes planetarios, poleas de distribuci\u00f3n, bujes y m\u00e1s.<\/p>","protected":false},"excerpt":{"rendered":"<p>Roller Chain Attachments: Enhancing the Functionality of Your Chain Roller chain attachments, as the name suggests, are additional components that can be added to a roller chain to enhance its functionality in specific applications. Commonly used in power transmission systems, roller chain attachments are used in a wide range of industries, including agriculture, construction, mining, [&hellip;]<\/p>","protected":false},"featured_media":3826,"template":"","meta":{"_et_pb_use_builder":"","_et_pb_old_content":"","_et_gb_content_width":""},"product_brand":[],"product_cat":[11307],"product_tag":[],"class_list":{"0":"post-3827","1":"product","2":"type-product","3":"status-publish","4":"has-post-thumbnail","6":"product_cat-attachment-chain","8":"first","9":"instock","10":"shipping-taxable","11":"product-type-simple"},"_links":{"self":[{"href":"https:\/\/agricultural-gear-boxes.com\/es\/wp-json\/wp\/v2\/product\/3827","targetHints":{"allow":["GET"]}}],"collection":[{"href":"https:\/\/agricultural-gear-boxes.com\/es\/wp-json\/wp\/v2\/product"}],"about":[{"href":"https:\/\/agricultural-gear-boxes.com\/es\/wp-json\/wp\/v2\/types\/product"}],"wp:featuredmedia":[{"embeddable":true,"href":"https:\/\/agricultural-gear-boxes.com\/es\/wp-json\/wp\/v2\/media\/3826"}],"wp:attachment":[{"href":"https:\/\/agricultural-gear-boxes.com\/es\/wp-json\/wp\/v2\/media?parent=3827"}],"wp:term":[{"taxonomy":"product_brand","embeddable":true,"href":"https:\/\/agricultural-gear-boxes.com\/es\/wp-json\/wp\/v2\/product_brand?post=3827"},{"taxonomy":"product_cat","embeddable":true,"href":"https:\/\/agricultural-gear-boxes.com\/es\/wp-json\/wp\/v2\/product_cat?post=3827"},{"taxonomy":"product_tag","embeddable":true,"href":"https:\/\/agricultural-gear-boxes.com\/es\/wp-json\/wp\/v2\/product_tag?post=3827"}],"curies":[{"name":"wp","href":"https:\/\/api.w.org\/{rel}","templated":true}]}}