{"id":3835,"date":"2024-08-29T05:43:27","date_gmt":"2024-08-29T05:43:27","guid":{"rendered":"https:\/\/agricultural-gear-boxes.com\/product\/double-pitch-stainless-conveyor-chains\/"},"modified":"2024-08-29T05:43:28","modified_gmt":"2024-08-29T05:43:28","slug":"double-pitch-stainless-conveyor-chains","status":"publish","type":"product","link":"https:\/\/agricultural-gear-boxes.com\/es\/product\/double-pitch-stainless-conveyor-chains\/","title":{"rendered":"Cadenas transportadoras de acero inoxidable de doble paso"},"content":{"rendered":"<h2>Cadenas transportadoras de acero inoxidable de doble paso<\/h2>\n<p>Las cadenas transportadoras de acero inoxidable de doble paso se utilizan habitualmente en diversas industrias, como el procesamiento de alimentos, el envasado y la industria farmac\u00e9utica. Estas cadenas se fabrican con acero inoxidable de alta calidad, lo que las hace duraderas, resistentes a la corrosi\u00f3n y adecuadas para su uso en entornos hostiles. Est\u00e1n disponibles en diferentes tama\u00f1os y especificaciones para adaptarse a diversas aplicaciones.<\/p>\n<h3>Historia y clasificaci\u00f3n de las cadenas transportadoras de acero inoxidable de doble paso<\/h3>\n<p>Las cadenas transportadoras de acero inoxidable de doble paso se utilizan desde principios del siglo XX. A lo largo de los a\u00f1os, han sufrido varias modificaciones para mejorar su rendimiento y eficiencia. En la actualidad, estas cadenas se clasifican en funci\u00f3n de su paso, di\u00e1metro de rodillo, ancho entre placas internas, di\u00e1metro de pasador y resistencia m\u00e1xima a la tracci\u00f3n.<\/p>\n<h3>Ventajas y materiales de las cadenas transportadoras de acero inoxidable de doble paso<\/h3>\n<p>Las cadenas transportadoras de acero inoxidable de doble paso tienen varias ventajas sobre otros tipos de cadenas transportadoras. Son m\u00e1s resistentes a la corrosi\u00f3n, la abrasi\u00f3n y el desgaste, lo que las hace adecuadas para su uso en entornos hostiles. Tambi\u00e9n son f\u00e1ciles de instalar, mantener y reparar. Estas cadenas est\u00e1n hechas de acero inoxidable de alta calidad, lo que proporciona una excelente resistencia y durabilidad.<\/p>\n<h3>C\u00f3mo instalar, mantener y reparar cadenas transportadoras de acero inoxidable de doble paso<\/h3>\n<p>La instalaci\u00f3n de cadenas transportadoras de acero inoxidable de doble paso es un proceso sencillo que requiere herramientas y equipos b\u00e1sicos. El mantenimiento implica la limpieza, lubricaci\u00f3n e inspecci\u00f3n peri\u00f3dicas de las cadenas para evitar el desgaste. En caso de da\u00f1os o aver\u00edas, la reparaci\u00f3n de las cadenas implica la sustituci\u00f3n de las piezas da\u00f1adas o desgastadas.<\/p>\n<h3>Otros productos suministrados por la empresa<\/h3>\n<p>Adem\u00e1s de cadenas transportadoras de acero inoxidable de doble paso, nuestra empresa suministra una gama de otros productos industriales, que incluyen cajas de engranajes agr\u00edcolas, ejes de salida de potencia, pi\u00f1ones, acoplamientos de fluido, reductores de tornillo sin fin, engranajes y cremalleras, cadenas desmontables, poleas y poleas, cajas de engranajes planetarios, poleas de distribuci\u00f3n, bujes y m\u00e1s.<\/p>\n<p>Nos enorgullecemos de ofrecer productos de alta calidad a precios favorables, respaldados por nuestro excelente servicio al cliente. Invitamos a los clientes a que nos traigan dibujos o muestras para personalizarlos.<\/p>\n<h2>Preguntas y respuestas<\/h2>\n<p><strong>1. \u00bfPara qu\u00e9 se utilizan las cadenas transportadoras de acero inoxidable de doble paso?<\/strong><br \/>\nLas cadenas transportadoras de acero inoxidable de doble paso se utilizan com\u00fanmente en diversas industrias, como el procesamiento de alimentos, el envasado y los productos farmac\u00e9uticos.<\/p>\n<p><strong>2. \u00bfCu\u00e1les son las ventajas de utilizar cadenas transportadoras de acero inoxidable de doble paso?<\/strong><br \/>\nLas cadenas transportadoras de acero inoxidable de doble paso son m\u00e1s resistentes a la corrosi\u00f3n, la abrasi\u00f3n y el desgaste, lo que las hace adecuadas para su uso en entornos hostiles. Tambi\u00e9n son f\u00e1ciles de instalar, mantener y reparar.<\/p>\n<p><strong>3. \u00bfDe qu\u00e9 est\u00e1n hechas las cadenas transportadoras de acero inoxidable de doble paso?<\/strong><br \/>\nLas cadenas transportadoras de acero inoxidable de doble paso est\u00e1n fabricadas en acero inoxidable de alta calidad, lo que proporciona una excelente resistencia y durabilidad.<\/p>\n<p><strong>4. \u00bfC\u00f3mo se instalan cadenas transportadoras de acero inoxidable de doble paso?<\/strong><br \/>\nLa instalaci\u00f3n de cadenas transportadoras de acero inoxidable de doble paso es un proceso sencillo que requiere herramientas y equipos b\u00e1sicos.<\/p>\n<p><strong>5. \u00bfQu\u00e9 otros productos suministra la empresa?<\/strong><br \/>\nAdem\u00e1s de cadenas transportadoras de acero inoxidable de doble paso, la empresa suministra una gama de otros productos industriales, que incluyen cajas de engranajes agr\u00edcolas, ejes de salida de potencia, ruedas dentadas, acoplamientos de fluido, reductores de tornillo sin fin, engranajes y cremalleras, cadenas desmontables, poleas y poleas, cajas de engranajes planetarios, poleas de distribuci\u00f3n, bujes y m\u00e1s.<\/p>","protected":false},"excerpt":{"rendered":"<p>Double Pitch Stainless Conveyor Chains Double pitch stainless conveyor chains are commonly used in various industries such as food processing, packaging, and pharmaceuticals. These chains are manufactured using high-quality stainless steel, which makes them durable, corrosion-resistant, and suitable for use in harsh environments. They are available in different sizes and specifications to suit various applications. [&hellip;]<\/p>","protected":false},"featured_media":3807,"template":"","meta":{"_et_pb_use_builder":"","_et_pb_old_content":"","_et_gb_content_width":""},"product_brand":[],"product_cat":[11308],"product_tag":[],"class_list":{"0":"post-3835","1":"product","2":"type-product","3":"status-publish","4":"has-post-thumbnail","6":"product_cat-stainless-steel-chain","8":"first","9":"instock","10":"shipping-taxable","11":"product-type-simple"},"_links":{"self":[{"href":"https:\/\/agricultural-gear-boxes.com\/es\/wp-json\/wp\/v2\/product\/3835","targetHints":{"allow":["GET"]}}],"collection":[{"href":"https:\/\/agricultural-gear-boxes.com\/es\/wp-json\/wp\/v2\/product"}],"about":[{"href":"https:\/\/agricultural-gear-boxes.com\/es\/wp-json\/wp\/v2\/types\/product"}],"wp:featuredmedia":[{"embeddable":true,"href":"https:\/\/agricultural-gear-boxes.com\/es\/wp-json\/wp\/v2\/media\/3807"}],"wp:attachment":[{"href":"https:\/\/agricultural-gear-boxes.com\/es\/wp-json\/wp\/v2\/media?parent=3835"}],"wp:term":[{"taxonomy":"product_brand","embeddable":true,"href":"https:\/\/agricultural-gear-boxes.com\/es\/wp-json\/wp\/v2\/product_brand?post=3835"},{"taxonomy":"product_cat","embeddable":true,"href":"https:\/\/agricultural-gear-boxes.com\/es\/wp-json\/wp\/v2\/product_cat?post=3835"},{"taxonomy":"product_tag","embeddable":true,"href":"https:\/\/agricultural-gear-boxes.com\/es\/wp-json\/wp\/v2\/product_tag?post=3835"}],"curies":[{"name":"wp","href":"https:\/\/api.w.org\/{rel}","templated":true}]}}