{"id":3840,"date":"2024-08-29T05:43:34","date_gmt":"2024-08-29T05:43:34","guid":{"rendered":"https:\/\/agricultural-gear-boxes.com\/product\/ssrf03075-stainless-steel-conveyor-chain\/"},"modified":"2024-08-29T05:43:34","modified_gmt":"2024-08-29T05:43:34","slug":"ssrf03075-stainless-steel-conveyor-chain","status":"publish","type":"product","link":"https:\/\/agricultural-gear-boxes.com\/es\/product\/ssrf03075-stainless-steel-conveyor-chain\/","title":{"rendered":"Cadena transportadora de acero inoxidable SSRF03075"},"content":{"rendered":"<h2>Cadena transportadora de acero inoxidable serie RF: especificaciones y aplicaciones<\/h2>\n<p>La cadena transportadora de acero inoxidable SSRF03075 es una cadena transportadora de alta calidad dise\u00f1ada para diversas aplicaciones industriales. Est\u00e1 hecha de acero inoxidable, lo que le proporciona durabilidad y resistencia a la corrosi\u00f3n. La cadena es adecuada para su uso en las industrias de procesamiento de alimentos, farmac\u00e9utica, qu\u00edmica, electr\u00f3nica y automotriz, entre otras.<\/p>\n<h3>Estructura y componentes de la cadena<\/h3>\n<p>La cadena consta de los siguientes componentes:<\/p>\n<ul>\n<li>Placa de cadena: La placa de cadena es el componente principal de la cadena transportadora, responsable de transportar los materiales. Nuestra cadena transportadora de acero inoxidable est\u00e1 hecha de acero inoxidable de las series 300, 400 y 600.<\/li>\n<li>Eje del pasador: el eje del pasador conecta las placas de la cadena y transfiere la potencia. El eje del pasador de nuestra cadena transportadora de acero inoxidable suele estar hecho de acero 45 o acero inoxidable.<\/li>\n<li>Rodillo: El rodillo soporta el movimiento de la cadena y reduce la fricci\u00f3n entre la cadena y la pista. La cadena transportadora de acero inoxidable de la serie RF tiene varios tipos de rodillos, incluidos el tipo R, el tipo F, el tipo S y el tipo M.<\/li>\n<\/ul>\n<h3>Caracter\u00edsticas de la cadena transportadora de acero inoxidable SSRF03075<\/h3>\n<p>La cadena transportadora de acero inoxidable SSRF03075 viene con una variedad de caracter\u00edsticas, que incluyen:<\/p>\n<ol>\n<li>Construcci\u00f3n de acero inoxidable de alta calidad para una excelente durabilidad.<\/li>\n<li>Resistencia a la corrosi\u00f3n, lo que lo hace adecuado para diversos entornos de trabajo.<\/li>\n<li>Operaci\u00f3n suave y confiable para un manejo eficiente de materiales.<\/li>\n<li>F\u00e1cil mantenimiento y larga vida \u00fatil.<\/li>\n<li>Amplia gama de aplicaciones, incluido procesamiento de alimentos, productos farmac\u00e9uticos, industria qu\u00edmica, electr\u00f3nica y m\u00e1s.<\/li>\n<li>Opciones personalizables disponibles para satisfacer requisitos espec\u00edficos.<\/li>\n<\/ol>\n<h3>Aplicaciones de la cadena transportadora de acero inoxidable SSRF03075<\/h3>\n<p>La cadena transportadora de acero inoxidable SSRF03075 tiene una amplia gama de aplicaciones, que incluyen:<\/p>\n<ul>\n<li>Industria de procesamiento de alimentos: Se utiliza en transportadores para transportar productos alimenticios.<\/li>\n<li>Industria farmac\u00e9utica: Adecuado para el transporte de materiales y productos m\u00e9dicos.<\/li>\n<li>Industria qu\u00edmica: Se utiliza en aplicaciones de procesamiento y manipulaci\u00f3n de productos qu\u00edmicos.<\/li>\n<li>Industria electr\u00f3nica: ideal para el transporte preciso de componentes electr\u00f3nicos.<\/li>\n<li>Industria automotriz: Se utiliza en l\u00edneas de montaje para la fabricaci\u00f3n de autom\u00f3viles.<\/li>\n<\/ul>\n<h3>Pasos de mantenimiento diario para cadenas transportadoras de acero inoxidable<\/h3>\n<p>Un mantenimiento adecuado es esencial para mantener la cadena en buenas condiciones y garantizar un funcionamiento sin problemas. Siga estos pasos de mantenimiento diario:<\/p>\n<ol>\n<li>Inspeccione peri\u00f3dicamente la cadena para detectar cualquier signo de desgaste o da\u00f1o.<\/li>\n<li>Limpie la cadena con un producto de limpieza adecuado y elimine cualquier residuo.<\/li>\n<li>Lubrique la cadena con un lubricante recomendado para garantizar un funcionamiento suave.<\/li>\n<li>Apriete las conexiones sueltas o reemplace los componentes da\u00f1ados seg\u00fan sea necesario.<\/li>\n<li>Mantenga la cadena correctamente tensada para evitar una holgura excesiva.<\/li>\n<\/ol>\n<h3>C\u00f3mo seleccionar la cadena transportadora de acero inoxidable adecuada<\/h3>\n<p>Tenga en cuenta estos factores al seleccionar la cadena transportadora de acero inoxidable adecuada para su aplicaci\u00f3n:<\/p>\n<table>\n<tr>\n<th>Factor<\/th>\n<th>Consideraciones<\/th>\n<\/tr>\n<tr>\n<td>Capacidad de carga<\/td>\n<td>Aseg\u00farese de que la cadena pueda soportar la carga prevista.<\/td>\n<\/tr>\n<tr>\n<td>Velocidad<\/td>\n<td>Elija una cadena adecuada para la velocidad de funcionamiento deseada.<\/td>\n<\/tr>\n<tr>\n<td>Ambiente<\/td>\n<td>Seleccione una cadena con resistencia adecuada al entorno de trabajo.<\/td>\n<\/tr>\n<tr>\n<td>Tama\u00f1o<\/td>\n<td>Determine el tama\u00f1o de cadena requerido seg\u00fan la aplicaci\u00f3n.<\/td>\n<\/tr>\n<tr>\n<td>Archivos adjuntos<\/td>\n<td>Considere cualquier accesorio o aditamento espec\u00edfico necesario.<\/td>\n<\/tr>\n<\/table>\n<h3>Pi\u00f1ones de acero inoxidable para cadenas transportadoras<\/h3>\n<p>Las ruedas dentadas de acero inoxidable desempe\u00f1an un papel fundamental en el funcionamiento de las cadenas transportadoras de acero inoxidable. Ofrecemos una amplia gama de ruedas dentadas de acero inoxidable a la venta, dise\u00f1adas para garantizar un movimiento suave y eficiente de la cadena.<\/p>\n<h3>Acerca de nuestra empresa<\/h3>\n<p>Somos un fabricante de cadenas transportadoras de acero inoxidable de gran prestigio con m\u00e1s de 20 a\u00f1os de experiencia. Nos especializamos en el dise\u00f1o, la fabricaci\u00f3n y la venta de cadenas de acero inoxidable para diversas industrias. Nuestras cadenas se utilizan ampliamente en industrias como la de procesamiento de alimentos, la farmac\u00e9utica, la industria qu\u00edmica, la electr\u00f3nica, los electrodom\u00e9sticos, la fabricaci\u00f3n de autom\u00f3viles, la maquinaria, la metalurgia, el tratamiento de aguas residuales y otras.<\/p>\n<p>We also provide customization services based on customer specifications. Our products are known for their high strength, strong corrosion resistance, excellent wear resistance, and long service life. We have gained a strong reputation in the domestic market and export our products to Europe, America, Southeast Asia, and other regions. We are committed to providing excellent customer service and meeting our customers&#8217; needs.<\/p>\n<h3>Otros productos de negocios<\/h3>\n<p>Adem\u00e1s de nuestras cadenas transportadoras de acero inoxidable, tambi\u00e9n suministramos una variedad de engranajes de pl\u00e1stico utilizados en la industria, incluidas cajas de engranajes agr\u00edcolas, ejes de salida de potencia, ruedas dentadas, acoplamientos de fluidos, reductores de engranajes helicoidales, engranajes y cremalleras, cadenas desmontables, poleas y poleas, cajas de engranajes planetarios, poleas de distribuci\u00f3n, bujes y m\u00e1s. Nuestros productos son conocidos por su alta calidad, precio favorable y servicio considerado. Damos la bienvenida a los clientes a que vengan a nosotros para la personalizaci\u00f3n de dibujos o muestras.<\/p>\n<h2>Preguntas y respuestas<\/h2>\n<h3>1. \u00bfSe puede utilizar la cadena transportadora de acero inoxidable SSRF03075 para aplicaciones de alta temperatura?<\/h3>\n<p>S\u00ed, la cadena transportadora de acero inoxidable SSRF03075 es adecuada para aplicaciones de alta temperatura y puede soportar temperaturas de hasta 400 \u2103.<\/p>\n<h3>2. \u00bfCon qu\u00e9 frecuencia debo lubricar la cadena?<\/h3>\n<p>Debes lubricar la cadena peri\u00f3dicamente, seg\u00fan las condiciones de trabajo y el entorno operativo. Recomendamos lubricarla cada 8-12 horas de funcionamiento.<\/p>\n<h3>3. \u00bfSe puede reparar la cadena si est\u00e1 da\u00f1ada?<\/h3>\n<p>S\u00ed, la cadena se puede reparar si est\u00e1 da\u00f1ada. Debes reemplazar cualquier componente da\u00f1ado, como placas de cadena, ejes de pasadores y rodillos.<\/p>\n<h3>4. \u00bfSe puede utilizar la cadena en un entorno corrosivo?<\/h3>\n<p>S\u00ed, la cadena es adecuada para su uso en un entorno corrosivo, ya que est\u00e1 hecha de acero inoxidable y tiene una alta resistencia a la corrosi\u00f3n.<\/p>\n<h3>5. \u00bfSe puede personalizar la cadena seg\u00fan requisitos espec\u00edficos?<\/h3>\n<p>S\u00ed, ofrecemos opciones personalizables para la cadena transportadora de acero inoxidable SSRF03075 para cumplir con requisitos espec\u00edficos. Comun\u00edquese con nosotros para obtener m\u00e1s informaci\u00f3n.<\/p>","protected":false},"excerpt":{"rendered":"<p>RF Series Stainless Steel Conveyor Chain: Specifications and Applications SSRF03075 Stainless Steel Conveyor Chain is a high-quality conveyor chain designed for various industrial applications. It is made of stainless steel, providing durability and resistance to corrosion. The chain is suitable for use in the food processing, pharmaceutical, chemical, electronics, and automotive industries, amongst others. Chain [&hellip;]<\/p>","protected":false},"featured_media":3839,"template":"","meta":{"_et_pb_use_builder":"","_et_pb_old_content":"","_et_gb_content_width":""},"product_brand":[],"product_cat":[11308],"product_tag":[],"class_list":{"0":"post-3840","1":"product","2":"type-product","3":"status-publish","4":"has-post-thumbnail","6":"product_cat-stainless-steel-chain","8":"first","9":"instock","10":"shipping-taxable","11":"product-type-simple"},"_links":{"self":[{"href":"https:\/\/agricultural-gear-boxes.com\/es\/wp-json\/wp\/v2\/product\/3840","targetHints":{"allow":["GET"]}}],"collection":[{"href":"https:\/\/agricultural-gear-boxes.com\/es\/wp-json\/wp\/v2\/product"}],"about":[{"href":"https:\/\/agricultural-gear-boxes.com\/es\/wp-json\/wp\/v2\/types\/product"}],"wp:featuredmedia":[{"embeddable":true,"href":"https:\/\/agricultural-gear-boxes.com\/es\/wp-json\/wp\/v2\/media\/3839"}],"wp:attachment":[{"href":"https:\/\/agricultural-gear-boxes.com\/es\/wp-json\/wp\/v2\/media?parent=3840"}],"wp:term":[{"taxonomy":"product_brand","embeddable":true,"href":"https:\/\/agricultural-gear-boxes.com\/es\/wp-json\/wp\/v2\/product_brand?post=3840"},{"taxonomy":"product_cat","embeddable":true,"href":"https:\/\/agricultural-gear-boxes.com\/es\/wp-json\/wp\/v2\/product_cat?post=3840"},{"taxonomy":"product_tag","embeddable":true,"href":"https:\/\/agricultural-gear-boxes.com\/es\/wp-json\/wp\/v2\/product_tag?post=3840"}],"curies":[{"name":"wp","href":"https:\/\/api.w.org\/{rel}","templated":true}]}}