{"id":3868,"date":"2024-08-30T05:22:48","date_gmt":"2024-08-30T05:22:48","guid":{"rendered":"https:\/\/agricultural-gear-boxes.com\/product\/toothed-belt-pulley\/"},"modified":"2024-08-30T05:22:48","modified_gmt":"2024-08-30T05:22:48","slug":"toothed-belt-pulley","status":"publish","type":"product","link":"https:\/\/agricultural-gear-boxes.com\/es\/product\/toothed-belt-pulley\/","title":{"rendered":"Polea de correa dentada"},"content":{"rendered":"<h2>Polea dentada: un componente de transmisi\u00f3n de potencia fiable y vers\u00e1til<\/h2>\n<p>Las poleas dentadas son componentes esenciales de los sistemas de transmisi\u00f3n de potencia que se utilizan ampliamente en diversas industrias. Se utilizan para transferir potencia y movimiento entre dos ejes que no est\u00e1n en contacto directo entre s\u00ed. Las poleas constan de una correa dentada y dos poleas con dientes que engranan con la correa. A medida que la correa gira, transfiere potencia de una polea a la otra.<\/p>\n<p>Las poleas dentadas se han utilizado durante muchos a\u00f1os y han pasado por varias mejoras para aumentar su eficiencia, durabilidad y rendimiento. Se clasifican en diferentes tipos seg\u00fan su dise\u00f1o, materiales y aplicaciones. Estos tipos incluyen poleas de correa de distribuci\u00f3n, poleas de correa trapezoidal, poleas HTD y m\u00e1s.<\/p>\n<p>One of the main advantages of toothed belt pulleys is their versatility and compatibility with different types of power transmission systems. They can be used in various applications, including automotive, industrial, farming, and more. Toothed belt pulleys come in different materials, including aluminum, steel, plastic, and others, depending on the application&#8217;s requirements.<\/p>\n<p>Al instalar, realizar el mantenimiento o la reparaci\u00f3n de poleas de correa dentada, es esencial asegurarse de que las dimensiones del eje del husillo y del eje del codificador coincidan con el di\u00e1metro deseado del eje del husillo y del eje del codificador. Las poleas se pueden fijar mediante un ajuste de sujeci\u00f3n con 3 tornillos prisioneros M3 o una ranura para chavetas, seg\u00fan los requisitos espec\u00edficos.<\/p>\n<ul class=\"list-paddingleft-2\">\n<li>Son posibles di\u00e1metros exteriores de hasta 150 mm.<\/li>\n<li>El di\u00e1metro interior se puede fabricar seg\u00fan sus deseos.<\/li>\n<li>Los di\u00e1metros interiores se rallan o tornean para que luego se hagan exactamente a medida.<\/li>\n<\/ul>\n<p>La polea dentada que se describe aqu\u00ed est\u00e1 fabricada en PETG y se imprime con una Ultimaker 2+. Es posible imprimir otras relaciones si las condiciones de espacio lo requieren y el codificador se puede ajustar para que la frecuencia de pulso vuelva a ajustarse despu\u00e9s. <\/p>\n<h3>Ventajas de las poleas dentadas<\/h3>\n<p>Las poleas dentadas son populares entre los ingenieros y fabricantes debido a sus numerosas ventajas. Algunas de las principales son:<\/p>\n<ul class=\"list-paddingleft-2\">\n<li>Alta eficiencia<\/li>\n<li>Bajos requisitos de mantenimiento<\/li>\n<li>Transmisi\u00f3n de potencia precisa<\/li>\n<li>Sin deslizamiento<\/li>\n<li>Larga vida \u00fatil<\/li>\n<li>Bajo nivel de ruido<\/li>\n<li>Se puede utilizar en diversas aplicaciones.<\/li>\n<li>F\u00e1cil de instalar y mantener.<\/li>\n<\/ul>\n<h3>Otros productos que ofrece nuestra empresa<\/h3>\n<p>Adem\u00e1s de poleas dentadas, nuestra empresa ofrece una amplia gama de engranajes de pl\u00e1stico utilizados en diversas industrias. Nuestros productos incluyen cajas de engranajes agr\u00edcolas, ejes de salida de potencia, ruedas dentadas, acoplamientos de fluidos, reductores de engranajes helicoidales, engranajes y cremalleras, cadenas desmontables, poleas y poleas, cajas de engranajes planetarios, poleas de distribuci\u00f3n, bujes y m\u00e1s. Nuestros productos son de alta calidad, est\u00e1n disponibles a precios favorables y vienen con un servicio considerado. Invitamos a los clientes a que vengan a nosotros para personalizar los dibujos o las muestras.<\/p>\n<h2>Preguntas y respuestas<\/h2>\n<p><strong>1. \u00bfQu\u00e9 son las poleas dentadas?<\/strong><\/p>\n<p>Las poleas dentadas son componentes esenciales de los sistemas de transmisi\u00f3n de potencia que se utilizan para transferir potencia y movimiento entre dos ejes que no est\u00e1n en contacto directo entre s\u00ed.<\/p>\n<p><strong>2. \u00bfCu\u00e1les son las ventajas de las poleas dentadas?<\/strong><\/p>\n<p>Algunos de los beneficios clave de las poleas dentadas incluyen alta eficiencia, bajos requisitos de mantenimiento, transmisi\u00f3n de potencia precisa, sin deslizamiento, larga vida \u00fatil, bajo nivel de ruido y facilidad de instalaci\u00f3n y mantenimiento.<\/p>\n<p><strong>3. \u00bfDe qu\u00e9 materiales est\u00e1n hechas las poleas dentadas?<\/strong><\/p>\n<p>Toothed belt pulleys come in different materials, including aluminum, steel, plastic, and others, depending on the application&#8217;s requirements.<\/p>\n<p><strong>4. \u00bfSe pueden utilizar las poleas de correa dentada en diversas aplicaciones?<\/strong><\/p>\n<p>S\u00ed, las poleas dentadas son vers\u00e1tiles y se pueden utilizar en diversas aplicaciones, incluidas las automotrices, industriales, agr\u00edcolas y m\u00e1s.<\/p>\n<p><strong>5. \u00bfQu\u00e9 otros productos ofrece la empresa?<\/strong><\/p>\n<p>Nuestra empresa ofrece una amplia gama de engranajes de pl\u00e1stico utilizados en diversas industrias, incluyendo cajas de engranajes agr\u00edcolas, ejes de salida de potencia, pi\u00f1ones, acoplamientos de fluido, reductores de tornillo sin fin, engranajes y cremalleras, cadenas desmontables, poleas y poleas, cajas de engranajes planetarios, poleas de distribuci\u00f3n, bujes y m\u00e1s.<\/p>","protected":false},"excerpt":{"rendered":"<p>Toothed Belt Pulley: A reliable and versatile power transmission component Toothed belt pulleys are essential components of power transmission systems that are widely used in various industries. They are used to transfer power and motion between two shafts that are not in direct contact with each other. The pulleys consist of a toothed belt and [&hellip;]<\/p>","protected":false},"featured_media":3867,"template":"","meta":{"_et_pb_use_builder":"","_et_pb_old_content":"","_et_gb_content_width":""},"product_brand":[],"product_cat":[11309],"product_tag":[],"class_list":{"0":"post-3868","1":"product","2":"type-product","3":"status-publish","4":"has-post-thumbnail","6":"product_cat-timing-pulley","8":"first","9":"instock","10":"shipping-taxable","11":"product-type-simple"},"_links":{"self":[{"href":"https:\/\/agricultural-gear-boxes.com\/es\/wp-json\/wp\/v2\/product\/3868","targetHints":{"allow":["GET"]}}],"collection":[{"href":"https:\/\/agricultural-gear-boxes.com\/es\/wp-json\/wp\/v2\/product"}],"about":[{"href":"https:\/\/agricultural-gear-boxes.com\/es\/wp-json\/wp\/v2\/types\/product"}],"wp:featuredmedia":[{"embeddable":true,"href":"https:\/\/agricultural-gear-boxes.com\/es\/wp-json\/wp\/v2\/media\/3867"}],"wp:attachment":[{"href":"https:\/\/agricultural-gear-boxes.com\/es\/wp-json\/wp\/v2\/media?parent=3868"}],"wp:term":[{"taxonomy":"product_brand","embeddable":true,"href":"https:\/\/agricultural-gear-boxes.com\/es\/wp-json\/wp\/v2\/product_brand?post=3868"},{"taxonomy":"product_cat","embeddable":true,"href":"https:\/\/agricultural-gear-boxes.com\/es\/wp-json\/wp\/v2\/product_cat?post=3868"},{"taxonomy":"product_tag","embeddable":true,"href":"https:\/\/agricultural-gear-boxes.com\/es\/wp-json\/wp\/v2\/product_tag?post=3868"}],"curies":[{"name":"wp","href":"https:\/\/api.w.org\/{rel}","templated":true}]}}