{"id":3870,"date":"2024-08-30T05:22:49","date_gmt":"2024-08-30T05:22:49","guid":{"rendered":"https:\/\/agricultural-gear-boxes.com\/product\/synchronous-pulley\/"},"modified":"2024-08-30T05:22:50","modified_gmt":"2024-08-30T05:22:50","slug":"synchronous-pulley","status":"publish","type":"product","link":"https:\/\/agricultural-gear-boxes.com\/es\/product\/synchronous-pulley\/","title":{"rendered":"Polea sincr\u00f3nica"},"content":{"rendered":"<h2>Polea s\u00edncrona: la soluci\u00f3n definitiva para las necesidades de transmisi\u00f3n de su maquinaria<\/h2>\n<p>La polea s\u00edncrona es un tipo de polea que se utiliza ampliamente en diversas industrias para la transmisi\u00f3n de maquinaria. Es un tipo de polea que tiene dientes que encajan en las ranuras de una correa dentada, lo que garantiza que la correa y la polea giren juntas de manera sincronizada. La polea s\u00edncrona se utiliza com\u00fanmente en fresadoras, conformadoras de engranajes, taladradoras, tornos de motor CNC, fresadoras y otras ocasiones de transmisi\u00f3n de maquinaria.<\/p>\n<h3>Ventajas de la polea sincr\u00f3nica<\/h3>\n<ul>\n<li>La polea s\u00edncrona est\u00e1 hecha de material de aleaci\u00f3n de aluminio de alta calidad, lo que la hace resistente y duradera.<\/li>\n<li>Adopta un tratamiento de oxidaci\u00f3n superficial, lo que lo hace antioxidante y anticorrosi\u00f3n.<\/li>\n<li>La polea s\u00edncrona es f\u00e1cil de instalar y mantener, lo que la convierte en una opci\u00f3n ideal para diversas necesidades de transmisi\u00f3n de maquinaria.<\/li>\n<\/ul>\n<h3>Material de la polea sincr\u00f3nica<\/h3>\n<p>Las poleas s\u00edncronas pueden estar hechas de diferentes materiales, como aluminio, acero o pl\u00e1stico. El material utilizado para la polea s\u00edncrona puede variar seg\u00fan la aplicaci\u00f3n espec\u00edfica. Por ejemplo, si la polea s\u00edncrona se utiliza en un entorno corrosivo, se puede utilizar un material resistente a la corrosi\u00f3n.<\/p>\n<h3>Instalaci\u00f3n y mantenimiento<\/h3>\n<p>La instalaci\u00f3n y el mantenimiento de las poleas s\u00edncronas es relativamente f\u00e1cil. La polea debe instalarse en un eje limpio y libre de suciedad o residuos. Tensar demasiado la correa puede provocar un desgaste prematuro de la correa y de la polea. Por lo tanto, es importante tensar correctamente la correa para garantizar un rendimiento \u00f3ptimo y una larga vida \u00fatil de la polea s\u00edncrona.<\/p>\n<h3>Reemplazo de la polea sincr\u00f3nica<\/h3>\n<p>If the synchronous pulley needs to be replaced, care should be taken to ensure that the new pulley is compatible with the existing belt. It is important to properly tension the new belt to ensure optimal performance of the synchronous pulley. Additionally, replacing the synchronous pulley may require disassembling other parts of the machinery, so it is important to follow the manufacturer&#8217;s instructions carefully and take appropriate safety measures.<\/p>\n<h3>Acerca de nuestra empresa<\/h3>\n<p>Nuestra empresa se especializa en el suministro de diversos engranajes de pl\u00e1stico utilizados en la industria, como cajas de engranajes agr\u00edcolas, ejes de salida de potencia, ruedas dentadas, acoplamientos de fluidos, reductores de engranajes helicoidales, engranajes y cremalleras, cadenas desmontables, poleas y poleas, cajas de engranajes planetarios, poleas de distribuci\u00f3n, bujes y m\u00e1s. Estamos comprometidos a proporcionar productos de alta calidad, precios favorables y un servicio considerado a nuestros clientes. Damos la bienvenida a los clientes a que vengan a nosotros para la personalizaci\u00f3n de dibujos o muestras.<\/p>\n<h2>Preguntas y respuestas<\/h2>\n<h3>1. \u00bfQu\u00e9 es una polea sincr\u00f3nica?<\/h3>\n<p>Una polea s\u00edncrona es un tipo de polea que tiene dientes que encajan en las ranuras de una correa dentada, lo que garantiza que la correa y la polea giren juntas de manera sincronizada.<\/p>\n<h3>2. \u00bfCu\u00e1les son las ventajas de la polea s\u00edncrona?<\/h3>\n<p>La polea s\u00edncrona est\u00e1 hecha de material de aleaci\u00f3n de aluminio de alta calidad, lo que la hace resistente y duradera. Adopta un tratamiento de oxidaci\u00f3n de superficie, lo que la hace antioxidante y anticorrosiva. La polea s\u00edncrona es f\u00e1cil de instalar y mantener, lo que la convierte en una opci\u00f3n ideal para diversas necesidades de transmisi\u00f3n de maquinaria.<\/p>\n<h3>3. \u00bfQu\u00e9 materiales se pueden utilizar para las poleas s\u00edncronas?<\/h3>\n<p>Las poleas s\u00edncronas pueden estar hechas de diferentes materiales, como aluminio, acero o pl\u00e1stico.<\/p>\n<h3>4. \u00bfC\u00f3mo tensar correctamente la correa para poleas s\u00edncronas?<\/h3>\n<p>Si se tensa demasiado la correa, se puede producir un desgaste prematuro de la correa y de la polea. Por lo tanto, es importante tensar la correa correctamente para garantizar un rendimiento \u00f3ptimo y la longevidad de la polea sincr\u00f3nica.<\/p>\n<h3>5. \u00bfEn qu\u00e9 productos se especializa su empresa?<\/h3>\n<p>Nuestra empresa se especializa en el suministro de diversos engranajes pl\u00e1sticos utilizados en la industria, tales como cajas de engranajes agr\u00edcolas, ejes de salida de potencia, pi\u00f1ones, acoplamientos de fluido, reductores de tornillo sin fin, engranajes y cremalleras, cadenas desmontables, poleas y poleas, cajas de engranajes planetarios, poleas de distribuci\u00f3n, bujes, y m\u00e1s.<\/p>","protected":false},"excerpt":{"rendered":"<p>Synchronous Pulley: The Ultimate Solution for Your Machinery Transmission Needs The synchronous pulley is a type of pulley that is widely used in various industries for machinery transmission. It is a type of pulley that has teeth that fit into the grooves of a toothed belt, ensuring that the belt and the pulley rotate together [&hellip;]<\/p>","protected":false},"featured_media":3869,"template":"","meta":{"_et_pb_use_builder":"","_et_pb_old_content":"","_et_gb_content_width":""},"product_brand":[],"product_cat":[11309],"product_tag":[],"class_list":{"0":"post-3870","1":"product","2":"type-product","3":"status-publish","4":"has-post-thumbnail","6":"product_cat-timing-pulley","8":"first","9":"instock","10":"shipping-taxable","11":"product-type-simple"},"_links":{"self":[{"href":"https:\/\/agricultural-gear-boxes.com\/es\/wp-json\/wp\/v2\/product\/3870","targetHints":{"allow":["GET"]}}],"collection":[{"href":"https:\/\/agricultural-gear-boxes.com\/es\/wp-json\/wp\/v2\/product"}],"about":[{"href":"https:\/\/agricultural-gear-boxes.com\/es\/wp-json\/wp\/v2\/types\/product"}],"wp:featuredmedia":[{"embeddable":true,"href":"https:\/\/agricultural-gear-boxes.com\/es\/wp-json\/wp\/v2\/media\/3869"}],"wp:attachment":[{"href":"https:\/\/agricultural-gear-boxes.com\/es\/wp-json\/wp\/v2\/media?parent=3870"}],"wp:term":[{"taxonomy":"product_brand","embeddable":true,"href":"https:\/\/agricultural-gear-boxes.com\/es\/wp-json\/wp\/v2\/product_brand?post=3870"},{"taxonomy":"product_cat","embeddable":true,"href":"https:\/\/agricultural-gear-boxes.com\/es\/wp-json\/wp\/v2\/product_cat?post=3870"},{"taxonomy":"product_tag","embeddable":true,"href":"https:\/\/agricultural-gear-boxes.com\/es\/wp-json\/wp\/v2\/product_tag?post=3870"}],"curies":[{"name":"wp","href":"https:\/\/api.w.org\/{rel}","templated":true}]}}