{"id":3876,"date":"2024-08-30T05:22:53","date_gmt":"2024-08-30T05:22:53","guid":{"rendered":"https:\/\/agricultural-gear-boxes.com\/product\/taper-bore-timing-pulley\/"},"modified":"2024-08-30T05:22:54","modified_gmt":"2024-08-30T05:22:54","slug":"taper-bore-timing-pulley","status":"publish","type":"product","link":"https:\/\/agricultural-gear-boxes.com\/es\/product\/taper-bore-timing-pulley\/","title":{"rendered":"Polea de distribuci\u00f3n con orificio c\u00f3nico"},"content":{"rendered":"<h2>Polea de distribuci\u00f3n de di\u00e1metro interior c\u00f3nico: fabricaci\u00f3n de precisi\u00f3n para un engrane preciso de la correa<\/h2>\n<div>\n<img loading=\"lazy\" decoding=\"async\" class=\"alignnone size-full wp-image-14698 aligncenter\" src=\"https:\/\/www.example.com\/wp-content\/uploads\/2019\/12\/304-Taper-Bore-Timing-Pulley.jpg\" alt=\"\" width=\"730\" height=\"730\" \/>\n<\/div>\n<p>\nLas poleas de distribuci\u00f3n de di\u00e1metro interior c\u00f3nico son un tipo de polea que se ha dise\u00f1ado para proporcionar un engrane preciso con los dientes de la correa, gracias a las ranuras espaciadas de manera uniforme mecanizadas en el di\u00e1metro exterior. Las ranuras est\u00e1n especialmente dise\u00f1adas para garantizar una fricci\u00f3n m\u00ednima cuando los dientes de la correa engranan. Las poleas se fabrican con tolerancias de engrane m\u00ednimas incorporadas y di\u00e1metros de paso que siempre son mayores que el di\u00e1metro exterior.\n<\/p>\n<h3>Aplicaciones<\/h3>\n<ul>\n<li>Maquinaria industrial<\/li>\n<li>Maquinaria agr\u00edcola<\/li>\n<li>Maquinaria textil<\/li>\n<li>Maquinaria de impresi\u00f3n<\/li>\n<li>Equipos m\u00e9dicos y quir\u00fargicos<\/li>\n<\/ul>\n<h3>Ventajas<\/h3>\n<ul>\n<li>La fabricaci\u00f3n de precisi\u00f3n garantiza un engrane preciso de la correa<\/li>\n<li>Dise\u00f1ado para baja fricci\u00f3n.<\/li>\n<li>Tolerancias de malla m\u00ednimas incorporadas<\/li>\n<li>Transmisi\u00f3n de potencia s\u00edncrona antideslizante<\/li>\n<li>Vibraci\u00f3n y ruido reducidos<\/li>\n<li>Alta eficiencia<\/li>\n<li>Larga vida \u00fatil<\/li>\n<\/ul>\n<h3>Materiales<\/h3>\n<p>\nLas poleas de distribuci\u00f3n con orificio c\u00f3nico generalmente est\u00e1n hechas de aluminio, acero o pl\u00e1stico de alta calidad, seg\u00fan los requisitos de la aplicaci\u00f3n.\n<\/p>\n<h3>Instalaci\u00f3n, mantenimiento y reparaci\u00f3n<\/h3>\n<p>\nLa instalaci\u00f3n de poleas de distribuci\u00f3n con orificio c\u00f3nico es relativamente sencilla e implica unos pocos pasos b\u00e1sicos:\n<\/p>\n<ol>\n<li>Limpie el eje y el orificio para eliminar cualquier residuo o contaminante.<\/li>\n<li>Deslice la polea sobre el eje y aseg\u00farese de que est\u00e9 correctamente alineada.<\/li>\n<li>Inserte el elemento de bloqueo y apriete los tornillos o pernos al par recomendado.<\/li>\n<\/ol>\n<p>\nEl mantenimiento implica la inspecci\u00f3n peri\u00f3dica de la polea y la correa para garantizar que est\u00e9n en buenas condiciones y funcionen correctamente. Si se detecta alg\u00fan da\u00f1o o desgaste, se debe reparar o reemplazar la polea seg\u00fan sea necesario. Las reparaciones pueden implicar reemplazar el elemento de bloqueo o instalar un buje nuevo si el orificio est\u00e1 desgastado o da\u00f1ado.\n<\/p>\n<h3>Preguntas y respuestas<\/h3>\n<ol>\n<li>\u00bfPara qu\u00e9 se utilizan las poleas de distribuci\u00f3n con orificio c\u00f3nico?<\/li>\n<p>Las poleas de distribuci\u00f3n de orificio c\u00f3nico se utilizan para proporcionar un engrane preciso con los dientes de la correa en varios tipos de maquinaria industrial, equipos agr\u00edcolas, maquinaria textil, maquinaria de impresi\u00f3n, equipos m\u00e9dicos y quir\u00fargicos, y m\u00e1s.<\/p>\n<li>\u00bfCu\u00e1les son las ventajas de utilizar poleas de distribuci\u00f3n con orificio c\u00f3nico?<\/li>\n<p>Las poleas de distribuci\u00f3n con orificio c\u00f3nico ofrecen una fabricaci\u00f3n de precisi\u00f3n para un engrane preciso de la correa, baja fricci\u00f3n, tolerancias de engrane m\u00ednimas integradas, transmisi\u00f3n de potencia sincr\u00f3nica antideslizante, vibraci\u00f3n y ruido reducidos, alta eficiencia y larga vida \u00fatil.<\/p>\n<li>\u00bfDe qu\u00e9 materiales est\u00e1n hechas las poleas de distribuci\u00f3n con orificio c\u00f3nico?<\/li>\n<p>Las poleas de distribuci\u00f3n con orificio c\u00f3nico generalmente est\u00e1n hechas de aluminio, acero o pl\u00e1stico de alta calidad, seg\u00fan los requisitos de la aplicaci\u00f3n.<\/p>\n<li>\u00bfC\u00f3mo se instalan las poleas de distribuci\u00f3n con orificio c\u00f3nico?<\/li>\n<p>El proceso de instalaci\u00f3n implica limpiar el eje y el orificio, deslizar la polea sobre el eje, asegurar la alineaci\u00f3n correcta, insertar el elemento de bloqueo y apretar los tornillos o pernos al torque recomendado.<\/p>\n<li>\u00bfEn qu\u00e9 consiste el mantenimiento de las poleas de distribuci\u00f3n con orificio c\u00f3nico?<\/li>\n<p>El mantenimiento implica la inspecci\u00f3n peri\u00f3dica de la polea y la correa para garantizar que est\u00e9n en buenas condiciones y funcionen correctamente. Es posible que sea necesario reparar o reemplazar la polea o el elemento de bloqueo si se detecta alg\u00fan da\u00f1o o desgaste.<\/p>\n<\/ol>\n<p>\nAdem\u00e1s de poleas de distribuci\u00f3n de orificio c\u00f3nico, nuestra empresa suministra diversos engranajes de pl\u00e1stico utilizados en la industria, como cajas de engranajes agr\u00edcolas, ejes de salida de potencia, ruedas dentadas, acoplamientos de fluidos, reductores de engranajes helicoidales, engranajes y cremalleras, cadenas desmontables, poleas y poleas, cajas de engranajes planetarios, poleas de distribuci\u00f3n, bujes y m\u00e1s. Nos comprometemos a proporcionar productos de alta calidad a precios favorables con un servicio considerado. Damos la bienvenida a los clientes a que vengan a nosotros para la personalizaci\u00f3n de dibujos o muestras.<\/p>","protected":false},"excerpt":{"rendered":"<p>Taper Bore Timing Pulley: Precision Manufacturing for Accurate Belt Meshing Taper Bore Timing Pulleys are a type of pulley that have been designed to provide accurate meshing with the belt teeth, thanks to the equally spaced grooves machined into the outside diameter. The grooves are specially designed to ensure minimum friction when the belt teeth [&hellip;]<\/p>","protected":false},"featured_media":3875,"template":"","meta":{"_et_pb_use_builder":"","_et_pb_old_content":"","_et_gb_content_width":""},"product_brand":[],"product_cat":[11309],"product_tag":[],"class_list":{"0":"post-3876","1":"product","2":"type-product","3":"status-publish","4":"has-post-thumbnail","6":"product_cat-timing-pulley","8":"first","9":"instock","10":"shipping-taxable","11":"product-type-simple"},"_links":{"self":[{"href":"https:\/\/agricultural-gear-boxes.com\/es\/wp-json\/wp\/v2\/product\/3876","targetHints":{"allow":["GET"]}}],"collection":[{"href":"https:\/\/agricultural-gear-boxes.com\/es\/wp-json\/wp\/v2\/product"}],"about":[{"href":"https:\/\/agricultural-gear-boxes.com\/es\/wp-json\/wp\/v2\/types\/product"}],"wp:featuredmedia":[{"embeddable":true,"href":"https:\/\/agricultural-gear-boxes.com\/es\/wp-json\/wp\/v2\/media\/3875"}],"wp:attachment":[{"href":"https:\/\/agricultural-gear-boxes.com\/es\/wp-json\/wp\/v2\/media?parent=3876"}],"wp:term":[{"taxonomy":"product_brand","embeddable":true,"href":"https:\/\/agricultural-gear-boxes.com\/es\/wp-json\/wp\/v2\/product_brand?post=3876"},{"taxonomy":"product_cat","embeddable":true,"href":"https:\/\/agricultural-gear-boxes.com\/es\/wp-json\/wp\/v2\/product_cat?post=3876"},{"taxonomy":"product_tag","embeddable":true,"href":"https:\/\/agricultural-gear-boxes.com\/es\/wp-json\/wp\/v2\/product_tag?post=3876"}],"curies":[{"name":"wp","href":"https:\/\/api.w.org\/{rel}","templated":true}]}}