{"id":3888,"date":"2024-08-30T05:23:04","date_gmt":"2024-08-30T05:23:04","guid":{"rendered":"https:\/\/agricultural-gear-boxes.com\/product\/cog-belt-pulley\/"},"modified":"2024-08-30T05:23:05","modified_gmt":"2024-08-30T05:23:05","slug":"cog-belt-pulley","status":"publish","type":"product","link":"https:\/\/agricultural-gear-boxes.com\/es\/product\/cog-belt-pulley\/","title":{"rendered":"Polea de correa dentada"},"content":{"rendered":"<h2>Polea dentada: una soluci\u00f3n de transmisi\u00f3n de potencia fiable y eficiente<\/h2>\n<p>Una polea dentada es un componente mec\u00e1nico que se utiliza para transferir potencia de un componente a otro. Proporciona una transmisi\u00f3n positiva a trav\u00e9s del acoplamiento de los dientes moldeados en la correa con ranuras espaciadas con precisi\u00f3n en la polea. La acci\u00f3n de los dientes de la correa que entran y salen de las ranuras de la polea es positiva, funciona de manera m\u00e1s suave y es m\u00e1s silenciosa que otros tipos de transmisiones.<\/p>\n<h3>Ventajas de utilizar poleas dentadas<\/h3>\n<ul>\n<li>Transmisi\u00f3n de potencia eficiente: Las poleas dentadas proporcionan un sistema de transmisi\u00f3n de potencia altamente eficiente, garantizando que la potencia se transfiera de manera efectiva de un componente a otro.<\/li>\n<li>Bajo nivel de ruido: las poleas dentadas funcionan de forma m\u00e1s silenciosa que otros tipos de transmisiones, lo que las hace ideales para aplicaciones sensibles al ruido.<\/li>\n<li>Funcionamiento suave: El sistema de accionamiento positivo garantiza un funcionamiento m\u00e1s suave, reduciendo el desgaste de los componentes y aumentando su vida \u00fatil.<\/li>\n<li>Versatilidad: Las poleas dentadas se pueden fabricar a partir de una variedad de materiales, como acero y aleaciones de aluminio, hierro fundido y acero inoxidable, lo que las hace ideales para una amplia gama de aplicaciones.<\/li>\n<\/ul>\n<h3>Instalaci\u00f3n, mantenimiento y reparaci\u00f3n<\/h3>\n<p>Las poleas dentadas son una soluci\u00f3n de transmisi\u00f3n de potencia fiable y que requiere poco mantenimiento. Son f\u00e1ciles de instalar y los controles de mantenimiento peri\u00f3dicos pueden garantizar su correcto funcionamiento. Sin embargo, en caso de aver\u00eda, se pueden reparar f\u00e1cilmente, lo que minimiza el tiempo de inactividad y reduce los costes de mantenimiento. Al sustituir una polea dentada, es fundamental seleccionar un producto de alta calidad de un proveedor fiable para garantizar la m\u00e1xima eficiencia y longevidad.<\/p>\n<h3>Otros productos de la empresa<\/h3>\n<p>Adem\u00e1s de poleas dentadas, nuestra empresa suministra diversos engranajes de pl\u00e1stico utilizados en la industria, como cajas de engranajes agr\u00edcolas, ejes de salida de potencia, ruedas dentadas, acoplamientos de fluidos, reductores de engranajes helicoidales, engranajes y cremalleras, cadenas desmontables, poleas y poleas, cajas de engranajes planetarios, poleas de distribuci\u00f3n, bujes y m\u00e1s. Nuestros productos son de alta calidad y est\u00e1n disponibles a precios favorables. Ofrecemos un servicio considerado y damos la bienvenida a los clientes para que vengan a nosotros para personalizar dibujos o muestras.<\/p>\n<h2>Preguntas y respuestas<\/h2>\n<h3>1. \u00bfQu\u00e9 es una polea dentada?<\/h3>\n<p>Una polea dentada es un componente mec\u00e1nico que se utiliza para transferir potencia de un componente a otro. Proporciona una transmisi\u00f3n positiva mediante el acoplamiento de los dientes moldeados en la correa con ranuras espaciadas con precisi\u00f3n en la polea.<\/p>\n<h3>2. \u00bfCu\u00e1les son las ventajas de utilizar poleas dentadas?<\/h3>\n<p>Las poleas dentadas proporcionan un sistema de transmisi\u00f3n de potencia de alta eficiencia, funcionan de manera m\u00e1s silenciosa que otros tipos de transmisiones y garantizan un funcionamiento m\u00e1s suave, lo que reduce el desgaste de los componentes y aumenta su vida \u00fatil. Adem\u00e1s, las poleas dentadas se pueden fabricar a partir de una variedad de materiales, lo que las hace ideales para una amplia gama de aplicaciones.<\/p>\n<h3>3. \u00bfC\u00f3mo se instalan, mantienen y reparan las poleas de correa dentada?<\/h3>\n<p>Las poleas dentadas son una soluci\u00f3n de transmisi\u00f3n de potencia fiable y que requiere poco mantenimiento. Son f\u00e1ciles de instalar y los controles de mantenimiento peri\u00f3dicos pueden garantizar su correcto funcionamiento. Sin embargo, en caso de aver\u00eda, se pueden reparar f\u00e1cilmente, lo que minimiza el tiempo de inactividad y reduce los costes de mantenimiento. Al sustituir una polea dentada, es fundamental seleccionar un producto de alta calidad de un proveedor fiable para garantizar la m\u00e1xima eficiencia y longevidad.<\/p>\n<h3>4. \u00bfQu\u00e9 otros productos suministra su empresa?<\/h3>\n<p>Adem\u00e1s de poleas dentadas, nuestra empresa suministra diversos engranajes de pl\u00e1stico utilizados en la industria, como cajas de engranajes agr\u00edcolas, ejes de salida de potencia, pi\u00f1ones, acoplamientos de fluido, reductores de tornillo sin fin, engranajes y cremalleras, cadenas desmontables, poleas y poleas, cajas de engranajes planetarios, poleas de distribuci\u00f3n, bujes, y m\u00e1s.<\/p>\n<h3>5. \u00bfSu empresa ofrece productos personalizados?<\/h3>\n<p>S\u00ed, ofrecemos un servicio considerado y damos la bienvenida a los clientes que desean que vengan a nosotros para personalizar dibujos o muestras.<\/p>","protected":false},"excerpt":{"rendered":"<p>Cog Belt Pulley: A Reliable and Efficient Power Transmission Solution A cog belt pulley is a mechanical component that is used to transfer power from one component to another. It provides a positive drive through the engagement of the molded teeth in the belt with accurately spaced grooves on the pulley. The action of the [&hellip;]<\/p>","protected":false},"featured_media":3887,"template":"","meta":{"_et_pb_use_builder":"","_et_pb_old_content":"","_et_gb_content_width":""},"product_brand":[],"product_cat":[11309],"product_tag":[],"class_list":{"0":"post-3888","1":"product","2":"type-product","3":"status-publish","4":"has-post-thumbnail","6":"product_cat-timing-pulley","8":"first","9":"instock","10":"shipping-taxable","11":"product-type-simple"},"_links":{"self":[{"href":"https:\/\/agricultural-gear-boxes.com\/es\/wp-json\/wp\/v2\/product\/3888","targetHints":{"allow":["GET"]}}],"collection":[{"href":"https:\/\/agricultural-gear-boxes.com\/es\/wp-json\/wp\/v2\/product"}],"about":[{"href":"https:\/\/agricultural-gear-boxes.com\/es\/wp-json\/wp\/v2\/types\/product"}],"wp:featuredmedia":[{"embeddable":true,"href":"https:\/\/agricultural-gear-boxes.com\/es\/wp-json\/wp\/v2\/media\/3887"}],"wp:attachment":[{"href":"https:\/\/agricultural-gear-boxes.com\/es\/wp-json\/wp\/v2\/media?parent=3888"}],"wp:term":[{"taxonomy":"product_brand","embeddable":true,"href":"https:\/\/agricultural-gear-boxes.com\/es\/wp-json\/wp\/v2\/product_brand?post=3888"},{"taxonomy":"product_cat","embeddable":true,"href":"https:\/\/agricultural-gear-boxes.com\/es\/wp-json\/wp\/v2\/product_cat?post=3888"},{"taxonomy":"product_tag","embeddable":true,"href":"https:\/\/agricultural-gear-boxes.com\/es\/wp-json\/wp\/v2\/product_tag?post=3888"}],"curies":[{"name":"wp","href":"https:\/\/api.w.org\/{rel}","templated":true}]}}