{"id":3913,"date":"2024-08-30T05:33:00","date_gmt":"2024-08-30T05:33:00","guid":{"rendered":"https:\/\/agricultural-gear-boxes.com\/product\/adjustable-pulleys\/"},"modified":"2024-08-30T05:33:00","modified_gmt":"2024-08-30T05:33:00","slug":"adjustable-pulleys","status":"publish","type":"product","link":"https:\/\/agricultural-gear-boxes.com\/es\/product\/adjustable-pulleys\/","title":{"rendered":"Poleas ajustables"},"content":{"rendered":"<h2>Poleas ajustables: una soluci\u00f3n vers\u00e1til para cambios de velocidad poco frecuentes<\/h2>\n<p>Adjustable pulleys, also known as &#8220;variable speed pulleys,&#8221; are a type of pulley system capable of wide speed variation. They are a versatile solution for applications where the speed change is infrequent and where variable speed is required. These pulleys are fitted with Taper-bushing for ease of installation and dismantling.<\/p>\n<h3>Poleas Uni-Drive UD: una construcci\u00f3n \u00fanica<\/h3>\n<p>Las poleas Uni-Drive UD tienen una construcci\u00f3n \u00fanica que las distingue de otras poleas ajustables. A medida que se ajusta el di\u00e1metro de paso de la polea, la correa no permanece alineada, lo que crea un ligero \u00e1ngulo en el que funcionan las correas trapezoidales Uni-Drive. A pesar de la posici\u00f3n no lineal de la correa, este ligero \u00e1ngulo no acorta apreciablemente la vida \u00fatil de la correa ni reduce la eficiencia de la transmisi\u00f3n. Sin embargo, es necesaria una alineaci\u00f3n cuidadosa, con los ejes de transmisi\u00f3n e impulsado paralelos. En el caso de una ranura \u00fanica, una correa trapezoidal Uni-Drive debe correr en \u00e1ngulo recto con respecto a los ejes con la polea Uni-Drive UD configurada para dar una posici\u00f3n de correa media. Una transmisi\u00f3n que utiliza dos correas debe configurarse de modo que la l\u00ednea central tanto de la correa trapezoidal Uni-Drive UD de ranura doble como de la polea de acoplamiento est\u00e9n directamente alineadas.<\/p>\n<h3>Ventajas de las poleas ajustables<\/h3>\n<p>Las poleas ajustables tienen varias ventajas sobre las poleas fijas. Se pueden ajustar para adaptarse a los cambios de velocidad de la polea accionada, sin necesidad de sustituir la correa. Esto las convierte en una soluci\u00f3n rentable para aplicaciones en las que se requiere una velocidad variable. Tambi\u00e9n son f\u00e1ciles de instalar y desmontar, gracias al buje c\u00f3nico. Adem\u00e1s, el ligero \u00e1ngulo en el que funcionan las correas trapezoidales Uni-drive no acorta de forma apreciable la vida \u00fatil de la correa ni reduce la eficiencia de la transmisi\u00f3n.<\/p>\n<h3>Instalaci\u00f3n, mantenimiento y reparaci\u00f3n<\/h3>\n<p>Para garantizar un rendimiento \u00f3ptimo, las poleas ajustables deben estar cuidadosamente alineadas, con los ejes de transmisi\u00f3n y de impulsi\u00f3n paralelos. En el caso de una ranura \u00fanica, una correa trapezoidal Uni-Drive debe correr en \u00e1ngulo recto con respecto a los ejes con la polea Uni-Drive UD ajustada para dar una posici\u00f3n de correa media. Una transmisi\u00f3n que utilice dos correas debe ajustarse de modo que la l\u00ednea central tanto de la correa Uni-Drive UD de ranura doble como de la polea de acoplamiento est\u00e9n directamente alineadas. El mantenimiento regular es esencial para garantizar la longevidad y el funcionamiento adecuado de las poleas. Esto incluye la limpieza, lubricaci\u00f3n e inspecci\u00f3n peri\u00f3dicas del sistema de poleas. Si se necesitan reparaciones, es importante utilizar repuestos originales para mantener la calidad y el rendimiento de las poleas.<\/p>\n<h3>Material y clasificaci\u00f3n<\/h3>\n<p>Las poleas ajustables pueden estar hechas de una variedad de materiales, incluidos acero, aluminio y pl\u00e1stico. Se pueden clasificar seg\u00fan el tipo de polea, como poleas fijas, poleas m\u00f3viles y poleas compuestas. Las poleas ajustables se incluyen en la categor\u00eda de poleas de velocidad variable, que permiten cambios en la velocidad de la polea motriz.<\/p>\n<h3>Otros productos de nuestra empresa<\/h3>\n<p>Adem\u00e1s de poleas ajustables, nuestra empresa suministra diversos engranajes de pl\u00e1stico utilizados en la industria, como cajas de engranajes agr\u00edcolas, ejes de salida de potencia, ruedas dentadas, acoplamientos de fluidos, reductores de engranajes helicoidales, engranajes y cremalleras, cadenas desmontables, poleas y poleas, cajas de engranajes planetarios, poleas de distribuci\u00f3n, bujes y m\u00e1s. Nos enorgullecemos de proporcionar productos de alta calidad a precios favorables, junto con un servicio considerado. Damos la bienvenida a los clientes a que vengan a nosotros para personalizar dibujos o muestras para satisfacer sus necesidades espec\u00edficas.<\/p>\n<h2>Preguntas y respuestas:<\/h2>\n<h3>P: \u00bfQu\u00e9 son las poleas ajustables?<\/h3>\n<p>A: Adjustable pulleys, also known as &#8220;variable speed pulleys,&#8221; are a type of pulley system capable of wide speed variation. They are a versatile solution for applications where the speed change is infrequent and where variable speed is required.<\/p>\n<h3>P: \u00bfC\u00f3mo instalo poleas ajustables?<\/h3>\n<p>R: Para garantizar un rendimiento \u00f3ptimo, las poleas ajustables deben estar cuidadosamente alineadas, con los ejes de transmisi\u00f3n y de impulsi\u00f3n paralelos. En el caso de una ranura \u00fanica, una correa trapezoidal Uni-Drive debe correr en \u00e1ngulo recto con respecto a los ejes con la polea Uni-Drive UD ajustada para dar una posici\u00f3n de correa media. Una transmisi\u00f3n que utilice dos correas debe ajustarse de modo que la l\u00ednea central tanto de la correa Uni-Drive UD de ranura doble como de la polea acoplada est\u00e9n directamente alineadas.<\/p>\n<h3>P: \u00bfDe qu\u00e9 materiales se pueden fabricar las poleas ajustables?<\/h3>\n<p>R: Las poleas ajustables pueden estar hechas de una variedad de materiales, incluidos acero, aluminio y pl\u00e1stico.<\/p>\n<h3>P: \u00bfCu\u00e1les son las ventajas de las poleas ajustables?<\/h3>\n<p>R: Las poleas ajustables tienen varias ventajas sobre las poleas fijas. Se pueden ajustar para adaptarse a los cambios de velocidad de la polea accionada, sin necesidad de reemplazar la correa. Esto las convierte en una soluci\u00f3n rentable para aplicaciones en las que se requiere velocidad variable. Tambi\u00e9n son f\u00e1ciles de instalar y desmontar, gracias al casquillo c\u00f3nico.<\/p>\n<h3>P: \u00bfC\u00f3mo realizo el mantenimiento de las poleas ajustables?<\/h3>\n<p>R: El mantenimiento peri\u00f3dico es esencial para garantizar la longevidad y el funcionamiento adecuado de las poleas. Esto incluye la limpieza, la lubricaci\u00f3n y la inspecci\u00f3n peri\u00f3dicas del sistema de poleas.<\/p>\n<h3>P: \u00bfQu\u00e9 otros productos suministra su empresa?<\/h3>\n<p>R: Adem\u00e1s de poleas ajustables, nuestra empresa suministra diversos engranajes de pl\u00e1stico utilizados en la industria, como cajas de engranajes agr\u00edcolas, ejes de salida de potencia, pi\u00f1ones, acoplamientos de fluido, reductores de tornillo sin fin, engranajes y cremalleras, cadenas desmontables, poleas y poleas, cajas de engranajes planetarios, poleas de distribuci\u00f3n, bujes y m\u00e1s.<\/p>","protected":false},"excerpt":{"rendered":"<p>Adjustable Pulleys: A Versatile Solution for Infrequent Speed Changes Adjustable pulleys, also known as &#8220;variable speed pulleys,&#8221; are a type of pulley system capable of wide speed variation. They are a versatile solution for applications where the speed change is infrequent and where variable speed is required. These pulleys are fitted with Taper-bushing for ease [&hellip;]<\/p>","protected":false},"featured_media":3912,"template":"","meta":{"_et_pb_use_builder":"","_et_pb_old_content":"","_et_gb_content_width":""},"product_brand":[],"product_cat":[11310],"product_tag":[],"class_list":{"0":"post-3913","1":"product","2":"type-product","3":"status-publish","4":"has-post-thumbnail","6":"product_cat-v-pulley","8":"first","9":"instock","10":"shipping-taxable","11":"product-type-simple"},"_links":{"self":[{"href":"https:\/\/agricultural-gear-boxes.com\/es\/wp-json\/wp\/v2\/product\/3913","targetHints":{"allow":["GET"]}}],"collection":[{"href":"https:\/\/agricultural-gear-boxes.com\/es\/wp-json\/wp\/v2\/product"}],"about":[{"href":"https:\/\/agricultural-gear-boxes.com\/es\/wp-json\/wp\/v2\/types\/product"}],"wp:featuredmedia":[{"embeddable":true,"href":"https:\/\/agricultural-gear-boxes.com\/es\/wp-json\/wp\/v2\/media\/3912"}],"wp:attachment":[{"href":"https:\/\/agricultural-gear-boxes.com\/es\/wp-json\/wp\/v2\/media?parent=3913"}],"wp:term":[{"taxonomy":"product_brand","embeddable":true,"href":"https:\/\/agricultural-gear-boxes.com\/es\/wp-json\/wp\/v2\/product_brand?post=3913"},{"taxonomy":"product_cat","embeddable":true,"href":"https:\/\/agricultural-gear-boxes.com\/es\/wp-json\/wp\/v2\/product_cat?post=3913"},{"taxonomy":"product_tag","embeddable":true,"href":"https:\/\/agricultural-gear-boxes.com\/es\/wp-json\/wp\/v2\/product_tag?post=3913"}],"curies":[{"name":"wp","href":"https:\/\/api.w.org\/{rel}","templated":true}]}}