{"id":3917,"date":"2024-08-30T05:33:02","date_gmt":"2024-08-30T05:33:02","guid":{"rendered":"https:\/\/agricultural-gear-boxes.com\/product\/variable-speed-pulley\/"},"modified":"2024-08-30T05:33:03","modified_gmt":"2024-08-30T05:33:03","slug":"variable-speed-pulley","status":"publish","type":"product","link":"https:\/\/agricultural-gear-boxes.com\/es\/product\/variable-speed-pulley\/","title":{"rendered":"Polea de velocidad variable"},"content":{"rendered":"<h2>Polea de velocidad variable: una soluci\u00f3n vers\u00e1til para la transmisi\u00f3n de potencia<\/h2>\n<p>Las poleas de velocidad variable se utilizan ampliamente en transmisiones mec\u00e1nicas y electr\u00f3nicas para transmitir potencia a la correa. Son adecuadas para su uso en muchas transmisiones de potencia existentes, incluidas cintas transportadoras, imprentas y m\u00e1quinas de llenado de botellas. Este tipo de polea est\u00e1 dise\u00f1ada para aplicaciones de velocidad variable que requieren cambios de velocidad y funciona tanto con transmisiones de centro fijo como ajustable.<\/p>\n<h3>Ventajas de las poleas de velocidad variable<\/h3>\n<p>Las poleas de velocidad variable tienen muchas ventajas para los sistemas de transmisi\u00f3n de potencia. Algunos de los beneficios clave incluyen:<\/p>\n<ul>\n<li>Capacidad de cambiar f\u00e1cilmente de velocidad sin cambiar poleas o correas.<\/li>\n<li>Transmisi\u00f3n de potencia suave y sin vibraciones<\/li>\n<li>Ruido general reducido en la unidad.<\/li>\n<li>Bridas de aluminio anodizado livianas que reducen la vibraci\u00f3n.<\/li>\n<\/ul>\n<h3>Tipos de poleas para correas trapezoidales<\/h3>\n<p>Las poleas de correa trapezoidal son el componente de una transmisi\u00f3n de potencia que transmite potencia a la correa. Existen de distintos tipos, entre ellos:<\/p>\n<ul>\n<li>Forma cl\u00e1sica o estrecha<\/li>\n<li>Ranura simple o m\u00faltiple<\/li>\n<\/ul>\n<p>Estas poleas est\u00e1n hechas de hierro fundido y se encuentran en dise\u00f1os de transmisi\u00f3n en las industrias de agricultura, textiles, impresi\u00f3n, miner\u00eda y equipos de oficina.<\/p>\n<h3>Instalaci\u00f3n, mantenimiento y reparaci\u00f3n de poleas de velocidad variable<\/h3>\n<p>Para instalar una polea de velocidad variable, siga estos pasos:<\/p>\n<ol>\n<li>Retire la polea vieja del eje.<\/li>\n<li>Instale la nueva polea en el eje.<\/li>\n<li>Alinee la polea con las otras poleas de la transmisi\u00f3n.<\/li>\n<li>Apriete los tornillos de fijaci\u00f3n para asegurar la polea al eje.<\/li>\n<\/ol>\n<p>Para mantener una polea de velocidad variable, mant\u00e9ngala limpia y lubricada. Inspeccione las correas peri\u00f3dicamente y reempl\u00e1celas si est\u00e1n desgastadas o da\u00f1adas.<\/p>\n<p>Para reparar una polea de velocidad variable, desm\u00f3ntela e inspeccione las piezas para ver si est\u00e1n desgastadas o da\u00f1adas. Reemplace las piezas da\u00f1adas y vuelva a ensamblar la polea.<\/p>\n<h3>Otros productos ofrecidos por nuestra empresa<\/h3>\n<p>Adem\u00e1s de poleas de velocidad variable, nuestra empresa ofrece varios engranajes de pl\u00e1stico utilizados en la industria, como cajas de engranajes agr\u00edcolas, ejes de salida de potencia, ruedas dentadas, acoplamientos de fluidos, reductores de engranajes helicoidales, engranajes y cremalleras, cadenas desmontables, poleas y poleas, cajas de engranajes planetarios, poleas de distribuci\u00f3n, bujes y m\u00e1s. Estamos comprometidos a proporcionar productos de alta calidad a un precio favorable y con un servicio considerado. Damos la bienvenida a los clientes a que vengan a nosotros para la personalizaci\u00f3n de dibujos o muestras.<\/p>\n<h2>Preguntas y respuestas<\/h2>\n<h3>1. \u00bfPara qu\u00e9 se utilizan las poleas de velocidad variable?<\/h3>\n<p>Las poleas de velocidad variable se utilizan en transmisiones mec\u00e1nicas y electr\u00f3nicas para transmitir potencia a la correa. Son adecuadas para su uso en muchos sistemas de transmisi\u00f3n de potencia existentes, incluidos transportadores, imprentas y m\u00e1quinas de llenado de botellas.<\/p>\n<h3>2. \u00bfCu\u00e1les son las ventajas de las poleas de velocidad variable?<\/h3>\n<p>Algunos de los beneficios clave de las poleas de velocidad variable incluyen la capacidad de cambiar f\u00e1cilmente las velocidades sin cambiar poleas o correas, transmisi\u00f3n de potencia suave y sin vibraciones, ruido general reducido en la transmisi\u00f3n y bridas de aluminio anodizado livianas que disminuyen la vibraci\u00f3n.<\/p>\n<h3>3. \u00bfC\u00f3mo se instala una polea de velocidad variable?<\/h3>\n<p>Para instalar una polea de velocidad variable, retire la polea vieja del eje, instale la polea nueva en el eje, alinee la polea con las otras poleas de la transmisi\u00f3n y apriete los tornillos de fijaci\u00f3n para asegurar la polea al eje.<\/p>\n<h3>4. \u00bfC\u00f3mo se realiza el mantenimiento de una polea de velocidad variable?<\/h3>\n<p>Para mantener una polea de velocidad variable, mant\u00e9ngala limpia y lubricada. Inspeccione las correas peri\u00f3dicamente y reempl\u00e1celas si est\u00e1n desgastadas o da\u00f1adas.<\/p>\n<h3>5. \u00bfQu\u00e9 otros productos ofrece su empresa?<\/h3>\n<p>Adem\u00e1s de poleas de velocidad variable, nuestra empresa ofrece diversos engranajes de pl\u00e1stico utilizados en la industria, como cajas de engranajes agr\u00edcolas, ejes de salida de potencia, pi\u00f1ones, acoplamientos de fluido, reductores de tornillo sin fin, engranajes y cremalleras, cadenas desmontables, poleas y poleas, cajas de engranajes planetarios, poleas de distribuci\u00f3n, bujes, y m\u00e1s.<\/p>","protected":false},"excerpt":{"rendered":"<p>Polea de velocidad variable: una soluci\u00f3n vers\u00e1til para la transmisi\u00f3n de potencia Las poleas de velocidad variable se utilizan ampliamente en transmisiones mec\u00e1nicas y electr\u00f3nicas para transmitir potencia a la correa. Son adecuadas para su uso en muchas transmisiones de potencia existentes, incluidas cintas transportadoras, imprentas y m\u00e1quinas de llenado de botellas. Este tipo de polea est\u00e1 dise\u00f1ada para aplicaciones de velocidad variable que requieren [\u2026]<\/p>","protected":false},"featured_media":3916,"template":"","meta":{"_et_pb_use_builder":"","_et_pb_old_content":"","_et_gb_content_width":""},"product_brand":[],"product_cat":[11310],"product_tag":[],"class_list":{"0":"post-3917","1":"product","2":"type-product","3":"status-publish","4":"has-post-thumbnail","6":"product_cat-v-pulley","8":"first","9":"instock","10":"shipping-taxable","11":"product-type-simple"},"_links":{"self":[{"href":"https:\/\/agricultural-gear-boxes.com\/es\/wp-json\/wp\/v2\/product\/3917","targetHints":{"allow":["GET"]}}],"collection":[{"href":"https:\/\/agricultural-gear-boxes.com\/es\/wp-json\/wp\/v2\/product"}],"about":[{"href":"https:\/\/agricultural-gear-boxes.com\/es\/wp-json\/wp\/v2\/types\/product"}],"wp:featuredmedia":[{"embeddable":true,"href":"https:\/\/agricultural-gear-boxes.com\/es\/wp-json\/wp\/v2\/media\/3916"}],"wp:attachment":[{"href":"https:\/\/agricultural-gear-boxes.com\/es\/wp-json\/wp\/v2\/media?parent=3917"}],"wp:term":[{"taxonomy":"product_brand","embeddable":true,"href":"https:\/\/agricultural-gear-boxes.com\/es\/wp-json\/wp\/v2\/product_brand?post=3917"},{"taxonomy":"product_cat","embeddable":true,"href":"https:\/\/agricultural-gear-boxes.com\/es\/wp-json\/wp\/v2\/product_cat?post=3917"},{"taxonomy":"product_tag","embeddable":true,"href":"https:\/\/agricultural-gear-boxes.com\/es\/wp-json\/wp\/v2\/product_tag?post=3917"}],"curies":[{"name":"wp","href":"https:\/\/api.w.org\/{rel}","templated":true}]}}